{"id":39,"date":"2017-08-17T05:16:35","date_gmt":"2017-08-17T05:16:35","guid":{"rendered":"https:\/\/omi-optika.hu\/?page_id=39"},"modified":"2021-03-08T10:16:19","modified_gmt":"2021-03-08T10:16:19","slug":"optika-mernokiroda","status":"publish","type":"page","link":"https:\/\/omi-optika.hu\/en\/","title":{"rendered":"Home"},"content":{"rendered":"\r\n\r\n\r\n<div class=\"fbq-item js-item-video fbq-video fbq-video--standard shortcode fbq-center-align\" >\r\n\t\t\t\t\t\t<div class=\"fbq-video-inner\" style=\"max-width:1920px;\">\r\n\t\t\t\t<div class=\"fbq-video-content\" >\r\n\t\t\t\t\t<div style=\"width: 1360px;\" class=\"wp-video\"><!--[if lt IE 9]><script>document.createElement('video');<\/script><![endif]-->\n<video class=\"wp-video-shortcode\" id=\"video-39-1\" width=\"1360\" height=\"765\" preload=\"metadata\" controls=\"controls\"><source type=\"video\/youtube\" src=\"https:\/\/www.youtube.com\/watch?v=-uPubWiM4f8&#038;_=1\" \/><a href=\"https:\/\/www.youtube.com\/watch?v=-uPubWiM4f8\">https:\/\/www.youtube.com\/watch?v=-uPubWiM4f8<\/a><\/video><\/div>\t\t\t\t<\/div>\r\n\t\t\t<\/div>\r\n\t\t\t<\/div>\r\n\n","protected":false},"excerpt":{"rendered":"<p>OPTIKA Engineering Ltd. Homepage<\/p>\n","protected":false},"author":1,"featured_media":0,"parent":0,"menu_order":0,"comment_status":"closed","ping_status":"closed","template":"","meta":{"footnotes":""},"class_list":["post-39","page","type-page","status-publish","hentry","fbq_page_tag-optika-mernokiroda"],"yoast_head":"<!-- This site is optimized with the Yoast SEO plugin v25.9 - https:\/\/yoast.com\/wordpress\/plugins\/seo\/ -->\n<title>Home - OMI Optika<\/title>\n<meta name=\"description\" content=\"Az OPTIKA M\u00e9rn\u00f6kiroda Kft. optikai eszk\u00f6z\u00f6k, rendszerek tervez\u00e9s\u00e9vel, gy\u00e1rt\u00e1s\u00e1val, telep\u00edt\u00e9s\u00e9vel seg\u00edt megoldani az iparban, a laborat\u00f3riumokban, a kutat\u00e1s \u00e9s a fejleszt\u00e9sek ter\u00fclet\u00e9n, a m\u0171szaki \u00e9letben felmer\u00fcl\u0151 optikai jelleg\u0171 feladatokat.\" \/>\n<meta name=\"robots\" content=\"index, follow, max-snippet:-1, max-image-preview:large, max-video-preview:-1\" \/>\n<link rel=\"canonical\" href=\"https:\/\/omi-optika.hu\/\" \/>\n<meta property=\"og:locale\" content=\"en_US\" \/>\n<meta property=\"og:type\" content=\"article\" \/>\n<meta property=\"og:title\" content=\"Home - OMI Optika\" \/>\n<meta property=\"og:description\" content=\"Az OPTIKA M\u00e9rn\u00f6kiroda Kft. optikai eszk\u00f6z\u00f6k, rendszerek tervez\u00e9s\u00e9vel, gy\u00e1rt\u00e1s\u00e1val, telep\u00edt\u00e9s\u00e9vel seg\u00edt megoldani az iparban, a laborat\u00f3riumokban, a kutat\u00e1s \u00e9s a fejleszt\u00e9sek ter\u00fclet\u00e9n, a m\u0171szaki \u00e9letben felmer\u00fcl\u0151 optikai jelleg\u0171 feladatokat.\" \/>\n<meta property=\"og:url\" content=\"https:\/\/omi-optika.hu\/\" \/>\n<meta property=\"og:site_name\" content=\"OMI Optika\" \/>\n<meta property=\"article:modified_time\" content=\"2021-03-08T10:16:19+00:00\" \/>\n<meta name=\"twitter:card\" content=\"summary_large_image\" \/>\n<script type=\"application\/ld+json\" class=\"yoast-schema-graph\">{\"@context\":\"https:\/\/schema.org\",\"@graph\":[{\"@type\":\"WebPage\",\"@id\":\"https:\/\/omi-optika.hu\/\",\"url\":\"https:\/\/omi-optika.hu\/\",\"name\":\"Home - OMI Optika\",\"isPartOf\":{\"@id\":\"https:\/\/omi-optika.hu\/#website\"},\"datePublished\":\"2017-08-17T05:16:35+00:00\",\"dateModified\":\"2021-03-08T10:16:19+00:00\",\"description\":\"Az OPTIKA M\u00e9rn\u00f6kiroda Kft. optikai eszk\u00f6z\u00f6k, rendszerek tervez\u00e9s\u00e9vel, gy\u00e1rt\u00e1s\u00e1val, telep\u00edt\u00e9s\u00e9vel seg\u00edt megoldani az iparban, a laborat\u00f3riumokban, a kutat\u00e1s \u00e9s a fejleszt\u00e9sek ter\u00fclet\u00e9n, a m\u0171szaki \u00e9letben felmer\u00fcl\u0151 optikai jelleg\u0171 feladatokat.\",\"breadcrumb\":{\"@id\":\"https:\/\/omi-optika.hu\/#breadcrumb\"},\"inLanguage\":\"en-US\",\"potentialAction\":[{\"@type\":\"ReadAction\",\"target\":[\"https:\/\/omi-optika.hu\/\"]}]},{\"@type\":\"BreadcrumbList\",\"@id\":\"https:\/\/omi-optika.hu\/#breadcrumb\",\"itemListElement\":[{\"@type\":\"ListItem\",\"position\":1,\"name\":\"Home\",\"item\":\"https:\/\/omi-optika.hu\/\"},{\"@type\":\"ListItem\",\"position\":2,\"name\":\"F\u0151oldal\"}]},{\"@type\":\"WebSite\",\"@id\":\"https:\/\/omi-optika.hu\/#website\",\"url\":\"https:\/\/omi-optika.hu\/\",\"name\":\"OMI Optika\",\"description\":\"OPTIKA Mernokiroda homepage\",\"publisher\":{\"@id\":\"https:\/\/omi-optika.hu\/#organization\"},\"potentialAction\":[{\"@type\":\"SearchAction\",\"target\":{\"@type\":\"EntryPoint\",\"urlTemplate\":\"https:\/\/omi-optika.hu\/?s={search_term_string}\"},\"query-input\":{\"@type\":\"PropertyValueSpecification\",\"valueRequired\":true,\"valueName\":\"search_term_string\"}}],\"inLanguage\":\"en-US\"},{\"@type\":\"Organization\",\"@id\":\"https:\/\/omi-optika.hu\/#organization\",\"name\":\"OPTIKA Mernokiroda Kft.\",\"url\":\"https:\/\/omi-optika.hu\/\",\"logo\":{\"@type\":\"ImageObject\",\"inLanguage\":\"en-US\",\"@id\":\"https:\/\/omi-optika.hu\/#\/schema\/logo\/image\/\",\"url\":\"https:\/\/omi-optika.hu\/wp-content\/uploads\/2019\/05\/forgatas-265kb.gif\",\"contentUrl\":\"https:\/\/omi-optika.hu\/wp-content\/uploads\/2019\/05\/forgatas-265kb.gif\",\"width\":400,\"height\":205,\"caption\":\"OPTIKA Mernokiroda Kft.\"},\"image\":{\"@id\":\"https:\/\/omi-optika.hu\/#\/schema\/logo\/image\/\"}}]}<\/script>\n<!-- \/ Yoast SEO plugin. -->","yoast_head_json":{"title":"Home - OMI Optika","description":"Az OPTIKA M\u00e9rn\u00f6kiroda Kft. optikai eszk\u00f6z\u00f6k, rendszerek tervez\u00e9s\u00e9vel, gy\u00e1rt\u00e1s\u00e1val, telep\u00edt\u00e9s\u00e9vel seg\u00edt megoldani az iparban, a laborat\u00f3riumokban, a kutat\u00e1s \u00e9s a fejleszt\u00e9sek ter\u00fclet\u00e9n, a m\u0171szaki \u00e9letben felmer\u00fcl\u0151 optikai jelleg\u0171 feladatokat.","robots":{"index":"index","follow":"follow","max-snippet":"max-snippet:-1","max-image-preview":"max-image-preview:large","max-video-preview":"max-video-preview:-1"},"canonical":"https:\/\/omi-optika.hu\/","og_locale":"en_US","og_type":"article","og_title":"Home - OMI Optika","og_description":"Az OPTIKA M\u00e9rn\u00f6kiroda Kft. optikai eszk\u00f6z\u00f6k, rendszerek tervez\u00e9s\u00e9vel, gy\u00e1rt\u00e1s\u00e1val, telep\u00edt\u00e9s\u00e9vel seg\u00edt megoldani az iparban, a laborat\u00f3riumokban, a kutat\u00e1s \u00e9s a fejleszt\u00e9sek ter\u00fclet\u00e9n, a m\u0171szaki \u00e9letben felmer\u00fcl\u0151 optikai jelleg\u0171 feladatokat.","og_url":"https:\/\/omi-optika.hu\/","og_site_name":"OMI Optika","article_modified_time":"2021-03-08T10:16:19+00:00","twitter_card":"summary_large_image","schema":{"@context":"https:\/\/schema.org","@graph":[{"@type":"WebPage","@id":"https:\/\/omi-optika.hu\/","url":"https:\/\/omi-optika.hu\/","name":"Home - OMI Optika","isPartOf":{"@id":"https:\/\/omi-optika.hu\/#website"},"datePublished":"2017-08-17T05:16:35+00:00","dateModified":"2021-03-08T10:16:19+00:00","description":"Az OPTIKA M\u00e9rn\u00f6kiroda Kft. optikai eszk\u00f6z\u00f6k, rendszerek tervez\u00e9s\u00e9vel, gy\u00e1rt\u00e1s\u00e1val, telep\u00edt\u00e9s\u00e9vel seg\u00edt megoldani az iparban, a laborat\u00f3riumokban, a kutat\u00e1s \u00e9s a fejleszt\u00e9sek ter\u00fclet\u00e9n, a m\u0171szaki \u00e9letben felmer\u00fcl\u0151 optikai jelleg\u0171 feladatokat.","breadcrumb":{"@id":"https:\/\/omi-optika.hu\/#breadcrumb"},"inLanguage":"en-US","potentialAction":[{"@type":"ReadAction","target":["https:\/\/omi-optika.hu\/"]}]},{"@type":"BreadcrumbList","@id":"https:\/\/omi-optika.hu\/#breadcrumb","itemListElement":[{"@type":"ListItem","position":1,"name":"Home","item":"https:\/\/omi-optika.hu\/"},{"@type":"ListItem","position":2,"name":"F\u0151oldal"}]},{"@type":"WebSite","@id":"https:\/\/omi-optika.hu\/#website","url":"https:\/\/omi-optika.hu\/","name":"OMI Optika","description":"OPTIKA Mernokiroda homepage","publisher":{"@id":"https:\/\/omi-optika.hu\/#organization"},"potentialAction":[{"@type":"SearchAction","target":{"@type":"EntryPoint","urlTemplate":"https:\/\/omi-optika.hu\/?s={search_term_string}"},"query-input":{"@type":"PropertyValueSpecification","valueRequired":true,"valueName":"search_term_string"}}],"inLanguage":"en-US"},{"@type":"Organization","@id":"https:\/\/omi-optika.hu\/#organization","name":"OPTIKA Mernokiroda Kft.","url":"https:\/\/omi-optika.hu\/","logo":{"@type":"ImageObject","inLanguage":"en-US","@id":"https:\/\/omi-optika.hu\/#\/schema\/logo\/image\/","url":"https:\/\/omi-optika.hu\/wp-content\/uploads\/2019\/05\/forgatas-265kb.gif","contentUrl":"https:\/\/omi-optika.hu\/wp-content\/uploads\/2019\/05\/forgatas-265kb.gif","width":400,"height":205,"caption":"OPTIKA Mernokiroda Kft."},"image":{"@id":"https:\/\/omi-optika.hu\/#\/schema\/logo\/image\/"}}]}},"_links":{"self":[{"href":"https:\/\/omi-optika.hu\/en\/wp-json\/wp\/v2\/pages\/39","targetHints":{"allow":["GET"]}}],"collection":[{"href":"https:\/\/omi-optika.hu\/en\/wp-json\/wp\/v2\/pages"}],"about":[{"href":"https:\/\/omi-optika.hu\/en\/wp-json\/wp\/v2\/types\/page"}],"author":[{"embeddable":true,"href":"https:\/\/omi-optika.hu\/en\/wp-json\/wp\/v2\/users\/1"}],"replies":[{"embeddable":true,"href":"https:\/\/omi-optika.hu\/en\/wp-json\/wp\/v2\/comments?post=39"}],"version-history":[{"count":11,"href":"https:\/\/omi-optika.hu\/en\/wp-json\/wp\/v2\/pages\/39\/revisions"}],"predecessor-version":[{"id":2677,"href":"https:\/\/omi-optika.hu\/en\/wp-json\/wp\/v2\/pages\/39\/revisions\/2677"}],"wp:attachment":[{"href":"https:\/\/omi-optika.hu\/en\/wp-json\/wp\/v2\/media?parent=39"}],"curies":[{"name":"wp","href":"https:\/\/api.w.org\/{rel}","templated":true}]}}