{"id":1255,"date":"2019-10-01T12:49:53","date_gmt":"2019-10-01T12:49:53","guid":{"rendered":"https:\/\/omi-optika.hu\/?post_type=product&#038;p=1255"},"modified":"2021-11-04T15:55:30","modified_gmt":"2021-11-04T15:55:30","slug":"kamerak","status":"publish","type":"product","link":"https:\/\/omi-optika.hu\/en\/uzlet\/kamerak\/","title":{"rendered":"Cameras"},"content":{"rendered":"<p><\/p>\n<h1>CCD \u00e9s CMOS kamer\u00e1k<\/h1>\n<p>A videokamer\u00e1kban alkalmazott CCD \u00e9s CMOS k\u00e9p\u00e9rz\u00e9kel\u0151k<\/p>\n<p><img loading=\"lazy\" decoding=\"async\" class=\"alignright wp-image-2056 size-full\" src=\"http:\/\/omi-optika.hu\/wp-content\/uploads\/2012\/05\/CCD-%C3%A9s-CMOS-kamer%C3%A1k.jpg\" alt=\"CCD \u00e9s CMOS kamer\u00e1k\" width=\"150\" height=\"71\" \/><\/p>\n<p>feladata, hogy a k\u00fclvil\u00e1g fel\u0151l a kamera objekt\u00edvj\u00e9n kereszt\u00fcl \u00e9rkez\u0151 f\u00e9nyt digit\u00e1lis jelekk\u00e9 alak\u00edts\u00e1k. Mintegy f\u00e9l \u00e9vsz\u00e1zados kutat\u00e1s eredm\u00e9nyek\u00e9nt sz\u00fclettek meg a ma haszn\u00e1latos k\u00e9p\u00e9rz\u00e9kel\u0151k. Alkalmaz\u00e1si ter\u00fclet\u00fcket tekintve sz\u00e1mos \u00e1gazatban ker\u00fcltek felhaszn\u00e1l\u00e1sra, mint p\u00e9ld\u00e1ul a csillag\u00e1szat, f\u00e9nyk\u00e9p\u00e9szet, \u0171rkutat\u00e1s, orvosi diagnosztika, m\u00e9r\u00e9stechnika stb. A sz\u00e9les felhaszn\u00e1l\u00e1si lehet\u0151s\u00e9gek hat\u00e1s\u00e1ra azonban csak r\u00e9szleteiben v\u00e1ltoztak meg az egyes \u00e9rz\u00e9kel\u0151 t\u00edpusok, m\u0171k\u00f6d\u00e9si elv\u00fck azonos maradt.<\/p>\n<p>Miel\u0151tt belev\u00e1gunk a CCD \u00e9s CMOS \u00e9rz\u00e9kel\u0151k r\u00e9szletesebb le\u00edr\u00e1s\u00e1ba, ismerkedj\u00fcnk meg a pixel fogalm\u00e1val. N\u00e9zz\u00fck meg ez mit is jelent, \u00e9s honnan sz\u00e1rmazik maga a sz\u00f3!<\/p>\n<h3>A pixel fogalma<\/h3>\n<p>A digit\u00e1lis k\u00e9pek \u00e9s k\u00e9pfeldolgoz\u00e1s \u00f3ta ismerj\u00fck \u00e9s haszn\u00e1ljuk a pixel kifejez\u00e9st. A\u00a0<em>pix<\/em>el az angol\u00a0<em>picture element<\/em>\u00a0sz\u00f3b\u00f3l sz\u00e1rmaztathat\u00f3, ahol a\u00a0<em>pix\u00a0<\/em>a\u00a0<em>pictur<\/em>e, az\u00a0<em>el<\/em>\u00a0az\u00a0<em>element\u00a0<\/em>r\u00f6vid\u00edt\u00e9se, jelent\u00e9se pedig nagyj\u00e1b\u00f3l \u2019k\u00e9pelem\u2019 vagy \u2019k\u00e9ppont\u2019.<\/p>\n<p>Maga a pixel egy \u00f6n\u00e1ll\u00f3 k\u00e9pelem, ami egysz\u00edn\u0171 pontk\u00e9nt vagy n\u00e9gyzetlapk\u00e9nt jelenik meg mag\u00e1n a k\u00e9pen. Egy k\u00e9tdimenzi\u00f3s n\u00e9gyzetr\u00e1cs, vagyis egy m\u00e1trix ment\u00e9n tal\u00e1lhat\u00f3, tov\u00e1bb nem oszthat\u00f3, teh\u00e1t ez a legkisebb alkot\u00f3elem, egyben egy minta is a \u201enagy\u201d k\u00e9pb\u0151l. Ebb\u0151l k\u00f6vetkezik az is, hogy min\u00e9l t\u00f6bb k\u00e9ppontb\u00f3l \u00e1ll egy k\u00e9p, ann\u00e1l nagyobb felbont\u00e1st kapunk. Mag\u00e1nak a pixelnek nincs saj\u00e1t fizikai m\u00e9rete, mert az a megjelen\u00edt\u0151 eszk\u00f6zt\u0151l f\u00fcgg. Egy pixel kinyomtatva kb. 0,01 cm-nek felel meg.<\/p>\n<p>Egy-egy pixel inform\u00e1ci\u00f3tartalm\u00e1t a sz\u00edne mutatja meg, melyet a v\u00f6r\u00f6s, a k\u00e9k \u00e9s a z\u00f6ld sz\u00ednekb\u0151l addit\u00edv sz\u00ednkever\u00e9ssel kaphatunk meg a k\u00e9perny\u0151n. Nyomtat\u00e1sban viszont szubsztrakt\u00edv sz\u00ednkever\u00e9ssel kapjuk meg ezt az inform\u00e1ci\u00f3t, a t\u00fcrkizk\u00e9k, a b\u00edbor, a s\u00e1rga \u00e9s a kulcssz\u00edn, azaz a fekete kever\u00e9s\u00e9vel.<\/p>\n<h3>K\u00e9p\u00e9rz\u00e9kel\u0151 t\u00edpusok: CCD \u00e9s CMOS<\/h3>\n<p>Ha az anyagokat f\u00e9ny hat\u00e1s\u00e1nak tessz\u00fck ki, akkor a f\u00e9nyt alkot\u00f3 fotonok energi\u00e1ja bizonyos k\u00f6r\u00fclm\u00e9nyek k\u00f6z\u00f6tt k\u00e9pes\u00a0elektronokat kiszabad\u00edtani bel\u0151l\u00fck. Egyes f\u00e9lvezet\u0151 anyagokban, k\u00fcl\u00f6n\u00f6sen a sz\u00edliciumban ezek a k\u00f6r\u00fclm\u00e9nyek l\u00e9trehozhat\u00f3ak. A megvil\u00e1g\u00edt\u00e1s hat\u00e1s\u00e1ra kiszabadul\u00f3 elektronok t\u00f6lt\u00e9sei villamos fesz\u00fclts\u00e9gg\u00e9 alak\u00edthat\u00f3ak \u2500 ezt a jelens\u00e9get fotoelektromos effektusnak nevezz\u00fck. A f\u00e9lvezet\u0151s kamer\u00e1kban ez\u00e9rt alkalmaznak olyan szil\u00edcium alap\u00fa k\u00e9p\u00e9rz\u00e9kel\u0151ket, ahol a pixelnyi m\u00e9ret\u0171 fotodi\u00f3d\u00e1kb\u00f3l egy \u00e9rz\u00e9kel\u0151 m\u00e1trixot alak\u00edtanak ki. A megvil\u00e1g\u00edt\u00e1s fokoz\u00e1sa n\u00f6veli a fotodi\u00f3d\u00e1kon \u00e1tfoly\u00f3 \u00e1ramot, \u00e9s egy\u00fattal a fotodi\u00f3d\u00e1kkal sorba kapcsolt, a szil\u00edciumlapka fel\u00fclet\u00e9n kialak\u00edtott kondenz\u00e1torok t\u00f6lt\u00e9s\u00e9t. Ezek a bees\u0151 f\u00e9nnyel ar\u00e1nyos t\u00f6lt\u00e9scsomagok az \u00e9rz\u00e9kel\u0151 lapk\u00e1n a kamera objekt\u00edvje \u00e1ltal lek\u00e9pezett k\u00e9pnek megfelel\u0151 t\u00f6lt\u00e9sk\u00e9pet hoznak l\u00e9tre.<\/p>\n<p>A k\u00e9p\u00e9rz\u00e9kel\u0151knek k\u00e9t f\u0151 fajt\u00e1j\u00e1t k\u00fcl\u00f6nb\u00f6ztetj\u00fck meg \u2500\u00a0a CCD-t \u00e9s a CMOS-t \u2500, mivel a t\u00f6bbi technol\u00f3gia is valamilyen szinten e k\u00e9t csoportba sorolhat\u00f3 be. Val\u00f3j\u00e1ban ez a k\u00e9t t\u00edpus nem igaz\u00e1n is igaz\u00e1n k\u00e9t k\u00fcl\u00f6nb\u00f6z\u0151 \u00e9rz\u00e9kel\u0151 fajt\u00e1t jel\u00f6l, hanem egy-egy gy\u00e1rt\u00e1stechnol\u00f3gi\u00e1t, azon bel\u00fcl is a CMOS egy kapcsol\u00e1stechnika, a CCD pedig egy m\u0171k\u00f6d\u00e9si folyamat elnevez\u00e9se. Mivel ez a pontatlan sz\u00f3haszn\u00e1lat m\u00e1ra a szakirodalomban is elterjedt, ennek megfelel\u0151en mi is \u00e9rz\u00e9kel\u0151 t\u00edpusk\u00e9nt fogunk besz\u00e9lni r\u00f3luk. A CCD \u00e9s CMOS \u00e9rz\u00e9kel\u0151k m\u0171k\u00f6d\u00e9s\u00fcket tekintve teljesen azonos alapokra \u00e9p\u00fclnek, mindkett\u0151 a fent le\u00edrt fotoelektromos effektust alkalmazza. A hasonl\u00f3s\u00e1g itt v\u00e9get is \u00e9r, hiszen a t\u00f6lt\u00e9sk\u00e9p-kiolvas\u00e1s m\u00f3dja, a jelfeldolgoz\u00f3 \u00e1ramk\u00f6r\u00f6k kialak\u00edt\u00e1sa, a sz\u00ednsz\u0171r\u00e9si m\u00f3dszer, a f\u00e9lvezet\u0151 technol\u00f3gia m\u00e1r jelent\u0151s technikai \u00e9s gy\u00e1rt\u00e1stechnol\u00f3giai elt\u00e9r\u00e9seket mutat. Fontosnak tartjuk kihangs\u00falyozni, hogy a t\u00f6lt\u00e9scsomagok l\u00e9ptet\u00e9s\u00e9r\u0151l, a t\u00f6lt\u00e9scsatol\u00e1sr\u00f3l csak a CCD \u00e9rz\u00e9kel\u0151 eset\u00e9ben besz\u00e9lhet\u00fcnk.<\/p>\n<p>&nbsp;<\/p>\n<h1>Kalibr\u00e1lt m\u00e9r\u0151kamera<\/h1>\n<h2>\u00c1ltal\u00e1nos le\u00edr\u00e1s:<\/h2>\n<p><img loading=\"lazy\" decoding=\"async\" class=\"size-full wp-image-2058 alignright\" src=\"http:\/\/omi-optika.hu\/wp-content\/uploads\/2012\/05\/Kalibr%C3%A1lt-m%C3%A9r%C5%91kamera-Maruzsi.png\" alt=\"Kalibr\u00e1lt m\u00e9r\u0151kamera\" width=\"290\" height=\"154\" \/><\/p>\n<p>Ahhoz, hogy a digit\u00e1lis k\u00e9peken m\u00e9r\u00e9st v\u00e9gezhess\u00fcnk, egy koordin\u00e1ta rendszerre van sz\u00fcks\u00e9g\u00fcnk. K\u00e9zenfekv\u0151, hogy ezt a koordin\u00e1tarendszert a k\u00e9peket alkot\u00f3 pixelek szintj\u00e9n defini\u00e1ljuk. \u00c1ltal\u00e1ban a pixel koordin\u00e1ta rendszer kezd\u0151pontj\u00e1t a k\u00e9p bal fels\u0151 sark\u00e1ba vagy a bal fels\u0151 pixel k\u00f6z\u00e9ppontj\u00e1ba helyezik. Minden pixelnek van x,y ir\u00e1nyban kiterjed\u00e9se (ide\u00e1lis esetben a pixel alakja n\u00e9gyzet), \u00edgy a pixelkoordin\u00e1ta a pixel t\u00f6rtr\u00e9sz\u00e9t is tartalmazhatja, melyet tizedes sz\u00e1mmal fejezhet\u00fcnk ki.<\/p>\n<p>A digit\u00e1lis fotogrammetria sz\u00e1m\u00e1ra a digit\u00e1lis k\u00e9peket el\u0151 kell \u00e1ll\u00edtani. A k\u00e9pek el\u0151\u00e1ll\u00edt\u00e1sa t\u00f6rt\u00e9nhet k\u00f6zvetlen\u00fcl digit\u00e1lis kamer\u00e1kkal, szenzorokkal vagy k\u00f6zvetve, anal\u00f3g felv\u00e9telek letapogat\u00e1s\u00e1val (szkennel\u00e9s\u00e9vel). Ebben a fejezetben ezeket az el\u0151\u00e1ll\u00edt\u00e1si m\u00f3dokat tekintj\u00fck \u00e1t.<\/p>\n<p>A digit\u00e1lis m\u00e9r\u0151kamer\u00e1k kiz\u00e1r\u00f3lag fotogrammetriai c\u00e9lokat szolg\u00e1lnak. Pontoss\u00e1guk, felbont\u00e1suk, megb\u00edzhat\u00f3s\u00e1guk nagyobb, mint az amat\u0151r kamer\u00e1k\u00e9, bels\u0151 adataik \u00e9s hib\u00e1ik pontosan ismertek. E kamarat\u00edpusok tov\u00e1bbi saj\u00e1toss\u00e1ga lehet m\u00e9g, hogy felv\u00e9teleket t\u00f6bb spektr\u00e1lis tartom\u00e1nyban is k\u00e9pesek egy id\u0151ben k\u00e9sz\u00edteni.<\/p>","protected":false},"excerpt":{"rendered":"<p>CCD \u00e9s CMOS kamer\u00e1k A videokamer\u00e1kban alkalmazott CCD \u00e9s CMOS k\u00e9p\u00e9rz\u00e9kel\u0151k feladata, hogy a k\u00fclvil\u00e1g fel\u0151l a kamera objekt\u00edvj\u00e9n kereszt\u00fcl \u00e9rkez\u0151 f\u00e9nyt digit\u00e1lis jelekk\u00e9 alak\u00edts\u00e1k. Mintegy f\u00e9l \u00e9vsz\u00e1zados kutat\u00e1s eredm\u00e9nyek\u00e9nt sz\u00fclettek meg a ma haszn\u00e1latos k\u00e9p\u00e9rz\u00e9kel\u0151k. Alkalmaz\u00e1si ter\u00fclet\u00fcket tekintve sz\u00e1mos \u00e1gazatban ker\u00fcltek felhaszn\u00e1l\u00e1sra, mint p\u00e9ld\u00e1ul a csillag\u00e1szat, f\u00e9nyk\u00e9p\u00e9szet, \u0171rkutat\u00e1s, orvosi diagnosztika, m\u00e9r\u00e9stechnika stb. A sz\u00e9les [&hellip;]<\/p>\n","protected":false},"featured_media":3967,"comment_status":"closed","ping_status":"closed","template":"","meta":[],"product_brand":[],"product_cat":[120],"product_tag":[],"class_list":{"0":"post-1255","1":"product","2":"type-product","3":"status-publish","4":"has-post-thumbnail","6":"product_cat-objektivek-kamerak","8":"first","9":"instock","10":"taxable","11":"shipping-taxable","12":"product-type-simple"},"yoast_head":"<!-- This site is optimized with the Yoast SEO plugin v25.9 - https:\/\/yoast.com\/wordpress\/plugins\/seo\/ -->\n<title>Cameras - OMI Optika<\/title>\n<meta name=\"description\" content=\"Term\u00e9kek\" \/>\n<meta name=\"robots\" content=\"index, follow, max-snippet:-1, max-image-preview:large, max-video-preview:-1\" \/>\n<link rel=\"canonical\" href=\"https:\/\/omi-optika.hu\/uzlet\/kamerak\/\" \/>\n<meta property=\"og:locale\" content=\"en_US\" \/>\n<meta property=\"og:type\" content=\"article\" \/>\n<meta property=\"og:title\" content=\"Cameras - OMI Optika\" \/>\n<meta property=\"og:description\" content=\"Term\u00e9kek\" \/>\n<meta property=\"og:url\" content=\"https:\/\/omi-optika.hu\/uzlet\/kamerak\/\" \/>\n<meta property=\"og:site_name\" content=\"OMI Optika\" \/>\n<meta property=\"article:modified_time\" content=\"2021-11-04T15:55:30+00:00\" \/>\n<meta property=\"og:image\" content=\"https:\/\/omi-optika.hu\/wp-content\/uploads\/2021\/11\/kamerak-cameras-e1636041281656.jpg\" \/>\n\t<meta property=\"og:image:width\" content=\"500\" \/>\n\t<meta property=\"og:image:height\" content=\"500\" \/>\n\t<meta property=\"og:image:type\" content=\"image\/jpeg\" \/>\n<meta name=\"twitter:card\" content=\"summary_large_image\" \/>\n<meta name=\"twitter:label1\" content=\"Est. reading time\" \/>\n\t<meta name=\"twitter:data1\" content=\"5 minutes\" \/>\n<script type=\"application\/ld+json\" class=\"yoast-schema-graph\">{\"@context\":\"https:\/\/schema.org\",\"@graph\":[{\"@type\":\"WebPage\",\"@id\":\"https:\/\/omi-optika.hu\/uzlet\/kamerak\/\",\"url\":\"https:\/\/omi-optika.hu\/uzlet\/kamerak\/\",\"name\":\"Cameras - OMI Optika\",\"isPartOf\":{\"@id\":\"https:\/\/omi-optika.hu\/#website\"},\"primaryImageOfPage\":{\"@id\":\"https:\/\/omi-optika.hu\/uzlet\/kamerak\/#primaryimage\"},\"image\":{\"@id\":\"https:\/\/omi-optika.hu\/uzlet\/kamerak\/#primaryimage\"},\"thumbnailUrl\":\"https:\/\/omi-optika.hu\/wp-content\/uploads\/2021\/11\/kamerak-cameras-e1636041281656.jpg\",\"datePublished\":\"2019-10-01T12:49:53+00:00\",\"dateModified\":\"2021-11-04T15:55:30+00:00\",\"description\":\"Term\u00e9kek\",\"breadcrumb\":{\"@id\":\"https:\/\/omi-optika.hu\/uzlet\/kamerak\/#breadcrumb\"},\"inLanguage\":\"en-US\",\"potentialAction\":[{\"@type\":\"ReadAction\",\"target\":[\"https:\/\/omi-optika.hu\/uzlet\/kamerak\/\"]}]},{\"@type\":\"ImageObject\",\"inLanguage\":\"en-US\",\"@id\":\"https:\/\/omi-optika.hu\/uzlet\/kamerak\/#primaryimage\",\"url\":\"https:\/\/omi-optika.hu\/wp-content\/uploads\/2021\/11\/kamerak-cameras-e1636041281656.jpg\",\"contentUrl\":\"https:\/\/omi-optika.hu\/wp-content\/uploads\/2021\/11\/kamerak-cameras-e1636041281656.jpg\",\"width\":500,\"height\":500},{\"@type\":\"BreadcrumbList\",\"@id\":\"https:\/\/omi-optika.hu\/uzlet\/kamerak\/#breadcrumb\",\"itemListElement\":[{\"@type\":\"ListItem\",\"position\":1,\"name\":\"Home\",\"item\":\"https:\/\/omi-optika.hu\/\"},{\"@type\":\"ListItem\",\"position\":2,\"name\":\"Shop\",\"item\":\"https:\/\/omi-optika.hu\/en\/shop\/\"},{\"@type\":\"ListItem\",\"position\":3,\"name\":\"Kamer\u00e1k\"}]},{\"@type\":\"WebSite\",\"@id\":\"https:\/\/omi-optika.hu\/#website\",\"url\":\"https:\/\/omi-optika.hu\/\",\"name\":\"OMI Optika\",\"description\":\"OPTIKA Mernokiroda homepage\",\"publisher\":{\"@id\":\"https:\/\/omi-optika.hu\/#organization\"},\"potentialAction\":[{\"@type\":\"SearchAction\",\"target\":{\"@type\":\"EntryPoint\",\"urlTemplate\":\"https:\/\/omi-optika.hu\/?s={search_term_string}\"},\"query-input\":{\"@type\":\"PropertyValueSpecification\",\"valueRequired\":true,\"valueName\":\"search_term_string\"}}],\"inLanguage\":\"en-US\"},{\"@type\":\"Organization\",\"@id\":\"https:\/\/omi-optika.hu\/#organization\",\"name\":\"OPTIKA Mernokiroda Kft.\",\"url\":\"https:\/\/omi-optika.hu\/\",\"logo\":{\"@type\":\"ImageObject\",\"inLanguage\":\"en-US\",\"@id\":\"https:\/\/omi-optika.hu\/#\/schema\/logo\/image\/\",\"url\":\"https:\/\/omi-optika.hu\/wp-content\/uploads\/2019\/05\/forgatas-265kb.gif\",\"contentUrl\":\"https:\/\/omi-optika.hu\/wp-content\/uploads\/2019\/05\/forgatas-265kb.gif\",\"width\":400,\"height\":205,\"caption\":\"OPTIKA Mernokiroda Kft.\"},\"image\":{\"@id\":\"https:\/\/omi-optika.hu\/#\/schema\/logo\/image\/\"}}]}<\/script>\n<!-- \/ Yoast SEO plugin. -->","yoast_head_json":{"title":"Cameras - OMI Optika","description":"Term\u00e9kek","robots":{"index":"index","follow":"follow","max-snippet":"max-snippet:-1","max-image-preview":"max-image-preview:large","max-video-preview":"max-video-preview:-1"},"canonical":"https:\/\/omi-optika.hu\/uzlet\/kamerak\/","og_locale":"en_US","og_type":"article","og_title":"Cameras - OMI Optika","og_description":"Term\u00e9kek","og_url":"https:\/\/omi-optika.hu\/uzlet\/kamerak\/","og_site_name":"OMI Optika","article_modified_time":"2021-11-04T15:55:30+00:00","og_image":[{"width":500,"height":500,"url":"https:\/\/omi-optika.hu\/wp-content\/uploads\/2021\/11\/kamerak-cameras-e1636041281656.jpg","type":"image\/jpeg"}],"twitter_card":"summary_large_image","twitter_misc":{"Est. reading time":"5 minutes"},"schema":{"@context":"https:\/\/schema.org","@graph":[{"@type":"WebPage","@id":"https:\/\/omi-optika.hu\/uzlet\/kamerak\/","url":"https:\/\/omi-optika.hu\/uzlet\/kamerak\/","name":"Cameras - OMI Optika","isPartOf":{"@id":"https:\/\/omi-optika.hu\/#website"},"primaryImageOfPage":{"@id":"https:\/\/omi-optika.hu\/uzlet\/kamerak\/#primaryimage"},"image":{"@id":"https:\/\/omi-optika.hu\/uzlet\/kamerak\/#primaryimage"},"thumbnailUrl":"https:\/\/omi-optika.hu\/wp-content\/uploads\/2021\/11\/kamerak-cameras-e1636041281656.jpg","datePublished":"2019-10-01T12:49:53+00:00","dateModified":"2021-11-04T15:55:30+00:00","description":"Term\u00e9kek","breadcrumb":{"@id":"https:\/\/omi-optika.hu\/uzlet\/kamerak\/#breadcrumb"},"inLanguage":"en-US","potentialAction":[{"@type":"ReadAction","target":["https:\/\/omi-optika.hu\/uzlet\/kamerak\/"]}]},{"@type":"ImageObject","inLanguage":"en-US","@id":"https:\/\/omi-optika.hu\/uzlet\/kamerak\/#primaryimage","url":"https:\/\/omi-optika.hu\/wp-content\/uploads\/2021\/11\/kamerak-cameras-e1636041281656.jpg","contentUrl":"https:\/\/omi-optika.hu\/wp-content\/uploads\/2021\/11\/kamerak-cameras-e1636041281656.jpg","width":500,"height":500},{"@type":"BreadcrumbList","@id":"https:\/\/omi-optika.hu\/uzlet\/kamerak\/#breadcrumb","itemListElement":[{"@type":"ListItem","position":1,"name":"Home","item":"https:\/\/omi-optika.hu\/"},{"@type":"ListItem","position":2,"name":"Shop","item":"https:\/\/omi-optika.hu\/en\/shop\/"},{"@type":"ListItem","position":3,"name":"Kamer\u00e1k"}]},{"@type":"WebSite","@id":"https:\/\/omi-optika.hu\/#website","url":"https:\/\/omi-optika.hu\/","name":"OMI Optika","description":"OPTIKA Mernokiroda homepage","publisher":{"@id":"https:\/\/omi-optika.hu\/#organization"},"potentialAction":[{"@type":"SearchAction","target":{"@type":"EntryPoint","urlTemplate":"https:\/\/omi-optika.hu\/?s={search_term_string}"},"query-input":{"@type":"PropertyValueSpecification","valueRequired":true,"valueName":"search_term_string"}}],"inLanguage":"en-US"},{"@type":"Organization","@id":"https:\/\/omi-optika.hu\/#organization","name":"OPTIKA Mernokiroda Kft.","url":"https:\/\/omi-optika.hu\/","logo":{"@type":"ImageObject","inLanguage":"en-US","@id":"https:\/\/omi-optika.hu\/#\/schema\/logo\/image\/","url":"https:\/\/omi-optika.hu\/wp-content\/uploads\/2019\/05\/forgatas-265kb.gif","contentUrl":"https:\/\/omi-optika.hu\/wp-content\/uploads\/2019\/05\/forgatas-265kb.gif","width":400,"height":205,"caption":"OPTIKA Mernokiroda Kft."},"image":{"@id":"https:\/\/omi-optika.hu\/#\/schema\/logo\/image\/"}}]}},"_links":{"self":[{"href":"https:\/\/omi-optika.hu\/en\/wp-json\/wp\/v2\/product\/1255","targetHints":{"allow":["GET"]}}],"collection":[{"href":"https:\/\/omi-optika.hu\/en\/wp-json\/wp\/v2\/product"}],"about":[{"href":"https:\/\/omi-optika.hu\/en\/wp-json\/wp\/v2\/types\/product"}],"replies":[{"embeddable":true,"href":"https:\/\/omi-optika.hu\/en\/wp-json\/wp\/v2\/comments?post=1255"}],"wp:featuredmedia":[{"embeddable":true,"href":"https:\/\/omi-optika.hu\/en\/wp-json\/wp\/v2\/media\/3967"}],"wp:attachment":[{"href":"https:\/\/omi-optika.hu\/en\/wp-json\/wp\/v2\/media?parent=1255"}],"wp:term":[{"taxonomy":"product_brand","embeddable":true,"href":"https:\/\/omi-optika.hu\/en\/wp-json\/wp\/v2\/product_brand?post=1255"},{"taxonomy":"product_cat","embeddable":true,"href":"https:\/\/omi-optika.hu\/en\/wp-json\/wp\/v2\/product_cat?post=1255"},{"taxonomy":"product_tag","embeddable":true,"href":"https:\/\/omi-optika.hu\/en\/wp-json\/wp\/v2\/product_tag?post=1255"}],"curies":[{"name":"wp","href":"https:\/\/api.w.org\/{rel}","templated":true}]}}