{"id":1267,"date":"2019-10-02T13:29:34","date_gmt":"2019-10-02T13:29:34","guid":{"rendered":"https:\/\/omi-optika.hu\/?post_type=product&#038;p=1267"},"modified":"2021-11-22T14:08:36","modified_gmt":"2021-11-22T14:08:36","slug":"led-tapegysegek","status":"publish","type":"product","link":"https:\/\/omi-optika.hu\/en\/uzlet\/led-tapegysegek\/","title":{"rendered":"LED Power Supplies"},"content":{"rendered":"<p>LED vil\u00e1g\u00edt\u00f3inkhoz &#8211; illeszkedve azok t\u00e1pig\u00e9ny\u00e9hez &#8211; \u00e1ramgener\u00e1toros vagy fesz\u00fclts\u00e9ggener\u00e1toros kimenet\u0171 t\u00e1pegys\u00e9gek is rendelhet\u0151k, a felhaszn\u00e1l\u00f3i ig\u00e9nyekhez alkalmazkodva fix vagy potm\u00e9terrel szab\u00e1lyozhat\u00f3, egy vagy t\u00f6bb kimenettel, ak\u00e1r triggerelhet\u0151 kivitelben is. A t\u00e1pegys\u00e9gek tipikusan DIN s\u00ednre pattinthat\u00f3ak, vagy asztali kivitel\u0171, m\u0171anyag tokozott egys\u00e9gek.<\/p>\n<p>Standard term\u00e9keinkt\u0151l elt\u00e9r\u0151 egyedi kivitel is rendelhet\u0151.<\/p>","protected":false},"excerpt":{"rendered":"<p>LED vil\u00e1g\u00edt\u00f3inkhoz &#8211; illeszkedve azok t\u00e1pig\u00e9ny\u00e9hez &#8211; \u00e1ramgener\u00e1toros vagy fesz\u00fclts\u00e9ggener\u00e1toros kimenet\u0171 t\u00e1pegys\u00e9gek is rendelhet\u0151k, a felhaszn\u00e1l\u00f3i ig\u00e9nyekhez alkalmazkodva fix vagy potm\u00e9terrel szab\u00e1lyozhat\u00f3, egy vagy t\u00f6bb kimenettel, ak\u00e1r triggerelhet\u0151 kivitelben is. A t\u00e1pegys\u00e9gek tipikusan DIN s\u00ednre pattinthat\u00f3ak, vagy asztali kivitel\u0171, m\u0171anyag tokozott egys\u00e9gek. Standard term\u00e9keinkt\u0151l elt\u00e9r\u0151 egyedi kivitel is rendelhet\u0151.<\/p>\n","protected":false},"featured_media":4014,"comment_status":"closed","ping_status":"closed","template":"","meta":[],"product_brand":[],"product_cat":[131,130],"product_tag":[],"class_list":{"0":"post-1267","1":"product","2":"type-product","3":"status-publish","4":"has-post-thumbnail","6":"product_cat-led-tapegysegek","7":"product_cat-tartozekok-kiegeszitok","9":"first","10":"instock","11":"featured","12":"taxable","13":"shipping-taxable","14":"product-type-simple"},"yoast_head":"<!-- This site is optimized with the Yoast SEO plugin v25.9 - https:\/\/yoast.com\/wordpress\/plugins\/seo\/ -->\n<title>LED Power Supplies - OMI Optika<\/title>\n<meta name=\"description\" content=\"LED t\u00e1pegys\u00e9gek\" \/>\n<meta name=\"robots\" content=\"index, follow, max-snippet:-1, max-image-preview:large, max-video-preview:-1\" \/>\n<link rel=\"canonical\" href=\"https:\/\/omi-optika.hu\/en\/uzlet\/led-tapegysegek\/\" \/>\n<meta property=\"og:locale\" content=\"en_US\" \/>\n<meta property=\"og:type\" content=\"article\" \/>\n<meta property=\"og:title\" content=\"LED Power Supplies - OMI Optika\" \/>\n<meta property=\"og:description\" content=\"LED t\u00e1pegys\u00e9gek\" \/>\n<meta property=\"og:url\" content=\"https:\/\/omi-optika.hu\/en\/uzlet\/led-tapegysegek\/\" \/>\n<meta property=\"og:site_name\" content=\"OMI Optika\" \/>\n<meta property=\"article:modified_time\" content=\"2021-11-22T14:08:36+00:00\" \/>\n<meta property=\"og:image\" content=\"https:\/\/omi-optika.hu\/wp-content\/uploads\/2021\/11\/led-power-supply-e1637590033940.jpg\" \/>\n\t<meta property=\"og:image:width\" content=\"500\" \/>\n\t<meta property=\"og:image:height\" content=\"500\" \/>\n\t<meta property=\"og:image:type\" content=\"image\/jpeg\" \/>\n<meta name=\"twitter:card\" content=\"summary_large_image\" \/>\n<script type=\"application\/ld+json\" class=\"yoast-schema-graph\">{\"@context\":\"https:\/\/schema.org\",\"@graph\":[{\"@type\":\"WebPage\",\"@id\":\"https:\/\/omi-optika.hu\/en\/uzlet\/led-tapegysegek\/\",\"url\":\"https:\/\/omi-optika.hu\/en\/uzlet\/led-tapegysegek\/\",\"name\":\"LED Power Supplies - OMI Optika\",\"isPartOf\":{\"@id\":\"https:\/\/omi-optika.hu\/#website\"},\"primaryImageOfPage\":{\"@id\":\"https:\/\/omi-optika.hu\/en\/uzlet\/led-tapegysegek\/#primaryimage\"},\"image\":{\"@id\":\"https:\/\/omi-optika.hu\/en\/uzlet\/led-tapegysegek\/#primaryimage\"},\"thumbnailUrl\":\"https:\/\/omi-optika.hu\/wp-content\/uploads\/2021\/11\/led-power-supply-e1637590033940.jpg\",\"datePublished\":\"2019-10-02T13:29:34+00:00\",\"dateModified\":\"2021-11-22T14:08:36+00:00\",\"description\":\"LED t\u00e1pegys\u00e9gek\",\"breadcrumb\":{\"@id\":\"https:\/\/omi-optika.hu\/en\/uzlet\/led-tapegysegek\/#breadcrumb\"},\"inLanguage\":\"en-US\",\"potentialAction\":[{\"@type\":\"ReadAction\",\"target\":[\"https:\/\/omi-optika.hu\/en\/uzlet\/led-tapegysegek\/\"]}]},{\"@type\":\"ImageObject\",\"inLanguage\":\"en-US\",\"@id\":\"https:\/\/omi-optika.hu\/en\/uzlet\/led-tapegysegek\/#primaryimage\",\"url\":\"https:\/\/omi-optika.hu\/wp-content\/uploads\/2021\/11\/led-power-supply-e1637590033940.jpg\",\"contentUrl\":\"https:\/\/omi-optika.hu\/wp-content\/uploads\/2021\/11\/led-power-supply-e1637590033940.jpg\",\"width\":500,\"height\":500},{\"@type\":\"BreadcrumbList\",\"@id\":\"https:\/\/omi-optika.hu\/en\/uzlet\/led-tapegysegek\/#breadcrumb\",\"itemListElement\":[{\"@type\":\"ListItem\",\"position\":1,\"name\":\"Home\",\"item\":\"https:\/\/omi-optika.hu\/\"},{\"@type\":\"ListItem\",\"position\":2,\"name\":\"Shop\",\"item\":\"https:\/\/omi-optika.hu\/en\/shop\/\"},{\"@type\":\"ListItem\",\"position\":3,\"name\":\"LED t\u00e1pegys\u00e9gek\"}]},{\"@type\":\"WebSite\",\"@id\":\"https:\/\/omi-optika.hu\/#website\",\"url\":\"https:\/\/omi-optika.hu\/\",\"name\":\"OMI Optika\",\"description\":\"OPTIKA Mernokiroda homepage\",\"publisher\":{\"@id\":\"https:\/\/omi-optika.hu\/#organization\"},\"potentialAction\":[{\"@type\":\"SearchAction\",\"target\":{\"@type\":\"EntryPoint\",\"urlTemplate\":\"https:\/\/omi-optika.hu\/?s={search_term_string}\"},\"query-input\":{\"@type\":\"PropertyValueSpecification\",\"valueRequired\":true,\"valueName\":\"search_term_string\"}}],\"inLanguage\":\"en-US\"},{\"@type\":\"Organization\",\"@id\":\"https:\/\/omi-optika.hu\/#organization\",\"name\":\"OPTIKA Mernokiroda Kft.\",\"url\":\"https:\/\/omi-optika.hu\/\",\"logo\":{\"@type\":\"ImageObject\",\"inLanguage\":\"en-US\",\"@id\":\"https:\/\/omi-optika.hu\/#\/schema\/logo\/image\/\",\"url\":\"https:\/\/omi-optika.hu\/wp-content\/uploads\/2019\/05\/forgatas-265kb.gif\",\"contentUrl\":\"https:\/\/omi-optika.hu\/wp-content\/uploads\/2019\/05\/forgatas-265kb.gif\",\"width\":400,\"height\":205,\"caption\":\"OPTIKA Mernokiroda Kft.\"},\"image\":{\"@id\":\"https:\/\/omi-optika.hu\/#\/schema\/logo\/image\/\"}}]}<\/script>\n<!-- \/ Yoast SEO plugin. -->","yoast_head_json":{"title":"LED Power Supplies - OMI Optika","description":"LED t\u00e1pegys\u00e9gek","robots":{"index":"index","follow":"follow","max-snippet":"max-snippet:-1","max-image-preview":"max-image-preview:large","max-video-preview":"max-video-preview:-1"},"canonical":"https:\/\/omi-optika.hu\/en\/uzlet\/led-tapegysegek\/","og_locale":"en_US","og_type":"article","og_title":"LED Power Supplies - OMI Optika","og_description":"LED t\u00e1pegys\u00e9gek","og_url":"https:\/\/omi-optika.hu\/en\/uzlet\/led-tapegysegek\/","og_site_name":"OMI Optika","article_modified_time":"2021-11-22T14:08:36+00:00","og_image":[{"width":500,"height":500,"url":"https:\/\/omi-optika.hu\/wp-content\/uploads\/2021\/11\/led-power-supply-e1637590033940.jpg","type":"image\/jpeg"}],"twitter_card":"summary_large_image","schema":{"@context":"https:\/\/schema.org","@graph":[{"@type":"WebPage","@id":"https:\/\/omi-optika.hu\/en\/uzlet\/led-tapegysegek\/","url":"https:\/\/omi-optika.hu\/en\/uzlet\/led-tapegysegek\/","name":"LED Power Supplies - OMI Optika","isPartOf":{"@id":"https:\/\/omi-optika.hu\/#website"},"primaryImageOfPage":{"@id":"https:\/\/omi-optika.hu\/en\/uzlet\/led-tapegysegek\/#primaryimage"},"image":{"@id":"https:\/\/omi-optika.hu\/en\/uzlet\/led-tapegysegek\/#primaryimage"},"thumbnailUrl":"https:\/\/omi-optika.hu\/wp-content\/uploads\/2021\/11\/led-power-supply-e1637590033940.jpg","datePublished":"2019-10-02T13:29:34+00:00","dateModified":"2021-11-22T14:08:36+00:00","description":"LED t\u00e1pegys\u00e9gek","breadcrumb":{"@id":"https:\/\/omi-optika.hu\/en\/uzlet\/led-tapegysegek\/#breadcrumb"},"inLanguage":"en-US","potentialAction":[{"@type":"ReadAction","target":["https:\/\/omi-optika.hu\/en\/uzlet\/led-tapegysegek\/"]}]},{"@type":"ImageObject","inLanguage":"en-US","@id":"https:\/\/omi-optika.hu\/en\/uzlet\/led-tapegysegek\/#primaryimage","url":"https:\/\/omi-optika.hu\/wp-content\/uploads\/2021\/11\/led-power-supply-e1637590033940.jpg","contentUrl":"https:\/\/omi-optika.hu\/wp-content\/uploads\/2021\/11\/led-power-supply-e1637590033940.jpg","width":500,"height":500},{"@type":"BreadcrumbList","@id":"https:\/\/omi-optika.hu\/en\/uzlet\/led-tapegysegek\/#breadcrumb","itemListElement":[{"@type":"ListItem","position":1,"name":"Home","item":"https:\/\/omi-optika.hu\/"},{"@type":"ListItem","position":2,"name":"Shop","item":"https:\/\/omi-optika.hu\/en\/shop\/"},{"@type":"ListItem","position":3,"name":"LED t\u00e1pegys\u00e9gek"}]},{"@type":"WebSite","@id":"https:\/\/omi-optika.hu\/#website","url":"https:\/\/omi-optika.hu\/","name":"OMI Optika","description":"OPTIKA Mernokiroda homepage","publisher":{"@id":"https:\/\/omi-optika.hu\/#organization"},"potentialAction":[{"@type":"SearchAction","target":{"@type":"EntryPoint","urlTemplate":"https:\/\/omi-optika.hu\/?s={search_term_string}"},"query-input":{"@type":"PropertyValueSpecification","valueRequired":true,"valueName":"search_term_string"}}],"inLanguage":"en-US"},{"@type":"Organization","@id":"https:\/\/omi-optika.hu\/#organization","name":"OPTIKA Mernokiroda Kft.","url":"https:\/\/omi-optika.hu\/","logo":{"@type":"ImageObject","inLanguage":"en-US","@id":"https:\/\/omi-optika.hu\/#\/schema\/logo\/image\/","url":"https:\/\/omi-optika.hu\/wp-content\/uploads\/2019\/05\/forgatas-265kb.gif","contentUrl":"https:\/\/omi-optika.hu\/wp-content\/uploads\/2019\/05\/forgatas-265kb.gif","width":400,"height":205,"caption":"OPTIKA Mernokiroda Kft."},"image":{"@id":"https:\/\/omi-optika.hu\/#\/schema\/logo\/image\/"}}]}},"_links":{"self":[{"href":"https:\/\/omi-optika.hu\/en\/wp-json\/wp\/v2\/product\/1267","targetHints":{"allow":["GET"]}}],"collection":[{"href":"https:\/\/omi-optika.hu\/en\/wp-json\/wp\/v2\/product"}],"about":[{"href":"https:\/\/omi-optika.hu\/en\/wp-json\/wp\/v2\/types\/product"}],"replies":[{"embeddable":true,"href":"https:\/\/omi-optika.hu\/en\/wp-json\/wp\/v2\/comments?post=1267"}],"wp:featuredmedia":[{"embeddable":true,"href":"https:\/\/omi-optika.hu\/en\/wp-json\/wp\/v2\/media\/4014"}],"wp:attachment":[{"href":"https:\/\/omi-optika.hu\/en\/wp-json\/wp\/v2\/media?parent=1267"}],"wp:term":[{"taxonomy":"product_brand","embeddable":true,"href":"https:\/\/omi-optika.hu\/en\/wp-json\/wp\/v2\/product_brand?post=1267"},{"taxonomy":"product_cat","embeddable":true,"href":"https:\/\/omi-optika.hu\/en\/wp-json\/wp\/v2\/product_cat?post=1267"},{"taxonomy":"product_tag","embeddable":true,"href":"https:\/\/omi-optika.hu\/en\/wp-json\/wp\/v2\/product_tag?post=1267"}],"curies":[{"name":"wp","href":"https:\/\/api.w.org\/{rel}","templated":true}]}}