{"id":1648,"date":"2019-11-26T14:44:54","date_gmt":"2019-11-26T14:44:54","guid":{"rendered":"https:\/\/omi-optika.hu\/?post_type=product&#038;p=1648"},"modified":"2022-03-10T15:15:45","modified_gmt":"2022-03-10T15:15:45","slug":"c-menetes-kozdarabok","status":"publish","type":"product","link":"https:\/\/omi-optika.hu\/en\/uzlet\/c-menetes-kozdarabok\/","title":{"rendered":"C-Mount Adapters Spacers and Extension Tubes"},"content":{"rendered":"<p>K\u00f6zgy\u0171r\u0171: optikai elemet nem tartalmaz\u00f3 k\u00f6zdarab, amely a kamera \u00e9s az objekt\u00edv k\u00f6z\u00e9 ker\u00fcl felszerel\u00e9sre. Ezen k\u00f6zgy\u0171r\u0171k seg\u00edts\u00e9g\u00e9vel k\u00fcl\u00f6nb\u00f6z\u0151 gy\u00fajt\u00f3t\u00e1vols\u00e1g\u00fa objekt\u00edvek is haszn\u00e1lhat\u00f3v\u00e1 v\u00e1lnak egy azon kamera sz\u00e1m\u00e1ra.<\/p>\n<h1>C-C k\u00f6zdarab \u00e1tm. 30mm<\/h1>\n<p><img loading=\"lazy\" decoding=\"async\" class=\"size-full wp-image-2021 alignright\" src=\"http:\/\/omi-optika.hu\/wp-content\/uploads\/2012\/05\/kozdarab1.jpg\" alt=\"C-C K\u00f6zdarab \u00e1tm. 30mm\" width=\"234\" height=\"199\" \/><\/p>\n<h2>\u00c1ltal\u00e1nos le\u00edr\u00e1s:<\/h2>\n<p>K\u00f6zgy\u0171r\u0171: optikai elemet nem tartalmaz\u00f3 k\u00f6zdarab, amely a kamera \u00e9s az objekt\u00edv k\u00f6z\u00e9 ker\u00fcl felszerel\u00e9sre. Ezen k\u00f6zgy\u0171r\u0171k seg\u00edts\u00e9g\u00e9vel k\u00fcl\u00f6nb\u00f6z\u0151 gy\u00fajt\u00f3t\u00e1vols\u00e1g\u00fa objekt\u00edvek is haszn\u00e1lhat\u00f3v\u00e1 v\u00e1lnak egy azon kamera sz\u00e1m\u00e1ra.<\/p>\n<p>&nbsp;<\/p>\n<p>&nbsp;<\/p>\n<p>&nbsp;<\/p>\n<h1>C-C k\u00f6zdarab \u00e1tm. 30mm<\/h1>\n<h1><img loading=\"lazy\" decoding=\"async\" class=\"size-full wp-image-2029 alignright\" src=\"http:\/\/omi-optika.hu\/wp-content\/uploads\/2012\/05\/kozdarab_semat.jpg\" sizes=\"auto, (max-width: 481px) 100vw, 481px\" srcset=\"http:\/\/omi-optika.hu\/wp-content\/uploads\/2012\/05\/kozdarab_semat.jpg 640w, http:\/\/omi-optika.hu\/wp-content\/uploads\/2012\/05\/kozdarab_semat-300x175.jpg 300w\" alt=\"kozdarab_semat\" width=\"481\" height=\"282\" \/><\/h1>\n<h3>M\u0171szaki param\u00e9terek:<\/h3>\n<p>\u2013 C-menetes csatlakoz\u00e1s: 1\u2033 x 1\/32<\/p>\n<p>\u2013 max. 2\/3\u2033-os \u00e9rz\u00e9kel\u0151<\/p>\n<p>\u2013 befoglal\u00f3 m\u00e9retek: \u00d830 x 5 \u2013 150mm<\/p>\n<p>\u2013 Felfogat\u00e1s: bilinccsel<\/p>\n<p>\u2013\u00a0<strong>Egyedi hosszakban is rendelhet\u0151!<\/strong><\/p>\n<p>&nbsp;<\/p>\n<h1>C-C k\u00f6zdarab \u00e1tm. 30mm<\/h1>\n<h3>Standard m\u00e9reteink\/Term\u00e9k cikksz\u00e1mok:<\/h3>\n<table>\n<tbody>\n<tr>\n<th>Megrendel\u00e9si sz\u00e1m<\/th>\n<th>Hossza (mm)<\/th>\n<th>Anyaga<\/th>\n<th>Adatlap<\/th>\n<\/tr>\n<tr>\n<td>4-001-001<\/td>\n<td>5<\/td>\n<td>Alum\u00ednium<\/td>\n<td><a href=\"http:\/\/omi-optika.hu\/wp-content\/uploads\/2018\/09\/4-001-001.pdf\" target=\"_blank\" rel=\"noopener noreferrer\">4-001-001.pdf<\/a><\/td>\n<\/tr>\n<tr>\n<td>4-001-002<\/td>\n<td>10<\/td>\n<td>Alum\u00ednium<\/td>\n<td><a href=\"http:\/\/omi-optika.hu\/wp-content\/uploads\/2018\/09\/4-001-002.pdf\" target=\"_blank\" rel=\"noopener noreferrer\">4-001-002.pdf<\/a><\/td>\n<\/tr>\n<tr>\n<td>4-001-003<\/td>\n<td>15<\/td>\n<td>Alum\u00ednium<\/td>\n<td><a href=\"http:\/\/omi-optika.hu\/wp-content\/uploads\/2018\/09\/4-001-003.pdf\" target=\"_blank\" rel=\"noopener noreferrer\">4-001-003.pdf<\/a><\/td>\n<\/tr>\n<tr>\n<td>4-001-004<\/td>\n<td>40<\/td>\n<td>Alum\u00ednium<\/td>\n<td><a href=\"http:\/\/omi-optika.hu\/wp-content\/uploads\/2018\/09\/4-001-004.pdf\" target=\"_blank\" rel=\"noopener noreferrer\">4-001-004.pdf<\/a><\/td>\n<\/tr>\n<tr>\n<td>4-001-005<\/td>\n<td>50<\/td>\n<td>Alum\u00ednium<\/td>\n<td><a href=\"http:\/\/omi-optika.hu\/wp-content\/uploads\/2018\/09\/4-001-005.pdf\" target=\"_blank\" rel=\"noopener noreferrer\">4-001-005.pdf<\/a><\/td>\n<\/tr>\n<tr>\n<td>4-001-006<\/td>\n<td>100<\/td>\n<td>Alum\u00ednium<\/td>\n<td><a href=\"http:\/\/omi-optika.hu\/wp-content\/uploads\/2018\/09\/4-001-006.pdf\" target=\"_blank\" rel=\"noopener noreferrer\">4-001-006.pdf<\/a><\/td>\n<\/tr>\n<tr>\n<td>4-001-008<\/td>\n<td>35<\/td>\n<td>Alum\u00ednium<\/td>\n<td><a href=\"http:\/\/omi-optika.hu\/wp-content\/uploads\/2018\/09\/4-001-008.pdf\" target=\"_blank\" rel=\"noopener noreferrer\">4-001-008.pdf<\/a><\/td>\n<\/tr>\n<tr>\n<td>4-001-016<\/td>\n<td>20<\/td>\n<td>Alum\u00ednium<\/td>\n<td><a href=\"http:\/\/omi-optika.hu\/wp-content\/uploads\/2018\/09\/4-001-016.pdf\" target=\"_blank\" rel=\"noopener noreferrer\">4-001-016.pdf<\/a><\/td>\n<\/tr>\n<tr>\n<td>4-001-018<\/td>\n<td>60<\/td>\n<td>Alum\u00ednium<\/td>\n<td><a href=\"http:\/\/omi-optika.hu\/wp-content\/uploads\/2018\/09\/4-001-018.pdf\" target=\"_blank\" rel=\"noopener noreferrer\">4-001-018.pdf<\/a><\/td>\n<\/tr>\n<tr>\n<td>4-001-019<\/td>\n<td>45<\/td>\n<td>Alum\u00ednium<\/td>\n<td><a href=\"http:\/\/omi-optika.hu\/wp-content\/uploads\/2018\/09\/4-001-019.pdf\" target=\"_blank\" rel=\"noopener noreferrer\">4-001-019.pdf<\/a><\/td>\n<\/tr>\n<tr>\n<td>4-001-020<\/td>\n<td>75<\/td>\n<td>Alum\u00ednium<\/td>\n<td><a href=\"http:\/\/omi-optika.hu\/wp-content\/uploads\/2018\/09\/4-001-020.pdf\" target=\"_blank\" rel=\"noopener noreferrer\">4-001-020.pdf<\/a><\/td>\n<\/tr>\n<tr>\n<td>4-001-023<\/td>\n<td>30<\/td>\n<td>Alum\u00ednium<\/td>\n<td><a href=\"http:\/\/omi-optika.hu\/wp-content\/uploads\/2018\/09\/4-001-023.pdf\" target=\"_blank\" rel=\"noopener noreferrer\">4-001-023.pdf<\/a><\/td>\n<\/tr>\n<tr>\n<td>4-001-025<\/td>\n<td>25<\/td>\n<td>Alum\u00ednium<\/td>\n<td><a href=\"http:\/\/omi-optika.hu\/wp-content\/uploads\/2018\/09\/4-001-025.pdf\" target=\"_blank\" rel=\"noopener noreferrer\">4-001-025.pdf<\/a><\/td>\n<\/tr>\n<tr>\n<td>4-001-027<\/td>\n<td>70<\/td>\n<td>Alum\u00ednium<\/td>\n<td><a href=\"http:\/\/omi-optika.hu\/wp-content\/uploads\/2018\/09\/4-001-027.pdf\" target=\"_blank\" rel=\"noopener noreferrer\">4-001-027.pdf<\/a><\/td>\n<\/tr>\n<\/tbody>\n<\/table>\n<p>&nbsp;<\/p>\n<h1>C-C szigetelt k\u00f6zdarab \u00e1tm. 30mm<\/h1>\n<p><img loading=\"lazy\" decoding=\"async\" class=\"size-full wp-image-2021 alignright\" src=\"http:\/\/omi-optika.hu\/wp-content\/uploads\/2012\/05\/kozdarab1.jpg\" alt=\"C-C K\u00f6zdarab \u00e1tm. 30mm\" width=\"234\" height=\"199\" \/><\/p>\n<h2>\u00c1ltal\u00e1nos le\u00edr\u00e1s:<\/h2>\n<p>K\u00f6zgy\u0171r\u0171: optikai elemet nem tartalmaz\u00f3 k\u00f6zdarab, amely a kamera \u00e9s az objekt\u00edv k\u00f6z\u00e9 ker\u00fcl felszerel\u00e9sre. Ezen k\u00f6zgy\u0171r\u0171k seg\u00edts\u00e9g\u00e9vel k\u00fcl\u00f6nb\u00f6z\u0151 gy\u00fajt\u00f3t\u00e1vols\u00e1g\u00fa objekt\u00edvek is haszn\u00e1lhat\u00f3v\u00e1 v\u00e1lnak egy azon kamera sz\u00e1m\u00e1ra.<\/p>\n<p>Szigetel\u0151 m\u0171anyag csatlakoz\u00f3 gy\u0171r\u0171vel.<\/p>\n<p>&nbsp;<\/p>\n<h1>C-C szigetelt k\u00f6zdarab \u00e1tm. 30mm<\/h1>\n<h1><img loading=\"lazy\" decoding=\"async\" class=\"size-full wp-image-2029 alignright\" src=\"http:\/\/omi-optika.hu\/wp-content\/uploads\/2012\/05\/kozdarab_semat.jpg\" sizes=\"auto, (max-width: 481px) 100vw, 481px\" srcset=\"http:\/\/omi-optika.hu\/wp-content\/uploads\/2012\/05\/kozdarab_semat.jpg 640w, http:\/\/omi-optika.hu\/wp-content\/uploads\/2012\/05\/kozdarab_semat-300x175.jpg 300w\" alt=\"kozdarab_semat\" width=\"481\" height=\"282\" \/><\/h1>\n<h3>M\u0171szaki param\u00e9terek:<\/h3>\n<p>\u2013 C-menetes csatlakoz\u00e1s: 1\u2033 x 1\/32<\/p>\n<p>\u2013 m\u0171anyag szigetel\u0151 gy\u0171r\u0171vel<\/p>\n<p>\u2013 max. 2\/3\u2033-os \u00e9rz\u00e9kel\u0151<\/p>\n<p>\u2013 befoglal\u00f3 m\u00e9retek: \u00d830 x 5 \u2013 150mm<\/p>\n<p>\u2013 Felfogat\u00e1s: bilinccsel<\/p>\n<p>\u2013\u00a0<strong>Egyedi hosszakban is rendelhet\u0151!<\/strong><\/p>\n<p>&nbsp;<\/p>\n<h1>C-C szigetelt k\u00f6zdarab \u00e1tm. 30mm<\/h1>\n<h3>Standard m\u00e9reteink\/Term\u00e9k cikksz\u00e1mok:<\/h3>\n<table>\n<tbody>\n<tr>\n<th>Megrendel\u00e9si sz\u00e1m<\/th>\n<th>Hossza + szig.v\u00e1ll(mm)<\/th>\n<th>Anyaga<\/th>\n<th>Adatlap<\/th>\n<\/tr>\n<tr>\n<td>4-003-001<\/td>\n<td>10 + 1.5<\/td>\n<td>Alu. \u2013 m\u0171anyag<\/td>\n<td><a href=\"http:\/\/omi-optika.hu\/wp-content\/uploads\/2018\/09\/4-003-001.pdf\" target=\"_blank\" rel=\"noopener noreferrer\">4-003-001.pdf<\/a><\/td>\n<\/tr>\n<tr>\n<td>4-003-002<\/td>\n<td>198.5 + 1.5<\/td>\n<td>Alu. \u2013 m\u0171anyag<\/td>\n<td><a href=\"http:\/\/omi-optika.hu\/wp-content\/uploads\/2018\/09\/4-003-002.pdf\" target=\"_blank\" rel=\"noopener noreferrer\">4-003-002.pdf<\/a><\/td>\n<\/tr>\n<tr>\n<td>4-003-003<\/td>\n<td>51.5+ 1.5<\/td>\n<td>Alu. \u2013 m\u0171anyag<\/td>\n<td><a href=\"http:\/\/omi-optika.hu\/wp-content\/uploads\/2018\/09\/4-003-003.pdf\" target=\"_blank\" rel=\"noopener noreferrer\">4-003-003.pdf<\/a><\/td>\n<\/tr>\n<tr>\n<td>4-003-004<\/td>\n<td>30.5+ 1.5<\/td>\n<td>Alu. \u2013 m\u0171anyag<\/td>\n<td><a href=\"http:\/\/omi-optika.hu\/wp-content\/uploads\/2018\/09\/4-003-004.pdf\" target=\"_blank\" rel=\"noopener noreferrer\">4-003-004.pdf<\/a><\/td>\n<\/tr>\n<tr>\n<td>4-003-005<\/td>\n<td>45+ 1.5<\/td>\n<td>Alu. \u2013 m\u0171anyag<\/td>\n<td><a href=\"http:\/\/omi-optika.hu\/wp-content\/uploads\/2018\/09\/4-003-005.pdf\" target=\"_blank\" rel=\"noopener noreferrer\">4-003-005.pdf<\/a><\/td>\n<\/tr>\n<tr>\n<td>4-003-010<\/td>\n<td>10+ 4.5<\/td>\n<td>Alu. \u2013 m\u0171anyag<\/td>\n<td><a href=\"http:\/\/omi-optika.hu\/wp-content\/uploads\/2018\/09\/4-003-010.pdf\" target=\"_blank\" rel=\"noopener noreferrer\">4-003-010.pdf<\/a><\/td>\n<\/tr>\n<tr>\n<td>4-003-011<\/td>\n<td>25+ 4.5<\/td>\n<td>Alu. \u2013 m\u0171anyag<\/td>\n<td><a href=\"http:\/\/omi-optika.hu\/wp-content\/uploads\/2018\/09\/4-003-011.pdf\" target=\"_blank\" rel=\"noopener noreferrer\">4-003-011.pdf<\/a><\/td>\n<\/tr>\n<\/tbody>\n<\/table>\n<p>&nbsp;<\/p>\n<h1>MEOPTA \u00e9s egy\u00e9b, szigetelt, \u00e1tm. 40mm k\u00f6zdarabok<\/h1>\n<p><img loading=\"lazy\" decoding=\"async\" class=\"size-full wp-image-2026 alignright\" src=\"http:\/\/omi-optika.hu\/wp-content\/uploads\/2012\/05\/Obj-kozdarab.jpg\" alt=\"MEOPTA k\u00f6zdarab\" width=\"217\" height=\"189\" \/><\/p>\n<h2>\u00c1ltal\u00e1nos le\u00edr\u00e1s:<\/h2>\n<p>K\u00f6zgy\u0171r\u0171: optikai elemet nem tartalmaz\u00f3 k\u00f6zdarab, amely a kamera \u00e9s az objekt\u00edv k\u00f6z\u00e9 ker\u00fcl felszerel\u00e9sre. Ezen k\u00f6zgy\u0171r\u0171k seg\u00edts\u00e9g\u00e9vel k\u00fcl\u00f6nb\u00f6z\u0151 gy\u00fajt\u00f3t\u00e1vols\u00e1g\u00fa objekt\u00edvek is haszn\u00e1lhat\u00f3v\u00e1 v\u00e1lnak egy azon kamera sz\u00e1m\u00e1ra.<\/p>\n<p>Szigetel\u0151 m\u0171anyag csatlakoz\u00f3 gy\u0171r\u0171vel is kaphat\u00f3.<\/p>\n<p>&nbsp;<\/p>\n<h1>MEOPTA \u00e9s egy\u00e9b, szigetelt, \u00e1tm. 40mm k\u00f6zdarabok<\/h1>\n<h1><img loading=\"lazy\" decoding=\"async\" class=\"size-full wp-image-2029 alignright\" src=\"http:\/\/omi-optika.hu\/wp-content\/uploads\/2012\/05\/kozdarab_semat.jpg\" sizes=\"auto, (max-width: 481px) 100vw, 481px\" srcset=\"http:\/\/omi-optika.hu\/wp-content\/uploads\/2012\/05\/kozdarab_semat.jpg 640w, http:\/\/omi-optika.hu\/wp-content\/uploads\/2012\/05\/kozdarab_semat-300x175.jpg 300w\" alt=\"kozdarab_semat\" width=\"481\" height=\"282\" \/><\/h1>\n<h3>M\u0171szaki param\u00e9terek:<\/h3>\n<p>\u2013 C-menetes csatlakoz\u00e1s: 1\u2033 x 1\/32<\/p>\n<p>\u2013 m\u0171anyag szigetel\u0151 gy\u0171r\u0171vel is<\/p>\n<p>\u2013 max. 2\/3\u2033-os \u00e9rz\u00e9kel\u0151<\/p>\n<p>\u2013 befoglal\u00f3 m\u00e9retek: \u00d830 x 5 \u2013 150mm<\/p>\n<p>\u2013 Felfogat\u00e1s: bilinccsel<\/p>\n<p>\u2013\u00a0<strong>Egyedi hosszakban is rendelhet\u0151!<\/strong><\/p>\n<p>&nbsp;<\/p>\n<h1>MEOPTA \u00e9s egy\u00e9b, szigetelt, \u00e1tm. 40mm k\u00f6zdarabok<\/h1>\n<h3>Standard m\u00e9reteink\/Term\u00e9k cikksz\u00e1mok:<\/h3>\n<table>\n<tbody>\n<tr>\n<th>Megrendel\u00e9si sz\u00e1m<\/th>\n<th>Atm\u00e9r\u0151 (mm)<\/th>\n<th>Hossza + szig.v\u00e1ll(mm)<\/th>\n<th>Anyaga<\/th>\n<th>Adatlap<\/th>\n<\/tr>\n<tr>\n<td>4-004-001<\/td>\n<td>\u00f830<\/td>\n<td>44 + 1.5<\/td>\n<td>Alu. \u2013 m\u0171anyag<\/td>\n<td><a href=\"http:\/\/omi-optika.hu\/wp-content\/uploads\/2018\/09\/4-004-001.pdf\" target=\"_blank\" rel=\"noopener noreferrer\">4-004-001.pdf<\/a><\/td>\n<\/tr>\n<tr>\n<td>4-004-002<\/td>\n<td>\u00f830<\/td>\n<td>55 + 1.5<\/td>\n<td>Alu. \u2013 m\u0171anyag<\/td>\n<td><a href=\"http:\/\/omi-optika.hu\/wp-content\/uploads\/2018\/09\/4-004-002.pdf\" target=\"_blank\" rel=\"noopener noreferrer\">4-004-002.pdf<\/a><\/td>\n<\/tr>\n<tr>\n<td>4-004-003<\/td>\n<td>\u00f830<\/td>\n<td>38.5 + 1.5<\/td>\n<td>Alu. \u2013 m\u0171anyag<\/td>\n<td><a href=\"http:\/\/omi-optika.hu\/wp-content\/uploads\/2018\/09\/4-004-003.pdf\" target=\"_blank\" rel=\"noopener noreferrer\">4-004-003.pdf<\/a><\/td>\n<\/tr>\n<tr>\n<td>4-004-004<\/td>\n<td>\u00f830<\/td>\n<td>123.5 + 1.5<\/td>\n<td>Alu. \u2013 m\u0171anyag<\/td>\n<td><a href=\"http:\/\/omi-optika.hu\/wp-content\/uploads\/2018\/09\/4-004-004.pdf\" target=\"_blank\" rel=\"noopener noreferrer\">4-004-004.pdf<\/a><\/td>\n<\/tr>\n<tr>\n<td>4-006-001<\/td>\n<td>\u00f830<\/td>\n<td>31.5 + 1.5<\/td>\n<td>Alu. \u2013 m\u0171anyag<\/td>\n<td><a href=\"http:\/\/omi-optika.hu\/wp-content\/uploads\/2018\/09\/4-006-001.pdf\" target=\"_blank\" rel=\"noopener noreferrer\">4-006-001.pdf<\/a><\/td>\n<\/tr>\n<tr>\n<td>4-007-001<\/td>\n<td>\u00f830<\/td>\n<td>38.5 + 1.5<\/td>\n<td>Alu. \u2013 m\u0171anyag<\/td>\n<td><a href=\"http:\/\/omi-optika.hu\/wp-content\/uploads\/2018\/09\/4-007-001.pdf\" target=\"_blank\" rel=\"noopener noreferrer\">4-007-001.pdf<\/a><\/td>\n<\/tr>\n<tr>\n<td>4-007-002<\/td>\n<td>\u00f830<\/td>\n<td>36 + 1.5<\/td>\n<td>Alu. \u2013 m\u0171anyag<\/td>\n<td><a href=\"http:\/\/omi-optika.hu\/wp-content\/uploads\/2018\/09\/4-007-002.pdf\" target=\"_blank\" rel=\"noopener noreferrer\">4-007-002.pdf<\/a><\/td>\n<\/tr>\n<tr>\n<td>4-050-000<\/td>\n<td>\u00f840<\/td>\n<td>45.5 + 1.5<\/td>\n<td>Alu. \u2013 m\u0171anyag<\/td>\n<td><a href=\"http:\/\/omi-optika.hu\/wp-content\/uploads\/2018\/09\/4-050-000.pdf\" target=\"_blank\" rel=\"noopener noreferrer\">4-050-000.pdf<\/a><\/td>\n<\/tr>\n<\/tbody>\n<\/table>\n<p><\/p>","protected":false},"excerpt":{"rendered":"<p>K\u00f6zgy\u0171r\u0171: optikai elemet nem tartalmaz\u00f3 k\u00f6zdarab, amely a kamera \u00e9s az objekt\u00edv k\u00f6z\u00e9 ker\u00fcl felszerel\u00e9sre. Ezen k\u00f6zgy\u0171r\u0171k seg\u00edts\u00e9g\u00e9vel k\u00fcl\u00f6nb\u00f6z\u0151 gy\u00fajt\u00f3t\u00e1vols\u00e1g\u00fa objekt\u00edvek is haszn\u00e1lhat\u00f3v\u00e1 v\u00e1lnak egy azon kamera sz\u00e1m\u00e1ra. C-C k\u00f6zdarab \u00e1tm. 30mm \u00c1ltal\u00e1nos le\u00edr\u00e1s: K\u00f6zgy\u0171r\u0171: optikai elemet nem tartalmaz\u00f3 k\u00f6zdarab, amely a kamera \u00e9s az objekt\u00edv k\u00f6z\u00e9 ker\u00fcl felszerel\u00e9sre. Ezen k\u00f6zgy\u0171r\u0171k seg\u00edts\u00e9g\u00e9vel k\u00fcl\u00f6nb\u00f6z\u0151 gy\u00fajt\u00f3t\u00e1vols\u00e1g\u00fa objekt\u00edvek [&hellip;]<\/p>\n","protected":false},"featured_media":4009,"comment_status":"closed","ping_status":"closed","template":"","meta":[],"product_brand":[],"product_cat":[133,130],"product_tag":[],"class_list":{"0":"post-1648","1":"product","2":"type-product","3":"status-publish","4":"has-post-thumbnail","6":"product_cat-c-menetes-kozdarabok","7":"product_cat-tartozekok-kiegeszitok","9":"first","10":"instock","11":"taxable","12":"shipping-taxable","13":"product-type-simple"},"yoast_head":"<!-- This site is optimized with the Yoast SEO plugin v25.9 - https:\/\/yoast.com\/wordpress\/plugins\/seo\/ -->\n<title>C-Mount Adapters Spacers and Extension Tubes - OMI Optika<\/title>\n<meta name=\"description\" content=\"Term\u00e9kek\" \/>\n<meta name=\"robots\" content=\"index, follow, max-snippet:-1, max-image-preview:large, max-video-preview:-1\" \/>\n<link rel=\"canonical\" href=\"https:\/\/omi-optika.hu\/uzlet\/c-menetes-kozdarabok\/\" \/>\n<meta property=\"og:locale\" content=\"en_US\" \/>\n<meta property=\"og:type\" content=\"article\" \/>\n<meta property=\"og:title\" content=\"C-Mount Adapters Spacers and Extension Tubes - OMI Optika\" \/>\n<meta property=\"og:description\" content=\"Term\u00e9kek\" \/>\n<meta property=\"og:url\" content=\"https:\/\/omi-optika.hu\/uzlet\/c-menetes-kozdarabok\/\" \/>\n<meta property=\"og:site_name\" content=\"OMI Optika\" \/>\n<meta property=\"article:modified_time\" content=\"2022-03-10T15:15:45+00:00\" \/>\n<meta property=\"og:image\" content=\"https:\/\/omi-optika.hu\/wp-content\/uploads\/2021\/11\/kozdarabok-e1637572334370.jpg\" \/>\n\t<meta property=\"og:image:width\" content=\"500\" \/>\n\t<meta property=\"og:image:height\" content=\"500\" \/>\n\t<meta property=\"og:image:type\" content=\"image\/jpeg\" \/>\n<meta name=\"twitter:card\" content=\"summary_large_image\" \/>\n<meta name=\"twitter:label1\" content=\"Est. reading time\" \/>\n\t<meta name=\"twitter:data1\" content=\"4 minutes\" \/>\n<script type=\"application\/ld+json\" class=\"yoast-schema-graph\">{\"@context\":\"https:\/\/schema.org\",\"@graph\":[{\"@type\":\"WebPage\",\"@id\":\"https:\/\/omi-optika.hu\/uzlet\/c-menetes-kozdarabok\/\",\"url\":\"https:\/\/omi-optika.hu\/uzlet\/c-menetes-kozdarabok\/\",\"name\":\"C-Mount Adapters Spacers and Extension Tubes - OMI Optika\",\"isPartOf\":{\"@id\":\"https:\/\/omi-optika.hu\/#website\"},\"primaryImageOfPage\":{\"@id\":\"https:\/\/omi-optika.hu\/uzlet\/c-menetes-kozdarabok\/#primaryimage\"},\"image\":{\"@id\":\"https:\/\/omi-optika.hu\/uzlet\/c-menetes-kozdarabok\/#primaryimage\"},\"thumbnailUrl\":\"https:\/\/omi-optika.hu\/wp-content\/uploads\/2021\/11\/kozdarabok-e1637572334370.jpg\",\"datePublished\":\"2019-11-26T14:44:54+00:00\",\"dateModified\":\"2022-03-10T15:15:45+00:00\",\"description\":\"Term\u00e9kek\",\"breadcrumb\":{\"@id\":\"https:\/\/omi-optika.hu\/uzlet\/c-menetes-kozdarabok\/#breadcrumb\"},\"inLanguage\":\"en-US\",\"potentialAction\":[{\"@type\":\"ReadAction\",\"target\":[\"https:\/\/omi-optika.hu\/uzlet\/c-menetes-kozdarabok\/\"]}]},{\"@type\":\"ImageObject\",\"inLanguage\":\"en-US\",\"@id\":\"https:\/\/omi-optika.hu\/uzlet\/c-menetes-kozdarabok\/#primaryimage\",\"url\":\"https:\/\/omi-optika.hu\/wp-content\/uploads\/2021\/11\/kozdarabok-e1637572334370.jpg\",\"contentUrl\":\"https:\/\/omi-optika.hu\/wp-content\/uploads\/2021\/11\/kozdarabok-e1637572334370.jpg\",\"width\":500,\"height\":500},{\"@type\":\"BreadcrumbList\",\"@id\":\"https:\/\/omi-optika.hu\/uzlet\/c-menetes-kozdarabok\/#breadcrumb\",\"itemListElement\":[{\"@type\":\"ListItem\",\"position\":1,\"name\":\"Home\",\"item\":\"https:\/\/omi-optika.hu\/\"},{\"@type\":\"ListItem\",\"position\":2,\"name\":\"Shop\",\"item\":\"https:\/\/omi-optika.hu\/en\/shop\/\"},{\"@type\":\"ListItem\",\"position\":3,\"name\":\"C menetes k\u00f6zdarabok\"}]},{\"@type\":\"WebSite\",\"@id\":\"https:\/\/omi-optika.hu\/#website\",\"url\":\"https:\/\/omi-optika.hu\/\",\"name\":\"OMI Optika\",\"description\":\"OPTIKA Mernokiroda homepage\",\"publisher\":{\"@id\":\"https:\/\/omi-optika.hu\/#organization\"},\"potentialAction\":[{\"@type\":\"SearchAction\",\"target\":{\"@type\":\"EntryPoint\",\"urlTemplate\":\"https:\/\/omi-optika.hu\/?s={search_term_string}\"},\"query-input\":{\"@type\":\"PropertyValueSpecification\",\"valueRequired\":true,\"valueName\":\"search_term_string\"}}],\"inLanguage\":\"en-US\"},{\"@type\":\"Organization\",\"@id\":\"https:\/\/omi-optika.hu\/#organization\",\"name\":\"OPTIKA Mernokiroda Kft.\",\"url\":\"https:\/\/omi-optika.hu\/\",\"logo\":{\"@type\":\"ImageObject\",\"inLanguage\":\"en-US\",\"@id\":\"https:\/\/omi-optika.hu\/#\/schema\/logo\/image\/\",\"url\":\"https:\/\/omi-optika.hu\/wp-content\/uploads\/2019\/05\/forgatas-265kb.gif\",\"contentUrl\":\"https:\/\/omi-optika.hu\/wp-content\/uploads\/2019\/05\/forgatas-265kb.gif\",\"width\":400,\"height\":205,\"caption\":\"OPTIKA Mernokiroda Kft.\"},\"image\":{\"@id\":\"https:\/\/omi-optika.hu\/#\/schema\/logo\/image\/\"}}]}<\/script>\n<!-- \/ Yoast SEO plugin. -->","yoast_head_json":{"title":"C-Mount Adapters Spacers and Extension Tubes - OMI Optika","description":"Term\u00e9kek","robots":{"index":"index","follow":"follow","max-snippet":"max-snippet:-1","max-image-preview":"max-image-preview:large","max-video-preview":"max-video-preview:-1"},"canonical":"https:\/\/omi-optika.hu\/uzlet\/c-menetes-kozdarabok\/","og_locale":"en_US","og_type":"article","og_title":"C-Mount Adapters Spacers and Extension Tubes - OMI Optika","og_description":"Term\u00e9kek","og_url":"https:\/\/omi-optika.hu\/uzlet\/c-menetes-kozdarabok\/","og_site_name":"OMI Optika","article_modified_time":"2022-03-10T15:15:45+00:00","og_image":[{"width":500,"height":500,"url":"https:\/\/omi-optika.hu\/wp-content\/uploads\/2021\/11\/kozdarabok-e1637572334370.jpg","type":"image\/jpeg"}],"twitter_card":"summary_large_image","twitter_misc":{"Est. reading time":"4 minutes"},"schema":{"@context":"https:\/\/schema.org","@graph":[{"@type":"WebPage","@id":"https:\/\/omi-optika.hu\/uzlet\/c-menetes-kozdarabok\/","url":"https:\/\/omi-optika.hu\/uzlet\/c-menetes-kozdarabok\/","name":"C-Mount Adapters Spacers and Extension Tubes - OMI Optika","isPartOf":{"@id":"https:\/\/omi-optika.hu\/#website"},"primaryImageOfPage":{"@id":"https:\/\/omi-optika.hu\/uzlet\/c-menetes-kozdarabok\/#primaryimage"},"image":{"@id":"https:\/\/omi-optika.hu\/uzlet\/c-menetes-kozdarabok\/#primaryimage"},"thumbnailUrl":"https:\/\/omi-optika.hu\/wp-content\/uploads\/2021\/11\/kozdarabok-e1637572334370.jpg","datePublished":"2019-11-26T14:44:54+00:00","dateModified":"2022-03-10T15:15:45+00:00","description":"Term\u00e9kek","breadcrumb":{"@id":"https:\/\/omi-optika.hu\/uzlet\/c-menetes-kozdarabok\/#breadcrumb"},"inLanguage":"en-US","potentialAction":[{"@type":"ReadAction","target":["https:\/\/omi-optika.hu\/uzlet\/c-menetes-kozdarabok\/"]}]},{"@type":"ImageObject","inLanguage":"en-US","@id":"https:\/\/omi-optika.hu\/uzlet\/c-menetes-kozdarabok\/#primaryimage","url":"https:\/\/omi-optika.hu\/wp-content\/uploads\/2021\/11\/kozdarabok-e1637572334370.jpg","contentUrl":"https:\/\/omi-optika.hu\/wp-content\/uploads\/2021\/11\/kozdarabok-e1637572334370.jpg","width":500,"height":500},{"@type":"BreadcrumbList","@id":"https:\/\/omi-optika.hu\/uzlet\/c-menetes-kozdarabok\/#breadcrumb","itemListElement":[{"@type":"ListItem","position":1,"name":"Home","item":"https:\/\/omi-optika.hu\/"},{"@type":"ListItem","position":2,"name":"Shop","item":"https:\/\/omi-optika.hu\/en\/shop\/"},{"@type":"ListItem","position":3,"name":"C menetes k\u00f6zdarabok"}]},{"@type":"WebSite","@id":"https:\/\/omi-optika.hu\/#website","url":"https:\/\/omi-optika.hu\/","name":"OMI Optika","description":"OPTIKA Mernokiroda homepage","publisher":{"@id":"https:\/\/omi-optika.hu\/#organization"},"potentialAction":[{"@type":"SearchAction","target":{"@type":"EntryPoint","urlTemplate":"https:\/\/omi-optika.hu\/?s={search_term_string}"},"query-input":{"@type":"PropertyValueSpecification","valueRequired":true,"valueName":"search_term_string"}}],"inLanguage":"en-US"},{"@type":"Organization","@id":"https:\/\/omi-optika.hu\/#organization","name":"OPTIKA Mernokiroda Kft.","url":"https:\/\/omi-optika.hu\/","logo":{"@type":"ImageObject","inLanguage":"en-US","@id":"https:\/\/omi-optika.hu\/#\/schema\/logo\/image\/","url":"https:\/\/omi-optika.hu\/wp-content\/uploads\/2019\/05\/forgatas-265kb.gif","contentUrl":"https:\/\/omi-optika.hu\/wp-content\/uploads\/2019\/05\/forgatas-265kb.gif","width":400,"height":205,"caption":"OPTIKA Mernokiroda Kft."},"image":{"@id":"https:\/\/omi-optika.hu\/#\/schema\/logo\/image\/"}}]}},"_links":{"self":[{"href":"https:\/\/omi-optika.hu\/en\/wp-json\/wp\/v2\/product\/1648","targetHints":{"allow":["GET"]}}],"collection":[{"href":"https:\/\/omi-optika.hu\/en\/wp-json\/wp\/v2\/product"}],"about":[{"href":"https:\/\/omi-optika.hu\/en\/wp-json\/wp\/v2\/types\/product"}],"replies":[{"embeddable":true,"href":"https:\/\/omi-optika.hu\/en\/wp-json\/wp\/v2\/comments?post=1648"}],"wp:featuredmedia":[{"embeddable":true,"href":"https:\/\/omi-optika.hu\/en\/wp-json\/wp\/v2\/media\/4009"}],"wp:attachment":[{"href":"https:\/\/omi-optika.hu\/en\/wp-json\/wp\/v2\/media?parent=1648"}],"wp:term":[{"taxonomy":"product_brand","embeddable":true,"href":"https:\/\/omi-optika.hu\/en\/wp-json\/wp\/v2\/product_brand?post=1648"},{"taxonomy":"product_cat","embeddable":true,"href":"https:\/\/omi-optika.hu\/en\/wp-json\/wp\/v2\/product_cat?post=1648"},{"taxonomy":"product_tag","embeddable":true,"href":"https:\/\/omi-optika.hu\/en\/wp-json\/wp\/v2\/product_tag?post=1648"}],"curies":[{"name":"wp","href":"https:\/\/api.w.org\/{rel}","templated":true}]}}