{"id":1823,"date":"2019-12-04T13:53:17","date_gmt":"2019-12-04T13:53:17","guid":{"rendered":"https:\/\/omi-optika.hu\/?post_type=product&#038;p=1823"},"modified":"2025-11-05T17:46:14","modified_gmt":"2025-11-05T17:46:14","slug":"biztonsagi-cimkek","status":"publish","type":"product","link":"https:\/\/omi-optika.hu\/en\/uzlet\/biztonsagi-cimkek\/","title":{"rendered":"Safety Labels"},"content":{"rendered":"<p><\/p>\n<h1>IR biztons\u00e1gi c\u00edmk\u00e9k<\/h1>\n<p><img loading=\"lazy\" decoding=\"async\" class=\"size-full wp-image-2197 alignright\" src=\"https:\/\/omi-optika.hu\/wp-content\/uploads\/2021\/11\/warning-labels-figyelmezteto-matrica-e1637589487259.png\" alt=\"IR biztons\u00e1gi c\u00edmk\u00e9k\" width=\"276\" height=\"136\" \/><\/p>\n<h2>\u00c1ltal\u00e1nos le\u00edr\u00e1s:<\/h2>\n<p>Mivel az IR, vagy IR-t tartalmaz\u00f3 eszk\u00f6z\u00f6ket, berendez\u00e9seket haszn\u00e1l\u00f3 munkahelyen az eg\u00e9szs\u00e9get k\u00e1ros\u00edt\u00f3 sug\u00e1rz\u00e1s \u00e9rheti az ott dolgoz\u00f3kat, a biztons\u00e1gi el\u0151\u00edr\u00e1sokat szabv\u00e1ny r\u00f6gz\u00edti, az el\u0151\u00edr\u00e1sok betart\u00e1s\u00e1t pedig t\u00f6rv\u00e9ny \u00edrja el\u0151. A biztons\u00e1gos munkav\u00e9gz\u00e9s szab\u00e1lyait, \u00e9s a l\u00e9zergy\u00e1rtm\u00e1nyokhoz kapcsol\u00f3d\u00f3 fogalmakat \u00e9s el\u0151\u00edr\u00e1sokat ez\u00e9rt fontos megismern\u00fcnk.<\/p>\n<h3>Jellemz\u0151 param\u00e9terek:<\/h3>\n<p>\u2013 L\u00e9zergy\u00e1rtm\u00e1nyok sug\u00e1rbiztons\u00e1gi el\u0151\u00edr\u00e1sai. \u2013 1. r\u00e9sz: K\u00e9sz\u00fcl\u00e9koszt\u00e1lyoz\u00e1s, k\u00f6vetelm\u00e9nyek \u00e9s haszn\u00e1lati \u00fatmutat\u00f3 (IEC 825-1:1993)<\/p>\n<p>\u2013 a c\u00edmk\u00e9k m\u00e9reteit, sz\u00edneit a fenti szabv\u00e1ny r\u00f6gz\u00edti<\/p>\n<p>&nbsp;<\/p>\n<h1>L\u00e9zer biztons\u00e1gi c\u00edmk\u00e9k<\/h1>\n<p><img loading=\"lazy\" decoding=\"async\" class=\"size-full wp-image-2200 alignright\" src=\"https:\/\/omi-optika.hu\/wp-content\/uploads\/2025\/11\/lezer-biztonsag.jpeg\" alt=\"L\u00e9zer biztons\u00e1gi c\u00edmk\u00e9k\" width=\"258\" height=\"202\" \/><\/p>\n<h2>\u00c1ltal\u00e1nos le\u00edr\u00e1s:<\/h2>\n<p>Mivel a l\u00e9zert, vagy l\u00e9zert tartalmaz\u00f3 eszk\u00f6z\u00f6ket, berendez\u00e9seket haszn\u00e1l\u00f3 munkahelyen az eg\u00e9szs\u00e9get k\u00e1ros\u00edt\u00f3 sug\u00e1rz\u00e1s \u00e9rheti az ott dolgoz\u00f3kat, a biztons\u00e1gi el\u0151\u00edr\u00e1sokat szabv\u00e1ny r\u00f6gz\u00edti, az el\u0151\u00edr\u00e1sok betart\u00e1s\u00e1t pedig t\u00f6rv\u00e9ny \u00edrja el\u0151. A biztons\u00e1gos munkav\u00e9gz\u00e9s szab\u00e1lyait, \u00e9s a l\u00e9zergy\u00e1rtm\u00e1nyokhoz kapcsol\u00f3d\u00f3 fogalmakat \u00e9s el\u0151\u00edr\u00e1sokat ez\u00e9rt fontos megismern\u00fcnk.<\/p>\n<h3>Jellemz\u0151 param\u00e9terek:<\/h3>\n<p>\u2013 L\u00e9zergy\u00e1rtm\u00e1nyok sug\u00e1rbiztons\u00e1gi el\u0151\u00edr\u00e1sai. \u2013 1. r\u00e9sz: K\u00e9sz\u00fcl\u00e9koszt\u00e1lyoz\u00e1s, k\u00f6vetelm\u00e9nyek \u00e9s haszn\u00e1lati \u00fatmutat\u00f3 (IEC 825-1:1993)<\/p>\n<p>\u2013 a c\u00edmk\u00e9k m\u00e9reteit, sz\u00edneit a fenti szabv\u00e1ny r\u00f6gz\u00edti<\/p>\n<p>&nbsp;<\/p>\n<h1>UV biztons\u00e1gi c\u00edmk\u00e9k<\/h1>\n<p><img loading=\"lazy\" decoding=\"async\" class=\"size-full wp-image-2196 alignright\" src=\"https:\/\/omi-optika.hu\/wp-content\/uploads\/2025\/11\/uv-biztonsag-1.png\n\" alt=\"UV biztons\u00e1gi c\u00edmk\u00e9k\" width=\"210\" height=\"179\" \/><\/p>\n<h2>\u00c1ltal\u00e1nos le\u00edr\u00e1s:<\/h2>\n<p>Mivel az UV, vagy UV-t tartalmaz\u00f3 eszk\u00f6z\u00f6ket, berendez\u00e9seket haszn\u00e1l\u00f3 munkahelyen az eg\u00e9szs\u00e9get k\u00e1ros\u00edt\u00f3 sug\u00e1rz\u00e1s \u00e9rheti az ott dolgoz\u00f3kat, a biztons\u00e1gi el\u0151\u00edr\u00e1sokat szabv\u00e1ny r\u00f6gz\u00edti, az el\u0151\u00edr\u00e1sok betart\u00e1s\u00e1t pedig t\u00f6rv\u00e9ny \u00edrja el\u0151. A biztons\u00e1gos munkav\u00e9gz\u00e9s szab\u00e1lyait, \u00e9s a l\u00e9zergy\u00e1rtm\u00e1nyokhoz kapcsol\u00f3d\u00f3 fogalmakat \u00e9s el\u0151\u00edr\u00e1sokat ez\u00e9rt fontos megismern\u00fcnk.<\/p>\n<h3>Jellemz\u0151 param\u00e9terek:<\/h3>\n<p>\u2013 L\u00e9zergy\u00e1rtm\u00e1nyok sug\u00e1rbiztons\u00e1gi el\u0151\u00edr\u00e1sai. \u2013 1. r\u00e9sz: K\u00e9sz\u00fcl\u00e9koszt\u00e1lyoz\u00e1s, k\u00f6vetelm\u00e9nyek \u00e9s haszn\u00e1lati \u00fatmutat\u00f3 (IEC 825-1:1993)<\/p>\n<p>\u2013 a c\u00edmk\u00e9k m\u00e9reteit, sz\u00edneit a fenti szabv\u00e1ny r\u00f6gz\u00edti<\/p>","protected":false},"excerpt":{"rendered":"<p>IR biztons\u00e1gi c\u00edmk\u00e9k \u00c1ltal\u00e1nos le\u00edr\u00e1s: Mivel az IR, vagy IR-t tartalmaz\u00f3 eszk\u00f6z\u00f6ket, berendez\u00e9seket haszn\u00e1l\u00f3 munkahelyen az eg\u00e9szs\u00e9get k\u00e1ros\u00edt\u00f3 sug\u00e1rz\u00e1s \u00e9rheti az ott dolgoz\u00f3kat, a biztons\u00e1gi el\u0151\u00edr\u00e1sokat szabv\u00e1ny r\u00f6gz\u00edti, az el\u0151\u00edr\u00e1sok betart\u00e1s\u00e1t pedig t\u00f6rv\u00e9ny \u00edrja el\u0151. A biztons\u00e1gos munkav\u00e9gz\u00e9s szab\u00e1lyait, \u00e9s a l\u00e9zergy\u00e1rtm\u00e1nyokhoz kapcsol\u00f3d\u00f3 fogalmakat \u00e9s el\u0151\u00edr\u00e1sokat ez\u00e9rt fontos megismern\u00fcnk. Jellemz\u0151 param\u00e9terek: \u2013 L\u00e9zergy\u00e1rtm\u00e1nyok sug\u00e1rbiztons\u00e1gi el\u0151\u00edr\u00e1sai. [&hellip;]<\/p>\n","protected":false},"featured_media":4013,"comment_status":"closed","ping_status":"closed","template":"","meta":[],"product_brand":[],"product_cat":[196,130],"product_tag":[],"class_list":{"0":"post-1823","1":"product","2":"type-product","3":"status-publish","4":"has-post-thumbnail","6":"product_cat-biztonsagi-cimkek","7":"product_cat-tartozekok-kiegeszitok","9":"first","10":"instock","11":"taxable","12":"shipping-taxable","13":"product-type-simple"},"yoast_head":"<!-- This site is optimized with the Yoast SEO plugin v25.9 - https:\/\/yoast.com\/wordpress\/plugins\/seo\/ -->\n<title>Safety Labels - OMI Optika<\/title>\n<meta name=\"description\" content=\"Term\u00e9kek\" \/>\n<meta name=\"robots\" content=\"index, follow, max-snippet:-1, max-image-preview:large, max-video-preview:-1\" \/>\n<link rel=\"canonical\" href=\"https:\/\/omi-optika.hu\/uzlet\/biztonsagi-cimkek\/\" \/>\n<meta property=\"og:locale\" content=\"en_US\" \/>\n<meta property=\"og:type\" content=\"article\" \/>\n<meta property=\"og:title\" content=\"Safety Labels - OMI Optika\" \/>\n<meta property=\"og:description\" content=\"Term\u00e9kek\" \/>\n<meta property=\"og:url\" content=\"https:\/\/omi-optika.hu\/uzlet\/biztonsagi-cimkek\/\" \/>\n<meta property=\"og:site_name\" content=\"OMI Optika\" \/>\n<meta property=\"article:modified_time\" content=\"2025-11-05T17:46:14+00:00\" \/>\n<meta property=\"og:image\" content=\"https:\/\/omi-optika.hu\/wp-content\/uploads\/2021\/11\/warning-labels-figyelmezteto-matrica-e1637589487259.png\" \/>\n\t<meta property=\"og:image:width\" content=\"500\" \/>\n\t<meta property=\"og:image:height\" content=\"500\" \/>\n\t<meta property=\"og:image:type\" content=\"image\/png\" \/>\n<meta name=\"twitter:card\" content=\"summary_large_image\" \/>\n<meta name=\"twitter:label1\" content=\"Est. reading time\" \/>\n\t<meta name=\"twitter:data1\" content=\"2 minutes\" \/>\n<script type=\"application\/ld+json\" class=\"yoast-schema-graph\">{\"@context\":\"https:\/\/schema.org\",\"@graph\":[{\"@type\":\"WebPage\",\"@id\":\"https:\/\/omi-optika.hu\/uzlet\/biztonsagi-cimkek\/\",\"url\":\"https:\/\/omi-optika.hu\/uzlet\/biztonsagi-cimkek\/\",\"name\":\"Safety Labels - OMI Optika\",\"isPartOf\":{\"@id\":\"https:\/\/omi-optika.hu\/#website\"},\"primaryImageOfPage\":{\"@id\":\"https:\/\/omi-optika.hu\/uzlet\/biztonsagi-cimkek\/#primaryimage\"},\"image\":{\"@id\":\"https:\/\/omi-optika.hu\/uzlet\/biztonsagi-cimkek\/#primaryimage\"},\"thumbnailUrl\":\"https:\/\/omi-optika.hu\/wp-content\/uploads\/2021\/11\/warning-labels-figyelmezteto-matrica-e1637589487259.png\",\"datePublished\":\"2019-12-04T13:53:17+00:00\",\"dateModified\":\"2025-11-05T17:46:14+00:00\",\"description\":\"Term\u00e9kek\",\"breadcrumb\":{\"@id\":\"https:\/\/omi-optika.hu\/uzlet\/biztonsagi-cimkek\/#breadcrumb\"},\"inLanguage\":\"en-US\",\"potentialAction\":[{\"@type\":\"ReadAction\",\"target\":[\"https:\/\/omi-optika.hu\/uzlet\/biztonsagi-cimkek\/\"]}]},{\"@type\":\"ImageObject\",\"inLanguage\":\"en-US\",\"@id\":\"https:\/\/omi-optika.hu\/uzlet\/biztonsagi-cimkek\/#primaryimage\",\"url\":\"https:\/\/omi-optika.hu\/wp-content\/uploads\/2021\/11\/warning-labels-figyelmezteto-matrica-e1637589487259.png\",\"contentUrl\":\"https:\/\/omi-optika.hu\/wp-content\/uploads\/2021\/11\/warning-labels-figyelmezteto-matrica-e1637589487259.png\",\"width\":500,\"height\":500},{\"@type\":\"BreadcrumbList\",\"@id\":\"https:\/\/omi-optika.hu\/uzlet\/biztonsagi-cimkek\/#breadcrumb\",\"itemListElement\":[{\"@type\":\"ListItem\",\"position\":1,\"name\":\"Home\",\"item\":\"https:\/\/omi-optika.hu\/\"},{\"@type\":\"ListItem\",\"position\":2,\"name\":\"Shop\",\"item\":\"https:\/\/omi-optika.hu\/en\/shop\/\"},{\"@type\":\"ListItem\",\"position\":3,\"name\":\"Biztons\u00e1gi c\u00edmk\u00e9k\"}]},{\"@type\":\"WebSite\",\"@id\":\"https:\/\/omi-optika.hu\/#website\",\"url\":\"https:\/\/omi-optika.hu\/\",\"name\":\"OMI Optika\",\"description\":\"OPTIKA Mernokiroda homepage\",\"publisher\":{\"@id\":\"https:\/\/omi-optika.hu\/#organization\"},\"potentialAction\":[{\"@type\":\"SearchAction\",\"target\":{\"@type\":\"EntryPoint\",\"urlTemplate\":\"https:\/\/omi-optika.hu\/?s={search_term_string}\"},\"query-input\":{\"@type\":\"PropertyValueSpecification\",\"valueRequired\":true,\"valueName\":\"search_term_string\"}}],\"inLanguage\":\"en-US\"},{\"@type\":\"Organization\",\"@id\":\"https:\/\/omi-optika.hu\/#organization\",\"name\":\"OPTIKA Mernokiroda Kft.\",\"url\":\"https:\/\/omi-optika.hu\/\",\"logo\":{\"@type\":\"ImageObject\",\"inLanguage\":\"en-US\",\"@id\":\"https:\/\/omi-optika.hu\/#\/schema\/logo\/image\/\",\"url\":\"https:\/\/omi-optika.hu\/wp-content\/uploads\/2019\/05\/forgatas-265kb.gif\",\"contentUrl\":\"https:\/\/omi-optika.hu\/wp-content\/uploads\/2019\/05\/forgatas-265kb.gif\",\"width\":400,\"height\":205,\"caption\":\"OPTIKA Mernokiroda Kft.\"},\"image\":{\"@id\":\"https:\/\/omi-optika.hu\/#\/schema\/logo\/image\/\"}}]}<\/script>\n<!-- \/ Yoast SEO plugin. -->","yoast_head_json":{"title":"Safety Labels - OMI Optika","description":"Term\u00e9kek","robots":{"index":"index","follow":"follow","max-snippet":"max-snippet:-1","max-image-preview":"max-image-preview:large","max-video-preview":"max-video-preview:-1"},"canonical":"https:\/\/omi-optika.hu\/uzlet\/biztonsagi-cimkek\/","og_locale":"en_US","og_type":"article","og_title":"Safety Labels - OMI Optika","og_description":"Term\u00e9kek","og_url":"https:\/\/omi-optika.hu\/uzlet\/biztonsagi-cimkek\/","og_site_name":"OMI Optika","article_modified_time":"2025-11-05T17:46:14+00:00","og_image":[{"width":500,"height":500,"url":"https:\/\/omi-optika.hu\/wp-content\/uploads\/2021\/11\/warning-labels-figyelmezteto-matrica-e1637589487259.png","type":"image\/png"}],"twitter_card":"summary_large_image","twitter_misc":{"Est. reading time":"2 minutes"},"schema":{"@context":"https:\/\/schema.org","@graph":[{"@type":"WebPage","@id":"https:\/\/omi-optika.hu\/uzlet\/biztonsagi-cimkek\/","url":"https:\/\/omi-optika.hu\/uzlet\/biztonsagi-cimkek\/","name":"Safety Labels - OMI Optika","isPartOf":{"@id":"https:\/\/omi-optika.hu\/#website"},"primaryImageOfPage":{"@id":"https:\/\/omi-optika.hu\/uzlet\/biztonsagi-cimkek\/#primaryimage"},"image":{"@id":"https:\/\/omi-optika.hu\/uzlet\/biztonsagi-cimkek\/#primaryimage"},"thumbnailUrl":"https:\/\/omi-optika.hu\/wp-content\/uploads\/2021\/11\/warning-labels-figyelmezteto-matrica-e1637589487259.png","datePublished":"2019-12-04T13:53:17+00:00","dateModified":"2025-11-05T17:46:14+00:00","description":"Term\u00e9kek","breadcrumb":{"@id":"https:\/\/omi-optika.hu\/uzlet\/biztonsagi-cimkek\/#breadcrumb"},"inLanguage":"en-US","potentialAction":[{"@type":"ReadAction","target":["https:\/\/omi-optika.hu\/uzlet\/biztonsagi-cimkek\/"]}]},{"@type":"ImageObject","inLanguage":"en-US","@id":"https:\/\/omi-optika.hu\/uzlet\/biztonsagi-cimkek\/#primaryimage","url":"https:\/\/omi-optika.hu\/wp-content\/uploads\/2021\/11\/warning-labels-figyelmezteto-matrica-e1637589487259.png","contentUrl":"https:\/\/omi-optika.hu\/wp-content\/uploads\/2021\/11\/warning-labels-figyelmezteto-matrica-e1637589487259.png","width":500,"height":500},{"@type":"BreadcrumbList","@id":"https:\/\/omi-optika.hu\/uzlet\/biztonsagi-cimkek\/#breadcrumb","itemListElement":[{"@type":"ListItem","position":1,"name":"Home","item":"https:\/\/omi-optika.hu\/"},{"@type":"ListItem","position":2,"name":"Shop","item":"https:\/\/omi-optika.hu\/en\/shop\/"},{"@type":"ListItem","position":3,"name":"Biztons\u00e1gi c\u00edmk\u00e9k"}]},{"@type":"WebSite","@id":"https:\/\/omi-optika.hu\/#website","url":"https:\/\/omi-optika.hu\/","name":"OMI Optika","description":"OPTIKA Mernokiroda homepage","publisher":{"@id":"https:\/\/omi-optika.hu\/#organization"},"potentialAction":[{"@type":"SearchAction","target":{"@type":"EntryPoint","urlTemplate":"https:\/\/omi-optika.hu\/?s={search_term_string}"},"query-input":{"@type":"PropertyValueSpecification","valueRequired":true,"valueName":"search_term_string"}}],"inLanguage":"en-US"},{"@type":"Organization","@id":"https:\/\/omi-optika.hu\/#organization","name":"OPTIKA Mernokiroda Kft.","url":"https:\/\/omi-optika.hu\/","logo":{"@type":"ImageObject","inLanguage":"en-US","@id":"https:\/\/omi-optika.hu\/#\/schema\/logo\/image\/","url":"https:\/\/omi-optika.hu\/wp-content\/uploads\/2019\/05\/forgatas-265kb.gif","contentUrl":"https:\/\/omi-optika.hu\/wp-content\/uploads\/2019\/05\/forgatas-265kb.gif","width":400,"height":205,"caption":"OPTIKA Mernokiroda Kft."},"image":{"@id":"https:\/\/omi-optika.hu\/#\/schema\/logo\/image\/"}}]}},"_links":{"self":[{"href":"https:\/\/omi-optika.hu\/en\/wp-json\/wp\/v2\/product\/1823","targetHints":{"allow":["GET"]}}],"collection":[{"href":"https:\/\/omi-optika.hu\/en\/wp-json\/wp\/v2\/product"}],"about":[{"href":"https:\/\/omi-optika.hu\/en\/wp-json\/wp\/v2\/types\/product"}],"replies":[{"embeddable":true,"href":"https:\/\/omi-optika.hu\/en\/wp-json\/wp\/v2\/comments?post=1823"}],"wp:featuredmedia":[{"embeddable":true,"href":"https:\/\/omi-optika.hu\/en\/wp-json\/wp\/v2\/media\/4013"}],"wp:attachment":[{"href":"https:\/\/omi-optika.hu\/en\/wp-json\/wp\/v2\/media?parent=1823"}],"wp:term":[{"taxonomy":"product_brand","embeddable":true,"href":"https:\/\/omi-optika.hu\/en\/wp-json\/wp\/v2\/product_brand?post=1823"},{"taxonomy":"product_cat","embeddable":true,"href":"https:\/\/omi-optika.hu\/en\/wp-json\/wp\/v2\/product_cat?post=1823"},{"taxonomy":"product_tag","embeddable":true,"href":"https:\/\/omi-optika.hu\/en\/wp-json\/wp\/v2\/product_tag?post=1823"}],"curies":[{"name":"wp","href":"https:\/\/api.w.org\/{rel}","templated":true}]}}