{"id":1826,"date":"2019-12-04T14:07:33","date_gmt":"2019-12-04T14:07:33","guid":{"rendered":"https:\/\/omi-optika.hu\/?post_type=product&#038;p=1826"},"modified":"2025-11-05T20:07:40","modified_gmt":"2025-11-05T20:07:40","slug":"feluleti-uveghiba-ellenorzo","status":"publish","type":"product","link":"https:\/\/omi-optika.hu\/en\/uzlet\/feluleti-uveghiba-ellenorzo\/","title":{"rendered":"\/\/ Schlieren-Based Inspection System for Optical Surface Defects"},"content":{"rendered":"<p>&nbsp;<\/p>\n<p>Fel\u00fcleti \u00fcveg hib\u00e1k ellen\u0151rz\u00e9s\u00e9re kifejlesztett kamer\u00e1s ellen\u0151rz\u0151 k\u00e9sz\u00fcl\u00e9k, amely m\u0171k\u00f6d\u00e9se a Schlieren-effektuson alapul.<\/p>\n<p>Schlieren (n\u00e9met sz\u00f3, jelent\u00e9se: cs\u00edkok) az optikai inhomogenit\u00e1sok \u00e1tl\u00e1tsz\u00f3 anyagban nem l\u00e1that\u00f3ak az emberi szem sz\u00e1m\u00e1ra. Schlieren fizika kifejl\u0151d\u00e9se annak k\u00f6sz\u00f6nhet\u0151, hogy a kutat\u00f3knak sz\u00fcks\u00e9g\u00fck volt kiv\u00e1l\u00f3, inhomogenit\u00e1sokt\u00f3l mentes lencs\u00e9kre. Ezek a helyi inhomogenit\u00e1sok a f\u00e9ny optikai \u00fathossz\u00e1nak elt\u00e9r\u00e9s\u00e9vel j\u00f3l kimutathat\u00f3k. Ezek a f\u00e9ny elt\u00e9r\u00e9sek k\u00e9pesek helyenk\u00e9nt csillog\u00f3, s\u00f6t\u00e9t, vagy ak\u00e1r megv\u00e1ltozott sz\u00edn\u0171 k\u00e9pet adni, att\u00f3l f\u00fcgg\u0151en, milyen m\u00f3don t\u00e9r\u00edtj\u00fck el a sugarat.<\/p>\n<p>Ezen az elvet k\u00f6vetve teh\u00e1t j\u00f3l megfigyelhet\u0151k \u00e9s detekt\u00e1lhat\u00f3k az \u00fcvegben l\u00e9v\u0151 l\u00e9gbubor\u00e9kok, ill. az \u00fcveg fel\u00fclet\u00e9n keletkezett egy\u00e9b s\u00e9r\u00fcl\u00e9sek.<\/p>\n\r\n\r\n\t<div class=\"fbq-item js-item-gallery fbq-gallery fbq-gallery--grid shortcode\" data-style=\"grid\" data-action=\"image\">\r\n\t\t<div class=\"fbq-gallery-content\" style=\"margin:0 -7.5px;\">\r\n\t\t\t\r\n\r\n\r\n<div class=\"fbq-gallery-item fbq-col-4\" style=\"padding:0 7.5px; margin-bottom:15px;\">\r\n\t<div class=\"fbq-gallery-body\">\r\n\t\t\t\t\t\t\t\t<a class=\"fbq-gallery-media\" href=\"https:\/\/omi-optika.hu\/wp-content\/uploads\/2025\/11\/HL-AS-061-Lencse-beragasztasa-.jpg\" data-index=\"0\">\r\n\t\t\t\t<div class=\"fbq-media-wrapper with-placeholder\" ><div class=\"fbq-media-wrapper-inner\"><div class=\"media-placeholder\" style=\"width:1024px; padding-bottom:57.421875%;\"><\/div><img loading=\"lazy\" decoding=\"async\" alt=\"\" title=\"HL AS 061 Lencse beragaszt\u00e1sa\" width=\"1024\" height=\"588\" data-full-width=\"1573\" data-full-height=\"903\" data-sizes=\"(max-width:767px) 100vw, (max-width:960px) 50vw, 33vw\" data-src=\"https:\/\/omi-optika.hu\/wp-content\/uploads\/2025\/11\/HL-AS-061-Lencse-beragasztasa--1024x588.jpg\" data-srcset=\"https:\/\/omi-optika.hu\/wp-content\/uploads\/2025\/11\/HL-AS-061-Lencse-beragasztasa--1024x588.jpg 1024w, https:\/\/omi-optika.hu\/wp-content\/uploads\/2025\/11\/HL-AS-061-Lencse-beragasztasa--768x441.jpg 768w, https:\/\/omi-optika.hu\/wp-content\/uploads\/2025\/11\/HL-AS-061-Lencse-beragasztasa--512x294.jpg 512w, https:\/\/omi-optika.hu\/wp-content\/uploads\/2025\/11\/HL-AS-061-Lencse-beragasztasa--300x172.jpg 300w\" src=\"https:\/\/omi-optika.hu\/wp-content\/uploads\/2025\/11\/HL-AS-061-Lencse-beragasztasa--300x172.jpg\" class=\"fbq-media-wrapper-image image-lazy-load\"  \/><\/div><\/div>\t\t\t<\/a>\r\n\t\t\r\n\t\t\t<\/div>\r\n<\/div>\r\n\t\t<\/div>\r\n\r\n\t\t\r\n\t\t\r\n\t\t\t<\/div>\r\n\n<p>&nbsp;<\/p>\n<p>&nbsp;<\/p>\n<h3>M\u0171szaki param\u00e9terek:<\/h3>\n<p>Befoglal\u00f3 m\u00e9retei:<\/p>\n<p>T\u00e1pell\u00e1t\u00e1s: h\u00e1l\u00f3zati 230V<\/p>\n<p>Term\u00e9kadagol\u00e1s: manu\u00e1lis, oper\u00e1tor seg\u00edts\u00e9g\u00e9vel<\/p>\n<p>M\u00e9r\u00e9s menete: automatikus<\/p>\n<p>M\u00e9r\u00e9s ki\u00e9rt\u00e9kel\u00e9se: ak\u00e1r azonnal, real time<\/p>\n<p>Peri\u00f3dusid\u0151: 10 sec<\/p>","protected":false},"excerpt":{"rendered":"<p>&nbsp; Fel\u00fcleti \u00fcveg hib\u00e1k ellen\u0151rz\u00e9s\u00e9re kifejlesztett kamer\u00e1s ellen\u0151rz\u0151 k\u00e9sz\u00fcl\u00e9k, amely m\u0171k\u00f6d\u00e9se a Schlieren-effektuson alapul. Schlieren (n\u00e9met sz\u00f3, jelent\u00e9se: cs\u00edkok) az optikai inhomogenit\u00e1sok \u00e1tl\u00e1tsz\u00f3 anyagban nem l\u00e1that\u00f3ak az emberi szem sz\u00e1m\u00e1ra. Schlieren fizika kifejl\u0151d\u00e9se annak k\u00f6sz\u00f6nhet\u0151, hogy a kutat\u00f3knak sz\u00fcks\u00e9g\u00fck volt kiv\u00e1l\u00f3, inhomogenit\u00e1sokt\u00f3l mentes lencs\u00e9kre. Ezek a helyi inhomogenit\u00e1sok a f\u00e9ny optikai \u00fathossz\u00e1nak elt\u00e9r\u00e9s\u00e9vel j\u00f3l kimutathat\u00f3k. [&hellip;]<\/p>\n","protected":false},"featured_media":5101,"comment_status":"closed","ping_status":"closed","template":"","meta":[],"product_brand":[],"product_cat":[164],"product_tag":[],"class_list":{"0":"post-1826","1":"product","2":"type-product","3":"status-publish","4":"has-post-thumbnail","6":"product_cat-egyedi-merorendszerek","8":"first","9":"instock","10":"taxable","11":"shipping-taxable","12":"product-type-simple"},"yoast_head":"<!-- This site is optimized with the Yoast SEO plugin v25.9 - https:\/\/yoast.com\/wordpress\/plugins\/seo\/ -->\n<title>\/\/ Schlieren-Based Inspection System for Optical Surface Defects - OMI Optika<\/title>\n<meta name=\"description\" content=\"Term\u00e9kek\" \/>\n<meta name=\"robots\" content=\"index, follow, max-snippet:-1, max-image-preview:large, max-video-preview:-1\" \/>\n<link rel=\"canonical\" href=\"https:\/\/omi-optika.hu\/uzlet\/feluleti-uveghiba-ellenorzo\/\" \/>\n<meta property=\"og:locale\" content=\"en_US\" \/>\n<meta property=\"og:type\" content=\"article\" \/>\n<meta property=\"og:title\" content=\"\/\/ Schlieren-Based Inspection System for Optical Surface Defects - OMI Optika\" \/>\n<meta property=\"og:description\" content=\"Term\u00e9kek\" \/>\n<meta property=\"og:url\" content=\"https:\/\/omi-optika.hu\/uzlet\/feluleti-uveghiba-ellenorzo\/\" \/>\n<meta property=\"og:site_name\" content=\"OMI Optika\" \/>\n<meta property=\"article:modified_time\" content=\"2025-11-05T20:07:40+00:00\" \/>\n<meta property=\"og:image\" content=\"https:\/\/omi-optika.hu\/wp-content\/uploads\/2025\/11\/DSCN0283.jpg\" \/>\n\t<meta property=\"og:image:width\" content=\"2272\" \/>\n\t<meta property=\"og:image:height\" content=\"1704\" \/>\n\t<meta property=\"og:image:type\" content=\"image\/jpeg\" \/>\n<meta name=\"twitter:card\" content=\"summary_large_image\" \/>\n<meta name=\"twitter:label1\" content=\"Est. reading time\" \/>\n\t<meta name=\"twitter:data1\" content=\"1 minute\" \/>\n<script type=\"application\/ld+json\" class=\"yoast-schema-graph\">{\"@context\":\"https:\/\/schema.org\",\"@graph\":[{\"@type\":\"WebPage\",\"@id\":\"https:\/\/omi-optika.hu\/uzlet\/feluleti-uveghiba-ellenorzo\/\",\"url\":\"https:\/\/omi-optika.hu\/uzlet\/feluleti-uveghiba-ellenorzo\/\",\"name\":\"\/\/ Schlieren-Based Inspection System for Optical Surface Defects - OMI Optika\",\"isPartOf\":{\"@id\":\"https:\/\/omi-optika.hu\/#website\"},\"primaryImageOfPage\":{\"@id\":\"https:\/\/omi-optika.hu\/uzlet\/feluleti-uveghiba-ellenorzo\/#primaryimage\"},\"image\":{\"@id\":\"https:\/\/omi-optika.hu\/uzlet\/feluleti-uveghiba-ellenorzo\/#primaryimage\"},\"thumbnailUrl\":\"https:\/\/omi-optika.hu\/wp-content\/uploads\/2025\/11\/DSCN0283.jpg\",\"datePublished\":\"2019-12-04T14:07:33+00:00\",\"dateModified\":\"2025-11-05T20:07:40+00:00\",\"description\":\"Term\u00e9kek\",\"breadcrumb\":{\"@id\":\"https:\/\/omi-optika.hu\/uzlet\/feluleti-uveghiba-ellenorzo\/#breadcrumb\"},\"inLanguage\":\"en-US\",\"potentialAction\":[{\"@type\":\"ReadAction\",\"target\":[\"https:\/\/omi-optika.hu\/uzlet\/feluleti-uveghiba-ellenorzo\/\"]}]},{\"@type\":\"ImageObject\",\"inLanguage\":\"en-US\",\"@id\":\"https:\/\/omi-optika.hu\/uzlet\/feluleti-uveghiba-ellenorzo\/#primaryimage\",\"url\":\"https:\/\/omi-optika.hu\/wp-content\/uploads\/2025\/11\/DSCN0283.jpg\",\"contentUrl\":\"https:\/\/omi-optika.hu\/wp-content\/uploads\/2025\/11\/DSCN0283.jpg\",\"width\":2272,\"height\":1704},{\"@type\":\"BreadcrumbList\",\"@id\":\"https:\/\/omi-optika.hu\/uzlet\/feluleti-uveghiba-ellenorzo\/#breadcrumb\",\"itemListElement\":[{\"@type\":\"ListItem\",\"position\":1,\"name\":\"Home\",\"item\":\"https:\/\/omi-optika.hu\/\"},{\"@type\":\"ListItem\",\"position\":2,\"name\":\"Shop\",\"item\":\"https:\/\/omi-optika.hu\/en\/shop\/\"},{\"@type\":\"ListItem\",\"position\":3,\"name\":\"Fel\u00fcleti \u00fcveghiba ellen\u0151rz\u0151\"}]},{\"@type\":\"WebSite\",\"@id\":\"https:\/\/omi-optika.hu\/#website\",\"url\":\"https:\/\/omi-optika.hu\/\",\"name\":\"OMI Optika\",\"description\":\"OPTIKA Mernokiroda homepage\",\"publisher\":{\"@id\":\"https:\/\/omi-optika.hu\/#organization\"},\"potentialAction\":[{\"@type\":\"SearchAction\",\"target\":{\"@type\":\"EntryPoint\",\"urlTemplate\":\"https:\/\/omi-optika.hu\/?s={search_term_string}\"},\"query-input\":{\"@type\":\"PropertyValueSpecification\",\"valueRequired\":true,\"valueName\":\"search_term_string\"}}],\"inLanguage\":\"en-US\"},{\"@type\":\"Organization\",\"@id\":\"https:\/\/omi-optika.hu\/#organization\",\"name\":\"OPTIKA Mernokiroda Kft.\",\"url\":\"https:\/\/omi-optika.hu\/\",\"logo\":{\"@type\":\"ImageObject\",\"inLanguage\":\"en-US\",\"@id\":\"https:\/\/omi-optika.hu\/#\/schema\/logo\/image\/\",\"url\":\"https:\/\/omi-optika.hu\/wp-content\/uploads\/2019\/05\/forgatas-265kb.gif\",\"contentUrl\":\"https:\/\/omi-optika.hu\/wp-content\/uploads\/2019\/05\/forgatas-265kb.gif\",\"width\":400,\"height\":205,\"caption\":\"OPTIKA Mernokiroda Kft.\"},\"image\":{\"@id\":\"https:\/\/omi-optika.hu\/#\/schema\/logo\/image\/\"}}]}<\/script>\n<!-- \/ Yoast SEO plugin. -->","yoast_head_json":{"title":"\/\/ Schlieren-Based Inspection System for Optical Surface Defects - OMI Optika","description":"Term\u00e9kek","robots":{"index":"index","follow":"follow","max-snippet":"max-snippet:-1","max-image-preview":"max-image-preview:large","max-video-preview":"max-video-preview:-1"},"canonical":"https:\/\/omi-optika.hu\/uzlet\/feluleti-uveghiba-ellenorzo\/","og_locale":"en_US","og_type":"article","og_title":"\/\/ Schlieren-Based Inspection System for Optical Surface Defects - OMI Optika","og_description":"Term\u00e9kek","og_url":"https:\/\/omi-optika.hu\/uzlet\/feluleti-uveghiba-ellenorzo\/","og_site_name":"OMI Optika","article_modified_time":"2025-11-05T20:07:40+00:00","og_image":[{"width":2272,"height":1704,"url":"https:\/\/omi-optika.hu\/wp-content\/uploads\/2025\/11\/DSCN0283.jpg","type":"image\/jpeg"}],"twitter_card":"summary_large_image","twitter_misc":{"Est. reading time":"1 minute"},"schema":{"@context":"https:\/\/schema.org","@graph":[{"@type":"WebPage","@id":"https:\/\/omi-optika.hu\/uzlet\/feluleti-uveghiba-ellenorzo\/","url":"https:\/\/omi-optika.hu\/uzlet\/feluleti-uveghiba-ellenorzo\/","name":"\/\/ Schlieren-Based Inspection System for Optical Surface Defects - OMI Optika","isPartOf":{"@id":"https:\/\/omi-optika.hu\/#website"},"primaryImageOfPage":{"@id":"https:\/\/omi-optika.hu\/uzlet\/feluleti-uveghiba-ellenorzo\/#primaryimage"},"image":{"@id":"https:\/\/omi-optika.hu\/uzlet\/feluleti-uveghiba-ellenorzo\/#primaryimage"},"thumbnailUrl":"https:\/\/omi-optika.hu\/wp-content\/uploads\/2025\/11\/DSCN0283.jpg","datePublished":"2019-12-04T14:07:33+00:00","dateModified":"2025-11-05T20:07:40+00:00","description":"Term\u00e9kek","breadcrumb":{"@id":"https:\/\/omi-optika.hu\/uzlet\/feluleti-uveghiba-ellenorzo\/#breadcrumb"},"inLanguage":"en-US","potentialAction":[{"@type":"ReadAction","target":["https:\/\/omi-optika.hu\/uzlet\/feluleti-uveghiba-ellenorzo\/"]}]},{"@type":"ImageObject","inLanguage":"en-US","@id":"https:\/\/omi-optika.hu\/uzlet\/feluleti-uveghiba-ellenorzo\/#primaryimage","url":"https:\/\/omi-optika.hu\/wp-content\/uploads\/2025\/11\/DSCN0283.jpg","contentUrl":"https:\/\/omi-optika.hu\/wp-content\/uploads\/2025\/11\/DSCN0283.jpg","width":2272,"height":1704},{"@type":"BreadcrumbList","@id":"https:\/\/omi-optika.hu\/uzlet\/feluleti-uveghiba-ellenorzo\/#breadcrumb","itemListElement":[{"@type":"ListItem","position":1,"name":"Home","item":"https:\/\/omi-optika.hu\/"},{"@type":"ListItem","position":2,"name":"Shop","item":"https:\/\/omi-optika.hu\/en\/shop\/"},{"@type":"ListItem","position":3,"name":"Fel\u00fcleti \u00fcveghiba ellen\u0151rz\u0151"}]},{"@type":"WebSite","@id":"https:\/\/omi-optika.hu\/#website","url":"https:\/\/omi-optika.hu\/","name":"OMI Optika","description":"OPTIKA Mernokiroda homepage","publisher":{"@id":"https:\/\/omi-optika.hu\/#organization"},"potentialAction":[{"@type":"SearchAction","target":{"@type":"EntryPoint","urlTemplate":"https:\/\/omi-optika.hu\/?s={search_term_string}"},"query-input":{"@type":"PropertyValueSpecification","valueRequired":true,"valueName":"search_term_string"}}],"inLanguage":"en-US"},{"@type":"Organization","@id":"https:\/\/omi-optika.hu\/#organization","name":"OPTIKA Mernokiroda Kft.","url":"https:\/\/omi-optika.hu\/","logo":{"@type":"ImageObject","inLanguage":"en-US","@id":"https:\/\/omi-optika.hu\/#\/schema\/logo\/image\/","url":"https:\/\/omi-optika.hu\/wp-content\/uploads\/2019\/05\/forgatas-265kb.gif","contentUrl":"https:\/\/omi-optika.hu\/wp-content\/uploads\/2019\/05\/forgatas-265kb.gif","width":400,"height":205,"caption":"OPTIKA Mernokiroda Kft."},"image":{"@id":"https:\/\/omi-optika.hu\/#\/schema\/logo\/image\/"}}]}},"_links":{"self":[{"href":"https:\/\/omi-optika.hu\/en\/wp-json\/wp\/v2\/product\/1826","targetHints":{"allow":["GET"]}}],"collection":[{"href":"https:\/\/omi-optika.hu\/en\/wp-json\/wp\/v2\/product"}],"about":[{"href":"https:\/\/omi-optika.hu\/en\/wp-json\/wp\/v2\/types\/product"}],"replies":[{"embeddable":true,"href":"https:\/\/omi-optika.hu\/en\/wp-json\/wp\/v2\/comments?post=1826"}],"wp:featuredmedia":[{"embeddable":true,"href":"https:\/\/omi-optika.hu\/en\/wp-json\/wp\/v2\/media\/5101"}],"wp:attachment":[{"href":"https:\/\/omi-optika.hu\/en\/wp-json\/wp\/v2\/media?parent=1826"}],"wp:term":[{"taxonomy":"product_brand","embeddable":true,"href":"https:\/\/omi-optika.hu\/en\/wp-json\/wp\/v2\/product_brand?post=1826"},{"taxonomy":"product_cat","embeddable":true,"href":"https:\/\/omi-optika.hu\/en\/wp-json\/wp\/v2\/product_cat?post=1826"},{"taxonomy":"product_tag","embeddable":true,"href":"https:\/\/omi-optika.hu\/en\/wp-json\/wp\/v2\/product_tag?post=1826"}],"curies":[{"name":"wp","href":"https:\/\/api.w.org\/{rel}","templated":true}]}}