{"id":1827,"date":"2019-12-04T14:11:26","date_gmt":"2019-12-04T14:11:26","guid":{"rendered":"https:\/\/omi-optika.hu\/?post_type=product&#038;p=1827"},"modified":"2025-11-05T20:08:59","modified_gmt":"2025-11-05T20:08:59","slug":"froccsontott-alkatresz-ellenorzo","status":"publish","type":"product","link":"https:\/\/omi-optika.hu\/en\/uzlet\/froccsontott-alkatresz-ellenorzo\/","title":{"rendered":"Moulded Parts Inspector"},"content":{"rendered":"<p><\/p>\n<h3>\u00c1ltal\u00e1nos le\u00edr\u00e1s:<\/h3>\n<div id=\"attachment_1380\" class=\"wp-caption alignright\">\n<p><img loading=\"lazy\" decoding=\"async\" class=\"alignright wp-image-1380 size-medium\" title=\"Fr\u00f6ccs\u00f6nt\u00f6tt alkatr\u00e9sz ellen\u0151rz\u0151\" src=\"https:\/\/omi-optika.hu\/wp-content\/uploads\/2019\/10\/OMI_20150411_BM-v6-WEB-pdf-212x300.jpg\" alt=\"Fr\u00f6ccs\u00f6nt\u00f6tt alkatr\u00e9sz ellen\u0151rz\u0151\" width=\"212\" height=\"300\" aria-describedby=\"caption-attachment-1380\" \/><\/p>\n<p id=\"caption-attachment-1380\" class=\"wp-caption-text\">Fr\u00f6ccs\u00f6nt\u00f6tt alkatr\u00e9sz ellen\u0151rz\u0151<\/p>\n<\/div>\n<p>A berendez\u00e9s egy asztali kamer\u00e1s ellen\u0151rz\u0151 berendez\u00e9s. Fr\u00f6ccs\u00f6nt\u00f6tt alkatr\u00e9szek m\u00e9retellen\u0151rz\u00e9s\u00e9re haszn\u00e1lj\u00e1k. Egy kih\u00fazhat\u00f3 fi\u00f3k seg\u00edts\u00e9g\u00e9vel helyezik a mintadarabot az ellen\u0151rz\u0151 k\u00e9sz\u00fcl\u00e9kbe. A m\u00e9r\u00e9s \u00e9rdekess\u00e9ge, hogy az alkatr\u00e9szen tal\u00e1lhat\u00f3 k\u00fcl\u00f6nb\u00f6z\u0151 form\u00e1k ellen\u0151rz\u00e9s\u00e9re m\u00e1s \u00e9s m\u00e1s hull\u00e1mhossz\u00fa (sz\u00edn\u0171) megvil\u00e1g\u00edt\u00e1s ker\u00fclt kialak\u00edt\u00e1sra.<\/p>\n<p>&nbsp;<\/p>\n<h3>M\u0171szaki param\u00e9terek:<\/h3>\n<p>Befoglal\u00f3 m\u00e9retei:<\/p>\n<p>T\u00e1pell\u00e1t\u00e1s: h\u00e1l\u00f3zati 230V<\/p>\n<p>Sz\u00e1m\u00edt\u00f3g\u00e9p: nincs<\/p>\n<p>Term\u00e9kadagol\u00e1s: manu\u00e1lis, oper\u00e1tor seg\u00edts\u00e9g\u00e9vel<\/p>\n<p>M\u00e9r\u00e9s menete: automatikus<\/p>\n<p>M\u00e9r\u00e9s ki\u00e9rt\u00e9kel\u00e9se: adat\u00e1tvitel bels\u0151 h\u00e1l\u00f3n kereszt\u00fcl a m\u0171szak v\u00e9g\u00e9n, ki\u00e9rt\u00e9kel\u00e9s a m\u0171szakvezet\u0151 feladata<\/p>\n<p>Peri\u00f3dusid\u0151: 10 sec<\/p>","protected":false},"excerpt":{"rendered":"<p>\u00c1ltal\u00e1nos le\u00edr\u00e1s: Fr\u00f6ccs\u00f6nt\u00f6tt alkatr\u00e9sz ellen\u0151rz\u0151 A berendez\u00e9s egy asztali kamer\u00e1s ellen\u0151rz\u0151 berendez\u00e9s. Fr\u00f6ccs\u00f6nt\u00f6tt alkatr\u00e9szek m\u00e9retellen\u0151rz\u00e9s\u00e9re haszn\u00e1lj\u00e1k. Egy kih\u00fazhat\u00f3 fi\u00f3k seg\u00edts\u00e9g\u00e9vel helyezik a mintadarabot az ellen\u0151rz\u0151 k\u00e9sz\u00fcl\u00e9kbe. A m\u00e9r\u00e9s \u00e9rdekess\u00e9ge, hogy az alkatr\u00e9szen tal\u00e1lhat\u00f3 k\u00fcl\u00f6nb\u00f6z\u0151 form\u00e1k ellen\u0151rz\u00e9s\u00e9re m\u00e1s \u00e9s m\u00e1s hull\u00e1mhossz\u00fa (sz\u00edn\u0171) megvil\u00e1g\u00edt\u00e1s ker\u00fclt kialak\u00edt\u00e1sra. &nbsp; M\u0171szaki param\u00e9terek: Befoglal\u00f3 m\u00e9retei: T\u00e1pell\u00e1t\u00e1s: h\u00e1l\u00f3zati 230V Sz\u00e1m\u00edt\u00f3g\u00e9p: nincs Term\u00e9kadagol\u00e1s: [&hellip;]<\/p>\n","protected":false},"featured_media":1873,"comment_status":"closed","ping_status":"closed","template":"","meta":[],"product_brand":[],"product_cat":[164],"product_tag":[],"class_list":{"0":"post-1827","1":"product","2":"type-product","3":"status-publish","4":"has-post-thumbnail","6":"product_cat-egyedi-merorendszerek","8":"first","9":"instock","10":"taxable","11":"shipping-taxable","12":"product-type-simple"},"yoast_head":"<!-- This site is optimized with the Yoast SEO plugin v25.9 - https:\/\/yoast.com\/wordpress\/plugins\/seo\/ -->\n<title>Moulded Parts Inspector - OMI Optika<\/title>\n<meta name=\"description\" content=\"Term\u00e9kek\" \/>\n<meta name=\"robots\" content=\"index, follow, max-snippet:-1, max-image-preview:large, max-video-preview:-1\" \/>\n<link rel=\"canonical\" href=\"https:\/\/omi-optika.hu\/uzlet\/froccsontott-alkatresz-ellenorzo\/\" \/>\n<meta property=\"og:locale\" content=\"en_US\" \/>\n<meta property=\"og:type\" content=\"article\" \/>\n<meta property=\"og:title\" content=\"Moulded Parts Inspector - OMI Optika\" \/>\n<meta property=\"og:description\" content=\"Term\u00e9kek\" \/>\n<meta property=\"og:url\" content=\"https:\/\/omi-optika.hu\/uzlet\/froccsontott-alkatresz-ellenorzo\/\" \/>\n<meta property=\"og:site_name\" content=\"OMI Optika\" \/>\n<meta property=\"article:modified_time\" content=\"2025-11-05T20:08:59+00:00\" \/>\n<meta property=\"og:image\" content=\"https:\/\/omi-optika.hu\/wp-content\/uploads\/2019\/12\/DSCF2911_1-e1575552309159.jpg\" \/>\n\t<meta property=\"og:image:width\" content=\"500\" \/>\n\t<meta property=\"og:image:height\" content=\"500\" \/>\n\t<meta property=\"og:image:type\" content=\"image\/jpeg\" \/>\n<meta name=\"twitter:card\" content=\"summary_large_image\" \/>\n<meta name=\"twitter:label1\" content=\"Est. reading time\" \/>\n\t<meta name=\"twitter:data1\" content=\"1 minute\" \/>\n<script type=\"application\/ld+json\" class=\"yoast-schema-graph\">{\"@context\":\"https:\/\/schema.org\",\"@graph\":[{\"@type\":\"WebPage\",\"@id\":\"https:\/\/omi-optika.hu\/uzlet\/froccsontott-alkatresz-ellenorzo\/\",\"url\":\"https:\/\/omi-optika.hu\/uzlet\/froccsontott-alkatresz-ellenorzo\/\",\"name\":\"Moulded Parts Inspector - OMI Optika\",\"isPartOf\":{\"@id\":\"https:\/\/omi-optika.hu\/#website\"},\"primaryImageOfPage\":{\"@id\":\"https:\/\/omi-optika.hu\/uzlet\/froccsontott-alkatresz-ellenorzo\/#primaryimage\"},\"image\":{\"@id\":\"https:\/\/omi-optika.hu\/uzlet\/froccsontott-alkatresz-ellenorzo\/#primaryimage\"},\"thumbnailUrl\":\"https:\/\/omi-optika.hu\/wp-content\/uploads\/2019\/12\/DSCF2911_1-e1575552309159.jpg\",\"datePublished\":\"2019-12-04T14:11:26+00:00\",\"dateModified\":\"2025-11-05T20:08:59+00:00\",\"description\":\"Term\u00e9kek\",\"breadcrumb\":{\"@id\":\"https:\/\/omi-optika.hu\/uzlet\/froccsontott-alkatresz-ellenorzo\/#breadcrumb\"},\"inLanguage\":\"en-US\",\"potentialAction\":[{\"@type\":\"ReadAction\",\"target\":[\"https:\/\/omi-optika.hu\/uzlet\/froccsontott-alkatresz-ellenorzo\/\"]}]},{\"@type\":\"ImageObject\",\"inLanguage\":\"en-US\",\"@id\":\"https:\/\/omi-optika.hu\/uzlet\/froccsontott-alkatresz-ellenorzo\/#primaryimage\",\"url\":\"https:\/\/omi-optika.hu\/wp-content\/uploads\/2019\/12\/DSCF2911_1-e1575552309159.jpg\",\"contentUrl\":\"https:\/\/omi-optika.hu\/wp-content\/uploads\/2019\/12\/DSCF2911_1-e1575552309159.jpg\",\"width\":500,\"height\":500},{\"@type\":\"BreadcrumbList\",\"@id\":\"https:\/\/omi-optika.hu\/uzlet\/froccsontott-alkatresz-ellenorzo\/#breadcrumb\",\"itemListElement\":[{\"@type\":\"ListItem\",\"position\":1,\"name\":\"Home\",\"item\":\"https:\/\/omi-optika.hu\/\"},{\"@type\":\"ListItem\",\"position\":2,\"name\":\"Shop\",\"item\":\"https:\/\/omi-optika.hu\/en\/shop\/\"},{\"@type\":\"ListItem\",\"position\":3,\"name\":\"Fr\u00f6ccs\u00f6nt\u00f6tt alkatr\u00e9sz ellen\u0151rz\u0151\"}]},{\"@type\":\"WebSite\",\"@id\":\"https:\/\/omi-optika.hu\/#website\",\"url\":\"https:\/\/omi-optika.hu\/\",\"name\":\"OMI Optika\",\"description\":\"OPTIKA Mernokiroda homepage\",\"publisher\":{\"@id\":\"https:\/\/omi-optika.hu\/#organization\"},\"potentialAction\":[{\"@type\":\"SearchAction\",\"target\":{\"@type\":\"EntryPoint\",\"urlTemplate\":\"https:\/\/omi-optika.hu\/?s={search_term_string}\"},\"query-input\":{\"@type\":\"PropertyValueSpecification\",\"valueRequired\":true,\"valueName\":\"search_term_string\"}}],\"inLanguage\":\"en-US\"},{\"@type\":\"Organization\",\"@id\":\"https:\/\/omi-optika.hu\/#organization\",\"name\":\"OPTIKA Mernokiroda Kft.\",\"url\":\"https:\/\/omi-optika.hu\/\",\"logo\":{\"@type\":\"ImageObject\",\"inLanguage\":\"en-US\",\"@id\":\"https:\/\/omi-optika.hu\/#\/schema\/logo\/image\/\",\"url\":\"https:\/\/omi-optika.hu\/wp-content\/uploads\/2019\/05\/forgatas-265kb.gif\",\"contentUrl\":\"https:\/\/omi-optika.hu\/wp-content\/uploads\/2019\/05\/forgatas-265kb.gif\",\"width\":400,\"height\":205,\"caption\":\"OPTIKA Mernokiroda Kft.\"},\"image\":{\"@id\":\"https:\/\/omi-optika.hu\/#\/schema\/logo\/image\/\"}}]}<\/script>\n<!-- \/ Yoast SEO plugin. -->","yoast_head_json":{"title":"Moulded Parts Inspector - OMI Optika","description":"Term\u00e9kek","robots":{"index":"index","follow":"follow","max-snippet":"max-snippet:-1","max-image-preview":"max-image-preview:large","max-video-preview":"max-video-preview:-1"},"canonical":"https:\/\/omi-optika.hu\/uzlet\/froccsontott-alkatresz-ellenorzo\/","og_locale":"en_US","og_type":"article","og_title":"Moulded Parts Inspector - OMI Optika","og_description":"Term\u00e9kek","og_url":"https:\/\/omi-optika.hu\/uzlet\/froccsontott-alkatresz-ellenorzo\/","og_site_name":"OMI Optika","article_modified_time":"2025-11-05T20:08:59+00:00","og_image":[{"width":500,"height":500,"url":"https:\/\/omi-optika.hu\/wp-content\/uploads\/2019\/12\/DSCF2911_1-e1575552309159.jpg","type":"image\/jpeg"}],"twitter_card":"summary_large_image","twitter_misc":{"Est. reading time":"1 minute"},"schema":{"@context":"https:\/\/schema.org","@graph":[{"@type":"WebPage","@id":"https:\/\/omi-optika.hu\/uzlet\/froccsontott-alkatresz-ellenorzo\/","url":"https:\/\/omi-optika.hu\/uzlet\/froccsontott-alkatresz-ellenorzo\/","name":"Moulded Parts Inspector - OMI Optika","isPartOf":{"@id":"https:\/\/omi-optika.hu\/#website"},"primaryImageOfPage":{"@id":"https:\/\/omi-optika.hu\/uzlet\/froccsontott-alkatresz-ellenorzo\/#primaryimage"},"image":{"@id":"https:\/\/omi-optika.hu\/uzlet\/froccsontott-alkatresz-ellenorzo\/#primaryimage"},"thumbnailUrl":"https:\/\/omi-optika.hu\/wp-content\/uploads\/2019\/12\/DSCF2911_1-e1575552309159.jpg","datePublished":"2019-12-04T14:11:26+00:00","dateModified":"2025-11-05T20:08:59+00:00","description":"Term\u00e9kek","breadcrumb":{"@id":"https:\/\/omi-optika.hu\/uzlet\/froccsontott-alkatresz-ellenorzo\/#breadcrumb"},"inLanguage":"en-US","potentialAction":[{"@type":"ReadAction","target":["https:\/\/omi-optika.hu\/uzlet\/froccsontott-alkatresz-ellenorzo\/"]}]},{"@type":"ImageObject","inLanguage":"en-US","@id":"https:\/\/omi-optika.hu\/uzlet\/froccsontott-alkatresz-ellenorzo\/#primaryimage","url":"https:\/\/omi-optika.hu\/wp-content\/uploads\/2019\/12\/DSCF2911_1-e1575552309159.jpg","contentUrl":"https:\/\/omi-optika.hu\/wp-content\/uploads\/2019\/12\/DSCF2911_1-e1575552309159.jpg","width":500,"height":500},{"@type":"BreadcrumbList","@id":"https:\/\/omi-optika.hu\/uzlet\/froccsontott-alkatresz-ellenorzo\/#breadcrumb","itemListElement":[{"@type":"ListItem","position":1,"name":"Home","item":"https:\/\/omi-optika.hu\/"},{"@type":"ListItem","position":2,"name":"Shop","item":"https:\/\/omi-optika.hu\/en\/shop\/"},{"@type":"ListItem","position":3,"name":"Fr\u00f6ccs\u00f6nt\u00f6tt alkatr\u00e9sz ellen\u0151rz\u0151"}]},{"@type":"WebSite","@id":"https:\/\/omi-optika.hu\/#website","url":"https:\/\/omi-optika.hu\/","name":"OMI Optika","description":"OPTIKA Mernokiroda homepage","publisher":{"@id":"https:\/\/omi-optika.hu\/#organization"},"potentialAction":[{"@type":"SearchAction","target":{"@type":"EntryPoint","urlTemplate":"https:\/\/omi-optika.hu\/?s={search_term_string}"},"query-input":{"@type":"PropertyValueSpecification","valueRequired":true,"valueName":"search_term_string"}}],"inLanguage":"en-US"},{"@type":"Organization","@id":"https:\/\/omi-optika.hu\/#organization","name":"OPTIKA Mernokiroda Kft.","url":"https:\/\/omi-optika.hu\/","logo":{"@type":"ImageObject","inLanguage":"en-US","@id":"https:\/\/omi-optika.hu\/#\/schema\/logo\/image\/","url":"https:\/\/omi-optika.hu\/wp-content\/uploads\/2019\/05\/forgatas-265kb.gif","contentUrl":"https:\/\/omi-optika.hu\/wp-content\/uploads\/2019\/05\/forgatas-265kb.gif","width":400,"height":205,"caption":"OPTIKA Mernokiroda Kft."},"image":{"@id":"https:\/\/omi-optika.hu\/#\/schema\/logo\/image\/"}}]}},"_links":{"self":[{"href":"https:\/\/omi-optika.hu\/en\/wp-json\/wp\/v2\/product\/1827","targetHints":{"allow":["GET"]}}],"collection":[{"href":"https:\/\/omi-optika.hu\/en\/wp-json\/wp\/v2\/product"}],"about":[{"href":"https:\/\/omi-optika.hu\/en\/wp-json\/wp\/v2\/types\/product"}],"replies":[{"embeddable":true,"href":"https:\/\/omi-optika.hu\/en\/wp-json\/wp\/v2\/comments?post=1827"}],"wp:featuredmedia":[{"embeddable":true,"href":"https:\/\/omi-optika.hu\/en\/wp-json\/wp\/v2\/media\/1873"}],"wp:attachment":[{"href":"https:\/\/omi-optika.hu\/en\/wp-json\/wp\/v2\/media?parent=1827"}],"wp:term":[{"taxonomy":"product_brand","embeddable":true,"href":"https:\/\/omi-optika.hu\/en\/wp-json\/wp\/v2\/product_brand?post=1827"},{"taxonomy":"product_cat","embeddable":true,"href":"https:\/\/omi-optika.hu\/en\/wp-json\/wp\/v2\/product_cat?post=1827"},{"taxonomy":"product_tag","embeddable":true,"href":"https:\/\/omi-optika.hu\/en\/wp-json\/wp\/v2\/product_tag?post=1827"}],"curies":[{"name":"wp","href":"https:\/\/api.w.org\/{rel}","templated":true}]}}