{"id":1829,"date":"2019-12-04T14:26:17","date_gmt":"2019-12-04T14:26:17","guid":{"rendered":"https:\/\/omi-optika.hu\/?post_type=product&#038;p=1829"},"modified":"2025-11-05T20:17:31","modified_gmt":"2025-11-05T20:17:31","slug":"kameras-termek-ellenorzo","status":"publish","type":"product","link":"https:\/\/omi-optika.hu\/en\/uzlet\/kameras-termek-ellenorzo\/","title":{"rendered":"\/\/ Camera-Based Product Inspection Unit"},"content":{"rendered":"<p><\/p>\n<h1>Kamer\u00e1s term\u00e9k ellen\u0151rz\u0151<\/h1>\n<p>&nbsp;<\/p>\n<h3>\u00c1ltal\u00e1nos le\u00edr\u00e1s:<\/h3>\n<p>Ipari k\u00f6rnyezetben gyakran van sz\u00fcks\u00e9g kamer\u00e1s term\u00e9kellen\u0151rz\u0151 rendszerekre az egyre szigorod\u00f3 min\u0151s\u00e9gbiztos\u00edt\u00e1si felt\u00e9telek kiel\u00e9g\u00edt\u00e9s\u00e9re. A gy\u00e1rt\u00f3sorokra k\u00f6nnyen \u00e9s egyszer\u0171en integr\u00e1lhat\u00f3, kamera \u00e9s LED SPOT megvil\u00e1g\u00edt\u00f3 modulokb\u00f3l fel\u00e9p\u00fcl\u0151 term\u00e9k ellen\u0151rz\u0151 rendszer ma m\u00e1r el\u00e9rhet\u0151 mindenki sz\u00e1m\u00e1ra. \r\n\r\n\r\n<div class=\"fbq-item js-item-image fbq-image shortcode fbq-right-position fbq-center-align\">\r\n\t<div class=\"fbq-image-container\">\r\n\t\t<div class=\"fbq-media-wrapper with-placeholder\" style=\"max-width:40%;\"><div class=\"fbq-media-wrapper-inner\"><div class=\"media-placeholder\" style=\"width:704px; padding-bottom:145.45454545455%;\"><\/div><img loading=\"lazy\" decoding=\"async\" alt=\"\" title=\"iparnapjai2019\" width=\"704\" height=\"1024\" data-full-width=\"818\" data-full-height=\"1190\" sizes=\"auto, (max-width:704px) 100vw, 704px\" srcset=\"https:\/\/omi-optika.hu\/wp-content\/uploads\/2022\/04\/iparnapjai2019-704x1024.jpg 704w, https:\/\/omi-optika.hu\/wp-content\/uploads\/2022\/04\/iparnapjai2019-768x1117.jpg 768w, https:\/\/omi-optika.hu\/wp-content\/uploads\/2022\/04\/iparnapjai2019-512x745.jpg 512w, https:\/\/omi-optika.hu\/wp-content\/uploads\/2022\/04\/iparnapjai2019-206x300.jpg 206w\" src=\"https:\/\/omi-optika.hu\/wp-content\/uploads\/2022\/04\/iparnapjai2019-704x1024.jpg\" class=\"fbq-media-wrapper-image\"  \/><\/div><\/div>\t<\/div>\r\n<\/div>\r\n<\/p>\n<p>El\u0151nyei a m\u00e1s m\u00e9r\u0151berendez\u00e9sekkel szemben, hogy \u00e9rint\u00e9s n\u00e9lk\u00fcl folyik a vizsg\u00e1lat. K\u00fcl\u00f6n\u00f6sen alkalmasak ezek a m\u00e9r\u0151berendez\u00e9sek olyan vizsg\u00e1latokra, amelyek a szok\u00e1sos m\u00e9r\u0151berendez\u00e9sekkel nem is vizsg\u00e1lhat\u00f3k. \u00cdzel\u00edt\u0151\u00fcl felsorolunk n\u00e9h\u00e1ny m\u00e9r\u00e9st\u00edpust, amib\u0151l kiv\u00e1laszthat\u00f3, hogy az \u00f6n ig\u00e9ny\u00e9nek milyen fajta m\u00e9r\u00e9s felelhet meg.<\/p>\n<div>\n<div>\u2013 Felirat-ellen\u0151rz\u00e9s<\/div>\n<div>\u2013 Sz\u00ednellen\u0151rz\u00e9s<\/div>\n<div>\u2013 Sorja vizsg\u00e1lat<\/div>\n<div>\u2013 \u00c1tl\u00e1tsz\u00f3 t\u00e1rgyak optikai vizsg\u00e1lata<\/div>\n<div>\u2013 Formai vizsg\u00e1latok<\/div>\n<div>\u2013 \u00d6ssze\u00e1ll\u00edt\u00e1sokn\u00e1l, r\u00e9szletek megl\u00e9t\u00e9nek ellen\u0151rz\u00e9se<\/div>\n<\/div>\n<p>De lehet hagyom\u00e1nyos:<\/p>\n<div>\n<div>\u2013 M\u00e9retellen\u0151rz\u00e9s<\/div>\n<div>\u2013 Darabsz\u00e1m ellen\u0151rz\u00e9s<\/div>\n<\/div>\n<div>\n<h3>M\u0171szaki param\u00e9terek:<\/h3>\n<p>Befoglal\u00f3 m\u00e9retei:<\/p>\n<p>T\u00e1pell\u00e1t\u00e1s: h\u00e1l\u00f3zati 230V<\/p>\n<p>Term\u00e9kadagol\u00e1s: manu\u00e1lis, oper\u00e1tor seg\u00edts\u00e9g\u00e9vel<\/p>\n<p>M\u00e9r\u00e9s menete: automatikus<\/p>\n<p>M\u00e9r\u00e9s ki\u00e9rt\u00e9kel\u00e9se: ak\u00e1r azonnal, real time<\/p>\n<p>Peri\u00f3dusid\u0151: 10 sec<\/p>\n<\/div>\n<p><\/p>","protected":false},"excerpt":{"rendered":"<p>Kamer\u00e1s term\u00e9k ellen\u0151rz\u0151 &nbsp; \u00c1ltal\u00e1nos le\u00edr\u00e1s: Ipari k\u00f6rnyezetben gyakran van sz\u00fcks\u00e9g kamer\u00e1s term\u00e9kellen\u0151rz\u0151 rendszerekre az egyre szigorod\u00f3 min\u0151s\u00e9gbiztos\u00edt\u00e1si felt\u00e9telek kiel\u00e9g\u00edt\u00e9s\u00e9re. A gy\u00e1rt\u00f3sorokra k\u00f6nnyen \u00e9s egyszer\u0171en integr\u00e1lhat\u00f3, kamera \u00e9s LED SPOT megvil\u00e1g\u00edt\u00f3 modulokb\u00f3l fel\u00e9p\u00fcl\u0151 term\u00e9k ellen\u0151rz\u0151 rendszer ma m\u00e1r el\u00e9rhet\u0151 mindenki sz\u00e1m\u00e1ra. El\u0151nyei a m\u00e1s m\u00e9r\u0151berendez\u00e9sekkel szemben, hogy \u00e9rint\u00e9s n\u00e9lk\u00fcl folyik a vizsg\u00e1lat. K\u00fcl\u00f6n\u00f6sen alkalmasak ezek [&hellip;]<\/p>\n","protected":false},"featured_media":1874,"comment_status":"closed","ping_status":"closed","template":"","meta":[],"product_brand":[],"product_cat":[164],"product_tag":[],"class_list":{"0":"post-1829","1":"product","2":"type-product","3":"status-publish","4":"has-post-thumbnail","6":"product_cat-egyedi-merorendszerek","8":"first","9":"instock","10":"taxable","11":"shipping-taxable","12":"product-type-simple"},"yoast_head":"<!-- This site is optimized with the Yoast SEO plugin v25.9 - https:\/\/yoast.com\/wordpress\/plugins\/seo\/ -->\n<title>\/\/ Camera-Based Product Inspection Unit - OMI Optika<\/title>\n<meta name=\"description\" content=\"Term\u00e9kek\" \/>\n<meta name=\"robots\" content=\"index, follow, max-snippet:-1, max-image-preview:large, max-video-preview:-1\" \/>\n<link rel=\"canonical\" href=\"https:\/\/omi-optika.hu\/uzlet\/kameras-termek-ellenorzo\/\" \/>\n<meta property=\"og:locale\" content=\"en_US\" \/>\n<meta property=\"og:type\" content=\"article\" \/>\n<meta property=\"og:title\" content=\"\/\/ Camera-Based Product Inspection Unit - OMI Optika\" \/>\n<meta property=\"og:description\" content=\"Term\u00e9kek\" \/>\n<meta property=\"og:url\" content=\"https:\/\/omi-optika.hu\/uzlet\/kameras-termek-ellenorzo\/\" \/>\n<meta property=\"og:site_name\" content=\"OMI Optika\" \/>\n<meta property=\"article:modified_time\" content=\"2025-11-05T20:17:31+00:00\" \/>\n<meta property=\"og:image\" content=\"https:\/\/omi-optika.hu\/wp-content\/uploads\/2019\/12\/DSCN8979-e1575553097318.jpg\" \/>\n\t<meta property=\"og:image:width\" content=\"500\" \/>\n\t<meta property=\"og:image:height\" content=\"500\" \/>\n\t<meta property=\"og:image:type\" content=\"image\/jpeg\" \/>\n<meta name=\"twitter:card\" content=\"summary_large_image\" \/>\n<meta name=\"twitter:label1\" content=\"Est. reading time\" \/>\n\t<meta name=\"twitter:data1\" content=\"1 minute\" \/>\n<script type=\"application\/ld+json\" class=\"yoast-schema-graph\">{\"@context\":\"https:\/\/schema.org\",\"@graph\":[{\"@type\":\"WebPage\",\"@id\":\"https:\/\/omi-optika.hu\/uzlet\/kameras-termek-ellenorzo\/\",\"url\":\"https:\/\/omi-optika.hu\/uzlet\/kameras-termek-ellenorzo\/\",\"name\":\"\/\/ Camera-Based Product Inspection Unit - OMI Optika\",\"isPartOf\":{\"@id\":\"https:\/\/omi-optika.hu\/#website\"},\"primaryImageOfPage\":{\"@id\":\"https:\/\/omi-optika.hu\/uzlet\/kameras-termek-ellenorzo\/#primaryimage\"},\"image\":{\"@id\":\"https:\/\/omi-optika.hu\/uzlet\/kameras-termek-ellenorzo\/#primaryimage\"},\"thumbnailUrl\":\"https:\/\/omi-optika.hu\/wp-content\/uploads\/2019\/12\/DSCN8979-e1575553097318.jpg\",\"datePublished\":\"2019-12-04T14:26:17+00:00\",\"dateModified\":\"2025-11-05T20:17:31+00:00\",\"description\":\"Term\u00e9kek\",\"breadcrumb\":{\"@id\":\"https:\/\/omi-optika.hu\/uzlet\/kameras-termek-ellenorzo\/#breadcrumb\"},\"inLanguage\":\"en-US\",\"potentialAction\":[{\"@type\":\"ReadAction\",\"target\":[\"https:\/\/omi-optika.hu\/uzlet\/kameras-termek-ellenorzo\/\"]}]},{\"@type\":\"ImageObject\",\"inLanguage\":\"en-US\",\"@id\":\"https:\/\/omi-optika.hu\/uzlet\/kameras-termek-ellenorzo\/#primaryimage\",\"url\":\"https:\/\/omi-optika.hu\/wp-content\/uploads\/2019\/12\/DSCN8979-e1575553097318.jpg\",\"contentUrl\":\"https:\/\/omi-optika.hu\/wp-content\/uploads\/2019\/12\/DSCN8979-e1575553097318.jpg\",\"width\":500,\"height\":500},{\"@type\":\"BreadcrumbList\",\"@id\":\"https:\/\/omi-optika.hu\/uzlet\/kameras-termek-ellenorzo\/#breadcrumb\",\"itemListElement\":[{\"@type\":\"ListItem\",\"position\":1,\"name\":\"Home\",\"item\":\"https:\/\/omi-optika.hu\/\"},{\"@type\":\"ListItem\",\"position\":2,\"name\":\"Shop\",\"item\":\"https:\/\/omi-optika.hu\/en\/shop\/\"},{\"@type\":\"ListItem\",\"position\":3,\"name\":\"Kamer\u00e1s term\u00e9k ellen\u0151rz\u0151 rendszer\"}]},{\"@type\":\"WebSite\",\"@id\":\"https:\/\/omi-optika.hu\/#website\",\"url\":\"https:\/\/omi-optika.hu\/\",\"name\":\"OMI Optika\",\"description\":\"OPTIKA Mernokiroda homepage\",\"publisher\":{\"@id\":\"https:\/\/omi-optika.hu\/#organization\"},\"potentialAction\":[{\"@type\":\"SearchAction\",\"target\":{\"@type\":\"EntryPoint\",\"urlTemplate\":\"https:\/\/omi-optika.hu\/?s={search_term_string}\"},\"query-input\":{\"@type\":\"PropertyValueSpecification\",\"valueRequired\":true,\"valueName\":\"search_term_string\"}}],\"inLanguage\":\"en-US\"},{\"@type\":\"Organization\",\"@id\":\"https:\/\/omi-optika.hu\/#organization\",\"name\":\"OPTIKA Mernokiroda Kft.\",\"url\":\"https:\/\/omi-optika.hu\/\",\"logo\":{\"@type\":\"ImageObject\",\"inLanguage\":\"en-US\",\"@id\":\"https:\/\/omi-optika.hu\/#\/schema\/logo\/image\/\",\"url\":\"https:\/\/omi-optika.hu\/wp-content\/uploads\/2019\/05\/forgatas-265kb.gif\",\"contentUrl\":\"https:\/\/omi-optika.hu\/wp-content\/uploads\/2019\/05\/forgatas-265kb.gif\",\"width\":400,\"height\":205,\"caption\":\"OPTIKA Mernokiroda Kft.\"},\"image\":{\"@id\":\"https:\/\/omi-optika.hu\/#\/schema\/logo\/image\/\"}}]}<\/script>\n<!-- \/ Yoast SEO plugin. -->","yoast_head_json":{"title":"\/\/ Camera-Based Product Inspection Unit - OMI Optika","description":"Term\u00e9kek","robots":{"index":"index","follow":"follow","max-snippet":"max-snippet:-1","max-image-preview":"max-image-preview:large","max-video-preview":"max-video-preview:-1"},"canonical":"https:\/\/omi-optika.hu\/uzlet\/kameras-termek-ellenorzo\/","og_locale":"en_US","og_type":"article","og_title":"\/\/ Camera-Based Product Inspection Unit - OMI Optika","og_description":"Term\u00e9kek","og_url":"https:\/\/omi-optika.hu\/uzlet\/kameras-termek-ellenorzo\/","og_site_name":"OMI Optika","article_modified_time":"2025-11-05T20:17:31+00:00","og_image":[{"width":500,"height":500,"url":"https:\/\/omi-optika.hu\/wp-content\/uploads\/2019\/12\/DSCN8979-e1575553097318.jpg","type":"image\/jpeg"}],"twitter_card":"summary_large_image","twitter_misc":{"Est. reading time":"1 minute"},"schema":{"@context":"https:\/\/schema.org","@graph":[{"@type":"WebPage","@id":"https:\/\/omi-optika.hu\/uzlet\/kameras-termek-ellenorzo\/","url":"https:\/\/omi-optika.hu\/uzlet\/kameras-termek-ellenorzo\/","name":"\/\/ Camera-Based Product Inspection Unit - OMI Optika","isPartOf":{"@id":"https:\/\/omi-optika.hu\/#website"},"primaryImageOfPage":{"@id":"https:\/\/omi-optika.hu\/uzlet\/kameras-termek-ellenorzo\/#primaryimage"},"image":{"@id":"https:\/\/omi-optika.hu\/uzlet\/kameras-termek-ellenorzo\/#primaryimage"},"thumbnailUrl":"https:\/\/omi-optika.hu\/wp-content\/uploads\/2019\/12\/DSCN8979-e1575553097318.jpg","datePublished":"2019-12-04T14:26:17+00:00","dateModified":"2025-11-05T20:17:31+00:00","description":"Term\u00e9kek","breadcrumb":{"@id":"https:\/\/omi-optika.hu\/uzlet\/kameras-termek-ellenorzo\/#breadcrumb"},"inLanguage":"en-US","potentialAction":[{"@type":"ReadAction","target":["https:\/\/omi-optika.hu\/uzlet\/kameras-termek-ellenorzo\/"]}]},{"@type":"ImageObject","inLanguage":"en-US","@id":"https:\/\/omi-optika.hu\/uzlet\/kameras-termek-ellenorzo\/#primaryimage","url":"https:\/\/omi-optika.hu\/wp-content\/uploads\/2019\/12\/DSCN8979-e1575553097318.jpg","contentUrl":"https:\/\/omi-optika.hu\/wp-content\/uploads\/2019\/12\/DSCN8979-e1575553097318.jpg","width":500,"height":500},{"@type":"BreadcrumbList","@id":"https:\/\/omi-optika.hu\/uzlet\/kameras-termek-ellenorzo\/#breadcrumb","itemListElement":[{"@type":"ListItem","position":1,"name":"Home","item":"https:\/\/omi-optika.hu\/"},{"@type":"ListItem","position":2,"name":"Shop","item":"https:\/\/omi-optika.hu\/en\/shop\/"},{"@type":"ListItem","position":3,"name":"Kamer\u00e1s term\u00e9k ellen\u0151rz\u0151 rendszer"}]},{"@type":"WebSite","@id":"https:\/\/omi-optika.hu\/#website","url":"https:\/\/omi-optika.hu\/","name":"OMI Optika","description":"OPTIKA Mernokiroda homepage","publisher":{"@id":"https:\/\/omi-optika.hu\/#organization"},"potentialAction":[{"@type":"SearchAction","target":{"@type":"EntryPoint","urlTemplate":"https:\/\/omi-optika.hu\/?s={search_term_string}"},"query-input":{"@type":"PropertyValueSpecification","valueRequired":true,"valueName":"search_term_string"}}],"inLanguage":"en-US"},{"@type":"Organization","@id":"https:\/\/omi-optika.hu\/#organization","name":"OPTIKA Mernokiroda Kft.","url":"https:\/\/omi-optika.hu\/","logo":{"@type":"ImageObject","inLanguage":"en-US","@id":"https:\/\/omi-optika.hu\/#\/schema\/logo\/image\/","url":"https:\/\/omi-optika.hu\/wp-content\/uploads\/2019\/05\/forgatas-265kb.gif","contentUrl":"https:\/\/omi-optika.hu\/wp-content\/uploads\/2019\/05\/forgatas-265kb.gif","width":400,"height":205,"caption":"OPTIKA Mernokiroda Kft."},"image":{"@id":"https:\/\/omi-optika.hu\/#\/schema\/logo\/image\/"}}]}},"_links":{"self":[{"href":"https:\/\/omi-optika.hu\/en\/wp-json\/wp\/v2\/product\/1829","targetHints":{"allow":["GET"]}}],"collection":[{"href":"https:\/\/omi-optika.hu\/en\/wp-json\/wp\/v2\/product"}],"about":[{"href":"https:\/\/omi-optika.hu\/en\/wp-json\/wp\/v2\/types\/product"}],"replies":[{"embeddable":true,"href":"https:\/\/omi-optika.hu\/en\/wp-json\/wp\/v2\/comments?post=1829"}],"wp:featuredmedia":[{"embeddable":true,"href":"https:\/\/omi-optika.hu\/en\/wp-json\/wp\/v2\/media\/1874"}],"wp:attachment":[{"href":"https:\/\/omi-optika.hu\/en\/wp-json\/wp\/v2\/media?parent=1829"}],"wp:term":[{"taxonomy":"product_brand","embeddable":true,"href":"https:\/\/omi-optika.hu\/en\/wp-json\/wp\/v2\/product_brand?post=1829"},{"taxonomy":"product_cat","embeddable":true,"href":"https:\/\/omi-optika.hu\/en\/wp-json\/wp\/v2\/product_cat?post=1829"},{"taxonomy":"product_tag","embeddable":true,"href":"https:\/\/omi-optika.hu\/en\/wp-json\/wp\/v2\/product_tag?post=1829"}],"curies":[{"name":"wp","href":"https:\/\/api.w.org\/{rel}","templated":true}]}}