{"id":1830,"date":"2019-12-04T14:33:32","date_gmt":"2019-12-04T14:33:32","guid":{"rendered":"https:\/\/omi-optika.hu\/?post_type=product&#038;p=1830"},"modified":"2025-11-05T20:24:07","modified_gmt":"2025-11-05T20:24:07","slug":"keramia-csiszolat-vizsgalo","status":"publish","type":"product","link":"https:\/\/omi-optika.hu\/en\/uzlet\/keramia-csiszolat-vizsgalo\/","title":{"rendered":"\/\/ Surface Roughness Detector for Polished Ceramic Samples"},"content":{"rendered":"<p><\/p>\n<h1>Ker\u00e1mia csiszolatvizsg\u00e1l\u00f3<\/h1>\n<p>&nbsp;<\/p>\n<h3>\u00c1ltal\u00e1nos le\u00edr\u00e1s:<\/h3>\n<p>A ker\u00e1mia csiszolatvizsg\u00e1l\u00f3 berendez\u00e9s egy asztali berendez\u00e9s, amely optikai elven hat\u00e1rozza meg egy adott minta fel\u00fcleti min\u0151s\u00e9g\u00e9t.<\/p>\n\r\n\r\n\r\n<div class=\"fbq-item js-item-image fbq-image shortcode fbq-right-position fbq-center-align\">\r\n\t<div class=\"fbq-image-container\">\r\n\t\t<div class=\"fbq-media-wrapper with-placeholder\" style=\"max-width:40%;\"><div class=\"fbq-media-wrapper-inner\"><div class=\"media-placeholder\" style=\"width:1024px; padding-bottom:56.4453125%;\"><\/div><img loading=\"lazy\" decoding=\"async\" alt=\"\" title=\"IMG_20200429_104826\" width=\"1024\" height=\"578\" data-full-width=\"3968\" data-full-height=\"2240\" sizes=\"auto, (max-width:1024px) 100vw, 1024px\" srcset=\"https:\/\/omi-optika.hu\/wp-content\/uploads\/2020\/05\/IMG_20200429_104826-1024x578.jpg 1024w, https:\/\/omi-optika.hu\/wp-content\/uploads\/2020\/05\/IMG_20200429_104826-768x434.jpg 768w, https:\/\/omi-optika.hu\/wp-content\/uploads\/2020\/05\/IMG_20200429_104826-512x289.jpg 512w, https:\/\/omi-optika.hu\/wp-content\/uploads\/2020\/05\/IMG_20200429_104826-300x169.jpg 300w\" src=\"https:\/\/omi-optika.hu\/wp-content\/uploads\/2020\/05\/IMG_20200429_104826-1024x578.jpg\" class=\"fbq-media-wrapper-image\"  \/><\/div><\/div>\t<\/div>\r\n<\/div>\r\n\n<p>&nbsp;<\/p>\n<h3>M\u0171szaki param\u00e9terek:<\/h3>\n<p>Befoglal\u00f3 m\u00e9retei:<\/p>\n<p>T\u00e1pell\u00e1t\u00e1s:<\/p>\n<p>Term\u00e9kadagol\u00e1s: manu\u00e1lis<\/p>\n<p>M\u00e9r\u00e9s menete: automatikus<\/p>\n<p>Peri\u00f3dusid\u0151: 10 sec<\/p>","protected":false},"excerpt":{"rendered":"<p>Ker\u00e1mia csiszolatvizsg\u00e1l\u00f3 &nbsp; \u00c1ltal\u00e1nos le\u00edr\u00e1s: A ker\u00e1mia csiszolatvizsg\u00e1l\u00f3 berendez\u00e9s egy asztali berendez\u00e9s, amely optikai elven hat\u00e1rozza meg egy adott minta fel\u00fcleti min\u0151s\u00e9g\u00e9t. &nbsp; M\u0171szaki param\u00e9terek: Befoglal\u00f3 m\u00e9retei: T\u00e1pell\u00e1t\u00e1s: Term\u00e9kadagol\u00e1s: manu\u00e1lis M\u00e9r\u00e9s menete: automatikus Peri\u00f3dusid\u0151: 10 sec<\/p>\n","protected":false},"featured_media":1871,"comment_status":"closed","ping_status":"closed","template":"","meta":[],"product_brand":[],"product_cat":[164],"product_tag":[],"class_list":{"0":"post-1830","1":"product","2":"type-product","3":"status-publish","4":"has-post-thumbnail","6":"product_cat-egyedi-merorendszerek","8":"first","9":"instock","10":"taxable","11":"shipping-taxable","12":"product-type-simple"},"yoast_head":"<!-- This site is optimized with the Yoast SEO plugin v25.9 - https:\/\/yoast.com\/wordpress\/plugins\/seo\/ -->\n<title>\/\/ Surface Roughness Detector for Polished Ceramic Samples - OMI Optika<\/title>\n<meta name=\"description\" content=\"Term\u00e9kek\" \/>\n<meta name=\"robots\" content=\"index, follow, max-snippet:-1, max-image-preview:large, max-video-preview:-1\" \/>\n<link rel=\"canonical\" href=\"https:\/\/omi-optika.hu\/uzlet\/keramia-csiszolat-vizsgalo\/\" \/>\n<meta property=\"og:locale\" content=\"en_US\" \/>\n<meta property=\"og:type\" content=\"article\" \/>\n<meta property=\"og:title\" content=\"\/\/ Surface Roughness Detector for Polished Ceramic Samples - OMI Optika\" \/>\n<meta property=\"og:description\" content=\"Term\u00e9kek\" \/>\n<meta property=\"og:url\" content=\"https:\/\/omi-optika.hu\/uzlet\/keramia-csiszolat-vizsgalo\/\" \/>\n<meta property=\"og:site_name\" content=\"OMI Optika\" \/>\n<meta property=\"article:modified_time\" content=\"2025-11-05T20:24:07+00:00\" \/>\n<meta property=\"og:image\" content=\"https:\/\/omi-optika.hu\/wp-content\/uploads\/2019\/12\/DSCN5067-1-e1575550915192.jpg\" \/>\n\t<meta property=\"og:image:width\" content=\"500\" \/>\n\t<meta property=\"og:image:height\" content=\"500\" \/>\n\t<meta property=\"og:image:type\" content=\"image\/jpeg\" \/>\n<meta name=\"twitter:card\" content=\"summary_large_image\" \/>\n<meta name=\"twitter:label1\" content=\"Est. reading time\" \/>\n\t<meta name=\"twitter:data1\" content=\"1 minute\" \/>\n<script type=\"application\/ld+json\" class=\"yoast-schema-graph\">{\"@context\":\"https:\/\/schema.org\",\"@graph\":[{\"@type\":\"WebPage\",\"@id\":\"https:\/\/omi-optika.hu\/uzlet\/keramia-csiszolat-vizsgalo\/\",\"url\":\"https:\/\/omi-optika.hu\/uzlet\/keramia-csiszolat-vizsgalo\/\",\"name\":\"\/\/ Surface Roughness Detector for Polished Ceramic Samples - OMI Optika\",\"isPartOf\":{\"@id\":\"https:\/\/omi-optika.hu\/#website\"},\"primaryImageOfPage\":{\"@id\":\"https:\/\/omi-optika.hu\/uzlet\/keramia-csiszolat-vizsgalo\/#primaryimage\"},\"image\":{\"@id\":\"https:\/\/omi-optika.hu\/uzlet\/keramia-csiszolat-vizsgalo\/#primaryimage\"},\"thumbnailUrl\":\"https:\/\/omi-optika.hu\/wp-content\/uploads\/2019\/12\/DSCN5067-1-e1575550915192.jpg\",\"datePublished\":\"2019-12-04T14:33:32+00:00\",\"dateModified\":\"2025-11-05T20:24:07+00:00\",\"description\":\"Term\u00e9kek\",\"breadcrumb\":{\"@id\":\"https:\/\/omi-optika.hu\/uzlet\/keramia-csiszolat-vizsgalo\/#breadcrumb\"},\"inLanguage\":\"en-US\",\"potentialAction\":[{\"@type\":\"ReadAction\",\"target\":[\"https:\/\/omi-optika.hu\/uzlet\/keramia-csiszolat-vizsgalo\/\"]}]},{\"@type\":\"ImageObject\",\"inLanguage\":\"en-US\",\"@id\":\"https:\/\/omi-optika.hu\/uzlet\/keramia-csiszolat-vizsgalo\/#primaryimage\",\"url\":\"https:\/\/omi-optika.hu\/wp-content\/uploads\/2019\/12\/DSCN5067-1-e1575550915192.jpg\",\"contentUrl\":\"https:\/\/omi-optika.hu\/wp-content\/uploads\/2019\/12\/DSCN5067-1-e1575550915192.jpg\",\"width\":500,\"height\":500},{\"@type\":\"BreadcrumbList\",\"@id\":\"https:\/\/omi-optika.hu\/uzlet\/keramia-csiszolat-vizsgalo\/#breadcrumb\",\"itemListElement\":[{\"@type\":\"ListItem\",\"position\":1,\"name\":\"Home\",\"item\":\"https:\/\/omi-optika.hu\/\"},{\"@type\":\"ListItem\",\"position\":2,\"name\":\"Shop\",\"item\":\"https:\/\/omi-optika.hu\/en\/shop\/\"},{\"@type\":\"ListItem\",\"position\":3,\"name\":\"Ker\u00e1mia csiszolat vizsg\u00e1l\u00f3 berendez\u00e9s\"}]},{\"@type\":\"WebSite\",\"@id\":\"https:\/\/omi-optika.hu\/#website\",\"url\":\"https:\/\/omi-optika.hu\/\",\"name\":\"OMI Optika\",\"description\":\"OPTIKA Mernokiroda homepage\",\"publisher\":{\"@id\":\"https:\/\/omi-optika.hu\/#organization\"},\"potentialAction\":[{\"@type\":\"SearchAction\",\"target\":{\"@type\":\"EntryPoint\",\"urlTemplate\":\"https:\/\/omi-optika.hu\/?s={search_term_string}\"},\"query-input\":{\"@type\":\"PropertyValueSpecification\",\"valueRequired\":true,\"valueName\":\"search_term_string\"}}],\"inLanguage\":\"en-US\"},{\"@type\":\"Organization\",\"@id\":\"https:\/\/omi-optika.hu\/#organization\",\"name\":\"OPTIKA Mernokiroda Kft.\",\"url\":\"https:\/\/omi-optika.hu\/\",\"logo\":{\"@type\":\"ImageObject\",\"inLanguage\":\"en-US\",\"@id\":\"https:\/\/omi-optika.hu\/#\/schema\/logo\/image\/\",\"url\":\"https:\/\/omi-optika.hu\/wp-content\/uploads\/2019\/05\/forgatas-265kb.gif\",\"contentUrl\":\"https:\/\/omi-optika.hu\/wp-content\/uploads\/2019\/05\/forgatas-265kb.gif\",\"width\":400,\"height\":205,\"caption\":\"OPTIKA Mernokiroda Kft.\"},\"image\":{\"@id\":\"https:\/\/omi-optika.hu\/#\/schema\/logo\/image\/\"}}]}<\/script>\n<!-- \/ Yoast SEO plugin. -->","yoast_head_json":{"title":"\/\/ Surface Roughness Detector for Polished Ceramic Samples - OMI Optika","description":"Term\u00e9kek","robots":{"index":"index","follow":"follow","max-snippet":"max-snippet:-1","max-image-preview":"max-image-preview:large","max-video-preview":"max-video-preview:-1"},"canonical":"https:\/\/omi-optika.hu\/uzlet\/keramia-csiszolat-vizsgalo\/","og_locale":"en_US","og_type":"article","og_title":"\/\/ Surface Roughness Detector for Polished Ceramic Samples - OMI Optika","og_description":"Term\u00e9kek","og_url":"https:\/\/omi-optika.hu\/uzlet\/keramia-csiszolat-vizsgalo\/","og_site_name":"OMI Optika","article_modified_time":"2025-11-05T20:24:07+00:00","og_image":[{"width":500,"height":500,"url":"https:\/\/omi-optika.hu\/wp-content\/uploads\/2019\/12\/DSCN5067-1-e1575550915192.jpg","type":"image\/jpeg"}],"twitter_card":"summary_large_image","twitter_misc":{"Est. reading time":"1 minute"},"schema":{"@context":"https:\/\/schema.org","@graph":[{"@type":"WebPage","@id":"https:\/\/omi-optika.hu\/uzlet\/keramia-csiszolat-vizsgalo\/","url":"https:\/\/omi-optika.hu\/uzlet\/keramia-csiszolat-vizsgalo\/","name":"\/\/ Surface Roughness Detector for Polished Ceramic Samples - OMI Optika","isPartOf":{"@id":"https:\/\/omi-optika.hu\/#website"},"primaryImageOfPage":{"@id":"https:\/\/omi-optika.hu\/uzlet\/keramia-csiszolat-vizsgalo\/#primaryimage"},"image":{"@id":"https:\/\/omi-optika.hu\/uzlet\/keramia-csiszolat-vizsgalo\/#primaryimage"},"thumbnailUrl":"https:\/\/omi-optika.hu\/wp-content\/uploads\/2019\/12\/DSCN5067-1-e1575550915192.jpg","datePublished":"2019-12-04T14:33:32+00:00","dateModified":"2025-11-05T20:24:07+00:00","description":"Term\u00e9kek","breadcrumb":{"@id":"https:\/\/omi-optika.hu\/uzlet\/keramia-csiszolat-vizsgalo\/#breadcrumb"},"inLanguage":"en-US","potentialAction":[{"@type":"ReadAction","target":["https:\/\/omi-optika.hu\/uzlet\/keramia-csiszolat-vizsgalo\/"]}]},{"@type":"ImageObject","inLanguage":"en-US","@id":"https:\/\/omi-optika.hu\/uzlet\/keramia-csiszolat-vizsgalo\/#primaryimage","url":"https:\/\/omi-optika.hu\/wp-content\/uploads\/2019\/12\/DSCN5067-1-e1575550915192.jpg","contentUrl":"https:\/\/omi-optika.hu\/wp-content\/uploads\/2019\/12\/DSCN5067-1-e1575550915192.jpg","width":500,"height":500},{"@type":"BreadcrumbList","@id":"https:\/\/omi-optika.hu\/uzlet\/keramia-csiszolat-vizsgalo\/#breadcrumb","itemListElement":[{"@type":"ListItem","position":1,"name":"Home","item":"https:\/\/omi-optika.hu\/"},{"@type":"ListItem","position":2,"name":"Shop","item":"https:\/\/omi-optika.hu\/en\/shop\/"},{"@type":"ListItem","position":3,"name":"Ker\u00e1mia csiszolat vizsg\u00e1l\u00f3 berendez\u00e9s"}]},{"@type":"WebSite","@id":"https:\/\/omi-optika.hu\/#website","url":"https:\/\/omi-optika.hu\/","name":"OMI Optika","description":"OPTIKA Mernokiroda homepage","publisher":{"@id":"https:\/\/omi-optika.hu\/#organization"},"potentialAction":[{"@type":"SearchAction","target":{"@type":"EntryPoint","urlTemplate":"https:\/\/omi-optika.hu\/?s={search_term_string}"},"query-input":{"@type":"PropertyValueSpecification","valueRequired":true,"valueName":"search_term_string"}}],"inLanguage":"en-US"},{"@type":"Organization","@id":"https:\/\/omi-optika.hu\/#organization","name":"OPTIKA Mernokiroda Kft.","url":"https:\/\/omi-optika.hu\/","logo":{"@type":"ImageObject","inLanguage":"en-US","@id":"https:\/\/omi-optika.hu\/#\/schema\/logo\/image\/","url":"https:\/\/omi-optika.hu\/wp-content\/uploads\/2019\/05\/forgatas-265kb.gif","contentUrl":"https:\/\/omi-optika.hu\/wp-content\/uploads\/2019\/05\/forgatas-265kb.gif","width":400,"height":205,"caption":"OPTIKA Mernokiroda Kft."},"image":{"@id":"https:\/\/omi-optika.hu\/#\/schema\/logo\/image\/"}}]}},"_links":{"self":[{"href":"https:\/\/omi-optika.hu\/en\/wp-json\/wp\/v2\/product\/1830","targetHints":{"allow":["GET"]}}],"collection":[{"href":"https:\/\/omi-optika.hu\/en\/wp-json\/wp\/v2\/product"}],"about":[{"href":"https:\/\/omi-optika.hu\/en\/wp-json\/wp\/v2\/types\/product"}],"replies":[{"embeddable":true,"href":"https:\/\/omi-optika.hu\/en\/wp-json\/wp\/v2\/comments?post=1830"}],"wp:featuredmedia":[{"embeddable":true,"href":"https:\/\/omi-optika.hu\/en\/wp-json\/wp\/v2\/media\/1871"}],"wp:attachment":[{"href":"https:\/\/omi-optika.hu\/en\/wp-json\/wp\/v2\/media?parent=1830"}],"wp:term":[{"taxonomy":"product_brand","embeddable":true,"href":"https:\/\/omi-optika.hu\/en\/wp-json\/wp\/v2\/product_brand?post=1830"},{"taxonomy":"product_cat","embeddable":true,"href":"https:\/\/omi-optika.hu\/en\/wp-json\/wp\/v2\/product_cat?post=1830"},{"taxonomy":"product_tag","embeddable":true,"href":"https:\/\/omi-optika.hu\/en\/wp-json\/wp\/v2\/product_tag?post=1830"}],"curies":[{"name":"wp","href":"https:\/\/api.w.org\/{rel}","templated":true}]}}