{"id":1832,"date":"2019-12-04T14:39:08","date_gmt":"2019-12-04T14:39:08","guid":{"rendered":"https:\/\/omi-optika.hu\/?post_type=product&#038;p=1832"},"modified":"2025-11-06T00:12:50","modified_gmt":"2025-11-06T00:12:50","slug":"videomikroszkop","status":"publish","type":"product","link":"https:\/\/omi-optika.hu\/en\/uzlet\/videomikroszkop\/","title":{"rendered":"Video Microscope"},"content":{"rendered":"<p><\/p>\n<h1>Kamera csatol\u00e1sa mikroszk\u00f3phoz<\/h1>\n<p>&nbsp;<\/p>\n<h2>\u00c1ltal\u00e1nos le\u00edr\u00e1s:<\/h2>\n<p>Mai modern vil\u00e1gunkban m\u00e1r nem sz\u00e1m\u00edt \u00fajdons\u00e1gnak az, ha egy mikroszk\u00f3p k\u00e9p\u00e9t egy monitorra kivet\u00edtve figyelj\u00fck. A \u201cr\u00e9gi\u201d, okul\u00e1ros mikroszk\u00f3pok is t\u00f6k\u00e9letesen alkalmasak a k\u00e9p \u00e1tvitel\u00e9re egy kis \u00e1talak\u00edt\u00e1ssal. \r\n\r\n\r\n<div class=\"fbq-item js-item-image fbq-image shortcode fbq-right-position fbq-center-align\">\r\n\t<div class=\"fbq-image-container\">\r\n\t\t<div class=\"fbq-media-wrapper with-placeholder\" style=\"max-width:60%;\"><div class=\"fbq-media-wrapper-inner\"><div class=\"media-placeholder\" style=\"width:500px; padding-bottom:100%;\"><\/div><img loading=\"lazy\" decoding=\"async\" alt=\"\" title=\"kamerak-cameras\" width=\"500\" height=\"500\" data-full-width=\"500\" data-full-height=\"500\" sizes=\"auto, (max-width:500px) 100vw, 500px\" srcset=\"https:\/\/omi-optika.hu\/wp-content\/uploads\/2021\/11\/kamerak-cameras-e1636041281656.jpg 500w, https:\/\/omi-optika.hu\/wp-content\/uploads\/2021\/11\/kamerak-cameras-1280x1280.jpg 1280w, https:\/\/omi-optika.hu\/wp-content\/uploads\/2021\/11\/kamerak-cameras-1024x1024.jpg 1024w, https:\/\/omi-optika.hu\/wp-content\/uploads\/2021\/11\/kamerak-cameras-768x768.jpg 768w, https:\/\/omi-optika.hu\/wp-content\/uploads\/2021\/11\/kamerak-cameras-512x512.jpg 512w, https:\/\/omi-optika.hu\/wp-content\/uploads\/2021\/11\/kamerak-cameras-300x300.jpg 300w\" src=\"https:\/\/omi-optika.hu\/wp-content\/uploads\/2021\/11\/kamerak-cameras-e1636041281656.jpg\" class=\"fbq-media-wrapper-image\"  \/><\/div><\/div>\t<\/div>\r\n<\/div>\r\nMint tudjuk az optikai rendszerek egym\u00e1ssal csatolhat\u00f3k a \u201cpupill\u00e1kon kereszt\u00fcl, ez\u00e9rt egy megfelel\u0151 t\u00e1vols\u00e1gban elhelyezett kamer\u00e1val el\u00e9rhetj\u00fck, azt, hogy a k\u00e9pet monitoron figyelhess\u00fck, meg, r\u00f6gz\u00edthess\u00fck azt.<\/p>\n<p>&nbsp;<\/p>\n<h3>M\u0171szaki param\u00e9terek:<\/h3>\n<p>\u2013 k\u00e9p\u00e1tvet\u00edt\u0151 optika (lencse)<\/p>\n<p>\u2013 t\u00e1vtart\u00f3 cs\u0151<\/p>\n<p>\u2013 kamera CCD vagy CMOS<\/p>\n<p>\u2013\u00a0<strong>egyedi ig\u00e9nyeknek megfelel\u0151en tervezve!<\/strong><\/p>\n<h3>Standard m\u00e9reteink\/Term\u00e9k cikksz\u00e1mok:<\/h3>\n<table>\n<tbody>\n<tr>\n<th>Megrendel\u00e9si sz\u00e1m<\/th>\n<th>Kamera t\u00edpusa<\/th>\n<th>Meghajt\u00e1s<\/th>\n<th>Sz\u00edn<\/th>\n<th>Adatlap<\/th>\n<\/tr>\n<tr>\n<td>4-302-000<\/td>\n<td>CMOS<\/td>\n<td>24V DC<\/td>\n<td>Fekete-feh\u00e9r<\/td>\n<td><a href=\"http:\/\/omi-optika.hu\/wp-content\/uploads\/2018\/10\/4-302-000.pdf\" target=\"_blank\" rel=\"noopener noreferrer\">4-302-000.pdf<\/a><\/td>\n<\/tr>\n<\/tbody>\n<\/table>\n<p>&nbsp;<\/p>\n<h1>LED gy\u0171r\u0171vil\u00e1g\u00edt\u00f3 mikroszk\u00f3phoz<\/h1>\n<p>&nbsp;<\/p>\n<h2>\u00c1ltal\u00e1nos le\u00edr\u00e1s:<\/h2>\n<p>Mivel a vizsg\u00e1lt t\u00e1rgyak a legritk\u00e1bb esetben bocs\u00e1tanak ki saj\u00e1t f\u00e9nyt, sz\u00fcks\u00e9g van a megvil\u00e1g\u00edt\u00e1sukra. A megvil\u00e1g\u00edt\u00e1shoz haszn\u00e1lt f\u00e9nyforr\u00e1snak f\u00e9nyesnek, csillog\u00e1st\u00f3l mentesnek, \u00e9s egyenletes eloszl\u00e1s\u00fanak kell lennie. \r\n\r\n\r\n<div class=\"fbq-item js-item-image fbq-image shortcode fbq-right-position fbq-center-align\">\r\n\t<div class=\"fbq-image-container\">\r\n\t\t<div class=\"fbq-media-wrapper with-placeholder\" style=\"max-width:60%;\"><div class=\"fbq-media-wrapper-inner\"><div class=\"media-placeholder\" style=\"width:454px; padding-bottom:75.11013215859%;\"><\/div><img loading=\"lazy\" decoding=\"async\" alt=\"\" title=\"OMI-MIKR-1\" width=\"454\" height=\"341\" data-full-width=\"454\" data-full-height=\"341\" sizes=\"auto, (max-width:454px) 100vw, 454px\" srcset=\"https:\/\/omi-optika.hu\/wp-content\/uploads\/2022\/06\/OMI-MIKR-1.jpg 454w, https:\/\/omi-optika.hu\/wp-content\/uploads\/2022\/06\/OMI-MIKR-1-300x225.jpg 300w\" src=\"https:\/\/omi-optika.hu\/wp-content\/uploads\/2022\/06\/OMI-MIKR-1.jpg\" class=\"fbq-media-wrapper-image\"  \/><\/div><\/div>\t<\/div>\r\n<\/div>\r\n<\/p>\n<p>A LED gy\u0171r\u0171vil\u00e1g\u00edt\u00e1s igen intenz\u00edv f\u00e9nyt bocs\u00e1t ki gyakorlatilag h\u0151termel\u00e9s n\u00e9lk\u00fcl. A feh\u00e9r f\u00e9ny f\u00e9nyesebb \u00e9s hidegebb, mint a t\u00f6bbi megvil\u00e1g\u00edt\u00e1sn\u00e1l. RGB LED-del szerelt gy\u0171r\u0171vil\u00e1g\u00edt\u00e1sn\u00e1l tetsz\u0151legesen \u00e1ll\u00edthat\u00f3 t\u00f6bb hull\u00e1mhossz is. Felszerel\u00e9se k\u00f6nny\u0171 \u00e9s egyszer\u0171.<\/p>\n<p>&nbsp;<\/p>\n<h3>M\u0171szaki param\u00e9terek:<\/h3>\n<p>\u2013 feh\u00e9r, UV, RGB vagy infra (NIR) f\u00e9ny<\/p>\n<p>\u2013 t\u00e1pell\u00e1t\u00e1s: 12VDC, 24VDC vagy \u00e1ramgener\u00e1toros meghajt\u00e1s (rendel\u00e9skor k\u00e9rj\u00fck megadni)<\/p>\n<p>\u2013 standard vagy triggerelhet\u0151 t\u00e1pegys\u00e9ggel is rendelhet\u0151<\/p>\n<p>\u2013 folyamatos vagy impulzus \u00fczemm\u00f3d (t\u00e1pf\u00fcgg\u0151)<\/p>\n<p>\u2013 extra hossz\u00fa \u00e9lettartam<\/p>\n<p>\u2013 robusztus, elox\u00e1lt alu vagy m\u0171anyag h\u00e1z<\/p>\n<p>\u2013 mostoha ipari k\u00f6rnyezetben is j\u00f3l haszn\u00e1lhat\u00f3<\/p>\n<p>\u2013\u00a0<strong>egyedi m\u00e9ret vagy kivitel is rendelhet\u0151!<\/strong><\/p>\n<p>&nbsp;<\/p>\n<h3>Standard m\u00e9reteink\/Term\u00e9k cikksz\u00e1mok:<\/h3>\n<table>\n<tbody>\n<tr>\n<th>Megrendel\u00e9si sz\u00e1m<\/th>\n<th>Szabad \u00e1tm\u00e9r\u0151 (mm)<\/th>\n<th>Befoglal\u00f3 m\u00e9ret (mm)<\/th>\n<th>Meghajt\u00e1s<\/th>\n<th>Sz\u00edn<\/th>\n<th>Adatlap<\/th>\n<\/tr>\n<tr>\n<td>x-xxx-xxx<\/td>\n<td>\u00f830<\/td>\n<td>\u00f890 x 30<\/td>\n<td>24V DC<\/td>\n<td>RGB<\/td>\n<td><\/td>\n<\/tr>\n<\/tbody>\n<\/table>\n<p><\/p>","protected":false},"excerpt":{"rendered":"<p>Kamera csatol\u00e1sa mikroszk\u00f3phoz &nbsp; \u00c1ltal\u00e1nos le\u00edr\u00e1s: Mai modern vil\u00e1gunkban m\u00e1r nem sz\u00e1m\u00edt \u00fajdons\u00e1gnak az, ha egy mikroszk\u00f3p k\u00e9p\u00e9t egy monitorra kivet\u00edtve figyelj\u00fck. A \u201cr\u00e9gi\u201d, okul\u00e1ros mikroszk\u00f3pok is t\u00f6k\u00e9letesen alkalmasak a k\u00e9p \u00e1tvitel\u00e9re egy kis \u00e1talak\u00edt\u00e1ssal. Mint tudjuk az optikai rendszerek egym\u00e1ssal csatolhat\u00f3k a \u201cpupill\u00e1kon kereszt\u00fcl, ez\u00e9rt egy megfelel\u0151 t\u00e1vols\u00e1gban elhelyezett kamer\u00e1val el\u00e9rhetj\u00fck, azt, hogy a [&hellip;]<\/p>\n","protected":false},"featured_media":4676,"comment_status":"closed","ping_status":"closed","template":"","meta":[],"product_brand":[],"product_cat":[15],"product_tag":[],"class_list":{"0":"post-1832","1":"product","2":"type-product","3":"status-publish","4":"has-post-thumbnail","6":"product_cat-vegyes","8":"first","9":"instock","10":"taxable","11":"shipping-taxable","12":"product-type-simple"},"yoast_head":"<!-- This site is optimized with the Yoast SEO plugin v25.9 - https:\/\/yoast.com\/wordpress\/plugins\/seo\/ -->\n<title>Video Microscope - OMI Optika<\/title>\n<meta name=\"description\" content=\"Video Microscope\" \/>\n<meta name=\"robots\" content=\"index, follow, max-snippet:-1, max-image-preview:large, max-video-preview:-1\" \/>\n<link rel=\"canonical\" href=\"https:\/\/omi-optika.hu\/uzlet\/videomikroszkop\/\" \/>\n<meta property=\"og:locale\" content=\"en_US\" \/>\n<meta property=\"og:type\" content=\"article\" \/>\n<meta property=\"og:title\" content=\"Video Microscope - OMI Optika\" \/>\n<meta property=\"og:description\" content=\"{:hu}Videomikroszk\u00f3p{:en}Video Microscope{:}\" \/>\n<meta property=\"og:url\" content=\"https:\/\/omi-optika.hu\/uzlet\/videomikroszkop\/\" \/>\n<meta property=\"og:site_name\" content=\"OMI Optika\" \/>\n<meta property=\"article:modified_time\" content=\"2025-11-06T00:12:50+00:00\" \/>\n<meta property=\"og:image\" content=\"https:\/\/omi-optika.hu\/wp-content\/uploads\/2023\/08\/microscope_mozaik.png\" \/>\n\t<meta property=\"og:image:width\" content=\"896\" \/>\n\t<meta property=\"og:image:height\" content=\"912\" \/>\n\t<meta property=\"og:image:type\" content=\"image\/png\" \/>\n<meta name=\"twitter:card\" content=\"summary_large_image\" \/>\n<meta name=\"twitter:label1\" content=\"Est. reading time\" \/>\n\t<meta name=\"twitter:data1\" content=\"2 minutes\" \/>\n<script type=\"application\/ld+json\" class=\"yoast-schema-graph\">{\"@context\":\"https:\/\/schema.org\",\"@graph\":[{\"@type\":\"WebPage\",\"@id\":\"https:\/\/omi-optika.hu\/uzlet\/videomikroszkop\/\",\"url\":\"https:\/\/omi-optika.hu\/uzlet\/videomikroszkop\/\",\"name\":\"Video Microscope - OMI Optika\",\"isPartOf\":{\"@id\":\"https:\/\/omi-optika.hu\/#website\"},\"primaryImageOfPage\":{\"@id\":\"https:\/\/omi-optika.hu\/uzlet\/videomikroszkop\/#primaryimage\"},\"image\":{\"@id\":\"https:\/\/omi-optika.hu\/uzlet\/videomikroszkop\/#primaryimage\"},\"thumbnailUrl\":\"https:\/\/omi-optika.hu\/wp-content\/uploads\/2023\/08\/microscope_mozaik.png\",\"datePublished\":\"2019-12-04T14:39:08+00:00\",\"dateModified\":\"2025-11-06T00:12:50+00:00\",\"description\":\"{:hu}Videomikroszk\u00f3p{:en}Video Microscope{:}\",\"breadcrumb\":{\"@id\":\"https:\/\/omi-optika.hu\/uzlet\/videomikroszkop\/#breadcrumb\"},\"inLanguage\":\"en-US\",\"potentialAction\":[{\"@type\":\"ReadAction\",\"target\":[\"https:\/\/omi-optika.hu\/uzlet\/videomikroszkop\/\"]}]},{\"@type\":\"ImageObject\",\"inLanguage\":\"en-US\",\"@id\":\"https:\/\/omi-optika.hu\/uzlet\/videomikroszkop\/#primaryimage\",\"url\":\"https:\/\/omi-optika.hu\/wp-content\/uploads\/2023\/08\/microscope_mozaik.png\",\"contentUrl\":\"https:\/\/omi-optika.hu\/wp-content\/uploads\/2023\/08\/microscope_mozaik.png\",\"width\":896,\"height\":912},{\"@type\":\"BreadcrumbList\",\"@id\":\"https:\/\/omi-optika.hu\/uzlet\/videomikroszkop\/#breadcrumb\",\"itemListElement\":[{\"@type\":\"ListItem\",\"position\":1,\"name\":\"Home\",\"item\":\"https:\/\/omi-optika.hu\/\"},{\"@type\":\"ListItem\",\"position\":2,\"name\":\"Shop\",\"item\":\"https:\/\/omi-optika.hu\/en\/shop\/\"},{\"@type\":\"ListItem\",\"position\":3,\"name\":\"Videomikroszk\u00f3p\"}]},{\"@type\":\"WebSite\",\"@id\":\"https:\/\/omi-optika.hu\/#website\",\"url\":\"https:\/\/omi-optika.hu\/\",\"name\":\"OMI Optika\",\"description\":\"OPTIKA Mernokiroda homepage\",\"publisher\":{\"@id\":\"https:\/\/omi-optika.hu\/#organization\"},\"potentialAction\":[{\"@type\":\"SearchAction\",\"target\":{\"@type\":\"EntryPoint\",\"urlTemplate\":\"https:\/\/omi-optika.hu\/?s={search_term_string}\"},\"query-input\":{\"@type\":\"PropertyValueSpecification\",\"valueRequired\":true,\"valueName\":\"search_term_string\"}}],\"inLanguage\":\"en-US\"},{\"@type\":\"Organization\",\"@id\":\"https:\/\/omi-optika.hu\/#organization\",\"name\":\"OPTIKA Mernokiroda Kft.\",\"url\":\"https:\/\/omi-optika.hu\/\",\"logo\":{\"@type\":\"ImageObject\",\"inLanguage\":\"en-US\",\"@id\":\"https:\/\/omi-optika.hu\/#\/schema\/logo\/image\/\",\"url\":\"https:\/\/omi-optika.hu\/wp-content\/uploads\/2019\/05\/forgatas-265kb.gif\",\"contentUrl\":\"https:\/\/omi-optika.hu\/wp-content\/uploads\/2019\/05\/forgatas-265kb.gif\",\"width\":400,\"height\":205,\"caption\":\"OPTIKA Mernokiroda Kft.\"},\"image\":{\"@id\":\"https:\/\/omi-optika.hu\/#\/schema\/logo\/image\/\"}}]}<\/script>\n<!-- \/ Yoast SEO plugin. -->","yoast_head_json":{"title":"Video Microscope - OMI Optika","description":"Video Microscope","robots":{"index":"index","follow":"follow","max-snippet":"max-snippet:-1","max-image-preview":"max-image-preview:large","max-video-preview":"max-video-preview:-1"},"canonical":"https:\/\/omi-optika.hu\/uzlet\/videomikroszkop\/","og_locale":"en_US","og_type":"article","og_title":"Video Microscope - OMI Optika","og_description":"{:hu}Videomikroszk\u00f3p{:en}Video Microscope{:}","og_url":"https:\/\/omi-optika.hu\/uzlet\/videomikroszkop\/","og_site_name":"OMI Optika","article_modified_time":"2025-11-06T00:12:50+00:00","og_image":[{"width":896,"height":912,"url":"https:\/\/omi-optika.hu\/wp-content\/uploads\/2023\/08\/microscope_mozaik.png","type":"image\/png"}],"twitter_card":"summary_large_image","twitter_misc":{"Est. reading time":"2 minutes"},"schema":{"@context":"https:\/\/schema.org","@graph":[{"@type":"WebPage","@id":"https:\/\/omi-optika.hu\/uzlet\/videomikroszkop\/","url":"https:\/\/omi-optika.hu\/uzlet\/videomikroszkop\/","name":"Video Microscope - OMI Optika","isPartOf":{"@id":"https:\/\/omi-optika.hu\/#website"},"primaryImageOfPage":{"@id":"https:\/\/omi-optika.hu\/uzlet\/videomikroszkop\/#primaryimage"},"image":{"@id":"https:\/\/omi-optika.hu\/uzlet\/videomikroszkop\/#primaryimage"},"thumbnailUrl":"https:\/\/omi-optika.hu\/wp-content\/uploads\/2023\/08\/microscope_mozaik.png","datePublished":"2019-12-04T14:39:08+00:00","dateModified":"2025-11-06T00:12:50+00:00","description":"{:hu}Videomikroszk\u00f3p{:en}Video Microscope{:}","breadcrumb":{"@id":"https:\/\/omi-optika.hu\/uzlet\/videomikroszkop\/#breadcrumb"},"inLanguage":"en-US","potentialAction":[{"@type":"ReadAction","target":["https:\/\/omi-optika.hu\/uzlet\/videomikroszkop\/"]}]},{"@type":"ImageObject","inLanguage":"en-US","@id":"https:\/\/omi-optika.hu\/uzlet\/videomikroszkop\/#primaryimage","url":"https:\/\/omi-optika.hu\/wp-content\/uploads\/2023\/08\/microscope_mozaik.png","contentUrl":"https:\/\/omi-optika.hu\/wp-content\/uploads\/2023\/08\/microscope_mozaik.png","width":896,"height":912},{"@type":"BreadcrumbList","@id":"https:\/\/omi-optika.hu\/uzlet\/videomikroszkop\/#breadcrumb","itemListElement":[{"@type":"ListItem","position":1,"name":"Home","item":"https:\/\/omi-optika.hu\/"},{"@type":"ListItem","position":2,"name":"Shop","item":"https:\/\/omi-optika.hu\/en\/shop\/"},{"@type":"ListItem","position":3,"name":"Videomikroszk\u00f3p"}]},{"@type":"WebSite","@id":"https:\/\/omi-optika.hu\/#website","url":"https:\/\/omi-optika.hu\/","name":"OMI Optika","description":"OPTIKA Mernokiroda homepage","publisher":{"@id":"https:\/\/omi-optika.hu\/#organization"},"potentialAction":[{"@type":"SearchAction","target":{"@type":"EntryPoint","urlTemplate":"https:\/\/omi-optika.hu\/?s={search_term_string}"},"query-input":{"@type":"PropertyValueSpecification","valueRequired":true,"valueName":"search_term_string"}}],"inLanguage":"en-US"},{"@type":"Organization","@id":"https:\/\/omi-optika.hu\/#organization","name":"OPTIKA Mernokiroda Kft.","url":"https:\/\/omi-optika.hu\/","logo":{"@type":"ImageObject","inLanguage":"en-US","@id":"https:\/\/omi-optika.hu\/#\/schema\/logo\/image\/","url":"https:\/\/omi-optika.hu\/wp-content\/uploads\/2019\/05\/forgatas-265kb.gif","contentUrl":"https:\/\/omi-optika.hu\/wp-content\/uploads\/2019\/05\/forgatas-265kb.gif","width":400,"height":205,"caption":"OPTIKA Mernokiroda Kft."},"image":{"@id":"https:\/\/omi-optika.hu\/#\/schema\/logo\/image\/"}}]}},"_links":{"self":[{"href":"https:\/\/omi-optika.hu\/en\/wp-json\/wp\/v2\/product\/1832","targetHints":{"allow":["GET"]}}],"collection":[{"href":"https:\/\/omi-optika.hu\/en\/wp-json\/wp\/v2\/product"}],"about":[{"href":"https:\/\/omi-optika.hu\/en\/wp-json\/wp\/v2\/types\/product"}],"replies":[{"embeddable":true,"href":"https:\/\/omi-optika.hu\/en\/wp-json\/wp\/v2\/comments?post=1832"}],"wp:featuredmedia":[{"embeddable":true,"href":"https:\/\/omi-optika.hu\/en\/wp-json\/wp\/v2\/media\/4676"}],"wp:attachment":[{"href":"https:\/\/omi-optika.hu\/en\/wp-json\/wp\/v2\/media?parent=1832"}],"wp:term":[{"taxonomy":"product_brand","embeddable":true,"href":"https:\/\/omi-optika.hu\/en\/wp-json\/wp\/v2\/product_brand?post=1832"},{"taxonomy":"product_cat","embeddable":true,"href":"https:\/\/omi-optika.hu\/en\/wp-json\/wp\/v2\/product_cat?post=1832"},{"taxonomy":"product_tag","embeddable":true,"href":"https:\/\/omi-optika.hu\/en\/wp-json\/wp\/v2\/product_tag?post=1832"}],"curies":[{"name":"wp","href":"https:\/\/api.w.org\/{rel}","templated":true}]}}