{"id":2128,"date":"2019-12-16T14:16:22","date_gmt":"2019-12-16T14:16:22","guid":{"rendered":"https:\/\/omi-optika.hu\/?post_type=product&#038;p=2128"},"modified":"2025-11-06T01:07:29","modified_gmt":"2025-11-06T01:07:29","slug":"ikeroptika","status":"publish","type":"product","link":"https:\/\/omi-optika.hu\/en\/uzlet\/ikeroptika\/","title":{"rendered":"Ikeroptika"},"content":{"rendered":"<p><\/p>\n<h2>\u00c1ltal\u00e1nos le\u00edr\u00e1s:<\/h2>\n<p>Ikeroptikai el\u0151t\u00e9t telecentrikus objekt\u00edvhez. Alkalmaz\u00e1s\u00e1val egy kamerak\u00e9pen lehet megjelen\u00edteni k\u00e9t t\u00e1volabb l\u00e9v\u0151 t\u00e1rgyat, pl. egy tengely k\u00e9t v\u00e9g\u00e9t, \u00edgy mindk\u00e9t v\u00e9get azonos k\u00e9pfeldolgoz\u00e1si l\u00e9p\u00e9sben, nagy felbont\u00e1sban \u00e9s egyetlen kamer\u00e1val lehet lek\u00e9pezni.\r\n\r\n\r\n<div class=\"fbq-item js-item-image fbq-image shortcode fbq-right-position fbq-center-align\">\r\n\t<div class=\"fbq-image-container\">\r\n\t\t<div class=\"fbq-media-wrapper with-placeholder\" style=\"max-width:550%;\"><div class=\"fbq-media-wrapper-inner\"><div class=\"media-placeholder\" style=\"width:1056px; padding-bottom:86.174242424242%;\"><\/div><img loading=\"lazy\" decoding=\"async\" alt=\"\" title=\"ikeroptika\" width=\"1056\" height=\"910\" data-full-width=\"1056\" data-full-height=\"910\" sizes=\"auto, (max-width:1056px) 100vw, 1056px\" srcset=\"https:\/\/omi-optika.hu\/wp-content\/uploads\/2019\/12\/ikeroptika.png 1056w, https:\/\/omi-optika.hu\/wp-content\/uploads\/2019\/12\/ikeroptika-300x259.png 300w\" src=\"https:\/\/omi-optika.hu\/wp-content\/uploads\/2019\/12\/ikeroptika.png\" class=\"fbq-media-wrapper-image\"  \/><\/div><\/div>\t<\/div>\r\n<\/div>\r\n<\/p>\n<p>&nbsp;<\/p>\n<p>&nbsp;<\/p>\n<h3>M\u0171szaki param\u00e9terek:<\/h3>\n<p>\u2013 Csatlakoz\u00e1s<\/p>\n<p>\u2013 Befoglal\u00f3 m\u00e9retek<\/p>\n<p>\u2013\u00a0<strong>Kiz\u00e1r\u00f3lag egyedi rendel\u00e9sre!<\/strong><\/p>\n<h1><\/h1>\n<h3>Standard m\u00e9reteink\/Term\u00e9k cikksz\u00e1mok:<\/h3>\n<table>\n<tbody>\n<tr>\n<th>Megrendel\u00e9si sz\u00e1m<\/th>\n<th>Csatlakoz\u00f3 m\u00e9ret (mm)<\/th>\n<th>Befoglal\u00f3 m\u00e9ret (mm)<\/th>\n<th>Adatlap<\/th>\n<\/tr>\n<tr>\n<td>4-801-000<\/td>\n<td>\u00f830<\/td>\n<td>200 x 100 x 50<\/td>\n<td><a href=\"http:\/\/omi-optika.hu\/wp-content\/uploads\/2018\/09\/4-801-000.pdf\" target=\"_blank\" rel=\"noopener noreferrer\">4-801-000.pdf<\/a><\/td>\n<\/tr>\n<\/tbody>\n<\/table>\n<p>&nbsp;<\/p>\n<p>&nbsp;<\/p>\n<p>&nbsp;<\/p>","protected":false},"excerpt":{"rendered":"<p>\u00c1ltal\u00e1nos le\u00edr\u00e1s: Ikeroptikai el\u0151t\u00e9t telecentrikus objekt\u00edvhez. Alkalmaz\u00e1s\u00e1val egy kamerak\u00e9pen lehet megjelen\u00edteni k\u00e9t t\u00e1volabb l\u00e9v\u0151 t\u00e1rgyat, pl. egy tengely k\u00e9t v\u00e9g\u00e9t, \u00edgy mindk\u00e9t v\u00e9get azonos k\u00e9pfeldolgoz\u00e1si l\u00e9p\u00e9sben, nagy felbont\u00e1sban \u00e9s egyetlen kamer\u00e1val lehet lek\u00e9pezni. &nbsp; &nbsp; M\u0171szaki param\u00e9terek: \u2013 Csatlakoz\u00e1s \u2013 Befoglal\u00f3 m\u00e9retek \u2013\u00a0Kiz\u00e1r\u00f3lag egyedi rendel\u00e9sre! Standard m\u00e9reteink\/Term\u00e9k cikksz\u00e1mok: Megrendel\u00e9si sz\u00e1m Csatlakoz\u00f3 m\u00e9ret (mm) Befoglal\u00f3 m\u00e9ret [&hellip;]<\/p>\n","protected":false},"featured_media":5127,"comment_status":"closed","ping_status":"closed","template":"","meta":[],"product_brand":[],"product_cat":[15],"product_tag":[],"class_list":{"0":"post-2128","1":"product","2":"type-product","3":"status-publish","4":"has-post-thumbnail","6":"product_cat-vegyes","8":"first","9":"instock","10":"taxable","11":"shipping-taxable","12":"product-type-simple"},"yoast_head":"<!-- This site is optimized with the Yoast SEO plugin v25.9 - https:\/\/yoast.com\/wordpress\/plugins\/seo\/ -->\n<title>Ikeroptika - OMI Optika<\/title>\n<meta name=\"description\" content=\"Term\u00e9kek\" \/>\n<meta name=\"robots\" content=\"index, follow, max-snippet:-1, max-image-preview:large, max-video-preview:-1\" \/>\n<link rel=\"canonical\" href=\"https:\/\/omi-optika.hu\/uzlet\/ikeroptika\/\" \/>\n<meta property=\"og:locale\" content=\"en_US\" \/>\n<meta property=\"og:type\" content=\"article\" \/>\n<meta property=\"og:title\" content=\"Ikeroptika - OMI Optika\" \/>\n<meta property=\"og:description\" content=\"Term\u00e9kek\" \/>\n<meta property=\"og:url\" content=\"https:\/\/omi-optika.hu\/uzlet\/ikeroptika\/\" \/>\n<meta property=\"og:site_name\" content=\"OMI Optika\" \/>\n<meta property=\"article:modified_time\" content=\"2025-11-06T01:07:29+00:00\" \/>\n<meta property=\"og:image\" content=\"https:\/\/omi-optika.hu\/wp-content\/uploads\/2019\/12\/ikeroptik.png\" \/>\n\t<meta property=\"og:image:width\" content=\"1330\" \/>\n\t<meta property=\"og:image:height\" content=\"608\" \/>\n\t<meta property=\"og:image:type\" content=\"image\/png\" \/>\n<meta name=\"twitter:card\" content=\"summary_large_image\" \/>\n<meta name=\"twitter:label1\" content=\"Est. reading time\" \/>\n\t<meta name=\"twitter:data1\" content=\"1 minute\" \/>\n<script type=\"application\/ld+json\" class=\"yoast-schema-graph\">{\"@context\":\"https:\/\/schema.org\",\"@graph\":[{\"@type\":\"WebPage\",\"@id\":\"https:\/\/omi-optika.hu\/uzlet\/ikeroptika\/\",\"url\":\"https:\/\/omi-optika.hu\/uzlet\/ikeroptika\/\",\"name\":\"Ikeroptika - OMI Optika\",\"isPartOf\":{\"@id\":\"https:\/\/omi-optika.hu\/#website\"},\"primaryImageOfPage\":{\"@id\":\"https:\/\/omi-optika.hu\/uzlet\/ikeroptika\/#primaryimage\"},\"image\":{\"@id\":\"https:\/\/omi-optika.hu\/uzlet\/ikeroptika\/#primaryimage\"},\"thumbnailUrl\":\"https:\/\/omi-optika.hu\/wp-content\/uploads\/2019\/12\/ikeroptik.png\",\"datePublished\":\"2019-12-16T14:16:22+00:00\",\"dateModified\":\"2025-11-06T01:07:29+00:00\",\"description\":\"Term\u00e9kek\",\"breadcrumb\":{\"@id\":\"https:\/\/omi-optika.hu\/uzlet\/ikeroptika\/#breadcrumb\"},\"inLanguage\":\"en-US\",\"potentialAction\":[{\"@type\":\"ReadAction\",\"target\":[\"https:\/\/omi-optika.hu\/uzlet\/ikeroptika\/\"]}]},{\"@type\":\"ImageObject\",\"inLanguage\":\"en-US\",\"@id\":\"https:\/\/omi-optika.hu\/uzlet\/ikeroptika\/#primaryimage\",\"url\":\"https:\/\/omi-optika.hu\/wp-content\/uploads\/2019\/12\/ikeroptik.png\",\"contentUrl\":\"https:\/\/omi-optika.hu\/wp-content\/uploads\/2019\/12\/ikeroptik.png\",\"width\":1330,\"height\":608},{\"@type\":\"BreadcrumbList\",\"@id\":\"https:\/\/omi-optika.hu\/uzlet\/ikeroptika\/#breadcrumb\",\"itemListElement\":[{\"@type\":\"ListItem\",\"position\":1,\"name\":\"Home\",\"item\":\"https:\/\/omi-optika.hu\/\"},{\"@type\":\"ListItem\",\"position\":2,\"name\":\"Shop\",\"item\":\"https:\/\/omi-optika.hu\/en\/shop\/\"},{\"@type\":\"ListItem\",\"position\":3,\"name\":\"Ikeroptika\"}]},{\"@type\":\"WebSite\",\"@id\":\"https:\/\/omi-optika.hu\/#website\",\"url\":\"https:\/\/omi-optika.hu\/\",\"name\":\"OMI Optika\",\"description\":\"OPTIKA Mernokiroda homepage\",\"publisher\":{\"@id\":\"https:\/\/omi-optika.hu\/#organization\"},\"potentialAction\":[{\"@type\":\"SearchAction\",\"target\":{\"@type\":\"EntryPoint\",\"urlTemplate\":\"https:\/\/omi-optika.hu\/?s={search_term_string}\"},\"query-input\":{\"@type\":\"PropertyValueSpecification\",\"valueRequired\":true,\"valueName\":\"search_term_string\"}}],\"inLanguage\":\"en-US\"},{\"@type\":\"Organization\",\"@id\":\"https:\/\/omi-optika.hu\/#organization\",\"name\":\"OPTIKA Mernokiroda Kft.\",\"url\":\"https:\/\/omi-optika.hu\/\",\"logo\":{\"@type\":\"ImageObject\",\"inLanguage\":\"en-US\",\"@id\":\"https:\/\/omi-optika.hu\/#\/schema\/logo\/image\/\",\"url\":\"https:\/\/omi-optika.hu\/wp-content\/uploads\/2019\/05\/forgatas-265kb.gif\",\"contentUrl\":\"https:\/\/omi-optika.hu\/wp-content\/uploads\/2019\/05\/forgatas-265kb.gif\",\"width\":400,\"height\":205,\"caption\":\"OPTIKA Mernokiroda Kft.\"},\"image\":{\"@id\":\"https:\/\/omi-optika.hu\/#\/schema\/logo\/image\/\"}}]}<\/script>\n<!-- \/ Yoast SEO plugin. -->","yoast_head_json":{"title":"Ikeroptika - OMI Optika","description":"Term\u00e9kek","robots":{"index":"index","follow":"follow","max-snippet":"max-snippet:-1","max-image-preview":"max-image-preview:large","max-video-preview":"max-video-preview:-1"},"canonical":"https:\/\/omi-optika.hu\/uzlet\/ikeroptika\/","og_locale":"en_US","og_type":"article","og_title":"Ikeroptika - OMI Optika","og_description":"Term\u00e9kek","og_url":"https:\/\/omi-optika.hu\/uzlet\/ikeroptika\/","og_site_name":"OMI Optika","article_modified_time":"2025-11-06T01:07:29+00:00","og_image":[{"width":1330,"height":608,"url":"https:\/\/omi-optika.hu\/wp-content\/uploads\/2019\/12\/ikeroptik.png","type":"image\/png"}],"twitter_card":"summary_large_image","twitter_misc":{"Est. reading time":"1 minute"},"schema":{"@context":"https:\/\/schema.org","@graph":[{"@type":"WebPage","@id":"https:\/\/omi-optika.hu\/uzlet\/ikeroptika\/","url":"https:\/\/omi-optika.hu\/uzlet\/ikeroptika\/","name":"Ikeroptika - OMI Optika","isPartOf":{"@id":"https:\/\/omi-optika.hu\/#website"},"primaryImageOfPage":{"@id":"https:\/\/omi-optika.hu\/uzlet\/ikeroptika\/#primaryimage"},"image":{"@id":"https:\/\/omi-optika.hu\/uzlet\/ikeroptika\/#primaryimage"},"thumbnailUrl":"https:\/\/omi-optika.hu\/wp-content\/uploads\/2019\/12\/ikeroptik.png","datePublished":"2019-12-16T14:16:22+00:00","dateModified":"2025-11-06T01:07:29+00:00","description":"Term\u00e9kek","breadcrumb":{"@id":"https:\/\/omi-optika.hu\/uzlet\/ikeroptika\/#breadcrumb"},"inLanguage":"en-US","potentialAction":[{"@type":"ReadAction","target":["https:\/\/omi-optika.hu\/uzlet\/ikeroptika\/"]}]},{"@type":"ImageObject","inLanguage":"en-US","@id":"https:\/\/omi-optika.hu\/uzlet\/ikeroptika\/#primaryimage","url":"https:\/\/omi-optika.hu\/wp-content\/uploads\/2019\/12\/ikeroptik.png","contentUrl":"https:\/\/omi-optika.hu\/wp-content\/uploads\/2019\/12\/ikeroptik.png","width":1330,"height":608},{"@type":"BreadcrumbList","@id":"https:\/\/omi-optika.hu\/uzlet\/ikeroptika\/#breadcrumb","itemListElement":[{"@type":"ListItem","position":1,"name":"Home","item":"https:\/\/omi-optika.hu\/"},{"@type":"ListItem","position":2,"name":"Shop","item":"https:\/\/omi-optika.hu\/en\/shop\/"},{"@type":"ListItem","position":3,"name":"Ikeroptika"}]},{"@type":"WebSite","@id":"https:\/\/omi-optika.hu\/#website","url":"https:\/\/omi-optika.hu\/","name":"OMI Optika","description":"OPTIKA Mernokiroda homepage","publisher":{"@id":"https:\/\/omi-optika.hu\/#organization"},"potentialAction":[{"@type":"SearchAction","target":{"@type":"EntryPoint","urlTemplate":"https:\/\/omi-optika.hu\/?s={search_term_string}"},"query-input":{"@type":"PropertyValueSpecification","valueRequired":true,"valueName":"search_term_string"}}],"inLanguage":"en-US"},{"@type":"Organization","@id":"https:\/\/omi-optika.hu\/#organization","name":"OPTIKA Mernokiroda Kft.","url":"https:\/\/omi-optika.hu\/","logo":{"@type":"ImageObject","inLanguage":"en-US","@id":"https:\/\/omi-optika.hu\/#\/schema\/logo\/image\/","url":"https:\/\/omi-optika.hu\/wp-content\/uploads\/2019\/05\/forgatas-265kb.gif","contentUrl":"https:\/\/omi-optika.hu\/wp-content\/uploads\/2019\/05\/forgatas-265kb.gif","width":400,"height":205,"caption":"OPTIKA Mernokiroda Kft."},"image":{"@id":"https:\/\/omi-optika.hu\/#\/schema\/logo\/image\/"}}]}},"_links":{"self":[{"href":"https:\/\/omi-optika.hu\/en\/wp-json\/wp\/v2\/product\/2128","targetHints":{"allow":["GET"]}}],"collection":[{"href":"https:\/\/omi-optika.hu\/en\/wp-json\/wp\/v2\/product"}],"about":[{"href":"https:\/\/omi-optika.hu\/en\/wp-json\/wp\/v2\/types\/product"}],"replies":[{"embeddable":true,"href":"https:\/\/omi-optika.hu\/en\/wp-json\/wp\/v2\/comments?post=2128"}],"wp:featuredmedia":[{"embeddable":true,"href":"https:\/\/omi-optika.hu\/en\/wp-json\/wp\/v2\/media\/5127"}],"wp:attachment":[{"href":"https:\/\/omi-optika.hu\/en\/wp-json\/wp\/v2\/media?parent=2128"}],"wp:term":[{"taxonomy":"product_brand","embeddable":true,"href":"https:\/\/omi-optika.hu\/en\/wp-json\/wp\/v2\/product_brand?post=2128"},{"taxonomy":"product_cat","embeddable":true,"href":"https:\/\/omi-optika.hu\/en\/wp-json\/wp\/v2\/product_cat?post=2128"},{"taxonomy":"product_tag","embeddable":true,"href":"https:\/\/omi-optika.hu\/en\/wp-json\/wp\/v2\/product_tag?post=2128"}],"curies":[{"name":"wp","href":"https:\/\/api.w.org\/{rel}","templated":true}]}}