{"id":2130,"date":"2019-12-16T14:18:02","date_gmt":"2019-12-16T14:18:02","guid":{"rendered":"https:\/\/omi-optika.hu\/?post_type=product&#038;p=2130"},"modified":"2025-11-05T20:12:35","modified_gmt":"2025-11-05T20:12:35","slug":"kalibralt-hokamera","status":"publish","type":"product","link":"https:\/\/omi-optika.hu\/en\/uzlet\/kalibralt-hokamera\/","title":{"rendered":"Kalibr\u00e1lt m\u00e9r\u0151kamera"},"content":{"rendered":"<p><\/p>\n<h1>Kalibr\u00e1lt m\u00e9r\u0151kamera<\/h1>\n<h2>\u00c1ltal\u00e1nos le\u00edr\u00e1s:<\/h2>\n<p>&nbsp;<\/p>\n<p>Ahhoz, hogy a digit\u00e1lis k\u00e9peken m\u00e9r\u00e9st v\u00e9gezhess\u00fcnk, egy koordin\u00e1ta rendszerre van sz\u00fcks\u00e9g\u00fcnk. K\u00e9zenfekv\u0151, hogy ezt a koordin\u00e1tarendszert a k\u00e9peket alkot\u00f3 pixelek szintj\u00e9n defini\u00e1ljuk. \u00c1ltal\u00e1ban a pixel koordin\u00e1ta rendszer kezd\u0151pontj\u00e1t a k\u00e9p bal fels\u0151 sark\u00e1ba vagy a bal fels\u0151 pixel k\u00f6z\u00e9ppontj\u00e1ba helyezik. Minden pixelnek van x,y ir\u00e1nyban kiterjed\u00e9se (ide\u00e1lis esetben a pixel alakja n\u00e9gyzet), \u00edgy a pixelkoordin\u00e1ta a pixel t\u00f6rtr\u00e9sz\u00e9t is tartalmazhatja, melyet tizedes sz\u00e1mmal fejezhet\u00fcnk ki.<\/p>\n<p>A digit\u00e1lis fotogrammetria sz\u00e1m\u00e1ra a digit\u00e1lis k\u00e9peket el\u0151 kell \u00e1ll\u00edtani. A k\u00e9pek el\u0151\u00e1ll\u00edt\u00e1sa t\u00f6rt\u00e9nhet k\u00f6zvetlen\u00fcl digit\u00e1lis kamer\u00e1kkal, szenzorokkal vagy k\u00f6zvetve, anal\u00f3g felv\u00e9telek letapogat\u00e1s\u00e1val (szkennel\u00e9s\u00e9vel). Ebben a fejezetben ezeket az el\u0151\u00e1ll\u00edt\u00e1si m\u00f3dokat tekintj\u00fck \u00e1t.<\/p>\n<p>A digit\u00e1lis m\u00e9r\u0151kamer\u00e1k kiz\u00e1r\u00f3lag fotogrammetriai c\u00e9lokat szolg\u00e1lnak. Pontoss\u00e1guk, felbont\u00e1suk, megb\u00edzhat\u00f3s\u00e1guk nagyobb, mint az amat\u0151r kamer\u00e1k\u00e9, bels\u0151 adataik \u00e9s hib\u00e1ik pontosan ismertek. E kamarat\u00edpusok tov\u00e1bbi saj\u00e1toss\u00e1ga lehet m\u00e9g, hogy felv\u00e9teleket t\u00f6bb spektr\u00e1lis tartom\u00e1nyban is k\u00e9pesek egy id\u0151ben k\u00e9sz\u00edteni.<\/p>\n<h3><\/h3>\n<h3>M\u0171szaki param\u00e9terek:<\/h3>\n<p>\u2013 szenzor t\u00edpusa: CCD vagy CMOS<\/p>\n<p>\u2013 szenzor m\u00e9ret (pl.: 1\/3\u2033)<\/p>\n<p>\u2013 pixel m\u00e9ret (pl.: 3.6 x 3.6 \u03bcm)<\/p>\n<p>\u2013 video felbont\u00e1s (pl.: 2048 (h) x 2048 (v) )<\/p>\n<p>\u2013 Pixel clock (pl.:40 MHz)<\/p>\n<p>\u2013 k\u00e9pfelv\u00e9tel sebess\u00e9ge (pl.: 15 frames\/sec.)<\/p>\n<p>\u2013 a kamera felbont\u00e1sa (pl.: 5 Mpix)<\/p>\n<p>\u2013 optikai zoom (pl.: 10x-es)<\/p>\n<p>\u2013 digit\u00e1lis zoom (pl.: 2x-es)<\/p>\n<p>\u2013 csatlakoz\u00e1s (pl.: C-menettel)<\/p>\n<p>\u2013 z\u00e1r sebess\u00e9g (pl.: 1\/45 ~ 1\/16000 sec.)<\/p>\n<p>&nbsp;<\/p>\n<h3>Standard m\u00e9reteink\/Term\u00e9k cikksz\u00e1mok:<\/h3>\n<table>\n<tbody>\n<tr>\n<th>Megrendel\u00e9si sz\u00e1m<\/th>\n<th>Szenzor t\u00edpusa<\/th>\n<th>Szenzor m\u00e9rete<\/th>\n<th>Csatlakoz\u00e1s<\/th>\n<th>Video felbont\u00e1s (hxv)<\/th>\n<th>Adatlap<\/th>\n<\/tr>\n<tr>\n<td>6-200-001<\/td>\n<td>CCD<\/td>\n<td>1\/3\u2033<\/td>\n<td>C-menet<\/td>\n<td>800 x 600<\/td>\n<td><a href=\"http:\/\/omi-optika.hu\/wp-content\/uploads\/2018\/09\/6-200-001.pdf\" target=\"_blank\" rel=\"noopener noreferrer\">6-200-001.pdf<\/a><\/td>\n<\/tr>\n<\/tbody>\n<\/table>\n<p><\/p>","protected":false},"excerpt":{"rendered":"<p>Kalibr\u00e1lt m\u00e9r\u0151kamera \u00c1ltal\u00e1nos le\u00edr\u00e1s: &nbsp; Ahhoz, hogy a digit\u00e1lis k\u00e9peken m\u00e9r\u00e9st v\u00e9gezhess\u00fcnk, egy koordin\u00e1ta rendszerre van sz\u00fcks\u00e9g\u00fcnk. K\u00e9zenfekv\u0151, hogy ezt a koordin\u00e1tarendszert a k\u00e9peket alkot\u00f3 pixelek szintj\u00e9n defini\u00e1ljuk. \u00c1ltal\u00e1ban a pixel koordin\u00e1ta rendszer kezd\u0151pontj\u00e1t a k\u00e9p bal fels\u0151 sark\u00e1ba vagy a bal fels\u0151 pixel k\u00f6z\u00e9ppontj\u00e1ba helyezik. Minden pixelnek van x,y ir\u00e1nyban kiterjed\u00e9se (ide\u00e1lis esetben a [&hellip;]<\/p>\n","protected":false},"featured_media":3436,"comment_status":"closed","ping_status":"closed","template":"","meta":[],"product_brand":[],"product_cat":[164],"product_tag":[],"class_list":{"0":"post-2130","1":"product","2":"type-product","3":"status-publish","4":"has-post-thumbnail","6":"product_cat-egyedi-merorendszerek","8":"first","9":"instock","10":"taxable","11":"shipping-taxable","12":"product-type-simple"},"yoast_head":"<!-- This site is optimized with the Yoast SEO plugin v25.9 - https:\/\/yoast.com\/wordpress\/plugins\/seo\/ -->\n<title>Kalibr\u00e1lt m\u00e9r\u0151kamera - OMI Optika<\/title>\n<meta name=\"description\" content=\"Term\u00e9kek\" \/>\n<meta name=\"robots\" content=\"index, follow, max-snippet:-1, max-image-preview:large, max-video-preview:-1\" \/>\n<link rel=\"canonical\" href=\"https:\/\/omi-optika.hu\/uzlet\/kalibralt-hokamera\/\" \/>\n<meta property=\"og:locale\" content=\"en_US\" \/>\n<meta property=\"og:type\" content=\"article\" \/>\n<meta property=\"og:title\" content=\"Kalibr\u00e1lt m\u00e9r\u0151kamera - OMI Optika\" \/>\n<meta property=\"og:description\" content=\"Term\u00e9kek\" \/>\n<meta property=\"og:url\" content=\"https:\/\/omi-optika.hu\/uzlet\/kalibralt-hokamera\/\" \/>\n<meta property=\"og:site_name\" content=\"OMI Optika\" \/>\n<meta property=\"article:modified_time\" content=\"2025-11-05T20:12:35+00:00\" \/>\n<meta property=\"og:image\" content=\"https:\/\/omi-optika.hu\/wp-content\/uploads\/2021\/05\/8-030-000-kollimator-1.jpg\" \/>\n\t<meta property=\"og:image:width\" content=\"500\" \/>\n\t<meta property=\"og:image:height\" content=\"500\" \/>\n\t<meta property=\"og:image:type\" content=\"image\/jpeg\" \/>\n<meta name=\"twitter:card\" content=\"summary_large_image\" \/>\n<meta name=\"twitter:label1\" content=\"Est. reading time\" \/>\n\t<meta name=\"twitter:data1\" content=\"2 minutes\" \/>\n<script type=\"application\/ld+json\" class=\"yoast-schema-graph\">{\"@context\":\"https:\/\/schema.org\",\"@graph\":[{\"@type\":\"WebPage\",\"@id\":\"https:\/\/omi-optika.hu\/uzlet\/kalibralt-hokamera\/\",\"url\":\"https:\/\/omi-optika.hu\/uzlet\/kalibralt-hokamera\/\",\"name\":\"Kalibr\u00e1lt m\u00e9r\u0151kamera - OMI Optika\",\"isPartOf\":{\"@id\":\"https:\/\/omi-optika.hu\/#website\"},\"primaryImageOfPage\":{\"@id\":\"https:\/\/omi-optika.hu\/uzlet\/kalibralt-hokamera\/#primaryimage\"},\"image\":{\"@id\":\"https:\/\/omi-optika.hu\/uzlet\/kalibralt-hokamera\/#primaryimage\"},\"thumbnailUrl\":\"https:\/\/omi-optika.hu\/wp-content\/uploads\/2021\/05\/8-030-000-kollimator-1.jpg\",\"datePublished\":\"2019-12-16T14:18:02+00:00\",\"dateModified\":\"2025-11-05T20:12:35+00:00\",\"description\":\"Term\u00e9kek\",\"breadcrumb\":{\"@id\":\"https:\/\/omi-optika.hu\/uzlet\/kalibralt-hokamera\/#breadcrumb\"},\"inLanguage\":\"en-US\",\"potentialAction\":[{\"@type\":\"ReadAction\",\"target\":[\"https:\/\/omi-optika.hu\/uzlet\/kalibralt-hokamera\/\"]}]},{\"@type\":\"ImageObject\",\"inLanguage\":\"en-US\",\"@id\":\"https:\/\/omi-optika.hu\/uzlet\/kalibralt-hokamera\/#primaryimage\",\"url\":\"https:\/\/omi-optika.hu\/wp-content\/uploads\/2021\/05\/8-030-000-kollimator-1.jpg\",\"contentUrl\":\"https:\/\/omi-optika.hu\/wp-content\/uploads\/2021\/05\/8-030-000-kollimator-1.jpg\",\"width\":500,\"height\":500},{\"@type\":\"BreadcrumbList\",\"@id\":\"https:\/\/omi-optika.hu\/uzlet\/kalibralt-hokamera\/#breadcrumb\",\"itemListElement\":[{\"@type\":\"ListItem\",\"position\":1,\"name\":\"Home\",\"item\":\"https:\/\/omi-optika.hu\/\"},{\"@type\":\"ListItem\",\"position\":2,\"name\":\"Shop\",\"item\":\"https:\/\/omi-optika.hu\/en\/shop\/\"},{\"@type\":\"ListItem\",\"position\":3,\"name\":\"Kalibr\u00e1lt m\u00e9r\u0151kamera\"}]},{\"@type\":\"WebSite\",\"@id\":\"https:\/\/omi-optika.hu\/#website\",\"url\":\"https:\/\/omi-optika.hu\/\",\"name\":\"OMI Optika\",\"description\":\"OPTIKA Mernokiroda homepage\",\"publisher\":{\"@id\":\"https:\/\/omi-optika.hu\/#organization\"},\"potentialAction\":[{\"@type\":\"SearchAction\",\"target\":{\"@type\":\"EntryPoint\",\"urlTemplate\":\"https:\/\/omi-optika.hu\/?s={search_term_string}\"},\"query-input\":{\"@type\":\"PropertyValueSpecification\",\"valueRequired\":true,\"valueName\":\"search_term_string\"}}],\"inLanguage\":\"en-US\"},{\"@type\":\"Organization\",\"@id\":\"https:\/\/omi-optika.hu\/#organization\",\"name\":\"OPTIKA Mernokiroda Kft.\",\"url\":\"https:\/\/omi-optika.hu\/\",\"logo\":{\"@type\":\"ImageObject\",\"inLanguage\":\"en-US\",\"@id\":\"https:\/\/omi-optika.hu\/#\/schema\/logo\/image\/\",\"url\":\"https:\/\/omi-optika.hu\/wp-content\/uploads\/2019\/05\/forgatas-265kb.gif\",\"contentUrl\":\"https:\/\/omi-optika.hu\/wp-content\/uploads\/2019\/05\/forgatas-265kb.gif\",\"width\":400,\"height\":205,\"caption\":\"OPTIKA Mernokiroda Kft.\"},\"image\":{\"@id\":\"https:\/\/omi-optika.hu\/#\/schema\/logo\/image\/\"}}]}<\/script>\n<!-- \/ Yoast SEO plugin. -->","yoast_head_json":{"title":"Kalibr\u00e1lt m\u00e9r\u0151kamera - OMI Optika","description":"Term\u00e9kek","robots":{"index":"index","follow":"follow","max-snippet":"max-snippet:-1","max-image-preview":"max-image-preview:large","max-video-preview":"max-video-preview:-1"},"canonical":"https:\/\/omi-optika.hu\/uzlet\/kalibralt-hokamera\/","og_locale":"en_US","og_type":"article","og_title":"Kalibr\u00e1lt m\u00e9r\u0151kamera - OMI Optika","og_description":"Term\u00e9kek","og_url":"https:\/\/omi-optika.hu\/uzlet\/kalibralt-hokamera\/","og_site_name":"OMI Optika","article_modified_time":"2025-11-05T20:12:35+00:00","og_image":[{"width":500,"height":500,"url":"https:\/\/omi-optika.hu\/wp-content\/uploads\/2021\/05\/8-030-000-kollimator-1.jpg","type":"image\/jpeg"}],"twitter_card":"summary_large_image","twitter_misc":{"Est. reading time":"2 minutes"},"schema":{"@context":"https:\/\/schema.org","@graph":[{"@type":"WebPage","@id":"https:\/\/omi-optika.hu\/uzlet\/kalibralt-hokamera\/","url":"https:\/\/omi-optika.hu\/uzlet\/kalibralt-hokamera\/","name":"Kalibr\u00e1lt m\u00e9r\u0151kamera - OMI Optika","isPartOf":{"@id":"https:\/\/omi-optika.hu\/#website"},"primaryImageOfPage":{"@id":"https:\/\/omi-optika.hu\/uzlet\/kalibralt-hokamera\/#primaryimage"},"image":{"@id":"https:\/\/omi-optika.hu\/uzlet\/kalibralt-hokamera\/#primaryimage"},"thumbnailUrl":"https:\/\/omi-optika.hu\/wp-content\/uploads\/2021\/05\/8-030-000-kollimator-1.jpg","datePublished":"2019-12-16T14:18:02+00:00","dateModified":"2025-11-05T20:12:35+00:00","description":"Term\u00e9kek","breadcrumb":{"@id":"https:\/\/omi-optika.hu\/uzlet\/kalibralt-hokamera\/#breadcrumb"},"inLanguage":"en-US","potentialAction":[{"@type":"ReadAction","target":["https:\/\/omi-optika.hu\/uzlet\/kalibralt-hokamera\/"]}]},{"@type":"ImageObject","inLanguage":"en-US","@id":"https:\/\/omi-optika.hu\/uzlet\/kalibralt-hokamera\/#primaryimage","url":"https:\/\/omi-optika.hu\/wp-content\/uploads\/2021\/05\/8-030-000-kollimator-1.jpg","contentUrl":"https:\/\/omi-optika.hu\/wp-content\/uploads\/2021\/05\/8-030-000-kollimator-1.jpg","width":500,"height":500},{"@type":"BreadcrumbList","@id":"https:\/\/omi-optika.hu\/uzlet\/kalibralt-hokamera\/#breadcrumb","itemListElement":[{"@type":"ListItem","position":1,"name":"Home","item":"https:\/\/omi-optika.hu\/"},{"@type":"ListItem","position":2,"name":"Shop","item":"https:\/\/omi-optika.hu\/en\/shop\/"},{"@type":"ListItem","position":3,"name":"Kalibr\u00e1lt m\u00e9r\u0151kamera"}]},{"@type":"WebSite","@id":"https:\/\/omi-optika.hu\/#website","url":"https:\/\/omi-optika.hu\/","name":"OMI Optika","description":"OPTIKA Mernokiroda homepage","publisher":{"@id":"https:\/\/omi-optika.hu\/#organization"},"potentialAction":[{"@type":"SearchAction","target":{"@type":"EntryPoint","urlTemplate":"https:\/\/omi-optika.hu\/?s={search_term_string}"},"query-input":{"@type":"PropertyValueSpecification","valueRequired":true,"valueName":"search_term_string"}}],"inLanguage":"en-US"},{"@type":"Organization","@id":"https:\/\/omi-optika.hu\/#organization","name":"OPTIKA Mernokiroda Kft.","url":"https:\/\/omi-optika.hu\/","logo":{"@type":"ImageObject","inLanguage":"en-US","@id":"https:\/\/omi-optika.hu\/#\/schema\/logo\/image\/","url":"https:\/\/omi-optika.hu\/wp-content\/uploads\/2019\/05\/forgatas-265kb.gif","contentUrl":"https:\/\/omi-optika.hu\/wp-content\/uploads\/2019\/05\/forgatas-265kb.gif","width":400,"height":205,"caption":"OPTIKA Mernokiroda Kft."},"image":{"@id":"https:\/\/omi-optika.hu\/#\/schema\/logo\/image\/"}}]}},"_links":{"self":[{"href":"https:\/\/omi-optika.hu\/en\/wp-json\/wp\/v2\/product\/2130","targetHints":{"allow":["GET"]}}],"collection":[{"href":"https:\/\/omi-optika.hu\/en\/wp-json\/wp\/v2\/product"}],"about":[{"href":"https:\/\/omi-optika.hu\/en\/wp-json\/wp\/v2\/types\/product"}],"replies":[{"embeddable":true,"href":"https:\/\/omi-optika.hu\/en\/wp-json\/wp\/v2\/comments?post=2130"}],"wp:featuredmedia":[{"embeddable":true,"href":"https:\/\/omi-optika.hu\/en\/wp-json\/wp\/v2\/media\/3436"}],"wp:attachment":[{"href":"https:\/\/omi-optika.hu\/en\/wp-json\/wp\/v2\/media?parent=2130"}],"wp:term":[{"taxonomy":"product_brand","embeddable":true,"href":"https:\/\/omi-optika.hu\/en\/wp-json\/wp\/v2\/product_brand?post=2130"},{"taxonomy":"product_cat","embeddable":true,"href":"https:\/\/omi-optika.hu\/en\/wp-json\/wp\/v2\/product_cat?post=2130"},{"taxonomy":"product_tag","embeddable":true,"href":"https:\/\/omi-optika.hu\/en\/wp-json\/wp\/v2\/product_tag?post=2130"}],"curies":[{"name":"wp","href":"https:\/\/api.w.org\/{rel}","templated":true}]}}