{"id":2131,"date":"2019-12-16T14:21:23","date_gmt":"2019-12-16T14:21:23","guid":{"rendered":"https:\/\/omi-optika.hu\/?post_type=product&#038;p=2131"},"modified":"2020-05-07T11:31:18","modified_gmt":"2020-05-07T11:31:18","slug":"rgb-szinkevero","status":"publish","type":"product","link":"https:\/\/omi-optika.hu\/en\/uzlet\/rgb-szinkevero\/","title":{"rendered":"RGB sz\u00ednkever\u0151"},"content":{"rendered":"<p><\/p>\n<h1>RGB sz\u00ednkever\u0151<\/h1>\n<p><img loading=\"lazy\" decoding=\"async\" class=\"alignright wp-image-4581 size-tb_small\" src=\"http:\/\/omi-optika.hu\/wp-content\/uploads\/2019\/10\/szinkevero_1-180x195.png\" sizes=\"auto, (max-width: 180px) 100vw, 180px\" srcset=\"http:\/\/omi-optika.hu\/wp-content\/uploads\/2019\/10\/szinkevero_1-180x195.png 180w, http:\/\/omi-optika.hu\/wp-content\/uploads\/2019\/10\/szinkevero_1-277x300.png 277w, http:\/\/omi-optika.hu\/wp-content\/uploads\/2019\/10\/szinkevero_1-22x24.png 22w, http:\/\/omi-optika.hu\/wp-content\/uploads\/2019\/10\/szinkevero_1-33x36.png 33w, http:\/\/omi-optika.hu\/wp-content\/uploads\/2019\/10\/szinkevero_1-44x48.png 44w, http:\/\/omi-optika.hu\/wp-content\/uploads\/2019\/10\/szinkevero_1.png 496w\" alt=\"\" width=\"180\" height=\"195\" \/><\/p>\n<h2>\u00c1ltal\u00e1nos le\u00edr\u00e1s:<\/h2>\n<p>RGB addit\u00edv sz\u00ednkever\u00e9s bemutat\u00e1sa oktat\u00e1si, ismeretterjeszt\u00e9si \u00e9s dekorat\u00edv c\u00e9lokb\u00f3l egyenk\u00e9nt kapcsolhat\u00f3 LED f\u00e9nyforr\u00e1sokkal.<\/p>\n<p>&nbsp;<\/p>\n<h3>M\u0171szaki param\u00e9terek:<img loading=\"lazy\" decoding=\"async\" class=\"alignright wp-image-4582 size-tb_small\" src=\"http:\/\/omi-optika.hu\/wp-content\/uploads\/2019\/10\/szinkevero_2-189x195.png\" sizes=\"auto, (max-width: 189px) 100vw, 189px\" srcset=\"http:\/\/omi-optika.hu\/wp-content\/uploads\/2019\/10\/szinkevero_2-189x195.png 189w, http:\/\/omi-optika.hu\/wp-content\/uploads\/2019\/10\/szinkevero_2-291x300.png 291w, http:\/\/omi-optika.hu\/wp-content\/uploads\/2019\/10\/szinkevero_2-45x45.png 45w, http:\/\/omi-optika.hu\/wp-content\/uploads\/2019\/10\/szinkevero_2-24x24.png 24w, http:\/\/omi-optika.hu\/wp-content\/uploads\/2019\/10\/szinkevero_2-36x36.png 36w, http:\/\/omi-optika.hu\/wp-content\/uploads\/2019\/10\/szinkevero_2.png 523w\" alt=\"\" width=\"189\" height=\"195\" \/><\/h3>\n<ul>\n<li>RGB addit\u00edv sz\u00ednkever\u00e9s bemutat\u00e1sa LED f\u00e9nyforr\u00e1sokkal<\/li>\n<li>Addit\u00edv \u00e9s szubtrakt\u00edv alapsz\u00ednek l\u00e9trehoz\u00e1sa<\/li>\n<li>Egyenk\u00e9nt ki-be kapcsolhat\u00f3 RGB f\u00e9nyforr\u00e1sok<\/li>\n<li>Sz\u00ednkever\u00e9s, az alapsz\u00ednek szeml\u00e9letes bemutat\u00e1sa oktat\u00e1si, ismeretterjeszt\u00e9si \u00e9s dekorat\u00edv c\u00e9lokb\u00f3l<\/li>\n<\/ul>\n<h3>Standard m\u00e9reteink\/Term\u00e9k cikksz\u00e1mok:<\/h3>\n<table>\n<tbody>\n<tr>\n<th>Megrendel\u00e9si sz\u00e1m<\/th>\n<th>Befoglal\u00f3 m\u00e9retek-SzxMaxM\u00e9 (mm)<\/th>\n<th>Meghajt\u00e1s<\/th>\n<th>Sz\u00edn<\/th>\n<th>Adatlap<\/th>\n<\/tr>\n<tr>\n<td>7-150-000<\/td>\n<td>490 x 599 x 142<\/td>\n<td>230V AC adapter (max. 3x3W, \u00e1ramgener\u00e1toros)<\/td>\n<td>RGB<\/td>\n<td><a href=\"\/wp-content\/uploads\/2019\/12\/7-150-000.pdf\" target=\"_blank\" rel=\"noopener noreferrer\">7-150-000.pdf<\/a><\/td>\n<\/tr>\n<\/tbody>\n<\/table>\n<p><\/p>","protected":false},"excerpt":{"rendered":"<p>RGB sz\u00ednkever\u0151 \u00c1ltal\u00e1nos le\u00edr\u00e1s: RGB addit\u00edv sz\u00ednkever\u00e9s bemutat\u00e1sa oktat\u00e1si, ismeretterjeszt\u00e9si \u00e9s dekorat\u00edv c\u00e9lokb\u00f3l egyenk\u00e9nt kapcsolhat\u00f3 LED f\u00e9nyforr\u00e1sokkal. &nbsp; M\u0171szaki param\u00e9terek: RGB addit\u00edv sz\u00ednkever\u00e9s bemutat\u00e1sa LED f\u00e9nyforr\u00e1sokkal Addit\u00edv \u00e9s szubtrakt\u00edv alapsz\u00ednek l\u00e9trehoz\u00e1sa Egyenk\u00e9nt ki-be kapcsolhat\u00f3 RGB f\u00e9nyforr\u00e1sok Sz\u00ednkever\u00e9s, az alapsz\u00ednek szeml\u00e9letes bemutat\u00e1sa oktat\u00e1si, ismeretterjeszt\u00e9si \u00e9s dekorat\u00edv c\u00e9lokb\u00f3l Standard m\u00e9reteink\/Term\u00e9k cikksz\u00e1mok: Megrendel\u00e9si sz\u00e1m Befoglal\u00f3 m\u00e9retek-SzxMaxM\u00e9 (mm) Meghajt\u00e1s [&hellip;]<\/p>\n","protected":false},"featured_media":2683,"comment_status":"closed","ping_status":"closed","template":"","meta":[],"product_brand":[],"product_cat":[15],"product_tag":[],"class_list":{"0":"post-2131","1":"product","2":"type-product","3":"status-publish","4":"has-post-thumbnail","6":"product_cat-vegyes","8":"first","9":"instock","10":"taxable","11":"shipping-taxable","12":"product-type-simple"},"yoast_head":"<!-- This site is optimized with the Yoast SEO plugin v25.9 - https:\/\/yoast.com\/wordpress\/plugins\/seo\/ -->\n<title>RGB sz\u00ednkever\u0151 - OMI Optika<\/title>\n<meta name=\"description\" content=\"Term\u00e9kek\" \/>\n<meta name=\"robots\" content=\"index, follow, max-snippet:-1, max-image-preview:large, max-video-preview:-1\" \/>\n<link rel=\"canonical\" href=\"https:\/\/omi-optika.hu\/en\/uzlet\/rgb-szinkevero\/\" \/>\n<meta property=\"og:locale\" content=\"en_US\" \/>\n<meta property=\"og:type\" content=\"article\" \/>\n<meta property=\"og:title\" content=\"RGB sz\u00ednkever\u0151 - OMI Optika\" \/>\n<meta property=\"og:description\" content=\"Term\u00e9kek\" \/>\n<meta property=\"og:url\" content=\"https:\/\/omi-optika.hu\/en\/uzlet\/rgb-szinkevero\/\" \/>\n<meta property=\"og:site_name\" content=\"OMI Optika\" \/>\n<meta property=\"article:modified_time\" content=\"2020-05-07T11:31:18+00:00\" \/>\n<meta property=\"og:image\" content=\"https:\/\/omi-optika.hu\/wp-content\/uploads\/2020\/05\/RGB-SZINKEVERO-e1588832821977.jpg\" \/>\n\t<meta property=\"og:image:width\" content=\"500\" \/>\n\t<meta property=\"og:image:height\" content=\"500\" \/>\n\t<meta property=\"og:image:type\" content=\"image\/jpeg\" \/>\n<meta name=\"twitter:card\" content=\"summary_large_image\" \/>\n<meta name=\"twitter:label1\" content=\"Est. reading time\" \/>\n\t<meta name=\"twitter:data1\" content=\"1 minute\" \/>\n<script type=\"application\/ld+json\" class=\"yoast-schema-graph\">{\"@context\":\"https:\/\/schema.org\",\"@graph\":[{\"@type\":\"WebPage\",\"@id\":\"https:\/\/omi-optika.hu\/en\/uzlet\/rgb-szinkevero\/\",\"url\":\"https:\/\/omi-optika.hu\/en\/uzlet\/rgb-szinkevero\/\",\"name\":\"RGB sz\u00ednkever\u0151 - OMI Optika\",\"isPartOf\":{\"@id\":\"https:\/\/omi-optika.hu\/#website\"},\"primaryImageOfPage\":{\"@id\":\"https:\/\/omi-optika.hu\/en\/uzlet\/rgb-szinkevero\/#primaryimage\"},\"image\":{\"@id\":\"https:\/\/omi-optika.hu\/en\/uzlet\/rgb-szinkevero\/#primaryimage\"},\"thumbnailUrl\":\"https:\/\/omi-optika.hu\/wp-content\/uploads\/2020\/05\/RGB-SZINKEVERO-e1588832821977.jpg\",\"datePublished\":\"2019-12-16T14:21:23+00:00\",\"dateModified\":\"2020-05-07T11:31:18+00:00\",\"description\":\"Term\u00e9kek\",\"breadcrumb\":{\"@id\":\"https:\/\/omi-optika.hu\/en\/uzlet\/rgb-szinkevero\/#breadcrumb\"},\"inLanguage\":\"en-US\",\"potentialAction\":[{\"@type\":\"ReadAction\",\"target\":[\"https:\/\/omi-optika.hu\/en\/uzlet\/rgb-szinkevero\/\"]}]},{\"@type\":\"ImageObject\",\"inLanguage\":\"en-US\",\"@id\":\"https:\/\/omi-optika.hu\/en\/uzlet\/rgb-szinkevero\/#primaryimage\",\"url\":\"https:\/\/omi-optika.hu\/wp-content\/uploads\/2020\/05\/RGB-SZINKEVERO-e1588832821977.jpg\",\"contentUrl\":\"https:\/\/omi-optika.hu\/wp-content\/uploads\/2020\/05\/RGB-SZINKEVERO-e1588832821977.jpg\",\"width\":500,\"height\":500},{\"@type\":\"BreadcrumbList\",\"@id\":\"https:\/\/omi-optika.hu\/en\/uzlet\/rgb-szinkevero\/#breadcrumb\",\"itemListElement\":[{\"@type\":\"ListItem\",\"position\":1,\"name\":\"Home\",\"item\":\"https:\/\/omi-optika.hu\/\"},{\"@type\":\"ListItem\",\"position\":2,\"name\":\"Shop\",\"item\":\"https:\/\/omi-optika.hu\/en\/shop\/\"},{\"@type\":\"ListItem\",\"position\":3,\"name\":\"RGB sz\u00ednkever\u0151\"}]},{\"@type\":\"WebSite\",\"@id\":\"https:\/\/omi-optika.hu\/#website\",\"url\":\"https:\/\/omi-optika.hu\/\",\"name\":\"OMI Optika\",\"description\":\"OPTIKA Mernokiroda homepage\",\"publisher\":{\"@id\":\"https:\/\/omi-optika.hu\/#organization\"},\"potentialAction\":[{\"@type\":\"SearchAction\",\"target\":{\"@type\":\"EntryPoint\",\"urlTemplate\":\"https:\/\/omi-optika.hu\/?s={search_term_string}\"},\"query-input\":{\"@type\":\"PropertyValueSpecification\",\"valueRequired\":true,\"valueName\":\"search_term_string\"}}],\"inLanguage\":\"en-US\"},{\"@type\":\"Organization\",\"@id\":\"https:\/\/omi-optika.hu\/#organization\",\"name\":\"OPTIKA Mernokiroda Kft.\",\"url\":\"https:\/\/omi-optika.hu\/\",\"logo\":{\"@type\":\"ImageObject\",\"inLanguage\":\"en-US\",\"@id\":\"https:\/\/omi-optika.hu\/#\/schema\/logo\/image\/\",\"url\":\"https:\/\/omi-optika.hu\/wp-content\/uploads\/2019\/05\/forgatas-265kb.gif\",\"contentUrl\":\"https:\/\/omi-optika.hu\/wp-content\/uploads\/2019\/05\/forgatas-265kb.gif\",\"width\":400,\"height\":205,\"caption\":\"OPTIKA Mernokiroda Kft.\"},\"image\":{\"@id\":\"https:\/\/omi-optika.hu\/#\/schema\/logo\/image\/\"}}]}<\/script>\n<!-- \/ Yoast SEO plugin. -->","yoast_head_json":{"title":"RGB sz\u00ednkever\u0151 - OMI Optika","description":"Term\u00e9kek","robots":{"index":"index","follow":"follow","max-snippet":"max-snippet:-1","max-image-preview":"max-image-preview:large","max-video-preview":"max-video-preview:-1"},"canonical":"https:\/\/omi-optika.hu\/en\/uzlet\/rgb-szinkevero\/","og_locale":"en_US","og_type":"article","og_title":"RGB sz\u00ednkever\u0151 - OMI Optika","og_description":"Term\u00e9kek","og_url":"https:\/\/omi-optika.hu\/en\/uzlet\/rgb-szinkevero\/","og_site_name":"OMI Optika","article_modified_time":"2020-05-07T11:31:18+00:00","og_image":[{"width":500,"height":500,"url":"https:\/\/omi-optika.hu\/wp-content\/uploads\/2020\/05\/RGB-SZINKEVERO-e1588832821977.jpg","type":"image\/jpeg"}],"twitter_card":"summary_large_image","twitter_misc":{"Est. reading time":"1 minute"},"schema":{"@context":"https:\/\/schema.org","@graph":[{"@type":"WebPage","@id":"https:\/\/omi-optika.hu\/en\/uzlet\/rgb-szinkevero\/","url":"https:\/\/omi-optika.hu\/en\/uzlet\/rgb-szinkevero\/","name":"RGB sz\u00ednkever\u0151 - OMI Optika","isPartOf":{"@id":"https:\/\/omi-optika.hu\/#website"},"primaryImageOfPage":{"@id":"https:\/\/omi-optika.hu\/en\/uzlet\/rgb-szinkevero\/#primaryimage"},"image":{"@id":"https:\/\/omi-optika.hu\/en\/uzlet\/rgb-szinkevero\/#primaryimage"},"thumbnailUrl":"https:\/\/omi-optika.hu\/wp-content\/uploads\/2020\/05\/RGB-SZINKEVERO-e1588832821977.jpg","datePublished":"2019-12-16T14:21:23+00:00","dateModified":"2020-05-07T11:31:18+00:00","description":"Term\u00e9kek","breadcrumb":{"@id":"https:\/\/omi-optika.hu\/en\/uzlet\/rgb-szinkevero\/#breadcrumb"},"inLanguage":"en-US","potentialAction":[{"@type":"ReadAction","target":["https:\/\/omi-optika.hu\/en\/uzlet\/rgb-szinkevero\/"]}]},{"@type":"ImageObject","inLanguage":"en-US","@id":"https:\/\/omi-optika.hu\/en\/uzlet\/rgb-szinkevero\/#primaryimage","url":"https:\/\/omi-optika.hu\/wp-content\/uploads\/2020\/05\/RGB-SZINKEVERO-e1588832821977.jpg","contentUrl":"https:\/\/omi-optika.hu\/wp-content\/uploads\/2020\/05\/RGB-SZINKEVERO-e1588832821977.jpg","width":500,"height":500},{"@type":"BreadcrumbList","@id":"https:\/\/omi-optika.hu\/en\/uzlet\/rgb-szinkevero\/#breadcrumb","itemListElement":[{"@type":"ListItem","position":1,"name":"Home","item":"https:\/\/omi-optika.hu\/"},{"@type":"ListItem","position":2,"name":"Shop","item":"https:\/\/omi-optika.hu\/en\/shop\/"},{"@type":"ListItem","position":3,"name":"RGB sz\u00ednkever\u0151"}]},{"@type":"WebSite","@id":"https:\/\/omi-optika.hu\/#website","url":"https:\/\/omi-optika.hu\/","name":"OMI Optika","description":"OPTIKA Mernokiroda homepage","publisher":{"@id":"https:\/\/omi-optika.hu\/#organization"},"potentialAction":[{"@type":"SearchAction","target":{"@type":"EntryPoint","urlTemplate":"https:\/\/omi-optika.hu\/?s={search_term_string}"},"query-input":{"@type":"PropertyValueSpecification","valueRequired":true,"valueName":"search_term_string"}}],"inLanguage":"en-US"},{"@type":"Organization","@id":"https:\/\/omi-optika.hu\/#organization","name":"OPTIKA Mernokiroda Kft.","url":"https:\/\/omi-optika.hu\/","logo":{"@type":"ImageObject","inLanguage":"en-US","@id":"https:\/\/omi-optika.hu\/#\/schema\/logo\/image\/","url":"https:\/\/omi-optika.hu\/wp-content\/uploads\/2019\/05\/forgatas-265kb.gif","contentUrl":"https:\/\/omi-optika.hu\/wp-content\/uploads\/2019\/05\/forgatas-265kb.gif","width":400,"height":205,"caption":"OPTIKA Mernokiroda Kft."},"image":{"@id":"https:\/\/omi-optika.hu\/#\/schema\/logo\/image\/"}}]}},"_links":{"self":[{"href":"https:\/\/omi-optika.hu\/en\/wp-json\/wp\/v2\/product\/2131","targetHints":{"allow":["GET"]}}],"collection":[{"href":"https:\/\/omi-optika.hu\/en\/wp-json\/wp\/v2\/product"}],"about":[{"href":"https:\/\/omi-optika.hu\/en\/wp-json\/wp\/v2\/types\/product"}],"replies":[{"embeddable":true,"href":"https:\/\/omi-optika.hu\/en\/wp-json\/wp\/v2\/comments?post=2131"}],"wp:featuredmedia":[{"embeddable":true,"href":"https:\/\/omi-optika.hu\/en\/wp-json\/wp\/v2\/media\/2683"}],"wp:attachment":[{"href":"https:\/\/omi-optika.hu\/en\/wp-json\/wp\/v2\/media?parent=2131"}],"wp:term":[{"taxonomy":"product_brand","embeddable":true,"href":"https:\/\/omi-optika.hu\/en\/wp-json\/wp\/v2\/product_brand?post=2131"},{"taxonomy":"product_cat","embeddable":true,"href":"https:\/\/omi-optika.hu\/en\/wp-json\/wp\/v2\/product_cat?post=2131"},{"taxonomy":"product_tag","embeddable":true,"href":"https:\/\/omi-optika.hu\/en\/wp-json\/wp\/v2\/product_tag?post=2131"}],"curies":[{"name":"wp","href":"https:\/\/api.w.org\/{rel}","templated":true}]}}