{"id":2785,"date":"2020-06-06T12:47:21","date_gmt":"2020-06-06T12:47:21","guid":{"rendered":"https:\/\/omi-optika.hu\/?post_type=product&#038;p=2785"},"modified":"2021-08-11T10:20:17","modified_gmt":"2021-08-11T10:20:17","slug":"3-056-620-hidegfeher-led-korvilagito","status":"publish","type":"product","link":"https:\/\/omi-optika.hu\/en\/uzlet\/3-056-620-hidegfeher-led-korvilagito\/","title":{"rendered":"3-056-620 Hidegfeh\u00e9r LED k\u00f6rvil\u00e1g\u00edt\u00f3"},"content":{"rendered":"<p><a href=\"https:\/\/omi-optika.hu\/wp-content\/uploads\/2019\/05\/3-056-620.pdf\">Adatlap<\/a><\/p>\n\r\n\r\n\t\t<div class=\"fbq-dummy fbq-p-bg-bg\"><div class=\"fbq-dummy-title\">gallery<\/div><div class=\"fbq-dummy-subtitle\">Gallery is now empty, please upload images.<\/div><\/div>\n<p>\n<table id=\"tablepress-tbl_gyuruvilagitok\" class=\"tablepress tablepress-id-tbl_gyuruvilagitok\">\n<thead>\n<tr class=\"row-1\">\n\t<td class=\"column-1\"><\/td><th class=\"column-2\">Megrendel\u00e9si sz\u00e1m<\/th><th class=\"column-3\">Megnevez\u00e9s<\/th><th class=\"column-4\">Megnevez\u00e9s<\/th><th class=\"column-5\">Szabad \u00e1tm\u00e9r\u00f5 (mm)<\/th><th class=\"column-6\">Befoglal\u00f3 m\u00e9retek (mm)<\/th><th class=\"column-7\">Megvil\u00e1g\u00edtott ter\u00fclet (mm)<\/th><th class=\"column-8\">Meghajt\u00e1s<\/th><th class=\"column-9\">F\u00e9ny\u00e1ram (lm)<\/th><th class=\"column-10\">Sz\u00edn<\/th><th class=\"column-11\">Adatlap<\/th><th class=\"column-12\">3D modell<\/th><th class=\"column-13\">Nett\u00f3 \u00e1r<\/th><td class=\"column-14\"><\/td>\n<\/tr>\n<\/thead>\n<tbody class=\"row-hover\">\n<tr class=\"row-2\">\n\t<td class=\"column-1\"><div class=\"table_pop-up_image\"><img decoding=\"async\" src=\"https:\/\/omi-optika.hu\/wp-content\/uploads\/2025\/07\/frissitettkep_3-056-620.jpg\"image_popup=\"true\" position=\"center\" image_lazy_load=\"true\" image_size=\"thumbnail\"][\/bp_image]<\/div><\/td><td class=\"column-2\"><a href=\"\/uzlet\/3-056-620-hidegfeher-led-korvilagito\/\" rel=\"noopener\" target=\"_blank\">3-056-620<\/a><\/td><td class=\"column-3\">LED gy\u0171r\u0171vil\u00e1g\u00edt\u00f3<\/td><td class=\"column-4\">LED Ring Light<\/td><td class=\"column-5\">\u00d840<\/td><td class=\"column-6\">\u00d880 x 30<\/td><td class=\"column-7\">~\u00d8150 @ WD=500mm<\/td><td class=\"column-8\">24V DC<\/td><td class=\"column-9\"><\/td><td class=\"column-10\">Hidegfeh\u00e9r \/ Cold white<\/td><td class=\"column-11\"><a href=\"\/wp-content\/uploads\/2019\/05\/3-056-620.pdf\" rel=\"noopener\" target=\"_blank\">3-056-620.pdf<\/a><\/td><td class=\"column-12\"><\/td><td class=\"column-13\"><\/td><td class=\"column-14\"><\/td>\n<\/tr>\n<\/tbody>\n<\/table>\n<!-- #tablepress-tbl_gyuruvilagitok from cache --><\/p>","protected":false},"excerpt":{"rendered":"<p>Adatlap<\/p>\n","protected":false},"featured_media":2088,"comment_status":"closed","ping_status":"closed","template":"","meta":[],"product_brand":[],"product_cat":[67],"product_tag":[],"class_list":{"0":"post-2785","1":"product","2":"type-product","3":"status-publish","4":"has-post-thumbnail","6":"product_cat-led-megvilagitok","8":"first","9":"instock","10":"taxable","11":"shipping-taxable","12":"product-type-simple"},"yoast_head":"<!-- This site is optimized with the Yoast SEO plugin v25.9 - https:\/\/yoast.com\/wordpress\/plugins\/seo\/ -->\n<title>3-056-620 Hidegfeh\u00e9r LED k\u00f6rvil\u00e1g\u00edt\u00f3 - OMI Optika<\/title>\n<meta name=\"description\" content=\"Term\u00e9kek\" \/>\n<meta name=\"robots\" content=\"index, follow, max-snippet:-1, max-image-preview:large, max-video-preview:-1\" \/>\n<link rel=\"canonical\" href=\"https:\/\/omi-optika.hu\/uzlet\/3-056-620-hidegfeher-led-korvilagito\/\" \/>\n<meta property=\"og:locale\" content=\"en_US\" \/>\n<meta property=\"og:type\" content=\"article\" \/>\n<meta property=\"og:title\" content=\"3-056-620 Hidegfeh\u00e9r LED k\u00f6rvil\u00e1g\u00edt\u00f3 - OMI Optika\" \/>\n<meta property=\"og:description\" content=\"Term\u00e9kek\" \/>\n<meta property=\"og:url\" content=\"https:\/\/omi-optika.hu\/uzlet\/3-056-620-hidegfeher-led-korvilagito\/\" \/>\n<meta property=\"og:site_name\" content=\"OMI Optika\" \/>\n<meta property=\"article:modified_time\" content=\"2021-08-11T10:20:17+00:00\" \/>\n<meta property=\"og:image\" content=\"https:\/\/omi-optika.hu\/wp-content\/uploads\/2019\/12\/woocommerce-placeholder-1-1.png\" \/>\n\t<meta property=\"og:image:width\" content=\"600\" \/>\n\t<meta property=\"og:image:height\" content=\"600\" \/>\n\t<meta property=\"og:image:type\" content=\"image\/png\" \/>\n<meta name=\"twitter:card\" content=\"summary_large_image\" \/>\n<meta name=\"twitter:label1\" content=\"Est. reading time\" \/>\n\t<meta name=\"twitter:data1\" content=\"1 minute\" \/>\n<script type=\"application\/ld+json\" class=\"yoast-schema-graph\">{\"@context\":\"https:\/\/schema.org\",\"@graph\":[{\"@type\":\"WebPage\",\"@id\":\"https:\/\/omi-optika.hu\/uzlet\/3-056-620-hidegfeher-led-korvilagito\/\",\"url\":\"https:\/\/omi-optika.hu\/uzlet\/3-056-620-hidegfeher-led-korvilagito\/\",\"name\":\"3-056-620 Hidegfeh\u00e9r LED k\u00f6rvil\u00e1g\u00edt\u00f3 - OMI Optika\",\"isPartOf\":{\"@id\":\"https:\/\/omi-optika.hu\/#website\"},\"primaryImageOfPage\":{\"@id\":\"https:\/\/omi-optika.hu\/uzlet\/3-056-620-hidegfeher-led-korvilagito\/#primaryimage\"},\"image\":{\"@id\":\"https:\/\/omi-optika.hu\/uzlet\/3-056-620-hidegfeher-led-korvilagito\/#primaryimage\"},\"thumbnailUrl\":\"https:\/\/omi-optika.hu\/wp-content\/uploads\/2019\/12\/woocommerce-placeholder-1-1.png\",\"datePublished\":\"2020-06-06T12:47:21+00:00\",\"dateModified\":\"2021-08-11T10:20:17+00:00\",\"description\":\"Term\u00e9kek\",\"breadcrumb\":{\"@id\":\"https:\/\/omi-optika.hu\/uzlet\/3-056-620-hidegfeher-led-korvilagito\/#breadcrumb\"},\"inLanguage\":\"en-US\",\"potentialAction\":[{\"@type\":\"ReadAction\",\"target\":[\"https:\/\/omi-optika.hu\/uzlet\/3-056-620-hidegfeher-led-korvilagito\/\"]}]},{\"@type\":\"ImageObject\",\"inLanguage\":\"en-US\",\"@id\":\"https:\/\/omi-optika.hu\/uzlet\/3-056-620-hidegfeher-led-korvilagito\/#primaryimage\",\"url\":\"https:\/\/omi-optika.hu\/wp-content\/uploads\/2019\/12\/woocommerce-placeholder-1-1.png\",\"contentUrl\":\"https:\/\/omi-optika.hu\/wp-content\/uploads\/2019\/12\/woocommerce-placeholder-1-1.png\",\"width\":600,\"height\":600},{\"@type\":\"BreadcrumbList\",\"@id\":\"https:\/\/omi-optika.hu\/uzlet\/3-056-620-hidegfeher-led-korvilagito\/#breadcrumb\",\"itemListElement\":[{\"@type\":\"ListItem\",\"position\":1,\"name\":\"Home\",\"item\":\"https:\/\/omi-optika.hu\/\"},{\"@type\":\"ListItem\",\"position\":2,\"name\":\"Shop\",\"item\":\"https:\/\/omi-optika.hu\/en\/shop\/\"},{\"@type\":\"ListItem\",\"position\":3,\"name\":\"3-056-620 Hidegfeh\u00e9r LED k\u00f6rvil\u00e1g\u00edt\u00f3\"}]},{\"@type\":\"WebSite\",\"@id\":\"https:\/\/omi-optika.hu\/#website\",\"url\":\"https:\/\/omi-optika.hu\/\",\"name\":\"OMI Optika\",\"description\":\"OPTIKA Mernokiroda homepage\",\"publisher\":{\"@id\":\"https:\/\/omi-optika.hu\/#organization\"},\"potentialAction\":[{\"@type\":\"SearchAction\",\"target\":{\"@type\":\"EntryPoint\",\"urlTemplate\":\"https:\/\/omi-optika.hu\/?s={search_term_string}\"},\"query-input\":{\"@type\":\"PropertyValueSpecification\",\"valueRequired\":true,\"valueName\":\"search_term_string\"}}],\"inLanguage\":\"en-US\"},{\"@type\":\"Organization\",\"@id\":\"https:\/\/omi-optika.hu\/#organization\",\"name\":\"OPTIKA Mernokiroda Kft.\",\"url\":\"https:\/\/omi-optika.hu\/\",\"logo\":{\"@type\":\"ImageObject\",\"inLanguage\":\"en-US\",\"@id\":\"https:\/\/omi-optika.hu\/#\/schema\/logo\/image\/\",\"url\":\"https:\/\/omi-optika.hu\/wp-content\/uploads\/2019\/05\/forgatas-265kb.gif\",\"contentUrl\":\"https:\/\/omi-optika.hu\/wp-content\/uploads\/2019\/05\/forgatas-265kb.gif\",\"width\":400,\"height\":205,\"caption\":\"OPTIKA Mernokiroda Kft.\"},\"image\":{\"@id\":\"https:\/\/omi-optika.hu\/#\/schema\/logo\/image\/\"}}]}<\/script>\n<!-- \/ Yoast SEO plugin. -->","yoast_head_json":{"title":"3-056-620 Hidegfeh\u00e9r LED k\u00f6rvil\u00e1g\u00edt\u00f3 - OMI Optika","description":"Term\u00e9kek","robots":{"index":"index","follow":"follow","max-snippet":"max-snippet:-1","max-image-preview":"max-image-preview:large","max-video-preview":"max-video-preview:-1"},"canonical":"https:\/\/omi-optika.hu\/uzlet\/3-056-620-hidegfeher-led-korvilagito\/","og_locale":"en_US","og_type":"article","og_title":"3-056-620 Hidegfeh\u00e9r LED k\u00f6rvil\u00e1g\u00edt\u00f3 - OMI Optika","og_description":"Term\u00e9kek","og_url":"https:\/\/omi-optika.hu\/uzlet\/3-056-620-hidegfeher-led-korvilagito\/","og_site_name":"OMI Optika","article_modified_time":"2021-08-11T10:20:17+00:00","og_image":[{"width":600,"height":600,"url":"https:\/\/omi-optika.hu\/wp-content\/uploads\/2019\/12\/woocommerce-placeholder-1-1.png","type":"image\/png"}],"twitter_card":"summary_large_image","twitter_misc":{"Est. reading time":"1 minute"},"schema":{"@context":"https:\/\/schema.org","@graph":[{"@type":"WebPage","@id":"https:\/\/omi-optika.hu\/uzlet\/3-056-620-hidegfeher-led-korvilagito\/","url":"https:\/\/omi-optika.hu\/uzlet\/3-056-620-hidegfeher-led-korvilagito\/","name":"3-056-620 Hidegfeh\u00e9r LED k\u00f6rvil\u00e1g\u00edt\u00f3 - OMI Optika","isPartOf":{"@id":"https:\/\/omi-optika.hu\/#website"},"primaryImageOfPage":{"@id":"https:\/\/omi-optika.hu\/uzlet\/3-056-620-hidegfeher-led-korvilagito\/#primaryimage"},"image":{"@id":"https:\/\/omi-optika.hu\/uzlet\/3-056-620-hidegfeher-led-korvilagito\/#primaryimage"},"thumbnailUrl":"https:\/\/omi-optika.hu\/wp-content\/uploads\/2019\/12\/woocommerce-placeholder-1-1.png","datePublished":"2020-06-06T12:47:21+00:00","dateModified":"2021-08-11T10:20:17+00:00","description":"Term\u00e9kek","breadcrumb":{"@id":"https:\/\/omi-optika.hu\/uzlet\/3-056-620-hidegfeher-led-korvilagito\/#breadcrumb"},"inLanguage":"en-US","potentialAction":[{"@type":"ReadAction","target":["https:\/\/omi-optika.hu\/uzlet\/3-056-620-hidegfeher-led-korvilagito\/"]}]},{"@type":"ImageObject","inLanguage":"en-US","@id":"https:\/\/omi-optika.hu\/uzlet\/3-056-620-hidegfeher-led-korvilagito\/#primaryimage","url":"https:\/\/omi-optika.hu\/wp-content\/uploads\/2019\/12\/woocommerce-placeholder-1-1.png","contentUrl":"https:\/\/omi-optika.hu\/wp-content\/uploads\/2019\/12\/woocommerce-placeholder-1-1.png","width":600,"height":600},{"@type":"BreadcrumbList","@id":"https:\/\/omi-optika.hu\/uzlet\/3-056-620-hidegfeher-led-korvilagito\/#breadcrumb","itemListElement":[{"@type":"ListItem","position":1,"name":"Home","item":"https:\/\/omi-optika.hu\/"},{"@type":"ListItem","position":2,"name":"Shop","item":"https:\/\/omi-optika.hu\/en\/shop\/"},{"@type":"ListItem","position":3,"name":"3-056-620 Hidegfeh\u00e9r LED k\u00f6rvil\u00e1g\u00edt\u00f3"}]},{"@type":"WebSite","@id":"https:\/\/omi-optika.hu\/#website","url":"https:\/\/omi-optika.hu\/","name":"OMI Optika","description":"OPTIKA Mernokiroda homepage","publisher":{"@id":"https:\/\/omi-optika.hu\/#organization"},"potentialAction":[{"@type":"SearchAction","target":{"@type":"EntryPoint","urlTemplate":"https:\/\/omi-optika.hu\/?s={search_term_string}"},"query-input":{"@type":"PropertyValueSpecification","valueRequired":true,"valueName":"search_term_string"}}],"inLanguage":"en-US"},{"@type":"Organization","@id":"https:\/\/omi-optika.hu\/#organization","name":"OPTIKA Mernokiroda Kft.","url":"https:\/\/omi-optika.hu\/","logo":{"@type":"ImageObject","inLanguage":"en-US","@id":"https:\/\/omi-optika.hu\/#\/schema\/logo\/image\/","url":"https:\/\/omi-optika.hu\/wp-content\/uploads\/2019\/05\/forgatas-265kb.gif","contentUrl":"https:\/\/omi-optika.hu\/wp-content\/uploads\/2019\/05\/forgatas-265kb.gif","width":400,"height":205,"caption":"OPTIKA Mernokiroda Kft."},"image":{"@id":"https:\/\/omi-optika.hu\/#\/schema\/logo\/image\/"}}]}},"_links":{"self":[{"href":"https:\/\/omi-optika.hu\/en\/wp-json\/wp\/v2\/product\/2785","targetHints":{"allow":["GET"]}}],"collection":[{"href":"https:\/\/omi-optika.hu\/en\/wp-json\/wp\/v2\/product"}],"about":[{"href":"https:\/\/omi-optika.hu\/en\/wp-json\/wp\/v2\/types\/product"}],"replies":[{"embeddable":true,"href":"https:\/\/omi-optika.hu\/en\/wp-json\/wp\/v2\/comments?post=2785"}],"wp:featuredmedia":[{"embeddable":true,"href":"https:\/\/omi-optika.hu\/en\/wp-json\/wp\/v2\/media\/2088"}],"wp:attachment":[{"href":"https:\/\/omi-optika.hu\/en\/wp-json\/wp\/v2\/media?parent=2785"}],"wp:term":[{"taxonomy":"product_brand","embeddable":true,"href":"https:\/\/omi-optika.hu\/en\/wp-json\/wp\/v2\/product_brand?post=2785"},{"taxonomy":"product_cat","embeddable":true,"href":"https:\/\/omi-optika.hu\/en\/wp-json\/wp\/v2\/product_cat?post=2785"},{"taxonomy":"product_tag","embeddable":true,"href":"https:\/\/omi-optika.hu\/en\/wp-json\/wp\/v2\/product_tag?post=2785"}],"curies":[{"name":"wp","href":"https:\/\/api.w.org\/{rel}","templated":true}]}}