{"id":3667,"date":"2021-08-04T14:55:24","date_gmt":"2021-08-04T14:55:24","guid":{"rendered":"https:\/\/omi-optika.hu\/?post_type=product&#038;p=3667"},"modified":"2021-08-11T08:52:04","modified_gmt":"2021-08-11T08:52:04","slug":"3-426-980","status":"publish","type":"product","link":"https:\/\/omi-optika.hu\/en\/uzlet\/3-426-980\/","title":{"rendered":"3-426-980"},"content":{"rendered":"<p>Adatlap<\/p>\n\r\n\r\n\t<div class=\"fbq-item js-item-gallery fbq-gallery fbq-gallery--masonry shortcode\" data-style=\"masonry\" data-action=\"image\">\r\n\t\t<div class=\"fbq-gallery-content\" style=\"margin-right:-15px;\">\r\n\t\t\t\r\n\r\n\r\n<div class=\"fbq-gallery-item fbq-col-4\">\r\n\t<div class=\"fbq-gallery-body\" style=\"width:calc(100% - 15px); margin-bottom:15px;\">\r\n\t\t\t\t\t\t\t\t<a class=\"fbq-gallery-media\" href=\"https:\/\/omi-optika.hu\/wp-content\/uploads\/2020\/03\/3-426-980-SPOT-projector-e1585244407161.jpg\" data-index=\"0\">\r\n\t\t\t\t<div class=\"fbq-media-wrapper with-placeholder\" style=\"margin:-7.5px -7.5px -7.5px;\"><div class=\"fbq-media-wrapper-inner\"><div class=\"media-placeholder\" style=\"width:768px; padding-bottom:100%;\"><\/div><img loading=\"lazy\" decoding=\"async\" alt=\"\" title=\"3-426-980-SPOT-projector\" width=\"768\" height=\"768\" data-full-width=\"500\" data-full-height=\"500\" data-sizes=\"(max-width:767px) 100vw, (max-width:960px) 50vw, 33vw\" data-src=\"https:\/\/omi-optika.hu\/wp-content\/uploads\/2020\/03\/3-426-980-SPOT-projector-e1585244391650-768x768.jpg\" data-srcset=\"https:\/\/omi-optika.hu\/wp-content\/uploads\/2020\/03\/3-426-980-SPOT-projector-e1585244391650-768x768.jpg 768w, https:\/\/omi-optika.hu\/wp-content\/uploads\/2020\/03\/3-426-980-SPOT-projector-e1585244391650-512x512.jpg 512w, https:\/\/omi-optika.hu\/wp-content\/uploads\/2020\/03\/3-426-980-SPOT-projector-e1585244391650-300x300.jpg 300w\" src=\"https:\/\/omi-optika.hu\/wp-content\/uploads\/2020\/03\/3-426-980-SPOT-projector-e1585244391650-300x300.jpg\" class=\"fbq-media-wrapper-image image-lazy-load\"  \/><\/div><\/div>\t\t\t<\/a>\r\n\t\t\r\n\t\t\t<\/div>\r\n<\/div>\r\n\t\t<\/div>\r\n\r\n\t\t\r\n\t\t\r\n\t\t\t<\/div>\r\n\n<p>\n<table id=\"tablepress-tbl_spot_vetitok\" class=\"tablepress tablepress-id-tbl_spot_vetitok\">\n<thead>\n<tr class=\"row-1\">\n\t<td class=\"column-1\"><\/td><th class=\"column-2\">Megrendel\u00e9si sz\u00e1m\/<br \/>\nProduct Number<\/th><th class=\"column-3\">Megvil\u00e1g\u00edtott ter\u00fclet\/<br \/>\nField of View (mm)<\/th><th class=\"column-4\">Befoglal\u00f3 m\u00e9retek\/<br \/>\nDimensions (mm)<\/th><th class=\"column-5\">Meghajt\u00e1s\/<br \/>\nInput<\/th><th class=\"column-6\">Sz\u00edn\/<br \/>\nColour<\/th><th class=\"column-7\">Adatlap\/<br \/>\nDatasheet<\/th><td class=\"column-8\"><\/td>\n<\/tr>\n<\/thead>\n<tbody class=\"row-hover\">\n<tr class=\"row-2\">\n\t<td class=\"column-1\"><div class=\"table_pop-up_image\">\r\n\r\n\r\n<div class=\"fbq-item js-item-image fbq-image shortcode fbq-center-position fbq-center-align\">\r\n\t<div class=\"fbq-image-container\">\r\n\t\t<div class=\"fbq-media-wrapper with-placeholder\" ><a class=\"fbq-media-wrapper-inner\" href=\"#embed(https:\/\/omi-optika.hu\/wp-content\/uploads\/2020\/03\/3-426-980-SPOT-projector-e1585244407161.jpg)\" target=\"_self\"><div class=\"media-placeholder\" style=\"width:150px; padding-bottom:100%;\"><\/div><img loading=\"lazy\" decoding=\"async\" alt=\"\" title=\"3-426-980-SPOT-projector\" width=\"150\" height=\"150\" data-full-width=\"500\" data-full-height=\"500\" data-src=\"https:\/\/omi-optika.hu\/wp-content\/uploads\/2020\/03\/3-426-980-SPOT-projector-e1585244391650-150x150.jpg\" src=\"https:\/\/omi-optika.hu\/wp-content\/uploads\/2020\/03\/3-426-980-SPOT-projector-e1585244391650-150x150.jpg\" class=\"fbq-media-wrapper-image image-lazy-load\"  \/><\/a><\/div>\t<\/div>\r\n<\/div>\r\n<\/div><\/td><td class=\"column-2\"><a href=\"\/uzlet\/3-426-980\/\" rel=\"noopener\" target=\"_blank\">3-426-980<\/a><\/td><td class=\"column-3\">6 x 6 - <br \/>\n200 x 200<\/td><td class=\"column-4\">\u00d828 \/ \u00d825 x 70<\/td><td class=\"column-5\">max. 700mA<\/td><td class=\"column-6\">Term\u00e9szetes feh\u00e9r\/<br \/>\nNatural White<\/td><td class=\"column-7\"><a href=\"\/wp-content\/uploads\/2020\/03\/3-426-980_HU-EN.pdf\" rel=\"noopener\" target=\"_blank\">3-426-980.pdf<\/a><\/td><td class=\"column-8\"><\/td>\n<\/tr>\n<\/tbody>\n<\/table>\n<!-- #tablepress-tbl_spot_vetitok from cache --><\/p>","protected":false},"excerpt":{"rendered":"<p>Adatlap<\/p>\n","protected":false},"featured_media":0,"comment_status":"closed","ping_status":"closed","template":"","meta":[],"product_brand":[],"product_cat":[67],"product_tag":[],"class_list":{"0":"post-3667","1":"product","2":"type-product","3":"status-publish","5":"product_cat-led-megvilagitok","7":"first","8":"instock","9":"taxable","10":"shipping-taxable","11":"product-type-simple"},"yoast_head":"<!-- This site is optimized with the Yoast SEO plugin v25.9 - https:\/\/yoast.com\/wordpress\/plugins\/seo\/ -->\n<title>3-426-980 - OMI Optika<\/title>\n<meta name=\"description\" content=\"Term\u00e9kek\" \/>\n<meta name=\"robots\" content=\"index, follow, max-snippet:-1, max-image-preview:large, max-video-preview:-1\" \/>\n<link rel=\"canonical\" href=\"https:\/\/omi-optika.hu\/en\/uzlet\/3-426-980\/\" \/>\n<meta property=\"og:locale\" content=\"en_US\" \/>\n<meta property=\"og:type\" content=\"article\" \/>\n<meta property=\"og:title\" content=\"3-426-980 - OMI Optika\" \/>\n<meta property=\"og:description\" content=\"Term\u00e9kek\" \/>\n<meta property=\"og:url\" content=\"https:\/\/omi-optika.hu\/en\/uzlet\/3-426-980\/\" \/>\n<meta property=\"og:site_name\" content=\"OMI Optika\" \/>\n<meta property=\"article:modified_time\" content=\"2021-08-11T08:52:04+00:00\" \/>\n<meta name=\"twitter:card\" content=\"summary_large_image\" \/>\n<meta name=\"twitter:label1\" content=\"Est. reading time\" \/>\n\t<meta name=\"twitter:data1\" content=\"1 minute\" \/>\n<script type=\"application\/ld+json\" class=\"yoast-schema-graph\">{\"@context\":\"https:\/\/schema.org\",\"@graph\":[{\"@type\":\"WebPage\",\"@id\":\"https:\/\/omi-optika.hu\/en\/uzlet\/3-426-980\/\",\"url\":\"https:\/\/omi-optika.hu\/en\/uzlet\/3-426-980\/\",\"name\":\"3-426-980 - OMI Optika\",\"isPartOf\":{\"@id\":\"https:\/\/omi-optika.hu\/#website\"},\"datePublished\":\"2021-08-04T14:55:24+00:00\",\"dateModified\":\"2021-08-11T08:52:04+00:00\",\"description\":\"Term\u00e9kek\",\"breadcrumb\":{\"@id\":\"https:\/\/omi-optika.hu\/en\/uzlet\/3-426-980\/#breadcrumb\"},\"inLanguage\":\"en-US\",\"potentialAction\":[{\"@type\":\"ReadAction\",\"target\":[\"https:\/\/omi-optika.hu\/en\/uzlet\/3-426-980\/\"]}]},{\"@type\":\"BreadcrumbList\",\"@id\":\"https:\/\/omi-optika.hu\/en\/uzlet\/3-426-980\/#breadcrumb\",\"itemListElement\":[{\"@type\":\"ListItem\",\"position\":1,\"name\":\"Home\",\"item\":\"https:\/\/omi-optika.hu\/\"},{\"@type\":\"ListItem\",\"position\":2,\"name\":\"Shop\",\"item\":\"https:\/\/omi-optika.hu\/en\/shop\/\"},{\"@type\":\"ListItem\",\"position\":3,\"name\":\"3-426-980\"}]},{\"@type\":\"WebSite\",\"@id\":\"https:\/\/omi-optika.hu\/#website\",\"url\":\"https:\/\/omi-optika.hu\/\",\"name\":\"OMI Optika\",\"description\":\"OPTIKA Mernokiroda homepage\",\"publisher\":{\"@id\":\"https:\/\/omi-optika.hu\/#organization\"},\"potentialAction\":[{\"@type\":\"SearchAction\",\"target\":{\"@type\":\"EntryPoint\",\"urlTemplate\":\"https:\/\/omi-optika.hu\/?s={search_term_string}\"},\"query-input\":{\"@type\":\"PropertyValueSpecification\",\"valueRequired\":true,\"valueName\":\"search_term_string\"}}],\"inLanguage\":\"en-US\"},{\"@type\":\"Organization\",\"@id\":\"https:\/\/omi-optika.hu\/#organization\",\"name\":\"OPTIKA Mernokiroda Kft.\",\"url\":\"https:\/\/omi-optika.hu\/\",\"logo\":{\"@type\":\"ImageObject\",\"inLanguage\":\"en-US\",\"@id\":\"https:\/\/omi-optika.hu\/#\/schema\/logo\/image\/\",\"url\":\"https:\/\/omi-optika.hu\/wp-content\/uploads\/2019\/05\/forgatas-265kb.gif\",\"contentUrl\":\"https:\/\/omi-optika.hu\/wp-content\/uploads\/2019\/05\/forgatas-265kb.gif\",\"width\":400,\"height\":205,\"caption\":\"OPTIKA Mernokiroda Kft.\"},\"image\":{\"@id\":\"https:\/\/omi-optika.hu\/#\/schema\/logo\/image\/\"}}]}<\/script>\n<!-- \/ Yoast SEO plugin. -->","yoast_head_json":{"title":"3-426-980 - OMI Optika","description":"Term\u00e9kek","robots":{"index":"index","follow":"follow","max-snippet":"max-snippet:-1","max-image-preview":"max-image-preview:large","max-video-preview":"max-video-preview:-1"},"canonical":"https:\/\/omi-optika.hu\/en\/uzlet\/3-426-980\/","og_locale":"en_US","og_type":"article","og_title":"3-426-980 - OMI Optika","og_description":"Term\u00e9kek","og_url":"https:\/\/omi-optika.hu\/en\/uzlet\/3-426-980\/","og_site_name":"OMI Optika","article_modified_time":"2021-08-11T08:52:04+00:00","twitter_card":"summary_large_image","twitter_misc":{"Est. reading time":"1 minute"},"schema":{"@context":"https:\/\/schema.org","@graph":[{"@type":"WebPage","@id":"https:\/\/omi-optika.hu\/en\/uzlet\/3-426-980\/","url":"https:\/\/omi-optika.hu\/en\/uzlet\/3-426-980\/","name":"3-426-980 - OMI Optika","isPartOf":{"@id":"https:\/\/omi-optika.hu\/#website"},"datePublished":"2021-08-04T14:55:24+00:00","dateModified":"2021-08-11T08:52:04+00:00","description":"Term\u00e9kek","breadcrumb":{"@id":"https:\/\/omi-optika.hu\/en\/uzlet\/3-426-980\/#breadcrumb"},"inLanguage":"en-US","potentialAction":[{"@type":"ReadAction","target":["https:\/\/omi-optika.hu\/en\/uzlet\/3-426-980\/"]}]},{"@type":"BreadcrumbList","@id":"https:\/\/omi-optika.hu\/en\/uzlet\/3-426-980\/#breadcrumb","itemListElement":[{"@type":"ListItem","position":1,"name":"Home","item":"https:\/\/omi-optika.hu\/"},{"@type":"ListItem","position":2,"name":"Shop","item":"https:\/\/omi-optika.hu\/en\/shop\/"},{"@type":"ListItem","position":3,"name":"3-426-980"}]},{"@type":"WebSite","@id":"https:\/\/omi-optika.hu\/#website","url":"https:\/\/omi-optika.hu\/","name":"OMI Optika","description":"OPTIKA Mernokiroda homepage","publisher":{"@id":"https:\/\/omi-optika.hu\/#organization"},"potentialAction":[{"@type":"SearchAction","target":{"@type":"EntryPoint","urlTemplate":"https:\/\/omi-optika.hu\/?s={search_term_string}"},"query-input":{"@type":"PropertyValueSpecification","valueRequired":true,"valueName":"search_term_string"}}],"inLanguage":"en-US"},{"@type":"Organization","@id":"https:\/\/omi-optika.hu\/#organization","name":"OPTIKA Mernokiroda Kft.","url":"https:\/\/omi-optika.hu\/","logo":{"@type":"ImageObject","inLanguage":"en-US","@id":"https:\/\/omi-optika.hu\/#\/schema\/logo\/image\/","url":"https:\/\/omi-optika.hu\/wp-content\/uploads\/2019\/05\/forgatas-265kb.gif","contentUrl":"https:\/\/omi-optika.hu\/wp-content\/uploads\/2019\/05\/forgatas-265kb.gif","width":400,"height":205,"caption":"OPTIKA Mernokiroda Kft."},"image":{"@id":"https:\/\/omi-optika.hu\/#\/schema\/logo\/image\/"}}]}},"_links":{"self":[{"href":"https:\/\/omi-optika.hu\/en\/wp-json\/wp\/v2\/product\/3667","targetHints":{"allow":["GET"]}}],"collection":[{"href":"https:\/\/omi-optika.hu\/en\/wp-json\/wp\/v2\/product"}],"about":[{"href":"https:\/\/omi-optika.hu\/en\/wp-json\/wp\/v2\/types\/product"}],"replies":[{"embeddable":true,"href":"https:\/\/omi-optika.hu\/en\/wp-json\/wp\/v2\/comments?post=3667"}],"wp:attachment":[{"href":"https:\/\/omi-optika.hu\/en\/wp-json\/wp\/v2\/media?parent=3667"}],"wp:term":[{"taxonomy":"product_brand","embeddable":true,"href":"https:\/\/omi-optika.hu\/en\/wp-json\/wp\/v2\/product_brand?post=3667"},{"taxonomy":"product_cat","embeddable":true,"href":"https:\/\/omi-optika.hu\/en\/wp-json\/wp\/v2\/product_cat?post=3667"},{"taxonomy":"product_tag","embeddable":true,"href":"https:\/\/omi-optika.hu\/en\/wp-json\/wp\/v2\/product_tag?post=3667"}],"curies":[{"name":"wp","href":"https:\/\/api.w.org\/{rel}","templated":true}]}}