{"id":4351,"date":"2022-04-25T23:29:09","date_gmt":"2022-04-25T23:29:09","guid":{"rendered":"https:\/\/omi-optika.hu\/?post_type=product&#038;p=4351"},"modified":"2022-04-25T23:30:07","modified_gmt":"2022-04-25T23:30:07","slug":"3-219-000","status":"publish","type":"product","link":"https:\/\/omi-optika.hu\/en\/uzlet\/3-219-000\/","title":{"rendered":"3-219-000"},"content":{"rendered":"<p>\r\n\r\n\t<div class=\"fbq-item js-item-gallery fbq-gallery fbq-gallery--grid shortcode\" data-style=\"grid\" data-action=\"image\">\r\n\t\t<div class=\"fbq-gallery-content\" style=\"margin:0 -7.5px;\">\r\n\t\t\t\r\n\r\n\r\n<div class=\"fbq-gallery-item fbq-col-4\" style=\"padding:0 7.5px; margin-bottom:15px;\">\r\n\t<div class=\"fbq-gallery-body\">\r\n\t\t\t\t\t\t\t\t<a class=\"fbq-gallery-media\" href=\"https:\/\/omi-optika.hu\/wp-content\/uploads\/2022\/03\/3-219-000-high-power-matrix-backlight.jpg\" data-index=\"0\">\r\n\t\t\t\t<div class=\"fbq-media-wrapper with-placeholder\" ><div class=\"fbq-media-wrapper-inner\"><div class=\"media-placeholder\" style=\"width:1024px; padding-bottom:100%;\"><\/div><img loading=\"lazy\" decoding=\"async\" alt=\"\" title=\"3-219-000-high-power-matrix-backlight\" width=\"1024\" height=\"1024\" data-full-width=\"1611\" data-full-height=\"1611\" data-sizes=\"(max-width:767px) 100vw, (max-width:960px) 50vw, 33vw\" data-src=\"https:\/\/omi-optika.hu\/wp-content\/uploads\/2022\/03\/3-219-000-high-power-matrix-backlight-1024x1024.jpg\" data-srcset=\"https:\/\/omi-optika.hu\/wp-content\/uploads\/2022\/03\/3-219-000-high-power-matrix-backlight-1024x1024.jpg 1024w, https:\/\/omi-optika.hu\/wp-content\/uploads\/2022\/03\/3-219-000-high-power-matrix-backlight-768x768.jpg 768w, https:\/\/omi-optika.hu\/wp-content\/uploads\/2022\/03\/3-219-000-high-power-matrix-backlight-512x512.jpg 512w, https:\/\/omi-optika.hu\/wp-content\/uploads\/2022\/03\/3-219-000-high-power-matrix-backlight-300x300.jpg 300w\" src=\"https:\/\/omi-optika.hu\/wp-content\/uploads\/2022\/03\/3-219-000-high-power-matrix-backlight-300x300.jpg\" class=\"fbq-media-wrapper-image image-lazy-load\"  \/><\/div><\/div>\t\t\t<\/a>\r\n\t\t\r\n\t\t\t<\/div>\r\n<\/div>\r\n\t\t<\/div>\r\n\r\n\t\t\r\n\t\t\t\t\t\t\t\t<div class=\"fbq-gallery-caption\">\r\n\t\t\t\tInsert gallery caption\t\t\t<\/div>\r\n\t\t\r\n\t\t\t<\/div>\r\n<\/p>\n\n<table id=\"tablepress-nagyfenyereju\" class=\"tablepress tablepress-id-nagyfenyereju\">\n<thead>\n<tr class=\"row-1\">\n\t<td class=\"column-1\"><\/td><th class=\"column-2\">Megrendel\u00e9si sz\u00e1m\/<br \/>\nProduct Number<\/th><th class=\"column-3\">Megnevez\u00e9s\/<br \/>\nDesignation<\/th><th class=\"column-4\">Befoglal\u00f3 m\u00e9retek\/<br \/>\nDimensions (mm)<\/th><th class=\"column-5\">Megvil\u00e1g\u00edtott fel\u00fclet\/ Light field area<\/th><th class=\"column-6\">Meghajt\u00e1s\/<br \/>\nInput<\/th><th class=\"column-7\">F\u00e9ny\u00e1ram\/<br \/>\nLuminous Flux (lm)<\/th><th class=\"column-8\">Sz\u00edn\/<br \/>\nColour<\/th><th class=\"column-9\">Adatlap\/<br \/>\nDatasheet<\/th><th class=\"column-10\">3D modell\/<br \/>\n3D model<\/th><th class=\"column-11\">Nett\u00f3 \u00e1r\/<br \/>\nPrice<\/th>\n<\/tr>\n<\/thead>\n<tbody class=\"row-striping row-hover\">\n<tr class=\"row-2\">\n\t<td class=\"column-1\"><div class=\"table_pop-up_image\">\r\n\r\n\r\n<div class=\"fbq-item js-item-image fbq-image shortcode fbq-center-position fbq-center-align\">\r\n\t<div class=\"fbq-image-container\">\r\n\t\t<div class=\"fbq-media-wrapper with-placeholder\" ><a class=\"fbq-media-wrapper-inner\" href=\"#embed(https:\/\/omi-optika.hu\/wp-content\/uploads\/2022\/03\/3-219-000-high-power-matrix-backlight.jpg)\" target=\"_self\"><div class=\"media-placeholder\" style=\"width:150px; padding-bottom:100%;\"><\/div><img loading=\"lazy\" decoding=\"async\" alt=\"\" title=\"3-219-000-high-power-matrix-backlight\" width=\"150\" height=\"150\" data-full-width=\"1611\" data-full-height=\"1611\" data-src=\"https:\/\/omi-optika.hu\/wp-content\/uploads\/2022\/03\/3-219-000-high-power-matrix-backlight-150x150.jpg\" src=\"https:\/\/omi-optika.hu\/wp-content\/uploads\/2022\/03\/3-219-000-high-power-matrix-backlight-150x150.jpg\" class=\"fbq-media-wrapper-image image-lazy-load\"  \/><\/a><\/div>\t<\/div>\r\n<\/div>\r\n<\/div><\/td><td class=\"column-2\"><a href=\"\/uzlet\/3-219-000\/\" rel=\"noopener\" target=\"_blank\">3-219-000<\/a><\/td><td class=\"column-3\">Nagyteljes\u00edtm\u00e9ny\u0171 LED h\u00e1tt\u00e9rvil\u00e1g\u00edt\u00f3 \/ High Power LED Backlight<\/td><td class=\"column-4\">200 x 240 x 81<\/td><td class=\"column-5\"><\/td><td class=\"column-6\">10,8A<br \/>\n24V DC (nom.)<br \/>\n260W<\/td><td class=\"column-7\">24000 lm<\/td><td class=\"column-8\"><\/td><td class=\"column-9\"><a href=\"\/wp-content\/uploads\/2022\/03\/3-219-000_HU-EN.pdf\" rel=\"noopener\" target=\"_blank\">3-219-000_HU-EN.pdf<\/a><\/td><td class=\"column-10\"><\/td><td class=\"column-11\"><\/td>\n<\/tr>\n<tr class=\"row-3\">\n\t<td class=\"column-1\"><div class=\"table_pop-up_image\">\r\n\r\n\r\n<div class=\"fbq-item js-item-image fbq-image shortcode fbq-center-position fbq-center-align\">\r\n\t<div class=\"fbq-image-container\">\r\n\t\t<div class=\"fbq-media-wrapper with-placeholder\" ><a class=\"fbq-media-wrapper-inner\" href=\"#embed(https:\/\/omi-optika.hu\/wp-content\/uploads\/2022\/03\/7-266-000-LED-driver.jpg)\" target=\"_self\"><div class=\"media-placeholder\" style=\"width:150px; padding-bottom:100%;\"><\/div><img loading=\"lazy\" decoding=\"async\" alt=\"\" title=\"7-266-000-LED-driver\" width=\"150\" height=\"150\" data-full-width=\"1560\" data-full-height=\"1560\" data-src=\"https:\/\/omi-optika.hu\/wp-content\/uploads\/2022\/03\/7-266-000-LED-driver-150x150.jpg\" src=\"https:\/\/omi-optika.hu\/wp-content\/uploads\/2022\/03\/7-266-000-LED-driver-150x150.jpg\" class=\"fbq-media-wrapper-image image-lazy-load\"  \/><\/a><\/div>\t<\/div>\r\n<\/div>\r\n<\/div><\/td><td class=\"column-2\"><a href=\"\/uzlet\/7-266-000\/\" rel=\"noopener\" target=\"_blank\">7-266-000<\/a<\/td><td class=\"column-3\">LED T\u00e1pegys\u00e9g \/ LED Driver<\/td><td class=\"column-4\">165 x 140 x 43,5<\/td><td class=\"column-5\"><\/td><td class=\"column-6\">13A max<br \/>\n24V DC (nom.)<br \/>\n27V DC (max)<\/td><td class=\"column-7\"><\/td><td class=\"column-8\"><\/td><td class=\"column-9\"><a href=\"\/wp-content\/uploads\/2022\/03\/7-266-000_HU-EN.pdf\" rel=\"noopener\" target=\"_blank\">7-266-000_HU-EN.pdf<\/a><\/td><td class=\"column-10\"><\/td><td class=\"column-11\"><\/td>\n<\/tr>\n<\/tbody>\n<\/table>\n<!-- #tablepress-nagyfenyereju from cache -->\n<p>&nbsp;<\/p>","protected":false},"excerpt":{"rendered":"<p>&nbsp;<\/p>\n","protected":false},"featured_media":0,"comment_status":"closed","ping_status":"closed","template":"","meta":[],"product_brand":[],"product_cat":[67],"product_tag":[],"class_list":{"0":"post-4351","1":"product","2":"type-product","3":"status-publish","5":"product_cat-led-megvilagitok","7":"first","8":"instock","9":"taxable","10":"shipping-taxable","11":"product-type-simple"},"yoast_head":"<!-- This site is optimized with the Yoast SEO plugin v25.9 - https:\/\/yoast.com\/wordpress\/plugins\/seo\/ -->\n<title>3-219-000 - OMI Optika<\/title>\n<meta name=\"description\" content=\"Term\u00e9kek\" \/>\n<meta name=\"robots\" content=\"index, follow, max-snippet:-1, max-image-preview:large, max-video-preview:-1\" \/>\n<link rel=\"canonical\" href=\"https:\/\/omi-optika.hu\/uzlet\/3-219-000\/\" \/>\n<meta property=\"og:locale\" content=\"en_US\" \/>\n<meta property=\"og:type\" content=\"article\" \/>\n<meta property=\"og:title\" content=\"3-219-000 - OMI Optika\" \/>\n<meta property=\"og:description\" content=\"Term\u00e9kek\" \/>\n<meta property=\"og:url\" content=\"https:\/\/omi-optika.hu\/uzlet\/3-219-000\/\" \/>\n<meta property=\"og:site_name\" content=\"OMI Optika\" \/>\n<meta property=\"article:modified_time\" content=\"2022-04-25T23:30:07+00:00\" \/>\n<meta name=\"twitter:card\" content=\"summary_large_image\" \/>\n<meta name=\"twitter:label1\" content=\"Est. reading time\" \/>\n\t<meta name=\"twitter:data1\" content=\"1 minute\" \/>\n<script type=\"application\/ld+json\" class=\"yoast-schema-graph\">{\"@context\":\"https:\/\/schema.org\",\"@graph\":[{\"@type\":\"WebPage\",\"@id\":\"https:\/\/omi-optika.hu\/uzlet\/3-219-000\/\",\"url\":\"https:\/\/omi-optika.hu\/uzlet\/3-219-000\/\",\"name\":\"3-219-000 - OMI Optika\",\"isPartOf\":{\"@id\":\"https:\/\/omi-optika.hu\/#website\"},\"datePublished\":\"2022-04-25T23:29:09+00:00\",\"dateModified\":\"2022-04-25T23:30:07+00:00\",\"description\":\"Term\u00e9kek\",\"breadcrumb\":{\"@id\":\"https:\/\/omi-optika.hu\/uzlet\/3-219-000\/#breadcrumb\"},\"inLanguage\":\"en-US\",\"potentialAction\":[{\"@type\":\"ReadAction\",\"target\":[\"https:\/\/omi-optika.hu\/uzlet\/3-219-000\/\"]}]},{\"@type\":\"BreadcrumbList\",\"@id\":\"https:\/\/omi-optika.hu\/uzlet\/3-219-000\/#breadcrumb\",\"itemListElement\":[{\"@type\":\"ListItem\",\"position\":1,\"name\":\"Home\",\"item\":\"https:\/\/omi-optika.hu\/\"},{\"@type\":\"ListItem\",\"position\":2,\"name\":\"Shop\",\"item\":\"https:\/\/omi-optika.hu\/en\/shop\/\"},{\"@type\":\"ListItem\",\"position\":3,\"name\":\"3-219-000\"}]},{\"@type\":\"WebSite\",\"@id\":\"https:\/\/omi-optika.hu\/#website\",\"url\":\"https:\/\/omi-optika.hu\/\",\"name\":\"OMI Optika\",\"description\":\"OPTIKA Mernokiroda homepage\",\"publisher\":{\"@id\":\"https:\/\/omi-optika.hu\/#organization\"},\"potentialAction\":[{\"@type\":\"SearchAction\",\"target\":{\"@type\":\"EntryPoint\",\"urlTemplate\":\"https:\/\/omi-optika.hu\/?s={search_term_string}\"},\"query-input\":{\"@type\":\"PropertyValueSpecification\",\"valueRequired\":true,\"valueName\":\"search_term_string\"}}],\"inLanguage\":\"en-US\"},{\"@type\":\"Organization\",\"@id\":\"https:\/\/omi-optika.hu\/#organization\",\"name\":\"OPTIKA Mernokiroda Kft.\",\"url\":\"https:\/\/omi-optika.hu\/\",\"logo\":{\"@type\":\"ImageObject\",\"inLanguage\":\"en-US\",\"@id\":\"https:\/\/omi-optika.hu\/#\/schema\/logo\/image\/\",\"url\":\"https:\/\/omi-optika.hu\/wp-content\/uploads\/2019\/05\/forgatas-265kb.gif\",\"contentUrl\":\"https:\/\/omi-optika.hu\/wp-content\/uploads\/2019\/05\/forgatas-265kb.gif\",\"width\":400,\"height\":205,\"caption\":\"OPTIKA Mernokiroda Kft.\"},\"image\":{\"@id\":\"https:\/\/omi-optika.hu\/#\/schema\/logo\/image\/\"}}]}<\/script>\n<!-- \/ Yoast SEO plugin. -->","yoast_head_json":{"title":"3-219-000 - OMI Optika","description":"Term\u00e9kek","robots":{"index":"index","follow":"follow","max-snippet":"max-snippet:-1","max-image-preview":"max-image-preview:large","max-video-preview":"max-video-preview:-1"},"canonical":"https:\/\/omi-optika.hu\/uzlet\/3-219-000\/","og_locale":"en_US","og_type":"article","og_title":"3-219-000 - OMI Optika","og_description":"Term\u00e9kek","og_url":"https:\/\/omi-optika.hu\/uzlet\/3-219-000\/","og_site_name":"OMI Optika","article_modified_time":"2022-04-25T23:30:07+00:00","twitter_card":"summary_large_image","twitter_misc":{"Est. reading time":"1 minute"},"schema":{"@context":"https:\/\/schema.org","@graph":[{"@type":"WebPage","@id":"https:\/\/omi-optika.hu\/uzlet\/3-219-000\/","url":"https:\/\/omi-optika.hu\/uzlet\/3-219-000\/","name":"3-219-000 - OMI Optika","isPartOf":{"@id":"https:\/\/omi-optika.hu\/#website"},"datePublished":"2022-04-25T23:29:09+00:00","dateModified":"2022-04-25T23:30:07+00:00","description":"Term\u00e9kek","breadcrumb":{"@id":"https:\/\/omi-optika.hu\/uzlet\/3-219-000\/#breadcrumb"},"inLanguage":"en-US","potentialAction":[{"@type":"ReadAction","target":["https:\/\/omi-optika.hu\/uzlet\/3-219-000\/"]}]},{"@type":"BreadcrumbList","@id":"https:\/\/omi-optika.hu\/uzlet\/3-219-000\/#breadcrumb","itemListElement":[{"@type":"ListItem","position":1,"name":"Home","item":"https:\/\/omi-optika.hu\/"},{"@type":"ListItem","position":2,"name":"Shop","item":"https:\/\/omi-optika.hu\/en\/shop\/"},{"@type":"ListItem","position":3,"name":"3-219-000"}]},{"@type":"WebSite","@id":"https:\/\/omi-optika.hu\/#website","url":"https:\/\/omi-optika.hu\/","name":"OMI Optika","description":"OPTIKA Mernokiroda homepage","publisher":{"@id":"https:\/\/omi-optika.hu\/#organization"},"potentialAction":[{"@type":"SearchAction","target":{"@type":"EntryPoint","urlTemplate":"https:\/\/omi-optika.hu\/?s={search_term_string}"},"query-input":{"@type":"PropertyValueSpecification","valueRequired":true,"valueName":"search_term_string"}}],"inLanguage":"en-US"},{"@type":"Organization","@id":"https:\/\/omi-optika.hu\/#organization","name":"OPTIKA Mernokiroda Kft.","url":"https:\/\/omi-optika.hu\/","logo":{"@type":"ImageObject","inLanguage":"en-US","@id":"https:\/\/omi-optika.hu\/#\/schema\/logo\/image\/","url":"https:\/\/omi-optika.hu\/wp-content\/uploads\/2019\/05\/forgatas-265kb.gif","contentUrl":"https:\/\/omi-optika.hu\/wp-content\/uploads\/2019\/05\/forgatas-265kb.gif","width":400,"height":205,"caption":"OPTIKA Mernokiroda Kft."},"image":{"@id":"https:\/\/omi-optika.hu\/#\/schema\/logo\/image\/"}}]}},"_links":{"self":[{"href":"https:\/\/omi-optika.hu\/en\/wp-json\/wp\/v2\/product\/4351","targetHints":{"allow":["GET"]}}],"collection":[{"href":"https:\/\/omi-optika.hu\/en\/wp-json\/wp\/v2\/product"}],"about":[{"href":"https:\/\/omi-optika.hu\/en\/wp-json\/wp\/v2\/types\/product"}],"replies":[{"embeddable":true,"href":"https:\/\/omi-optika.hu\/en\/wp-json\/wp\/v2\/comments?post=4351"}],"wp:attachment":[{"href":"https:\/\/omi-optika.hu\/en\/wp-json\/wp\/v2\/media?parent=4351"}],"wp:term":[{"taxonomy":"product_brand","embeddable":true,"href":"https:\/\/omi-optika.hu\/en\/wp-json\/wp\/v2\/product_brand?post=4351"},{"taxonomy":"product_cat","embeddable":true,"href":"https:\/\/omi-optika.hu\/en\/wp-json\/wp\/v2\/product_cat?post=4351"},{"taxonomy":"product_tag","embeddable":true,"href":"https:\/\/omi-optika.hu\/en\/wp-json\/wp\/v2\/product_tag?post=4351"}],"curies":[{"name":"wp","href":"https:\/\/api.w.org\/{rel}","templated":true}]}}