{"id":474,"date":"2019-05-12T17:45:57","date_gmt":"2019-05-12T17:45:57","guid":{"rendered":"https:\/\/omi-optika.hu\/?post_type=product&#038;p=474"},"modified":"2021-11-25T11:00:13","modified_gmt":"2021-11-25T11:00:13","slug":"led-tengelyiranyu-axialis-megvilagitok","status":"publish","type":"product","link":"https:\/\/omi-optika.hu\/en\/uzlet\/led-tengelyiranyu-axialis-megvilagitok\/","title":{"rendered":"Coaxial Lights"},"content":{"rendered":"<p>A LED tengelyir\u00e1ny\u00fa (axi\u00e1lis) megvil\u00e1g\u00edt\u00f3k homog\u00e9n, diff\u00faz, tengelyir\u00e1ny\u00fa megvil\u00e1g\u00edt\u00e1st biztos\u00edtanak f\u00e9nyes fel\u00fcletek vizsg\u00e1lat\u00e1hoz.<\/p>","protected":false},"excerpt":{"rendered":"<p>A LED tengelyir\u00e1ny\u00fa (axi\u00e1lis) megvil\u00e1g\u00edt\u00f3k homog\u00e9n, diff\u00faz, tengelyir\u00e1ny\u00fa megvil\u00e1g\u00edt\u00e1st biztos\u00edtanak f\u00e9nyes fel\u00fcletek vizsg\u00e1lat\u00e1hoz.<\/p>\n","protected":false},"featured_media":4018,"comment_status":"closed","ping_status":"closed","template":"","meta":[],"product_brand":[],"product_cat":[67,103],"product_tag":[],"class_list":{"0":"post-474","1":"product","2":"type-product","3":"status-publish","4":"has-post-thumbnail","6":"product_cat-led-megvilagitok","7":"product_cat-koaxialis-vilagitok","9":"first","10":"instock","11":"taxable","12":"shipping-taxable","13":"product-type-simple"},"yoast_head":"<!-- This site is optimized with the Yoast SEO plugin v25.9 - https:\/\/yoast.com\/wordpress\/plugins\/seo\/ -->\n<title>Coaxial Lights - OMI Optika<\/title>\n<meta name=\"description\" content=\"Axial Lights for industrial and scientific applications\" \/>\n<meta name=\"robots\" content=\"index, follow, max-snippet:-1, max-image-preview:large, max-video-preview:-1\" \/>\n<link rel=\"canonical\" href=\"https:\/\/omi-optika.hu\/uzlet\/led-tengelyiranyu-axialis-megvilagitok\/\" \/>\n<meta property=\"og:locale\" content=\"en_US\" \/>\n<meta property=\"og:type\" content=\"article\" \/>\n<meta property=\"og:title\" content=\"Coaxial Lights - OMI Optika\" \/>\n<meta property=\"og:description\" content=\"{:hu}Koaxi\u00e1lis vil\u00e1g\u00edt\u00f3k ipari \u00e9s tudom\u00e1nyos alkalmaz\u00e1sokhoz{:en}Axial Lights for industrial and scientific applications{:}\" \/>\n<meta property=\"og:url\" content=\"https:\/\/omi-optika.hu\/uzlet\/led-tengelyiranyu-axialis-megvilagitok\/\" \/>\n<meta property=\"og:site_name\" content=\"OMI Optika\" \/>\n<meta property=\"article:modified_time\" content=\"2021-11-25T11:00:13+00:00\" \/>\n<meta property=\"og:image\" content=\"https:\/\/omi-optika.hu\/wp-content\/uploads\/2021\/11\/axial-lights-e1637837932735.jpg\" \/>\n\t<meta property=\"og:image:width\" content=\"500\" \/>\n\t<meta property=\"og:image:height\" content=\"500\" \/>\n\t<meta property=\"og:image:type\" content=\"image\/jpeg\" \/>\n<meta name=\"twitter:card\" content=\"summary_large_image\" \/>\n<meta name=\"twitter:label1\" content=\"Est. reading time\" \/>\n\t<meta name=\"twitter:data1\" content=\"1 minute\" \/>\n<script type=\"application\/ld+json\" class=\"yoast-schema-graph\">{\"@context\":\"https:\/\/schema.org\",\"@graph\":[{\"@type\":\"WebPage\",\"@id\":\"https:\/\/omi-optika.hu\/uzlet\/led-tengelyiranyu-axialis-megvilagitok\/\",\"url\":\"https:\/\/omi-optika.hu\/uzlet\/led-tengelyiranyu-axialis-megvilagitok\/\",\"name\":\"Coaxial Lights - OMI Optika\",\"isPartOf\":{\"@id\":\"https:\/\/omi-optika.hu\/#website\"},\"primaryImageOfPage\":{\"@id\":\"https:\/\/omi-optika.hu\/uzlet\/led-tengelyiranyu-axialis-megvilagitok\/#primaryimage\"},\"image\":{\"@id\":\"https:\/\/omi-optika.hu\/uzlet\/led-tengelyiranyu-axialis-megvilagitok\/#primaryimage\"},\"thumbnailUrl\":\"https:\/\/omi-optika.hu\/wp-content\/uploads\/2021\/11\/axial-lights-e1637837932735.jpg\",\"datePublished\":\"2019-05-12T17:45:57+00:00\",\"dateModified\":\"2021-11-25T11:00:13+00:00\",\"description\":\"{:hu}Koaxi\u00e1lis vil\u00e1g\u00edt\u00f3k ipari \u00e9s tudom\u00e1nyos alkalmaz\u00e1sokhoz{:en}Axial Lights for industrial and scientific applications{:}\",\"breadcrumb\":{\"@id\":\"https:\/\/omi-optika.hu\/uzlet\/led-tengelyiranyu-axialis-megvilagitok\/#breadcrumb\"},\"inLanguage\":\"en-US\",\"potentialAction\":[{\"@type\":\"ReadAction\",\"target\":[\"https:\/\/omi-optika.hu\/uzlet\/led-tengelyiranyu-axialis-megvilagitok\/\"]}]},{\"@type\":\"ImageObject\",\"inLanguage\":\"en-US\",\"@id\":\"https:\/\/omi-optika.hu\/uzlet\/led-tengelyiranyu-axialis-megvilagitok\/#primaryimage\",\"url\":\"https:\/\/omi-optika.hu\/wp-content\/uploads\/2021\/11\/axial-lights-e1637837932735.jpg\",\"contentUrl\":\"https:\/\/omi-optika.hu\/wp-content\/uploads\/2021\/11\/axial-lights-e1637837932735.jpg\",\"width\":500,\"height\":500},{\"@type\":\"BreadcrumbList\",\"@id\":\"https:\/\/omi-optika.hu\/uzlet\/led-tengelyiranyu-axialis-megvilagitok\/#breadcrumb\",\"itemListElement\":[{\"@type\":\"ListItem\",\"position\":1,\"name\":\"Home\",\"item\":\"https:\/\/omi-optika.hu\/\"},{\"@type\":\"ListItem\",\"position\":2,\"name\":\"Shop\",\"item\":\"https:\/\/omi-optika.hu\/en\/shop\/\"},{\"@type\":\"ListItem\",\"position\":3,\"name\":\"Koaxi\u00e1lis vil\u00e1g\u00edt\u00f3k\"}]},{\"@type\":\"WebSite\",\"@id\":\"https:\/\/omi-optika.hu\/#website\",\"url\":\"https:\/\/omi-optika.hu\/\",\"name\":\"OMI Optika\",\"description\":\"OPTIKA Mernokiroda homepage\",\"publisher\":{\"@id\":\"https:\/\/omi-optika.hu\/#organization\"},\"potentialAction\":[{\"@type\":\"SearchAction\",\"target\":{\"@type\":\"EntryPoint\",\"urlTemplate\":\"https:\/\/omi-optika.hu\/?s={search_term_string}\"},\"query-input\":{\"@type\":\"PropertyValueSpecification\",\"valueRequired\":true,\"valueName\":\"search_term_string\"}}],\"inLanguage\":\"en-US\"},{\"@type\":\"Organization\",\"@id\":\"https:\/\/omi-optika.hu\/#organization\",\"name\":\"OPTIKA Mernokiroda Kft.\",\"url\":\"https:\/\/omi-optika.hu\/\",\"logo\":{\"@type\":\"ImageObject\",\"inLanguage\":\"en-US\",\"@id\":\"https:\/\/omi-optika.hu\/#\/schema\/logo\/image\/\",\"url\":\"https:\/\/omi-optika.hu\/wp-content\/uploads\/2019\/05\/forgatas-265kb.gif\",\"contentUrl\":\"https:\/\/omi-optika.hu\/wp-content\/uploads\/2019\/05\/forgatas-265kb.gif\",\"width\":400,\"height\":205,\"caption\":\"OPTIKA Mernokiroda Kft.\"},\"image\":{\"@id\":\"https:\/\/omi-optika.hu\/#\/schema\/logo\/image\/\"}}]}<\/script>\n<!-- \/ Yoast SEO plugin. -->","yoast_head_json":{"title":"Coaxial Lights - OMI Optika","description":"Axial Lights for industrial and scientific applications","robots":{"index":"index","follow":"follow","max-snippet":"max-snippet:-1","max-image-preview":"max-image-preview:large","max-video-preview":"max-video-preview:-1"},"canonical":"https:\/\/omi-optika.hu\/uzlet\/led-tengelyiranyu-axialis-megvilagitok\/","og_locale":"en_US","og_type":"article","og_title":"Coaxial Lights - OMI Optika","og_description":"{:hu}Koaxi\u00e1lis vil\u00e1g\u00edt\u00f3k ipari \u00e9s tudom\u00e1nyos alkalmaz\u00e1sokhoz{:en}Axial Lights for industrial and scientific applications{:}","og_url":"https:\/\/omi-optika.hu\/uzlet\/led-tengelyiranyu-axialis-megvilagitok\/","og_site_name":"OMI Optika","article_modified_time":"2021-11-25T11:00:13+00:00","og_image":[{"width":500,"height":500,"url":"https:\/\/omi-optika.hu\/wp-content\/uploads\/2021\/11\/axial-lights-e1637837932735.jpg","type":"image\/jpeg"}],"twitter_card":"summary_large_image","twitter_misc":{"Est. reading time":"1 minute"},"schema":{"@context":"https:\/\/schema.org","@graph":[{"@type":"WebPage","@id":"https:\/\/omi-optika.hu\/uzlet\/led-tengelyiranyu-axialis-megvilagitok\/","url":"https:\/\/omi-optika.hu\/uzlet\/led-tengelyiranyu-axialis-megvilagitok\/","name":"Coaxial Lights - OMI Optika","isPartOf":{"@id":"https:\/\/omi-optika.hu\/#website"},"primaryImageOfPage":{"@id":"https:\/\/omi-optika.hu\/uzlet\/led-tengelyiranyu-axialis-megvilagitok\/#primaryimage"},"image":{"@id":"https:\/\/omi-optika.hu\/uzlet\/led-tengelyiranyu-axialis-megvilagitok\/#primaryimage"},"thumbnailUrl":"https:\/\/omi-optika.hu\/wp-content\/uploads\/2021\/11\/axial-lights-e1637837932735.jpg","datePublished":"2019-05-12T17:45:57+00:00","dateModified":"2021-11-25T11:00:13+00:00","description":"{:hu}Koaxi\u00e1lis vil\u00e1g\u00edt\u00f3k ipari \u00e9s tudom\u00e1nyos alkalmaz\u00e1sokhoz{:en}Axial Lights for industrial and scientific applications{:}","breadcrumb":{"@id":"https:\/\/omi-optika.hu\/uzlet\/led-tengelyiranyu-axialis-megvilagitok\/#breadcrumb"},"inLanguage":"en-US","potentialAction":[{"@type":"ReadAction","target":["https:\/\/omi-optika.hu\/uzlet\/led-tengelyiranyu-axialis-megvilagitok\/"]}]},{"@type":"ImageObject","inLanguage":"en-US","@id":"https:\/\/omi-optika.hu\/uzlet\/led-tengelyiranyu-axialis-megvilagitok\/#primaryimage","url":"https:\/\/omi-optika.hu\/wp-content\/uploads\/2021\/11\/axial-lights-e1637837932735.jpg","contentUrl":"https:\/\/omi-optika.hu\/wp-content\/uploads\/2021\/11\/axial-lights-e1637837932735.jpg","width":500,"height":500},{"@type":"BreadcrumbList","@id":"https:\/\/omi-optika.hu\/uzlet\/led-tengelyiranyu-axialis-megvilagitok\/#breadcrumb","itemListElement":[{"@type":"ListItem","position":1,"name":"Home","item":"https:\/\/omi-optika.hu\/"},{"@type":"ListItem","position":2,"name":"Shop","item":"https:\/\/omi-optika.hu\/en\/shop\/"},{"@type":"ListItem","position":3,"name":"Koaxi\u00e1lis vil\u00e1g\u00edt\u00f3k"}]},{"@type":"WebSite","@id":"https:\/\/omi-optika.hu\/#website","url":"https:\/\/omi-optika.hu\/","name":"OMI Optika","description":"OPTIKA Mernokiroda homepage","publisher":{"@id":"https:\/\/omi-optika.hu\/#organization"},"potentialAction":[{"@type":"SearchAction","target":{"@type":"EntryPoint","urlTemplate":"https:\/\/omi-optika.hu\/?s={search_term_string}"},"query-input":{"@type":"PropertyValueSpecification","valueRequired":true,"valueName":"search_term_string"}}],"inLanguage":"en-US"},{"@type":"Organization","@id":"https:\/\/omi-optika.hu\/#organization","name":"OPTIKA Mernokiroda Kft.","url":"https:\/\/omi-optika.hu\/","logo":{"@type":"ImageObject","inLanguage":"en-US","@id":"https:\/\/omi-optika.hu\/#\/schema\/logo\/image\/","url":"https:\/\/omi-optika.hu\/wp-content\/uploads\/2019\/05\/forgatas-265kb.gif","contentUrl":"https:\/\/omi-optika.hu\/wp-content\/uploads\/2019\/05\/forgatas-265kb.gif","width":400,"height":205,"caption":"OPTIKA Mernokiroda Kft."},"image":{"@id":"https:\/\/omi-optika.hu\/#\/schema\/logo\/image\/"}}]}},"_links":{"self":[{"href":"https:\/\/omi-optika.hu\/en\/wp-json\/wp\/v2\/product\/474","targetHints":{"allow":["GET"]}}],"collection":[{"href":"https:\/\/omi-optika.hu\/en\/wp-json\/wp\/v2\/product"}],"about":[{"href":"https:\/\/omi-optika.hu\/en\/wp-json\/wp\/v2\/types\/product"}],"replies":[{"embeddable":true,"href":"https:\/\/omi-optika.hu\/en\/wp-json\/wp\/v2\/comments?post=474"}],"wp:featuredmedia":[{"embeddable":true,"href":"https:\/\/omi-optika.hu\/en\/wp-json\/wp\/v2\/media\/4018"}],"wp:attachment":[{"href":"https:\/\/omi-optika.hu\/en\/wp-json\/wp\/v2\/media?parent=474"}],"wp:term":[{"taxonomy":"product_brand","embeddable":true,"href":"https:\/\/omi-optika.hu\/en\/wp-json\/wp\/v2\/product_brand?post=474"},{"taxonomy":"product_cat","embeddable":true,"href":"https:\/\/omi-optika.hu\/en\/wp-json\/wp\/v2\/product_cat?post=474"},{"taxonomy":"product_tag","embeddable":true,"href":"https:\/\/omi-optika.hu\/en\/wp-json\/wp\/v2\/product_tag?post=474"}],"curies":[{"name":"wp","href":"https:\/\/api.w.org\/{rel}","templated":true}]}}