{"id":500,"date":"2019-05-12T18:19:49","date_gmt":"2019-05-12T18:19:49","guid":{"rendered":"https:\/\/omi-optika.hu\/?post_type=product&#038;p=500"},"modified":"2020-04-01T07:24:21","modified_gmt":"2020-04-01T07:24:21","slug":"spot-hattervilagitok","status":"publish","type":"product","link":"https:\/\/omi-optika.hu\/en\/uzlet\/spot-hattervilagitok\/","title":{"rendered":"SPOT Backlights"},"content":{"rendered":"<p>Extra nagy intenzit\u00e1s\u00fa h\u00e1tt\u00e9rf\u00e9ny r\u00f6vid, ak\u00e1r mikroszekundum nagys\u00e1grend\u0171 expon\u00e1l\u00e1sok eset\u00e9n. Egyszer\u0171en, k\u00f6nnyen telep\u00edthet\u0151, karbantarthat\u00f3 \u00e9s cser\u00e9lhet\u0151. Alkalmaz\u00e1sa olyan berendez\u00e9sekben is c\u00e9lszer\u0171, ahol kev\u00e9s a hely.<\/p>","protected":false},"excerpt":{"rendered":"<p>Extra nagy intenzit\u00e1s\u00fa h\u00e1tt\u00e9rf\u00e9ny r\u00f6vid, ak\u00e1r mikroszekundum nagys\u00e1grend\u0171 expon\u00e1l\u00e1sok eset\u00e9n. Egyszer\u0171en, k\u00f6nnyen telep\u00edthet\u0151, karbantarthat\u00f3 \u00e9s cser\u00e9lhet\u0151. Alkalmaz\u00e1sa olyan berendez\u00e9sekben is c\u00e9lszer\u0171, ahol kev\u00e9s a hely.<\/p>\n","protected":false},"featured_media":1635,"comment_status":"closed","ping_status":"closed","template":"","meta":[],"product_brand":[],"product_cat":[67,104],"product_tag":[],"class_list":{"0":"post-500","1":"product","2":"type-product","3":"status-publish","4":"has-post-thumbnail","6":"product_cat-led-megvilagitok","7":"product_cat-hattervilagitok","9":"first","10":"instock","11":"taxable","12":"shipping-taxable","13":"product-type-simple"},"yoast_head":"<!-- This site is optimized with the Yoast SEO plugin v25.9 - https:\/\/yoast.com\/wordpress\/plugins\/seo\/ -->\n<title>SPOT Backlights - OMI Optika<\/title>\n<meta name=\"description\" content=\"SPOT Backlights\" \/>\n<meta name=\"robots\" content=\"index, follow, max-snippet:-1, max-image-preview:large, max-video-preview:-1\" \/>\n<link rel=\"canonical\" href=\"https:\/\/omi-optika.hu\/en\/uzlet\/spot-hattervilagitok\/\" \/>\n<meta property=\"og:locale\" content=\"en_US\" \/>\n<meta property=\"og:type\" content=\"article\" \/>\n<meta property=\"og:title\" content=\"SPOT Backlights - OMI Optika\" \/>\n<meta property=\"og:description\" content=\"SPOT Backlights\" \/>\n<meta property=\"og:url\" content=\"https:\/\/omi-optika.hu\/en\/uzlet\/spot-hattervilagitok\/\" \/>\n<meta property=\"og:site_name\" content=\"OMI Optika\" \/>\n<meta property=\"article:modified_time\" content=\"2020-04-01T07:24:21+00:00\" \/>\n<meta property=\"og:image\" content=\"https:\/\/omi-optika.hu\/wp-content\/uploads\/2019\/11\/dscn9162.jpg\" \/>\n\t<meta property=\"og:image:width\" content=\"500\" \/>\n\t<meta property=\"og:image:height\" content=\"500\" \/>\n\t<meta property=\"og:image:type\" content=\"image\/jpeg\" \/>\n<meta name=\"twitter:card\" content=\"summary_large_image\" \/>\n<script type=\"application\/ld+json\" class=\"yoast-schema-graph\">{\"@context\":\"https:\/\/schema.org\",\"@graph\":[{\"@type\":\"WebPage\",\"@id\":\"https:\/\/omi-optika.hu\/en\/uzlet\/spot-hattervilagitok\/\",\"url\":\"https:\/\/omi-optika.hu\/en\/uzlet\/spot-hattervilagitok\/\",\"name\":\"SPOT Backlights - OMI Optika\",\"isPartOf\":{\"@id\":\"https:\/\/omi-optika.hu\/#website\"},\"primaryImageOfPage\":{\"@id\":\"https:\/\/omi-optika.hu\/en\/uzlet\/spot-hattervilagitok\/#primaryimage\"},\"image\":{\"@id\":\"https:\/\/omi-optika.hu\/en\/uzlet\/spot-hattervilagitok\/#primaryimage\"},\"thumbnailUrl\":\"https:\/\/omi-optika.hu\/wp-content\/uploads\/2019\/11\/dscn9162.jpg\",\"datePublished\":\"2019-05-12T18:19:49+00:00\",\"dateModified\":\"2020-04-01T07:24:21+00:00\",\"description\":\"SPOT Backlights\",\"breadcrumb\":{\"@id\":\"https:\/\/omi-optika.hu\/en\/uzlet\/spot-hattervilagitok\/#breadcrumb\"},\"inLanguage\":\"en-US\",\"potentialAction\":[{\"@type\":\"ReadAction\",\"target\":[\"https:\/\/omi-optika.hu\/en\/uzlet\/spot-hattervilagitok\/\"]}]},{\"@type\":\"ImageObject\",\"inLanguage\":\"en-US\",\"@id\":\"https:\/\/omi-optika.hu\/en\/uzlet\/spot-hattervilagitok\/#primaryimage\",\"url\":\"https:\/\/omi-optika.hu\/wp-content\/uploads\/2019\/11\/dscn9162.jpg\",\"contentUrl\":\"https:\/\/omi-optika.hu\/wp-content\/uploads\/2019\/11\/dscn9162.jpg\",\"width\":500,\"height\":500},{\"@type\":\"BreadcrumbList\",\"@id\":\"https:\/\/omi-optika.hu\/en\/uzlet\/spot-hattervilagitok\/#breadcrumb\",\"itemListElement\":[{\"@type\":\"ListItem\",\"position\":1,\"name\":\"Home\",\"item\":\"https:\/\/omi-optika.hu\/\"},{\"@type\":\"ListItem\",\"position\":2,\"name\":\"Shop\",\"item\":\"https:\/\/omi-optika.hu\/en\/shop\/\"},{\"@type\":\"ListItem\",\"position\":3,\"name\":\"SPOT Backlights\"}]},{\"@type\":\"WebSite\",\"@id\":\"https:\/\/omi-optika.hu\/#website\",\"url\":\"https:\/\/omi-optika.hu\/\",\"name\":\"OMI Optika\",\"description\":\"OPTIKA Mernokiroda homepage\",\"publisher\":{\"@id\":\"https:\/\/omi-optika.hu\/#organization\"},\"potentialAction\":[{\"@type\":\"SearchAction\",\"target\":{\"@type\":\"EntryPoint\",\"urlTemplate\":\"https:\/\/omi-optika.hu\/?s={search_term_string}\"},\"query-input\":{\"@type\":\"PropertyValueSpecification\",\"valueRequired\":true,\"valueName\":\"search_term_string\"}}],\"inLanguage\":\"en-US\"},{\"@type\":\"Organization\",\"@id\":\"https:\/\/omi-optika.hu\/#organization\",\"name\":\"OPTIKA Mernokiroda Kft.\",\"url\":\"https:\/\/omi-optika.hu\/\",\"logo\":{\"@type\":\"ImageObject\",\"inLanguage\":\"en-US\",\"@id\":\"https:\/\/omi-optika.hu\/#\/schema\/logo\/image\/\",\"url\":\"https:\/\/omi-optika.hu\/wp-content\/uploads\/2019\/05\/forgatas-265kb.gif\",\"contentUrl\":\"https:\/\/omi-optika.hu\/wp-content\/uploads\/2019\/05\/forgatas-265kb.gif\",\"width\":400,\"height\":205,\"caption\":\"OPTIKA Mernokiroda Kft.\"},\"image\":{\"@id\":\"https:\/\/omi-optika.hu\/#\/schema\/logo\/image\/\"}}]}<\/script>\n<!-- \/ Yoast SEO plugin. -->","yoast_head_json":{"title":"SPOT Backlights - OMI Optika","description":"SPOT Backlights","robots":{"index":"index","follow":"follow","max-snippet":"max-snippet:-1","max-image-preview":"max-image-preview:large","max-video-preview":"max-video-preview:-1"},"canonical":"https:\/\/omi-optika.hu\/en\/uzlet\/spot-hattervilagitok\/","og_locale":"en_US","og_type":"article","og_title":"SPOT Backlights - OMI Optika","og_description":"SPOT Backlights","og_url":"https:\/\/omi-optika.hu\/en\/uzlet\/spot-hattervilagitok\/","og_site_name":"OMI Optika","article_modified_time":"2020-04-01T07:24:21+00:00","og_image":[{"width":500,"height":500,"url":"https:\/\/omi-optika.hu\/wp-content\/uploads\/2019\/11\/dscn9162.jpg","type":"image\/jpeg"}],"twitter_card":"summary_large_image","schema":{"@context":"https:\/\/schema.org","@graph":[{"@type":"WebPage","@id":"https:\/\/omi-optika.hu\/en\/uzlet\/spot-hattervilagitok\/","url":"https:\/\/omi-optika.hu\/en\/uzlet\/spot-hattervilagitok\/","name":"SPOT Backlights - OMI Optika","isPartOf":{"@id":"https:\/\/omi-optika.hu\/#website"},"primaryImageOfPage":{"@id":"https:\/\/omi-optika.hu\/en\/uzlet\/spot-hattervilagitok\/#primaryimage"},"image":{"@id":"https:\/\/omi-optika.hu\/en\/uzlet\/spot-hattervilagitok\/#primaryimage"},"thumbnailUrl":"https:\/\/omi-optika.hu\/wp-content\/uploads\/2019\/11\/dscn9162.jpg","datePublished":"2019-05-12T18:19:49+00:00","dateModified":"2020-04-01T07:24:21+00:00","description":"SPOT Backlights","breadcrumb":{"@id":"https:\/\/omi-optika.hu\/en\/uzlet\/spot-hattervilagitok\/#breadcrumb"},"inLanguage":"en-US","potentialAction":[{"@type":"ReadAction","target":["https:\/\/omi-optika.hu\/en\/uzlet\/spot-hattervilagitok\/"]}]},{"@type":"ImageObject","inLanguage":"en-US","@id":"https:\/\/omi-optika.hu\/en\/uzlet\/spot-hattervilagitok\/#primaryimage","url":"https:\/\/omi-optika.hu\/wp-content\/uploads\/2019\/11\/dscn9162.jpg","contentUrl":"https:\/\/omi-optika.hu\/wp-content\/uploads\/2019\/11\/dscn9162.jpg","width":500,"height":500},{"@type":"BreadcrumbList","@id":"https:\/\/omi-optika.hu\/en\/uzlet\/spot-hattervilagitok\/#breadcrumb","itemListElement":[{"@type":"ListItem","position":1,"name":"Home","item":"https:\/\/omi-optika.hu\/"},{"@type":"ListItem","position":2,"name":"Shop","item":"https:\/\/omi-optika.hu\/en\/shop\/"},{"@type":"ListItem","position":3,"name":"SPOT Backlights"}]},{"@type":"WebSite","@id":"https:\/\/omi-optika.hu\/#website","url":"https:\/\/omi-optika.hu\/","name":"OMI Optika","description":"OPTIKA Mernokiroda homepage","publisher":{"@id":"https:\/\/omi-optika.hu\/#organization"},"potentialAction":[{"@type":"SearchAction","target":{"@type":"EntryPoint","urlTemplate":"https:\/\/omi-optika.hu\/?s={search_term_string}"},"query-input":{"@type":"PropertyValueSpecification","valueRequired":true,"valueName":"search_term_string"}}],"inLanguage":"en-US"},{"@type":"Organization","@id":"https:\/\/omi-optika.hu\/#organization","name":"OPTIKA Mernokiroda Kft.","url":"https:\/\/omi-optika.hu\/","logo":{"@type":"ImageObject","inLanguage":"en-US","@id":"https:\/\/omi-optika.hu\/#\/schema\/logo\/image\/","url":"https:\/\/omi-optika.hu\/wp-content\/uploads\/2019\/05\/forgatas-265kb.gif","contentUrl":"https:\/\/omi-optika.hu\/wp-content\/uploads\/2019\/05\/forgatas-265kb.gif","width":400,"height":205,"caption":"OPTIKA Mernokiroda Kft."},"image":{"@id":"https:\/\/omi-optika.hu\/#\/schema\/logo\/image\/"}}]}},"_links":{"self":[{"href":"https:\/\/omi-optika.hu\/en\/wp-json\/wp\/v2\/product\/500","targetHints":{"allow":["GET"]}}],"collection":[{"href":"https:\/\/omi-optika.hu\/en\/wp-json\/wp\/v2\/product"}],"about":[{"href":"https:\/\/omi-optika.hu\/en\/wp-json\/wp\/v2\/types\/product"}],"replies":[{"embeddable":true,"href":"https:\/\/omi-optika.hu\/en\/wp-json\/wp\/v2\/comments?post=500"}],"wp:featuredmedia":[{"embeddable":true,"href":"https:\/\/omi-optika.hu\/en\/wp-json\/wp\/v2\/media\/1635"}],"wp:attachment":[{"href":"https:\/\/omi-optika.hu\/en\/wp-json\/wp\/v2\/media?parent=500"}],"wp:term":[{"taxonomy":"product_brand","embeddable":true,"href":"https:\/\/omi-optika.hu\/en\/wp-json\/wp\/v2\/product_brand?post=500"},{"taxonomy":"product_cat","embeddable":true,"href":"https:\/\/omi-optika.hu\/en\/wp-json\/wp\/v2\/product_cat?post=500"},{"taxonomy":"product_tag","embeddable":true,"href":"https:\/\/omi-optika.hu\/en\/wp-json\/wp\/v2\/product_tag?post=500"}],"curies":[{"name":"wp","href":"https:\/\/api.w.org\/{rel}","templated":true}]}}