{"id":5042,"date":"2025-11-04T10:28:39","date_gmt":"2025-11-04T10:28:39","guid":{"rendered":"https:\/\/omi-optika.hu\/?post_type=product&#038;p=5042"},"modified":"2025-11-06T00:57:10","modified_gmt":"2025-11-06T00:57:10","slug":"4-203-000","status":"publish","type":"product","link":"https:\/\/omi-optika.hu\/en\/uzlet\/4-203-000\/","title":{"rendered":"4-203-000"},"content":{"rendered":"<p>\r\n\r\n\r\n<div class=\"fbq-item js-item-image fbq-image shortcode fbq-left-position fbq-center-align\">\r\n\t<div class=\"fbq-image-container\">\r\n\t\t<div class=\"fbq-media-wrapper with-placeholder\" ><a class=\"fbq-media-wrapper-inner\" href=\"#embed(https:\/\/omi-optika.hu\/wp-content\/uploads\/2022\/01\/4-203-000-f36-objective.jpg)\" target=\"_self\"><div class=\"media-placeholder\" style=\"width:300px; padding-bottom:100%;\"><\/div><img loading=\"lazy\" decoding=\"async\" alt=\"\" title=\"4-203-000-f36-objective\" width=\"300\" height=\"300\" data-full-width=\"928\" data-full-height=\"928\" sizes=\"auto, (max-width:300px) 100vw, 300px\" srcset=\"https:\/\/omi-optika.hu\/wp-content\/uploads\/2022\/01\/4-203-000-f36-objective-300x300.jpg 300w\" src=\"https:\/\/omi-optika.hu\/wp-content\/uploads\/2022\/01\/4-203-000-f36-objective-300x300.jpg\" class=\"fbq-media-wrapper-image\"  \/><\/a><\/div>\t<\/div>\r\n<\/div>\r\n<\/p>\n<p>&nbsp;<\/p>\n<p>\n<table id=\"tablepress-tbl_objektivek\" class=\"tablepress tablepress-id-tbl_objektivek\">\n<thead>\n<tr class=\"row-1\">\n\t<td class=\"column-1\"><\/td><th class=\"column-2\">Megrendel\u00e9si sz\u00e1m\/<br \/>\nProduct Number<\/th><th class=\"column-3\">Megnevez\u00e9s\/<br \/>\nDesignation<\/th><th class=\"column-4\">F\u00f3kuszt\u00e1vols\u00e1g\/<br \/>\nFocal Length (mm)<\/th><th class=\"column-5\">Max detektor m\u00e9ret\/<br \/>\nMax Detector Size<\/th><th class=\"column-6\">Munkat\u00e1vols\u00e1g\/<br \/>\nWorking Distance (mm)<\/th><th class=\"column-7\">Befoglal\u00f3 m\u00e9retek\/<br \/>\nDimensions (mm)<\/th><th class=\"column-8\">Adatlap\/<br \/>\nDatasheet<\/th><td class=\"column-9\"><\/td>\n<\/tr>\n<\/thead>\n<tbody class=\"row-striping row-hover\">\n<tr class=\"row-2\">\n\t<td class=\"column-1\"><div class=\"table_pop-up_image\">\r\n\r\n\r\n<div class=\"fbq-item js-item-image fbq-image shortcode fbq-center-position fbq-center-align\">\r\n\t<div class=\"fbq-image-container\">\r\n\t\t<div class=\"fbq-media-wrapper with-placeholder\" ><a class=\"fbq-media-wrapper-inner\" href=\"#embed(https:\/\/omi-optika.hu\/wp-content\/uploads\/2022\/01\/4-203-000-f36-objective.jpg)\" target=\"_self\"><div class=\"media-placeholder\" style=\"width:150px; padding-bottom:100%;\"><\/div><img loading=\"lazy\" decoding=\"async\" alt=\"\" title=\"4-203-000-f36-objective\" width=\"150\" height=\"150\" data-full-width=\"928\" data-full-height=\"928\" data-src=\"https:\/\/omi-optika.hu\/wp-content\/uploads\/2022\/01\/4-203-000-f36-objective-150x150.jpg\" src=\"https:\/\/omi-optika.hu\/wp-content\/uploads\/2022\/01\/4-203-000-f36-objective-150x150.jpg\" class=\"fbq-media-wrapper-image image-lazy-load\"  \/><\/a><\/div>\t<\/div>\r\n<\/div>\r\n<\/div><\/td><td class=\"column-2\"><a href=\"\/uzlet\/4-203-000\/\" rel=\"noopener\" target=\"_blank\">4-203-000<\/a<\/td><td class=\"column-3\">Fix f\u00f3kusz\u00fa C-menetes objekt\u00edv<\/td><td class=\"column-4\">36<\/td><td class=\"column-5\">2\/3\"<\/td><td class=\"column-6\">> 250<\/td><td class=\"column-7\">\u00d830 x 46<\/td><td class=\"column-8\"><a href=\"\/wp-content\/uploads\/2022\/01\/4-203-000.pdf\" rel=\"noopener\" target=\"_blank\">4-203-000.pdf<\/a><\/td><td class=\"column-9\"><\/td>\n<\/tr>\n<\/tbody>\n<\/table>\n<\/p>","protected":false},"excerpt":{"rendered":"<p>&nbsp;<\/p>\n","protected":false},"featured_media":4099,"comment_status":"closed","ping_status":"closed","template":"","meta":[],"product_brand":[],"product_cat":[130],"product_tag":[],"class_list":{"0":"post-5042","1":"product","2":"type-product","3":"status-publish","4":"has-post-thumbnail","6":"product_cat-tartozekok-kiegeszitok","8":"first","9":"instock","10":"taxable","11":"shipping-taxable","12":"product-type-simple"},"yoast_head":"<!-- This site is optimized with the Yoast SEO plugin v25.9 - https:\/\/yoast.com\/wordpress\/plugins\/seo\/ -->\n<title>4-203-000 - OMI Optika<\/title>\n<meta name=\"description\" content=\"Term\u00e9kek\" \/>\n<meta name=\"robots\" content=\"index, follow, max-snippet:-1, max-image-preview:large, max-video-preview:-1\" \/>\n<link rel=\"canonical\" href=\"https:\/\/omi-optika.hu\/uzlet\/4-203-000\/\" \/>\n<meta property=\"og:locale\" content=\"en_US\" \/>\n<meta property=\"og:type\" content=\"article\" \/>\n<meta property=\"og:title\" content=\"4-203-000 - OMI Optika\" \/>\n<meta property=\"og:description\" content=\"Term\u00e9kek\" \/>\n<meta property=\"og:url\" content=\"https:\/\/omi-optika.hu\/uzlet\/4-203-000\/\" \/>\n<meta property=\"og:site_name\" content=\"OMI Optika\" \/>\n<meta property=\"article:modified_time\" content=\"2025-11-06T00:57:10+00:00\" \/>\n<meta property=\"og:image\" content=\"https:\/\/omi-optika.hu\/wp-content\/uploads\/2022\/01\/4-203-022-f45-objective.jpg\" \/>\n\t<meta property=\"og:image:width\" content=\"1098\" \/>\n\t<meta property=\"og:image:height\" content=\"1098\" \/>\n\t<meta property=\"og:image:type\" content=\"image\/jpeg\" \/>\n<meta name=\"twitter:card\" content=\"summary_large_image\" \/>\n<meta name=\"twitter:label1\" content=\"Est. reading time\" \/>\n\t<meta name=\"twitter:data1\" content=\"1 minute\" \/>\n<script type=\"application\/ld+json\" class=\"yoast-schema-graph\">{\"@context\":\"https:\/\/schema.org\",\"@graph\":[{\"@type\":\"WebPage\",\"@id\":\"https:\/\/omi-optika.hu\/uzlet\/4-203-000\/\",\"url\":\"https:\/\/omi-optika.hu\/uzlet\/4-203-000\/\",\"name\":\"4-203-000 - OMI Optika\",\"isPartOf\":{\"@id\":\"https:\/\/omi-optika.hu\/#website\"},\"primaryImageOfPage\":{\"@id\":\"https:\/\/omi-optika.hu\/uzlet\/4-203-000\/#primaryimage\"},\"image\":{\"@id\":\"https:\/\/omi-optika.hu\/uzlet\/4-203-000\/#primaryimage\"},\"thumbnailUrl\":\"https:\/\/omi-optika.hu\/wp-content\/uploads\/2022\/01\/4-203-022-f45-objective.jpg\",\"datePublished\":\"2025-11-04T10:28:39+00:00\",\"dateModified\":\"2025-11-06T00:57:10+00:00\",\"description\":\"Term\u00e9kek\",\"breadcrumb\":{\"@id\":\"https:\/\/omi-optika.hu\/uzlet\/4-203-000\/#breadcrumb\"},\"inLanguage\":\"en-US\",\"potentialAction\":[{\"@type\":\"ReadAction\",\"target\":[\"https:\/\/omi-optika.hu\/uzlet\/4-203-000\/\"]}]},{\"@type\":\"ImageObject\",\"inLanguage\":\"en-US\",\"@id\":\"https:\/\/omi-optika.hu\/uzlet\/4-203-000\/#primaryimage\",\"url\":\"https:\/\/omi-optika.hu\/wp-content\/uploads\/2022\/01\/4-203-022-f45-objective.jpg\",\"contentUrl\":\"https:\/\/omi-optika.hu\/wp-content\/uploads\/2022\/01\/4-203-022-f45-objective.jpg\",\"width\":1098,\"height\":1098},{\"@type\":\"BreadcrumbList\",\"@id\":\"https:\/\/omi-optika.hu\/uzlet\/4-203-000\/#breadcrumb\",\"itemListElement\":[{\"@type\":\"ListItem\",\"position\":1,\"name\":\"Home\",\"item\":\"https:\/\/omi-optika.hu\/\"},{\"@type\":\"ListItem\",\"position\":2,\"name\":\"Shop\",\"item\":\"https:\/\/omi-optika.hu\/en\/shop\/\"},{\"@type\":\"ListItem\",\"position\":3,\"name\":\"4-203-000\"}]},{\"@type\":\"WebSite\",\"@id\":\"https:\/\/omi-optika.hu\/#website\",\"url\":\"https:\/\/omi-optika.hu\/\",\"name\":\"OMI Optika\",\"description\":\"OPTIKA Mernokiroda homepage\",\"publisher\":{\"@id\":\"https:\/\/omi-optika.hu\/#organization\"},\"potentialAction\":[{\"@type\":\"SearchAction\",\"target\":{\"@type\":\"EntryPoint\",\"urlTemplate\":\"https:\/\/omi-optika.hu\/?s={search_term_string}\"},\"query-input\":{\"@type\":\"PropertyValueSpecification\",\"valueRequired\":true,\"valueName\":\"search_term_string\"}}],\"inLanguage\":\"en-US\"},{\"@type\":\"Organization\",\"@id\":\"https:\/\/omi-optika.hu\/#organization\",\"name\":\"OPTIKA Mernokiroda Kft.\",\"url\":\"https:\/\/omi-optika.hu\/\",\"logo\":{\"@type\":\"ImageObject\",\"inLanguage\":\"en-US\",\"@id\":\"https:\/\/omi-optika.hu\/#\/schema\/logo\/image\/\",\"url\":\"https:\/\/omi-optika.hu\/wp-content\/uploads\/2019\/05\/forgatas-265kb.gif\",\"contentUrl\":\"https:\/\/omi-optika.hu\/wp-content\/uploads\/2019\/05\/forgatas-265kb.gif\",\"width\":400,\"height\":205,\"caption\":\"OPTIKA Mernokiroda Kft.\"},\"image\":{\"@id\":\"https:\/\/omi-optika.hu\/#\/schema\/logo\/image\/\"}}]}<\/script>\n<!-- \/ Yoast SEO plugin. -->","yoast_head_json":{"title":"4-203-000 - OMI Optika","description":"Term\u00e9kek","robots":{"index":"index","follow":"follow","max-snippet":"max-snippet:-1","max-image-preview":"max-image-preview:large","max-video-preview":"max-video-preview:-1"},"canonical":"https:\/\/omi-optika.hu\/uzlet\/4-203-000\/","og_locale":"en_US","og_type":"article","og_title":"4-203-000 - OMI Optika","og_description":"Term\u00e9kek","og_url":"https:\/\/omi-optika.hu\/uzlet\/4-203-000\/","og_site_name":"OMI Optika","article_modified_time":"2025-11-06T00:57:10+00:00","og_image":[{"width":1098,"height":1098,"url":"https:\/\/omi-optika.hu\/wp-content\/uploads\/2022\/01\/4-203-022-f45-objective.jpg","type":"image\/jpeg"}],"twitter_card":"summary_large_image","twitter_misc":{"Est. reading time":"1 minute"},"schema":{"@context":"https:\/\/schema.org","@graph":[{"@type":"WebPage","@id":"https:\/\/omi-optika.hu\/uzlet\/4-203-000\/","url":"https:\/\/omi-optika.hu\/uzlet\/4-203-000\/","name":"4-203-000 - OMI Optika","isPartOf":{"@id":"https:\/\/omi-optika.hu\/#website"},"primaryImageOfPage":{"@id":"https:\/\/omi-optika.hu\/uzlet\/4-203-000\/#primaryimage"},"image":{"@id":"https:\/\/omi-optika.hu\/uzlet\/4-203-000\/#primaryimage"},"thumbnailUrl":"https:\/\/omi-optika.hu\/wp-content\/uploads\/2022\/01\/4-203-022-f45-objective.jpg","datePublished":"2025-11-04T10:28:39+00:00","dateModified":"2025-11-06T00:57:10+00:00","description":"Term\u00e9kek","breadcrumb":{"@id":"https:\/\/omi-optika.hu\/uzlet\/4-203-000\/#breadcrumb"},"inLanguage":"en-US","potentialAction":[{"@type":"ReadAction","target":["https:\/\/omi-optika.hu\/uzlet\/4-203-000\/"]}]},{"@type":"ImageObject","inLanguage":"en-US","@id":"https:\/\/omi-optika.hu\/uzlet\/4-203-000\/#primaryimage","url":"https:\/\/omi-optika.hu\/wp-content\/uploads\/2022\/01\/4-203-022-f45-objective.jpg","contentUrl":"https:\/\/omi-optika.hu\/wp-content\/uploads\/2022\/01\/4-203-022-f45-objective.jpg","width":1098,"height":1098},{"@type":"BreadcrumbList","@id":"https:\/\/omi-optika.hu\/uzlet\/4-203-000\/#breadcrumb","itemListElement":[{"@type":"ListItem","position":1,"name":"Home","item":"https:\/\/omi-optika.hu\/"},{"@type":"ListItem","position":2,"name":"Shop","item":"https:\/\/omi-optika.hu\/en\/shop\/"},{"@type":"ListItem","position":3,"name":"4-203-000"}]},{"@type":"WebSite","@id":"https:\/\/omi-optika.hu\/#website","url":"https:\/\/omi-optika.hu\/","name":"OMI Optika","description":"OPTIKA Mernokiroda homepage","publisher":{"@id":"https:\/\/omi-optika.hu\/#organization"},"potentialAction":[{"@type":"SearchAction","target":{"@type":"EntryPoint","urlTemplate":"https:\/\/omi-optika.hu\/?s={search_term_string}"},"query-input":{"@type":"PropertyValueSpecification","valueRequired":true,"valueName":"search_term_string"}}],"inLanguage":"en-US"},{"@type":"Organization","@id":"https:\/\/omi-optika.hu\/#organization","name":"OPTIKA Mernokiroda Kft.","url":"https:\/\/omi-optika.hu\/","logo":{"@type":"ImageObject","inLanguage":"en-US","@id":"https:\/\/omi-optika.hu\/#\/schema\/logo\/image\/","url":"https:\/\/omi-optika.hu\/wp-content\/uploads\/2019\/05\/forgatas-265kb.gif","contentUrl":"https:\/\/omi-optika.hu\/wp-content\/uploads\/2019\/05\/forgatas-265kb.gif","width":400,"height":205,"caption":"OPTIKA Mernokiroda Kft."},"image":{"@id":"https:\/\/omi-optika.hu\/#\/schema\/logo\/image\/"}}]}},"_links":{"self":[{"href":"https:\/\/omi-optika.hu\/en\/wp-json\/wp\/v2\/product\/5042","targetHints":{"allow":["GET"]}}],"collection":[{"href":"https:\/\/omi-optika.hu\/en\/wp-json\/wp\/v2\/product"}],"about":[{"href":"https:\/\/omi-optika.hu\/en\/wp-json\/wp\/v2\/types\/product"}],"replies":[{"embeddable":true,"href":"https:\/\/omi-optika.hu\/en\/wp-json\/wp\/v2\/comments?post=5042"}],"wp:featuredmedia":[{"embeddable":true,"href":"https:\/\/omi-optika.hu\/en\/wp-json\/wp\/v2\/media\/4099"}],"wp:attachment":[{"href":"https:\/\/omi-optika.hu\/en\/wp-json\/wp\/v2\/media?parent=5042"}],"wp:term":[{"taxonomy":"product_brand","embeddable":true,"href":"https:\/\/omi-optika.hu\/en\/wp-json\/wp\/v2\/product_brand?post=5042"},{"taxonomy":"product_cat","embeddable":true,"href":"https:\/\/omi-optika.hu\/en\/wp-json\/wp\/v2\/product_cat?post=5042"},{"taxonomy":"product_tag","embeddable":true,"href":"https:\/\/omi-optika.hu\/en\/wp-json\/wp\/v2\/product_tag?post=5042"}],"curies":[{"name":"wp","href":"https:\/\/api.w.org\/{rel}","templated":true}]}}