{"id":510,"date":"2019-05-12T19:06:50","date_gmt":"2019-05-12T19:06:50","guid":{"rendered":"https:\/\/omi-optika.hu\/?post_type=product&#038;p=510"},"modified":"2020-11-09T09:15:15","modified_gmt":"2020-11-09T09:15:15","slug":"egy-led-es-megvilagitok","status":"publish","type":"product","link":"https:\/\/omi-optika.hu\/en\/uzlet\/egy-led-es-megvilagitok\/","title":{"rendered":"SPOT Lights"},"content":{"rendered":"<p>Nagy f\u00e9nyerej\u0171, passz\u00edv h\u0171t\u00e9ssel ell\u00e1tott LED vil\u00e1g\u00edt\u00f3k sz\u00e9lesk\u00f6r\u0171 felhaszn\u00e1l\u00e1si lehet\u0151s\u00e9gekkel.<\/p>\n<p><strong>Tipikus felhaszn\u00e1l\u00e1si ter\u00fcletek:<\/strong><\/p>\n<p>\u2013 term\u00e9k, munkadarab megvil\u00e1g\u00edt\u00e1sa<\/p>\n<p>\u2013 megvil\u00e1g\u00edt\u00e1s laborat\u00f3riumi vizsg\u00e1latokn\u00e1l<\/p>\n<p>\u2013 megvil\u00e1g\u00edt\u00e1s m\u00e9r\u00e9sekkel, kalibr\u00e1l\u00e1sokn\u00e1l<\/p>\n<p>\u2013 megvil\u00e1g\u00edt\u00e1s mikroszk\u00f3pi vizsg\u00e1latokn\u00e1l<\/p>\n<p>\u2013 helyi munkafel\u00fcletek megvil\u00e1g\u00edt\u00e1sa<\/p>\n<p>\u2013 megmunk\u00e1land\u00f3 munkadarabok megvil\u00e1g\u00edt\u00e1sa pl.: forg\u00e1csol\u00f3 g\u00e9peken (\u201cG\u00e9pl\u00e1mpa\u201d)<\/p>","protected":false},"excerpt":{"rendered":"<p>Nagy f\u00e9nyerej\u0171, passz\u00edv h\u0171t\u00e9ssel ell\u00e1tott LED vil\u00e1g\u00edt\u00f3k sz\u00e9lesk\u00f6r\u0171 felhaszn\u00e1l\u00e1si lehet\u0151s\u00e9gekkel. Tipikus felhaszn\u00e1l\u00e1si ter\u00fcletek: \u2013 term\u00e9k, munkadarab megvil\u00e1g\u00edt\u00e1sa \u2013 megvil\u00e1g\u00edt\u00e1s laborat\u00f3riumi vizsg\u00e1latokn\u00e1l \u2013 megvil\u00e1g\u00edt\u00e1s m\u00e9r\u00e9sekkel, kalibr\u00e1l\u00e1sokn\u00e1l \u2013 megvil\u00e1g\u00edt\u00e1s mikroszk\u00f3pi vizsg\u00e1latokn\u00e1l \u2013 helyi munkafel\u00fcletek megvil\u00e1g\u00edt\u00e1sa \u2013 megmunk\u00e1land\u00f3 munkadarabok megvil\u00e1g\u00edt\u00e1sa pl.: forg\u00e1csol\u00f3 g\u00e9peken (\u201cG\u00e9pl\u00e1mpa\u201d)<\/p>\n","protected":false},"featured_media":3185,"comment_status":"closed","ping_status":"closed","template":"","meta":[],"product_brand":[],"product_cat":[67,108],"product_tag":[],"class_list":{"0":"post-510","1":"product","2":"type-product","3":"status-publish","4":"has-post-thumbnail","6":"product_cat-led-megvilagitok","7":"product_cat-spot-megvilagitok","9":"first","10":"instock","11":"taxable","12":"shipping-taxable","13":"product-type-simple"},"yoast_head":"<!-- This site is optimized with the Yoast SEO plugin v25.9 - https:\/\/yoast.com\/wordpress\/plugins\/seo\/ -->\n<title>SPOT Lights - OMI Optika<\/title>\n<meta name=\"description\" content=\"SPOT megvil\u00e1g\u00edt\u00f3k ipari alkalmaz\u00e1sokhoz\" \/>\n<meta name=\"robots\" content=\"index, follow, max-snippet:-1, max-image-preview:large, max-video-preview:-1\" \/>\n<link rel=\"canonical\" href=\"https:\/\/omi-optika.hu\/uzlet\/egy-led-es-megvilagitok\/\" \/>\n<meta property=\"og:locale\" content=\"en_US\" \/>\n<meta property=\"og:type\" content=\"article\" \/>\n<meta property=\"og:title\" content=\"SPOT Lights - OMI Optika\" \/>\n<meta property=\"og:description\" content=\"SPOT megvil\u00e1g\u00edt\u00f3k ipari alkalmaz\u00e1sokhoz\" \/>\n<meta property=\"og:url\" content=\"https:\/\/omi-optika.hu\/uzlet\/egy-led-es-megvilagitok\/\" \/>\n<meta property=\"og:site_name\" content=\"OMI Optika\" \/>\n<meta property=\"article:modified_time\" content=\"2020-11-09T09:15:15+00:00\" \/>\n<meta property=\"og:image\" content=\"https:\/\/omi-optika.hu\/wp-content\/uploads\/2020\/11\/SPOT-e1604913229211.jpg\" \/>\n\t<meta property=\"og:image:width\" content=\"500\" \/>\n\t<meta property=\"og:image:height\" content=\"500\" \/>\n\t<meta property=\"og:image:type\" content=\"image\/jpeg\" \/>\n<meta name=\"twitter:card\" content=\"summary_large_image\" \/>\n<meta name=\"twitter:label1\" content=\"Est. reading time\" \/>\n\t<meta name=\"twitter:data1\" content=\"3 minutes\" \/>\n<script type=\"application\/ld+json\" class=\"yoast-schema-graph\">{\"@context\":\"https:\/\/schema.org\",\"@graph\":[{\"@type\":\"WebPage\",\"@id\":\"https:\/\/omi-optika.hu\/uzlet\/egy-led-es-megvilagitok\/\",\"url\":\"https:\/\/omi-optika.hu\/uzlet\/egy-led-es-megvilagitok\/\",\"name\":\"SPOT Lights - OMI Optika\",\"isPartOf\":{\"@id\":\"https:\/\/omi-optika.hu\/#website\"},\"primaryImageOfPage\":{\"@id\":\"https:\/\/omi-optika.hu\/uzlet\/egy-led-es-megvilagitok\/#primaryimage\"},\"image\":{\"@id\":\"https:\/\/omi-optika.hu\/uzlet\/egy-led-es-megvilagitok\/#primaryimage\"},\"thumbnailUrl\":\"https:\/\/omi-optika.hu\/wp-content\/uploads\/2020\/11\/SPOT-e1604913229211.jpg\",\"datePublished\":\"2019-05-12T19:06:50+00:00\",\"dateModified\":\"2020-11-09T09:15:15+00:00\",\"description\":\"SPOT megvil\u00e1g\u00edt\u00f3k ipari alkalmaz\u00e1sokhoz\",\"breadcrumb\":{\"@id\":\"https:\/\/omi-optika.hu\/uzlet\/egy-led-es-megvilagitok\/#breadcrumb\"},\"inLanguage\":\"en-US\",\"potentialAction\":[{\"@type\":\"ReadAction\",\"target\":[\"https:\/\/omi-optika.hu\/uzlet\/egy-led-es-megvilagitok\/\"]}]},{\"@type\":\"ImageObject\",\"inLanguage\":\"en-US\",\"@id\":\"https:\/\/omi-optika.hu\/uzlet\/egy-led-es-megvilagitok\/#primaryimage\",\"url\":\"https:\/\/omi-optika.hu\/wp-content\/uploads\/2020\/11\/SPOT-e1604913229211.jpg\",\"contentUrl\":\"https:\/\/omi-optika.hu\/wp-content\/uploads\/2020\/11\/SPOT-e1604913229211.jpg\",\"width\":500,\"height\":500},{\"@type\":\"BreadcrumbList\",\"@id\":\"https:\/\/omi-optika.hu\/uzlet\/egy-led-es-megvilagitok\/#breadcrumb\",\"itemListElement\":[{\"@type\":\"ListItem\",\"position\":1,\"name\":\"Home\",\"item\":\"https:\/\/omi-optika.hu\/\"},{\"@type\":\"ListItem\",\"position\":2,\"name\":\"Shop\",\"item\":\"https:\/\/omi-optika.hu\/en\/shop\/\"},{\"@type\":\"ListItem\",\"position\":3,\"name\":\"SPOT megvil\u00e1g\u00edt\u00f3k\"}]},{\"@type\":\"WebSite\",\"@id\":\"https:\/\/omi-optika.hu\/#website\",\"url\":\"https:\/\/omi-optika.hu\/\",\"name\":\"OMI Optika\",\"description\":\"OPTIKA Mernokiroda homepage\",\"publisher\":{\"@id\":\"https:\/\/omi-optika.hu\/#organization\"},\"potentialAction\":[{\"@type\":\"SearchAction\",\"target\":{\"@type\":\"EntryPoint\",\"urlTemplate\":\"https:\/\/omi-optika.hu\/?s={search_term_string}\"},\"query-input\":{\"@type\":\"PropertyValueSpecification\",\"valueRequired\":true,\"valueName\":\"search_term_string\"}}],\"inLanguage\":\"en-US\"},{\"@type\":\"Organization\",\"@id\":\"https:\/\/omi-optika.hu\/#organization\",\"name\":\"OPTIKA Mernokiroda Kft.\",\"url\":\"https:\/\/omi-optika.hu\/\",\"logo\":{\"@type\":\"ImageObject\",\"inLanguage\":\"en-US\",\"@id\":\"https:\/\/omi-optika.hu\/#\/schema\/logo\/image\/\",\"url\":\"https:\/\/omi-optika.hu\/wp-content\/uploads\/2019\/05\/forgatas-265kb.gif\",\"contentUrl\":\"https:\/\/omi-optika.hu\/wp-content\/uploads\/2019\/05\/forgatas-265kb.gif\",\"width\":400,\"height\":205,\"caption\":\"OPTIKA Mernokiroda Kft.\"},\"image\":{\"@id\":\"https:\/\/omi-optika.hu\/#\/schema\/logo\/image\/\"}}]}<\/script>\n<!-- \/ Yoast SEO plugin. -->","yoast_head_json":{"title":"SPOT Lights - OMI Optika","description":"SPOT megvil\u00e1g\u00edt\u00f3k ipari alkalmaz\u00e1sokhoz","robots":{"index":"index","follow":"follow","max-snippet":"max-snippet:-1","max-image-preview":"max-image-preview:large","max-video-preview":"max-video-preview:-1"},"canonical":"https:\/\/omi-optika.hu\/uzlet\/egy-led-es-megvilagitok\/","og_locale":"en_US","og_type":"article","og_title":"SPOT Lights - OMI Optika","og_description":"SPOT megvil\u00e1g\u00edt\u00f3k ipari alkalmaz\u00e1sokhoz","og_url":"https:\/\/omi-optika.hu\/uzlet\/egy-led-es-megvilagitok\/","og_site_name":"OMI Optika","article_modified_time":"2020-11-09T09:15:15+00:00","og_image":[{"width":500,"height":500,"url":"https:\/\/omi-optika.hu\/wp-content\/uploads\/2020\/11\/SPOT-e1604913229211.jpg","type":"image\/jpeg"}],"twitter_card":"summary_large_image","twitter_misc":{"Est. reading time":"3 minutes"},"schema":{"@context":"https:\/\/schema.org","@graph":[{"@type":"WebPage","@id":"https:\/\/omi-optika.hu\/uzlet\/egy-led-es-megvilagitok\/","url":"https:\/\/omi-optika.hu\/uzlet\/egy-led-es-megvilagitok\/","name":"SPOT Lights - OMI Optika","isPartOf":{"@id":"https:\/\/omi-optika.hu\/#website"},"primaryImageOfPage":{"@id":"https:\/\/omi-optika.hu\/uzlet\/egy-led-es-megvilagitok\/#primaryimage"},"image":{"@id":"https:\/\/omi-optika.hu\/uzlet\/egy-led-es-megvilagitok\/#primaryimage"},"thumbnailUrl":"https:\/\/omi-optika.hu\/wp-content\/uploads\/2020\/11\/SPOT-e1604913229211.jpg","datePublished":"2019-05-12T19:06:50+00:00","dateModified":"2020-11-09T09:15:15+00:00","description":"SPOT megvil\u00e1g\u00edt\u00f3k ipari alkalmaz\u00e1sokhoz","breadcrumb":{"@id":"https:\/\/omi-optika.hu\/uzlet\/egy-led-es-megvilagitok\/#breadcrumb"},"inLanguage":"en-US","potentialAction":[{"@type":"ReadAction","target":["https:\/\/omi-optika.hu\/uzlet\/egy-led-es-megvilagitok\/"]}]},{"@type":"ImageObject","inLanguage":"en-US","@id":"https:\/\/omi-optika.hu\/uzlet\/egy-led-es-megvilagitok\/#primaryimage","url":"https:\/\/omi-optika.hu\/wp-content\/uploads\/2020\/11\/SPOT-e1604913229211.jpg","contentUrl":"https:\/\/omi-optika.hu\/wp-content\/uploads\/2020\/11\/SPOT-e1604913229211.jpg","width":500,"height":500},{"@type":"BreadcrumbList","@id":"https:\/\/omi-optika.hu\/uzlet\/egy-led-es-megvilagitok\/#breadcrumb","itemListElement":[{"@type":"ListItem","position":1,"name":"Home","item":"https:\/\/omi-optika.hu\/"},{"@type":"ListItem","position":2,"name":"Shop","item":"https:\/\/omi-optika.hu\/en\/shop\/"},{"@type":"ListItem","position":3,"name":"SPOT megvil\u00e1g\u00edt\u00f3k"}]},{"@type":"WebSite","@id":"https:\/\/omi-optika.hu\/#website","url":"https:\/\/omi-optika.hu\/","name":"OMI Optika","description":"OPTIKA Mernokiroda homepage","publisher":{"@id":"https:\/\/omi-optika.hu\/#organization"},"potentialAction":[{"@type":"SearchAction","target":{"@type":"EntryPoint","urlTemplate":"https:\/\/omi-optika.hu\/?s={search_term_string}"},"query-input":{"@type":"PropertyValueSpecification","valueRequired":true,"valueName":"search_term_string"}}],"inLanguage":"en-US"},{"@type":"Organization","@id":"https:\/\/omi-optika.hu\/#organization","name":"OPTIKA Mernokiroda Kft.","url":"https:\/\/omi-optika.hu\/","logo":{"@type":"ImageObject","inLanguage":"en-US","@id":"https:\/\/omi-optika.hu\/#\/schema\/logo\/image\/","url":"https:\/\/omi-optika.hu\/wp-content\/uploads\/2019\/05\/forgatas-265kb.gif","contentUrl":"https:\/\/omi-optika.hu\/wp-content\/uploads\/2019\/05\/forgatas-265kb.gif","width":400,"height":205,"caption":"OPTIKA Mernokiroda Kft."},"image":{"@id":"https:\/\/omi-optika.hu\/#\/schema\/logo\/image\/"}}]}},"_links":{"self":[{"href":"https:\/\/omi-optika.hu\/en\/wp-json\/wp\/v2\/product\/510","targetHints":{"allow":["GET"]}}],"collection":[{"href":"https:\/\/omi-optika.hu\/en\/wp-json\/wp\/v2\/product"}],"about":[{"href":"https:\/\/omi-optika.hu\/en\/wp-json\/wp\/v2\/types\/product"}],"replies":[{"embeddable":true,"href":"https:\/\/omi-optika.hu\/en\/wp-json\/wp\/v2\/comments?post=510"}],"wp:featuredmedia":[{"embeddable":true,"href":"https:\/\/omi-optika.hu\/en\/wp-json\/wp\/v2\/media\/3185"}],"wp:attachment":[{"href":"https:\/\/omi-optika.hu\/en\/wp-json\/wp\/v2\/media?parent=510"}],"wp:term":[{"taxonomy":"product_brand","embeddable":true,"href":"https:\/\/omi-optika.hu\/en\/wp-json\/wp\/v2\/product_brand?post=510"},{"taxonomy":"product_cat","embeddable":true,"href":"https:\/\/omi-optika.hu\/en\/wp-json\/wp\/v2\/product_cat?post=510"},{"taxonomy":"product_tag","embeddable":true,"href":"https:\/\/omi-optika.hu\/en\/wp-json\/wp\/v2\/product_tag?post=510"}],"curies":[{"name":"wp","href":"https:\/\/api.w.org\/{rel}","templated":true}]}}