{"id":518,"date":"2019-05-12T19:14:49","date_gmt":"2019-05-12T19:14:49","guid":{"rendered":"https:\/\/omi-optika.hu\/?post_type=product&#038;p=518"},"modified":"2021-07-29T11:41:21","modified_gmt":"2021-07-29T11:41:21","slug":"led-spot-strukturalt-feny-vilagitok","status":"publish","type":"product","link":"https:\/\/omi-optika.hu\/en\/uzlet\/led-spot-strukturalt-feny-vilagitok\/","title":{"rendered":"LED Pattern Projectors"},"content":{"rendered":"<p>Tetsz\u0151leges m\u00e9ret\u0171 fel\u00fcletek, t\u00e1rgyak megvil\u00e1g\u00edt\u00e1s\u00e1ra szolg\u00e1l\u00f3 LED-es vet\u00edt\u0151 egys\u00e9g, egyszer\u0171, strukt\u00far\u00e1lt \u00e1br\u00e1k vet\u00edt\u00e9s\u00e9re.<\/p>\n<p>A LED SPOT strukt\u00far\u00e1lt f\u00e9ny vil\u00e1g\u00edt\u00f3k a legfejlettebb \u00e9s leghat\u00e9konyabb eszk\u00f6zei a minta vet\u00edt\u00e9snek. Ellent\u00e9tben a l\u00e9zer forr\u00e1sokkal, amelyek \u00e1ltal\u00e1ban gyenge \u00e9less\u00e9g\u0171 vonalat \u00e9s inhomogenit\u00e1st, valamint diffrakci\u00f3s sz\u00f3r\u00e1s hat\u00e1sokat mutatnak. Ezeket a hat\u00e1sokat hivatottak kik\u00fcsz\u00f6b\u00f6lni a LED SPOT strukt\u00far\u00e1lt f\u00e9nyforr\u00e1sok, melyekben a maszkok seg\u00edts\u00e9g\u00e9vel el\u0151\u00e1ll\u00edtott pontos motv\u00edumok projekt\u00e1lhat\u00f3k az adott fel\u00fcletekre. B\u00e1rmilyen minta, alak k\u00f6nnyen el\u0151\u00e1ll\u00edthat\u00f3 \u00e9s integr\u00e1lhat\u00f3 ezekbe az eszk\u00f6z\u00f6kbe.<br \/>\nA k\u00fcl\u00f6nb\u00f6z\u0151 sz\u00ednek \u2013 bele\u00e9rtve az UV-\u00e9s IR \u2013 rendelkez\u00e9sre \u00e1llnak, \u00e9s a vet\u00edt\u00e9si ter\u00fclet m\u00e9rete is k\u00f6nnyen m\u00f3dos\u00edthat\u00f3 az optika cser\u00e9j\u00e9vel.<\/p>","protected":false},"excerpt":{"rendered":"<p>Tetsz\u0151leges m\u00e9ret\u0171 fel\u00fcletek, t\u00e1rgyak megvil\u00e1g\u00edt\u00e1s\u00e1ra szolg\u00e1l\u00f3 LED-es vet\u00edt\u0151 egys\u00e9g, egyszer\u0171, strukt\u00far\u00e1lt \u00e1br\u00e1k vet\u00edt\u00e9s\u00e9re. A LED SPOT strukt\u00far\u00e1lt f\u00e9ny vil\u00e1g\u00edt\u00f3k a legfejlettebb \u00e9s leghat\u00e9konyabb eszk\u00f6zei a minta vet\u00edt\u00e9snek. Ellent\u00e9tben a l\u00e9zer forr\u00e1sokkal, amelyek \u00e1ltal\u00e1ban gyenge \u00e9less\u00e9g\u0171 vonalat \u00e9s inhomogenit\u00e1st, valamint diffrakci\u00f3s sz\u00f3r\u00e1s hat\u00e1sokat mutatnak. Ezeket a hat\u00e1sokat hivatottak kik\u00fcsz\u00f6b\u00f6lni a LED SPOT strukt\u00far\u00e1lt f\u00e9nyforr\u00e1sok, melyekben a [&hellip;]<\/p>\n","protected":false},"featured_media":519,"comment_status":"closed","ping_status":"closed","template":"","meta":[],"product_brand":[],"product_cat":[113],"product_tag":[],"class_list":{"0":"post-518","1":"product","2":"type-product","3":"status-publish","4":"has-post-thumbnail","6":"product_cat-abravetitok","8":"first","9":"instock","10":"taxable","11":"shipping-taxable","12":"product-type-simple"},"yoast_head":"<!-- This site is optimized with the Yoast SEO plugin v25.9 - https:\/\/yoast.com\/wordpress\/plugins\/seo\/ -->\n<title>LED Pattern Projectors - OMI Optika<\/title>\n<meta name=\"description\" content=\"LED \u00e1bravet\u00edt\u0151k\" \/>\n<meta name=\"robots\" content=\"index, follow, max-snippet:-1, max-image-preview:large, max-video-preview:-1\" \/>\n<link rel=\"canonical\" href=\"https:\/\/omi-optika.hu\/uzlet\/led-spot-strukturalt-feny-vilagitok\/\" \/>\n<meta property=\"og:locale\" content=\"en_US\" \/>\n<meta property=\"og:type\" content=\"article\" \/>\n<meta property=\"og:title\" content=\"LED Pattern Projectors - OMI Optika\" \/>\n<meta property=\"og:description\" content=\"LED \u00e1bravet\u00edt\u0151k\" \/>\n<meta property=\"og:url\" content=\"https:\/\/omi-optika.hu\/uzlet\/led-spot-strukturalt-feny-vilagitok\/\" \/>\n<meta property=\"og:site_name\" content=\"OMI Optika\" \/>\n<meta property=\"article:modified_time\" content=\"2021-07-29T11:41:21+00:00\" \/>\n<meta property=\"og:image\" content=\"https:\/\/omi-optika.hu\/wp-content\/uploads\/2019\/05\/LED-SPOT-strukt.jpg\" \/>\n\t<meta property=\"og:image:width\" content=\"150\" \/>\n\t<meta property=\"og:image:height\" content=\"128\" \/>\n\t<meta property=\"og:image:type\" content=\"image\/jpeg\" \/>\n<meta name=\"twitter:card\" content=\"summary_large_image\" \/>\n<meta name=\"twitter:label1\" content=\"Est. reading time\" \/>\n\t<meta name=\"twitter:data1\" content=\"2 minutes\" \/>\n<script type=\"application\/ld+json\" class=\"yoast-schema-graph\">{\"@context\":\"https:\/\/schema.org\",\"@graph\":[{\"@type\":\"WebPage\",\"@id\":\"https:\/\/omi-optika.hu\/uzlet\/led-spot-strukturalt-feny-vilagitok\/\",\"url\":\"https:\/\/omi-optika.hu\/uzlet\/led-spot-strukturalt-feny-vilagitok\/\",\"name\":\"LED Pattern Projectors - OMI Optika\",\"isPartOf\":{\"@id\":\"https:\/\/omi-optika.hu\/#website\"},\"primaryImageOfPage\":{\"@id\":\"https:\/\/omi-optika.hu\/uzlet\/led-spot-strukturalt-feny-vilagitok\/#primaryimage\"},\"image\":{\"@id\":\"https:\/\/omi-optika.hu\/uzlet\/led-spot-strukturalt-feny-vilagitok\/#primaryimage\"},\"thumbnailUrl\":\"https:\/\/omi-optika.hu\/wp-content\/uploads\/2019\/05\/LED-SPOT-strukt.jpg\",\"datePublished\":\"2019-05-12T19:14:49+00:00\",\"dateModified\":\"2021-07-29T11:41:21+00:00\",\"description\":\"LED \u00e1bravet\u00edt\u0151k\",\"breadcrumb\":{\"@id\":\"https:\/\/omi-optika.hu\/uzlet\/led-spot-strukturalt-feny-vilagitok\/#breadcrumb\"},\"inLanguage\":\"en-US\",\"potentialAction\":[{\"@type\":\"ReadAction\",\"target\":[\"https:\/\/omi-optika.hu\/uzlet\/led-spot-strukturalt-feny-vilagitok\/\"]}]},{\"@type\":\"ImageObject\",\"inLanguage\":\"en-US\",\"@id\":\"https:\/\/omi-optika.hu\/uzlet\/led-spot-strukturalt-feny-vilagitok\/#primaryimage\",\"url\":\"https:\/\/omi-optika.hu\/wp-content\/uploads\/2019\/05\/LED-SPOT-strukt.jpg\",\"contentUrl\":\"https:\/\/omi-optika.hu\/wp-content\/uploads\/2019\/05\/LED-SPOT-strukt.jpg\",\"width\":150,\"height\":128},{\"@type\":\"BreadcrumbList\",\"@id\":\"https:\/\/omi-optika.hu\/uzlet\/led-spot-strukturalt-feny-vilagitok\/#breadcrumb\",\"itemListElement\":[{\"@type\":\"ListItem\",\"position\":1,\"name\":\"Home\",\"item\":\"https:\/\/omi-optika.hu\/\"},{\"@type\":\"ListItem\",\"position\":2,\"name\":\"Shop\",\"item\":\"https:\/\/omi-optika.hu\/en\/shop\/\"},{\"@type\":\"ListItem\",\"position\":3,\"name\":\"LED \u00e1bravet\u00edt\u0151k\"}]},{\"@type\":\"WebSite\",\"@id\":\"https:\/\/omi-optika.hu\/#website\",\"url\":\"https:\/\/omi-optika.hu\/\",\"name\":\"OMI Optika\",\"description\":\"OPTIKA Mernokiroda homepage\",\"publisher\":{\"@id\":\"https:\/\/omi-optika.hu\/#organization\"},\"potentialAction\":[{\"@type\":\"SearchAction\",\"target\":{\"@type\":\"EntryPoint\",\"urlTemplate\":\"https:\/\/omi-optika.hu\/?s={search_term_string}\"},\"query-input\":{\"@type\":\"PropertyValueSpecification\",\"valueRequired\":true,\"valueName\":\"search_term_string\"}}],\"inLanguage\":\"en-US\"},{\"@type\":\"Organization\",\"@id\":\"https:\/\/omi-optika.hu\/#organization\",\"name\":\"OPTIKA Mernokiroda Kft.\",\"url\":\"https:\/\/omi-optika.hu\/\",\"logo\":{\"@type\":\"ImageObject\",\"inLanguage\":\"en-US\",\"@id\":\"https:\/\/omi-optika.hu\/#\/schema\/logo\/image\/\",\"url\":\"https:\/\/omi-optika.hu\/wp-content\/uploads\/2019\/05\/forgatas-265kb.gif\",\"contentUrl\":\"https:\/\/omi-optika.hu\/wp-content\/uploads\/2019\/05\/forgatas-265kb.gif\",\"width\":400,\"height\":205,\"caption\":\"OPTIKA Mernokiroda Kft.\"},\"image\":{\"@id\":\"https:\/\/omi-optika.hu\/#\/schema\/logo\/image\/\"}}]}<\/script>\n<!-- \/ Yoast SEO plugin. -->","yoast_head_json":{"title":"LED Pattern Projectors - OMI Optika","description":"LED \u00e1bravet\u00edt\u0151k","robots":{"index":"index","follow":"follow","max-snippet":"max-snippet:-1","max-image-preview":"max-image-preview:large","max-video-preview":"max-video-preview:-1"},"canonical":"https:\/\/omi-optika.hu\/uzlet\/led-spot-strukturalt-feny-vilagitok\/","og_locale":"en_US","og_type":"article","og_title":"LED Pattern Projectors - OMI Optika","og_description":"LED \u00e1bravet\u00edt\u0151k","og_url":"https:\/\/omi-optika.hu\/uzlet\/led-spot-strukturalt-feny-vilagitok\/","og_site_name":"OMI Optika","article_modified_time":"2021-07-29T11:41:21+00:00","og_image":[{"width":150,"height":128,"url":"https:\/\/omi-optika.hu\/wp-content\/uploads\/2019\/05\/LED-SPOT-strukt.jpg","type":"image\/jpeg"}],"twitter_card":"summary_large_image","twitter_misc":{"Est. reading time":"2 minutes"},"schema":{"@context":"https:\/\/schema.org","@graph":[{"@type":"WebPage","@id":"https:\/\/omi-optika.hu\/uzlet\/led-spot-strukturalt-feny-vilagitok\/","url":"https:\/\/omi-optika.hu\/uzlet\/led-spot-strukturalt-feny-vilagitok\/","name":"LED Pattern Projectors - OMI Optika","isPartOf":{"@id":"https:\/\/omi-optika.hu\/#website"},"primaryImageOfPage":{"@id":"https:\/\/omi-optika.hu\/uzlet\/led-spot-strukturalt-feny-vilagitok\/#primaryimage"},"image":{"@id":"https:\/\/omi-optika.hu\/uzlet\/led-spot-strukturalt-feny-vilagitok\/#primaryimage"},"thumbnailUrl":"https:\/\/omi-optika.hu\/wp-content\/uploads\/2019\/05\/LED-SPOT-strukt.jpg","datePublished":"2019-05-12T19:14:49+00:00","dateModified":"2021-07-29T11:41:21+00:00","description":"LED \u00e1bravet\u00edt\u0151k","breadcrumb":{"@id":"https:\/\/omi-optika.hu\/uzlet\/led-spot-strukturalt-feny-vilagitok\/#breadcrumb"},"inLanguage":"en-US","potentialAction":[{"@type":"ReadAction","target":["https:\/\/omi-optika.hu\/uzlet\/led-spot-strukturalt-feny-vilagitok\/"]}]},{"@type":"ImageObject","inLanguage":"en-US","@id":"https:\/\/omi-optika.hu\/uzlet\/led-spot-strukturalt-feny-vilagitok\/#primaryimage","url":"https:\/\/omi-optika.hu\/wp-content\/uploads\/2019\/05\/LED-SPOT-strukt.jpg","contentUrl":"https:\/\/omi-optika.hu\/wp-content\/uploads\/2019\/05\/LED-SPOT-strukt.jpg","width":150,"height":128},{"@type":"BreadcrumbList","@id":"https:\/\/omi-optika.hu\/uzlet\/led-spot-strukturalt-feny-vilagitok\/#breadcrumb","itemListElement":[{"@type":"ListItem","position":1,"name":"Home","item":"https:\/\/omi-optika.hu\/"},{"@type":"ListItem","position":2,"name":"Shop","item":"https:\/\/omi-optika.hu\/en\/shop\/"},{"@type":"ListItem","position":3,"name":"LED \u00e1bravet\u00edt\u0151k"}]},{"@type":"WebSite","@id":"https:\/\/omi-optika.hu\/#website","url":"https:\/\/omi-optika.hu\/","name":"OMI Optika","description":"OPTIKA Mernokiroda homepage","publisher":{"@id":"https:\/\/omi-optika.hu\/#organization"},"potentialAction":[{"@type":"SearchAction","target":{"@type":"EntryPoint","urlTemplate":"https:\/\/omi-optika.hu\/?s={search_term_string}"},"query-input":{"@type":"PropertyValueSpecification","valueRequired":true,"valueName":"search_term_string"}}],"inLanguage":"en-US"},{"@type":"Organization","@id":"https:\/\/omi-optika.hu\/#organization","name":"OPTIKA Mernokiroda Kft.","url":"https:\/\/omi-optika.hu\/","logo":{"@type":"ImageObject","inLanguage":"en-US","@id":"https:\/\/omi-optika.hu\/#\/schema\/logo\/image\/","url":"https:\/\/omi-optika.hu\/wp-content\/uploads\/2019\/05\/forgatas-265kb.gif","contentUrl":"https:\/\/omi-optika.hu\/wp-content\/uploads\/2019\/05\/forgatas-265kb.gif","width":400,"height":205,"caption":"OPTIKA Mernokiroda Kft."},"image":{"@id":"https:\/\/omi-optika.hu\/#\/schema\/logo\/image\/"}}]}},"_links":{"self":[{"href":"https:\/\/omi-optika.hu\/en\/wp-json\/wp\/v2\/product\/518","targetHints":{"allow":["GET"]}}],"collection":[{"href":"https:\/\/omi-optika.hu\/en\/wp-json\/wp\/v2\/product"}],"about":[{"href":"https:\/\/omi-optika.hu\/en\/wp-json\/wp\/v2\/types\/product"}],"replies":[{"embeddable":true,"href":"https:\/\/omi-optika.hu\/en\/wp-json\/wp\/v2\/comments?post=518"}],"wp:featuredmedia":[{"embeddable":true,"href":"https:\/\/omi-optika.hu\/en\/wp-json\/wp\/v2\/media\/519"}],"wp:attachment":[{"href":"https:\/\/omi-optika.hu\/en\/wp-json\/wp\/v2\/media?parent=518"}],"wp:term":[{"taxonomy":"product_brand","embeddable":true,"href":"https:\/\/omi-optika.hu\/en\/wp-json\/wp\/v2\/product_brand?post=518"},{"taxonomy":"product_cat","embeddable":true,"href":"https:\/\/omi-optika.hu\/en\/wp-json\/wp\/v2\/product_cat?post=518"},{"taxonomy":"product_tag","embeddable":true,"href":"https:\/\/omi-optika.hu\/en\/wp-json\/wp\/v2\/product_tag?post=518"}],"curies":[{"name":"wp","href":"https:\/\/api.w.org\/{rel}","templated":true}]}}