{"id":930,"date":"2019-09-24T08:19:11","date_gmt":"2019-09-24T08:19:11","guid":{"rendered":"https:\/\/omi-optika.hu\/?post_type=product&#038;p=930"},"modified":"2019-12-15T08:15:42","modified_gmt":"2019-12-15T08:15:42","slug":"ultravekony-matrix-hattervilagito","status":"publish","type":"product","link":"https:\/\/omi-optika.hu\/en\/uzlet\/ultravekony-matrix-hattervilagito\/","title":{"rendered":"Ultra-Thin Matrix Backlight"},"content":{"rendered":"<p>Homog\u00e9n h\u00e1tt\u00e9rvil\u00e1g\u00edt\u00e1s t\u00e1rgyak kont\u00farvonal\u00e1nak nagy kontraszt\u00fa megjelen\u00edt\u00e9s\u00e9hez. Alkalmazhat\u00f3 diff\u00faz megvil\u00e1g\u00edt\u00e1sk\u00e9nt is.<\/p>\n<p>&nbsp;<\/p>\n<h1>Extra v\u00e9kony \u00e9s Standard kism\u00e9ret\u0171 LED h\u00e1tterek<\/h1>\n<div id=\"attachment_1589\" class=\"wp-caption alignright\">\n<p><img loading=\"lazy\" decoding=\"async\" class=\" wp-image-1589 \" title=\"Extra v\u00e9kony \u00e9s Standard kism\u00e9ret\u0171 h\u00e1tterek\" src=\"http:\/\/omi-optika.hu\/wp-content\/uploads\/2012\/05\/vast-mint-12.jpg\" alt=\"Extra v\u00e9kony \u00e9s Standard kism\u00e9ret\u0171 h\u00e1tterek\" width=\"150\" height=\"128\" aria-describedby=\"caption-attachment-1589\" \/><\/p>\n<p id=\"caption-attachment-1589\" class=\"wp-caption-text\">Extra v\u00e9kony \u00e9s Standard kism\u00e9ret\u0171 h\u00e1tterek<\/p>\n<\/div>\n<h2>\u00c1ltal\u00e1nos le\u00edr\u00e1s:<\/h2>\n<p>Homog\u00e9n h\u00e1tt\u00e9rvil\u00e1g\u00edt\u00e1s t\u00e1rgyak kont\u00farvonal\u00e1nak nagykontraszt\u00fa megjelen\u00edt\u00e9s\u00e9hez. Alkalmazhat\u00f3 diff\u00faz megvil\u00e1g\u00edt\u00e1sk\u00e9nt is.<\/p>\n<p><strong>Extra v\u00e9kony h\u00e1tterek:<\/strong><\/p>\n<p>\u2013 jellemz\u0151 vastags\u00e1g:\u00a0 8 vagy 10 mm<\/p>\n<p>\u2013 vil\u00e1g\u00edt\u00f3 fel\u00fclet m\u00e9rete: ~&gt; 50 mm x &gt; 50 mm<\/p>\n<p>\u2013 minim\u00e1lis helyig\u00e9ny<\/p>\n<p><strong>Standard v\u00e9kony h\u00e1tterek:<\/strong><\/p>\n<p>\u2013 jellemz\u0151 vastags\u00e1g:\u00a0 12 mm<\/p>\n<p>\u2013 vil\u00e1g\u00edt\u00f3 fel\u00fclet m\u00e9rete: ~&gt; 50 mm x &gt; 50 mm<\/p>\n<p>\u2013 minim\u00e1lis helyig\u00e9ny<\/p>\n\n<table id=\"tablepress-tbl_hatterek\" class=\"tablepress tablepress-id-tbl_hatterek\">\n<thead>\n<tr class=\"row-1\">\n\t<td class=\"column-1\"><\/td><th class=\"column-2\">Megrendel\u00e9si sz\u00e1m\/<br \/>\nProduct Number<\/th><th class=\"column-3\">Designation<\/th><th class=\"column-4\">Vil\u00e1g\u00edt\u00f3 fel\u00fclet\/<br \/>\nActive Surface (mm)<\/th><th class=\"column-5\">Befoglal\u00f3 m\u00e9retek\/<br \/>\nDimensions (mm)<\/th><th class=\"column-6\">Meghajt\u00e1s\/<br \/>\nInput<\/th><th class=\"column-7\">Sz\u00edn\/<br \/>\nColour<\/th><th class=\"column-8\">Adatlap\/<br \/>\nDatasheet<\/th><td class=\"column-9\"><\/td>\n<\/tr>\n<\/thead>\n<tbody class=\"row-hover\">\n<tr class=\"row-2\">\n\t<td class=\"column-1\"><div class=\"table_pop-up_image\"><img decoding=\"async\" src=\"https:\/\/omi-optika.hu\/wp-content\/uploads\/2025\/10\/3-109-000-e1761675855842.jpg\" image_popup=\"true\" position=\"center\" image_lazy_load=\"true\" image_size=\"thumbnail\"][\/bp_image]<\/div><\/td><td class=\"column-2\"><a href=\"\/uzlet\/3-109-000\/\" rel=\"noopener\" target=\"_blank\">3-109-000<\/a><\/td><td class=\"column-3\">Ultra-Slim Matrix LED Backlight<\/td><td class=\"column-4\">15 x 15<\/td><td class=\"column-5\">36 x 20 x 10<\/td><td class=\"column-6\">12V DC<\/td><td class=\"column-7\">V\u00f6r\u00f6s<\/td><td class=\"column-8\"><a href=\"\/wp-content\/uploads\/2019\/11\/3-109-000.pdf\" rel=\"noopener\" target=\"_blank\">3-109-000.pdf<\/a><\/td><td class=\"column-9\"><\/td>\n<\/tr>\n<tr class=\"row-3\">\n\t<td class=\"column-1\"><div class=\"table_pop-up_image\">\r\n\r\n\r\n<div class=\"fbq-item js-item-image fbq-image shortcode fbq-center-position fbq-center-align\">\r\n\t<div class=\"fbq-image-container\">\r\n\t\t<div class=\"fbq-media-wrapper with-placeholder\" ><a class=\"fbq-media-wrapper-inner\" href=\"#embed(https:\/\/omi-optika.hu\/wp-content\/uploads\/2020\/04\/3-128-000-backlight-e1585842260443.jpg)\" target=\"_self\"><div class=\"media-placeholder\" style=\"width:150px; padding-bottom:100%;\"><\/div><img loading=\"lazy\" decoding=\"async\" alt=\"\" title=\"3-128-000-backlight\" width=\"150\" height=\"150\" data-full-width=\"500\" data-full-height=\"500\" data-src=\"https:\/\/omi-optika.hu\/wp-content\/uploads\/2020\/04\/3-128-000-backlight-e1585842250447-150x150.jpg\" src=\"https:\/\/omi-optika.hu\/wp-content\/uploads\/2020\/04\/3-128-000-backlight-e1585842250447-150x150.jpg\" class=\"fbq-media-wrapper-image image-lazy-load\"  \/><\/a><\/div>\t<\/div>\r\n<\/div>\r\n<\/div><\/td><td class=\"column-2\"><a href=\"\/uzlet\/3-128-000\/\" rel=\"noopener\" target=\"_blank\">3-128-000<\/a><\/td><td class=\"column-3\">Ultra-Slim Matrix LED Backlight<\/td><td class=\"column-4\">50 x 30<\/td><td class=\"column-5\">80 x 50 x 8<\/td><td class=\"column-6\">24V DC<\/td><td class=\"column-7\">V\u00f6r\u00f6s<\/td><td class=\"column-8\"><a href=\"\/wp-content\/uploads\/2019\/11\/3-128-000.pdf\" rel=\"noopener\" target=\"_blank\">3-128-000.pdf<\/a><br \/>\n<\/td><td class=\"column-9\"><\/td>\n<\/tr>\n<tr class=\"row-4\">\n\t<td class=\"column-1\"><div class=\"table_pop-up_image\">\r\n\r\n\r\n<div class=\"fbq-item js-item-image fbq-image shortcode fbq-center-position fbq-center-align\">\r\n\t<div class=\"fbq-image-container\">\r\n\t\t<div class=\"fbq-media-wrapper with-placeholder\" ><a class=\"fbq-media-wrapper-inner\" href=\"#embed(https:\/\/omi-optika.hu\/wp-content\/uploads\/2022\/03\/3-152-030_backlight-e1646658968119.jpg)\" target=\"_self\"><div class=\"media-placeholder\" style=\"width:150px; padding-bottom:100%;\"><\/div><img loading=\"lazy\" decoding=\"async\" alt=\"\" title=\"3-152-030_backlight\" width=\"150\" height=\"150\" data-full-width=\"500\" data-full-height=\"500\" data-src=\"https:\/\/omi-optika.hu\/wp-content\/uploads\/2022\/03\/3-152-030_backlight-150x150.jpg\" src=\"https:\/\/omi-optika.hu\/wp-content\/uploads\/2022\/03\/3-152-030_backlight-150x150.jpg\" class=\"fbq-media-wrapper-image image-lazy-load\"  \/><\/a><\/div>\t<\/div>\r\n<\/div>\r\n<\/div><\/td><td class=\"column-2\"><a href=\"\/uzlet\/3-152-030-ultravekony-matrix-hattervilagito\/\" target=\"_blank\" rel=\"noopener\">3-152-030<\/a><\/td><td class=\"column-3\">Ultra-Slim Matrix LED Backlight<\/td><td class=\"column-4\">32 x 40<\/td><td class=\"column-5\">46 x 42 x 8<\/td><td class=\"column-6\">24V DC<\/td><td class=\"column-7\">V\u00f6r\u00f6s \/ Red<\/td><td class=\"column-8\"><a href=\"\/wp-content\/uploads\/2022\/03\/3-152-030_HU-EN.pdf\" rel=\"noopener\" target=\"_blank\">3-152-030.pdf<\/a><\/td><td class=\"column-9\"><\/td>\n<\/tr>\n<tr class=\"row-5\">\n\t<td class=\"column-1\"><div class=\"table_pop-up_image\">\r\n\r\n\r\n<div class=\"fbq-item js-item-image fbq-image shortcode fbq-center-position fbq-center-align\">\r\n\t<div class=\"fbq-image-container\">\r\n\t\t<div class=\"fbq-media-wrapper with-placeholder\" ><a class=\"fbq-media-wrapper-inner\" href=\"#embed(https:\/\/omi-optika.hu\/wp-content\/uploads\/2022\/03\/3-152-060_backlight-e1646658944496.jpg)\" target=\"_self\"><div class=\"media-placeholder\" style=\"width:150px; padding-bottom:100%;\"><\/div><img loading=\"lazy\" decoding=\"async\" alt=\"\" title=\"3-152-060_backlight\" width=\"150\" height=\"150\" data-full-width=\"500\" data-full-height=\"500\" data-src=\"https:\/\/omi-optika.hu\/wp-content\/uploads\/2022\/03\/3-152-060_backlight-150x150.jpg\" src=\"https:\/\/omi-optika.hu\/wp-content\/uploads\/2022\/03\/3-152-060_backlight-150x150.jpg\" class=\"fbq-media-wrapper-image image-lazy-load\"  \/><\/a><\/div>\t<\/div>\r\n<\/div>\r\n<\/div><\/td><td class=\"column-2\"><a href=\"\/uzlet\/3-152-060-ultravekony-matrix-hattervilagito\/\" target=\"_blank\" rel=\"noopener\">3-152-060<\/a><\/td><td class=\"column-3\">Ultra-Slim Matrix LED Backlight<\/td><td class=\"column-4\">32 x 40<\/td><td class=\"column-5\">46 x 42 x 8<\/td><td class=\"column-6\">24V DC<\/td><td class=\"column-7\">K\u00e9k \/ Blue<\/td><td class=\"column-8\"><a href=\"\/wp-content\/uploads\/2022\/03\/3-152-060_HU-EN.pdf\" rel=\"noopener\" target=\"_blank\">3-152-060.pdf<\/a><\/td><td class=\"column-9\"><\/td>\n<\/tr>\n<tr class=\"row-6\">\n\t<td class=\"column-1\"><div class=\"table_pop-up_image\">\r\n\r\n\r\n<div class=\"fbq-item js-item-image fbq-image shortcode fbq-center-position fbq-center-align\">\r\n\t<div class=\"fbq-image-container\">\r\n\t\t<div class=\"fbq-media-wrapper with-placeholder\" ><a class=\"fbq-media-wrapper-inner\" href=\"#embed(https:\/\/omi-optika.hu\/wp-content\/uploads\/2022\/10\/3-153-030_backlight-e1666934815576.jpg)\" target=\"_self\"><div class=\"media-placeholder\" style=\"width:150px; padding-bottom:100%;\"><\/div><img loading=\"lazy\" decoding=\"async\" alt=\"\" title=\"3-153-030_backlight\" width=\"150\" height=\"150\" data-full-width=\"500\" data-full-height=\"500\" data-src=\"https:\/\/omi-optika.hu\/wp-content\/uploads\/2022\/10\/3-153-030_backlight-150x150.jpg\" src=\"https:\/\/omi-optika.hu\/wp-content\/uploads\/2022\/10\/3-153-030_backlight-150x150.jpg\" class=\"fbq-media-wrapper-image image-lazy-load\"  \/><\/a><\/div>\t<\/div>\r\n<\/div>\r\n<\/div><\/td><td class=\"column-2\"><a href=\"\/uzlet\/3-153-030-ultravekony-matrix-hattervilagito\/\" target=\"_blank\" rel=\"noopener\">3-153-030<\/a><\/td><td class=\"column-3\">Ultra-Slim Matrix LED Backlight<\/td><td class=\"column-4\">44 x 44<\/td><td class=\"column-5\">72 x 50 x 10<\/td><td class=\"column-6\">24V DC<\/td><td class=\"column-7\">V\u00f6r\u00f6s \/ Red<\/td><td class=\"column-8\"><a href=\"\/wp-content\/uploads\/2022\/10\/3-153-030_HU-EN.pdf\" rel=\"noopener\" target=\"_blank\">3-153-060.pdf<\/a><\/td><td class=\"column-9\"><\/td>\n<\/tr>\n<\/tbody>\n<\/table>\n<!-- #tablepress-tbl_hatterek from cache -->\n<p>&nbsp;<\/p>\n<h3>Standard m\u00e9reteink\/Term\u00e9k cikksz\u00e1mok:<\/h3>\n<table>\n<tbody>\n<tr>\n<th>Megrendel\u00e9si sz\u00e1m<\/th>\n<th>Vil\u00e1g\u00edt\u00f3 fel\u00fclet (mm)<\/th>\n<th>Befoglal\u00f3 m\u00e9retek-SzxMaxM\u00e9 (mm)<\/th>\n<th>Meghajt\u00e1s<\/th>\n<th>Sz\u00edn<\/th>\n<th>Adatlap<\/th>\n<\/tr>\n<tr>\n<td>3-109-000<\/td>\n<td>15 x 15<\/td>\n<td>36 x 20 x 10<\/td>\n<td>12V DC<\/td>\n<td>V\u00f6r\u00f6s<\/td>\n<td><a href=\"http:\/\/omi-optika.hu\/wp-content\/uploads\/2013\/02\/3-109-000.pdf\" target=\"_blank\" rel=\"noopener noreferrer\">3-109-000.pdf<\/a><\/td>\n<\/tr>\n<tr>\n<td>3-113-600<\/td>\n<td>45 x 45<\/td>\n<td>64 x 53.5 x 12<\/td>\n<td>24V DC<\/td>\n<td>V\u00f6r\u00f6s<\/td>\n<td><a href=\"http:\/\/omi-optika.hu\/wp-content\/uploads\/2018\/12\/3-113-600.pdf\" target=\"_blank\" rel=\"noopener noreferrer\">3-113-600.pdf<\/a><\/td>\n<\/tr>\n<tr>\n<td>3-118-000<\/td>\n<td>30 x 30<\/td>\n<td>40 x 40 x 12<\/td>\n<td>24V DC<\/td>\n<td>V\u00f6r\u00f6s<\/td>\n<td><a href=\"http:\/\/omi-optika.hu\/wp-content\/uploads\/2013\/02\/3-118-000.pdf\" target=\"_blank\" rel=\"noopener noreferrer\">3-118-000.pdf<\/a><\/td>\n<\/tr>\n<tr>\n<td>3-122-000<\/td>\n<td>26 x 20<\/td>\n<td>40 x 40 x 12<\/td>\n<td>24V DC<\/td>\n<td>V\u00f6r\u00f6s\/Z\u00f6ld<\/td>\n<td><a href=\"http:\/\/omi-optika.hu\/wp-content\/uploads\/2013\/02\/3-122-000.pdf\" target=\"_blank\" rel=\"noopener noreferrer\">3-122-000.pdf<\/a><\/td>\n<\/tr>\n<tr>\n<td>3-123-000<\/td>\n<td>20 x 16<\/td>\n<td>30 x 30 x 12<\/td>\n<td>24V DC<\/td>\n<td>V\u00f6r\u00f6s\/Z\u00f6ld<\/td>\n<td><a href=\"http:\/\/omi-optika.hu\/wp-content\/uploads\/2013\/02\/3-123-000.pdf\" target=\"_blank\" rel=\"noopener noreferrer\">3-123-000.pdf<\/a><\/td>\n<\/tr>\n<tr>\n<td>3-124-000<\/td>\n<td>24 x 24<\/td>\n<td>40 x 40 x 12<\/td>\n<td>12V DC<\/td>\n<td>V\u00f6r\u00f6s<\/td>\n<td><a href=\"http:\/\/omi-optika.hu\/wp-content\/uploads\/2013\/02\/3-124-000.pdf\" target=\"_blank\" rel=\"noopener noreferrer\">3-124-000.pdf<\/a><\/td>\n<\/tr>\n<tr>\n<td>3-125-000<\/td>\n<td>34 x 34<\/td>\n<td>50 x 50 x 12<\/td>\n<td>12V DC<\/td>\n<td>V\u00f6r\u00f6s<\/td>\n<td><a href=\"http:\/\/omi-optika.hu\/wp-content\/uploads\/2013\/02\/3-125-000.pdf\" target=\"_blank\" rel=\"noopener noreferrer\">3-125-000.pdf<\/a><\/td>\n<\/tr>\n<tr>\n<td>3-126-000<\/td>\n<td>25 x 25<\/td>\n<td>40 x 40 x 12<\/td>\n<td>24V DC<\/td>\n<td>Z\u00f6ld<\/td>\n<td><a href=\"http:\/\/omi-optika.hu\/wp-content\/uploads\/2013\/02\/3-126-000.pdf\" target=\"_blank\" rel=\"noopener noreferrer\">3-126-000.pdf<\/a><\/td>\n<\/tr>\n<tr>\n<td>3-128-000<\/td>\n<td>50 x 30<\/td>\n<td>80 x 50 x 8<\/td>\n<td>24V DC<\/td>\n<td>V\u00f6r\u00f6s<\/td>\n<td><a href=\"http:\/\/omi-optika.hu\/wp-content\/uploads\/2013\/02\/3-128-000.pdf\" target=\"_blank\" rel=\"noopener noreferrer\">3-128-000.pdf<\/a><\/td>\n<\/tr>\n<tr>\n<td>3-129-000<\/td>\n<td>30 x 30<\/td>\n<td>41 x 36 x 12<\/td>\n<td>24V DC<\/td>\n<td>V\u00f6r\u00f6s<\/td>\n<td><a href=\"http:\/\/omi-optika.hu\/wp-content\/uploads\/2013\/02\/3-129-000.pdf\" target=\"_blank\" rel=\"noopener noreferrer\">3-129-000.pdf<\/a><\/td>\n<\/tr>\n<tr>\n<td>3-130-000<\/td>\n<td>50 x 40<\/td>\n<td>61 x 46 x 12<\/td>\n<td>24V DC<\/td>\n<td>V\u00f6r\u00f6s<\/td>\n<td><a href=\"http:\/\/omi-optika.hu\/wp-content\/uploads\/2013\/02\/3-130-000.pdf\" target=\"_blank\" rel=\"noopener noreferrer\">3-130-000.pdf<\/a><\/td>\n<\/tr>\n<tr>\n<td>3-131-000<\/td>\n<td>45 x 30<\/td>\n<td>56 x 36 x 12<\/td>\n<td>24V DC<\/td>\n<td>V\u00f6r\u00f6s<\/td>\n<td><a href=\"http:\/\/omi-optika.hu\/wp-content\/uploads\/2013\/02\/3-131-000.pdf\" target=\"_blank\" rel=\"noopener noreferrer\">3-131-000.pdf<\/a><\/td>\n<\/tr>\n<tr>\n<td>3-135-000<\/td>\n<td>26 x 26<\/td>\n<td>50 x 30 x 14<\/td>\n<td>24V DC<\/td>\n<td>V\u00f6r\u00f6s<\/td>\n<td><a href=\"http:\/\/omi-optika.hu\/wp-content\/uploads\/2013\/02\/3-135-000.pdf\" target=\"_blank\" rel=\"noopener noreferrer\">3-135-000.pdf<\/a><\/td>\n<\/tr>\n<\/tbody>\n<\/table>\n<h3>\u00a0Kapcsol\u00f3d\u00f3 term\u00e9k:<\/h3>\n<p><a title=\"LED t\u00e1pegys\u00e9gek \u00e9s vez\u00e9rl\u0151k\" href=\"http:\/\/omi-optika.hu\/termekek-es-szolgaltatasok\/megvilagitok\/led-tapegysegek-es-vezerlok\/\" target=\"_blank\" rel=\"noopener noreferrer\">12 \u00e9s 24 V-os homog\u00e9n LED h\u00e1tterekhez fesz\u00fclts\u00e9g gener\u00e1toros t\u00e1pegys\u00e9g: 7-219-600<\/a><\/p>","protected":false},"excerpt":{"rendered":"<p>Homog\u00e9n h\u00e1tt\u00e9rvil\u00e1g\u00edt\u00e1s t\u00e1rgyak kont\u00farvonal\u00e1nak nagy kontraszt\u00fa megjelen\u00edt\u00e9s\u00e9hez. Alkalmazhat\u00f3 diff\u00faz megvil\u00e1g\u00edt\u00e1sk\u00e9nt is. &nbsp; Extra v\u00e9kony \u00e9s Standard kism\u00e9ret\u0171 LED h\u00e1tterek Extra v\u00e9kony \u00e9s Standard kism\u00e9ret\u0171 h\u00e1tterek \u00c1ltal\u00e1nos le\u00edr\u00e1s: Homog\u00e9n h\u00e1tt\u00e9rvil\u00e1g\u00edt\u00e1s t\u00e1rgyak kont\u00farvonal\u00e1nak nagykontraszt\u00fa megjelen\u00edt\u00e9s\u00e9hez. Alkalmazhat\u00f3 diff\u00faz megvil\u00e1g\u00edt\u00e1sk\u00e9nt is. Extra v\u00e9kony h\u00e1tterek: \u2013 jellemz\u0151 vastags\u00e1g:\u00a0 8 vagy 10 mm \u2013 vil\u00e1g\u00edt\u00f3 fel\u00fclet m\u00e9rete: ~&gt; 50 mm x [&hellip;]<\/p>\n","protected":false},"featured_media":994,"comment_status":"closed","ping_status":"closed","template":"","meta":[],"product_brand":[],"product_cat":[104],"product_tag":[],"class_list":{"0":"post-930","1":"product","2":"type-product","3":"status-publish","4":"has-post-thumbnail","6":"product_cat-hattervilagitok","8":"first","9":"instock","10":"taxable","11":"shipping-taxable","12":"product-type-simple"},"yoast_head":"<!-- This site is optimized with the Yoast SEO plugin v25.9 - https:\/\/yoast.com\/wordpress\/plugins\/seo\/ -->\n<title>Ultra-Thin Matrix Backlight - OMI Optika<\/title>\n<meta name=\"description\" content=\"Ultra-Thin Matrix Backlight\" \/>\n<meta name=\"robots\" content=\"index, follow, max-snippet:-1, max-image-preview:large, max-video-preview:-1\" \/>\n<link rel=\"canonical\" href=\"https:\/\/omi-optika.hu\/en\/uzlet\/ultravekony-matrix-hattervilagito\/\" \/>\n<meta property=\"og:locale\" content=\"en_US\" \/>\n<meta property=\"og:type\" content=\"article\" \/>\n<meta property=\"og:title\" content=\"Ultra-Thin Matrix Backlight - OMI Optika\" \/>\n<meta property=\"og:description\" content=\"Ultra-Thin Matrix Backlight\" \/>\n<meta property=\"og:url\" content=\"https:\/\/omi-optika.hu\/en\/uzlet\/ultravekony-matrix-hattervilagito\/\" \/>\n<meta property=\"og:site_name\" content=\"OMI Optika\" \/>\n<meta property=\"article:modified_time\" content=\"2019-12-15T08:15:42+00:00\" \/>\n<meta property=\"og:image\" content=\"https:\/\/omi-optika.hu\/wp-content\/uploads\/2019\/09\/DSCN0885-e1574772848819.jpg\" \/>\n\t<meta property=\"og:image:width\" content=\"500\" \/>\n\t<meta property=\"og:image:height\" content=\"500\" \/>\n\t<meta property=\"og:image:type\" content=\"image\/jpeg\" \/>\n<meta name=\"twitter:card\" content=\"summary_large_image\" \/>\n<meta name=\"twitter:label1\" content=\"Est. reading time\" \/>\n\t<meta name=\"twitter:data1\" content=\"2 minutes\" \/>\n<script type=\"application\/ld+json\" class=\"yoast-schema-graph\">{\"@context\":\"https:\/\/schema.org\",\"@graph\":[{\"@type\":\"WebPage\",\"@id\":\"https:\/\/omi-optika.hu\/en\/uzlet\/ultravekony-matrix-hattervilagito\/\",\"url\":\"https:\/\/omi-optika.hu\/en\/uzlet\/ultravekony-matrix-hattervilagito\/\",\"name\":\"Ultra-Thin Matrix Backlight - OMI Optika\",\"isPartOf\":{\"@id\":\"https:\/\/omi-optika.hu\/#website\"},\"primaryImageOfPage\":{\"@id\":\"https:\/\/omi-optika.hu\/en\/uzlet\/ultravekony-matrix-hattervilagito\/#primaryimage\"},\"image\":{\"@id\":\"https:\/\/omi-optika.hu\/en\/uzlet\/ultravekony-matrix-hattervilagito\/#primaryimage\"},\"thumbnailUrl\":\"https:\/\/omi-optika.hu\/wp-content\/uploads\/2019\/09\/DSCN0885-e1574772848819.jpg\",\"datePublished\":\"2019-09-24T08:19:11+00:00\",\"dateModified\":\"2019-12-15T08:15:42+00:00\",\"description\":\"Ultra-Thin Matrix Backlight\",\"breadcrumb\":{\"@id\":\"https:\/\/omi-optika.hu\/en\/uzlet\/ultravekony-matrix-hattervilagito\/#breadcrumb\"},\"inLanguage\":\"en-US\",\"potentialAction\":[{\"@type\":\"ReadAction\",\"target\":[\"https:\/\/omi-optika.hu\/en\/uzlet\/ultravekony-matrix-hattervilagito\/\"]}]},{\"@type\":\"ImageObject\",\"inLanguage\":\"en-US\",\"@id\":\"https:\/\/omi-optika.hu\/en\/uzlet\/ultravekony-matrix-hattervilagito\/#primaryimage\",\"url\":\"https:\/\/omi-optika.hu\/wp-content\/uploads\/2019\/09\/DSCN0885-e1574772848819.jpg\",\"contentUrl\":\"https:\/\/omi-optika.hu\/wp-content\/uploads\/2019\/09\/DSCN0885-e1574772848819.jpg\",\"width\":500,\"height\":500},{\"@type\":\"BreadcrumbList\",\"@id\":\"https:\/\/omi-optika.hu\/en\/uzlet\/ultravekony-matrix-hattervilagito\/#breadcrumb\",\"itemListElement\":[{\"@type\":\"ListItem\",\"position\":1,\"name\":\"Home\",\"item\":\"https:\/\/omi-optika.hu\/\"},{\"@type\":\"ListItem\",\"position\":2,\"name\":\"Shop\",\"item\":\"https:\/\/omi-optika.hu\/en\/shop\/\"},{\"@type\":\"ListItem\",\"position\":3,\"name\":\"Ultra-Thin Matrix Backlight\"}]},{\"@type\":\"WebSite\",\"@id\":\"https:\/\/omi-optika.hu\/#website\",\"url\":\"https:\/\/omi-optika.hu\/\",\"name\":\"OMI Optika\",\"description\":\"OPTIKA Mernokiroda homepage\",\"publisher\":{\"@id\":\"https:\/\/omi-optika.hu\/#organization\"},\"potentialAction\":[{\"@type\":\"SearchAction\",\"target\":{\"@type\":\"EntryPoint\",\"urlTemplate\":\"https:\/\/omi-optika.hu\/?s={search_term_string}\"},\"query-input\":{\"@type\":\"PropertyValueSpecification\",\"valueRequired\":true,\"valueName\":\"search_term_string\"}}],\"inLanguage\":\"en-US\"},{\"@type\":\"Organization\",\"@id\":\"https:\/\/omi-optika.hu\/#organization\",\"name\":\"OPTIKA Mernokiroda Kft.\",\"url\":\"https:\/\/omi-optika.hu\/\",\"logo\":{\"@type\":\"ImageObject\",\"inLanguage\":\"en-US\",\"@id\":\"https:\/\/omi-optika.hu\/#\/schema\/logo\/image\/\",\"url\":\"https:\/\/omi-optika.hu\/wp-content\/uploads\/2019\/05\/forgatas-265kb.gif\",\"contentUrl\":\"https:\/\/omi-optika.hu\/wp-content\/uploads\/2019\/05\/forgatas-265kb.gif\",\"width\":400,\"height\":205,\"caption\":\"OPTIKA Mernokiroda Kft.\"},\"image\":{\"@id\":\"https:\/\/omi-optika.hu\/#\/schema\/logo\/image\/\"}}]}<\/script>\n<!-- \/ Yoast SEO plugin. -->","yoast_head_json":{"title":"Ultra-Thin Matrix Backlight - OMI Optika","description":"Ultra-Thin Matrix Backlight","robots":{"index":"index","follow":"follow","max-snippet":"max-snippet:-1","max-image-preview":"max-image-preview:large","max-video-preview":"max-video-preview:-1"},"canonical":"https:\/\/omi-optika.hu\/en\/uzlet\/ultravekony-matrix-hattervilagito\/","og_locale":"en_US","og_type":"article","og_title":"Ultra-Thin Matrix Backlight - OMI Optika","og_description":"Ultra-Thin Matrix Backlight","og_url":"https:\/\/omi-optika.hu\/en\/uzlet\/ultravekony-matrix-hattervilagito\/","og_site_name":"OMI Optika","article_modified_time":"2019-12-15T08:15:42+00:00","og_image":[{"width":500,"height":500,"url":"https:\/\/omi-optika.hu\/wp-content\/uploads\/2019\/09\/DSCN0885-e1574772848819.jpg","type":"image\/jpeg"}],"twitter_card":"summary_large_image","twitter_misc":{"Est. reading time":"2 minutes"},"schema":{"@context":"https:\/\/schema.org","@graph":[{"@type":"WebPage","@id":"https:\/\/omi-optika.hu\/en\/uzlet\/ultravekony-matrix-hattervilagito\/","url":"https:\/\/omi-optika.hu\/en\/uzlet\/ultravekony-matrix-hattervilagito\/","name":"Ultra-Thin Matrix Backlight - OMI Optika","isPartOf":{"@id":"https:\/\/omi-optika.hu\/#website"},"primaryImageOfPage":{"@id":"https:\/\/omi-optika.hu\/en\/uzlet\/ultravekony-matrix-hattervilagito\/#primaryimage"},"image":{"@id":"https:\/\/omi-optika.hu\/en\/uzlet\/ultravekony-matrix-hattervilagito\/#primaryimage"},"thumbnailUrl":"https:\/\/omi-optika.hu\/wp-content\/uploads\/2019\/09\/DSCN0885-e1574772848819.jpg","datePublished":"2019-09-24T08:19:11+00:00","dateModified":"2019-12-15T08:15:42+00:00","description":"Ultra-Thin Matrix Backlight","breadcrumb":{"@id":"https:\/\/omi-optika.hu\/en\/uzlet\/ultravekony-matrix-hattervilagito\/#breadcrumb"},"inLanguage":"en-US","potentialAction":[{"@type":"ReadAction","target":["https:\/\/omi-optika.hu\/en\/uzlet\/ultravekony-matrix-hattervilagito\/"]}]},{"@type":"ImageObject","inLanguage":"en-US","@id":"https:\/\/omi-optika.hu\/en\/uzlet\/ultravekony-matrix-hattervilagito\/#primaryimage","url":"https:\/\/omi-optika.hu\/wp-content\/uploads\/2019\/09\/DSCN0885-e1574772848819.jpg","contentUrl":"https:\/\/omi-optika.hu\/wp-content\/uploads\/2019\/09\/DSCN0885-e1574772848819.jpg","width":500,"height":500},{"@type":"BreadcrumbList","@id":"https:\/\/omi-optika.hu\/en\/uzlet\/ultravekony-matrix-hattervilagito\/#breadcrumb","itemListElement":[{"@type":"ListItem","position":1,"name":"Home","item":"https:\/\/omi-optika.hu\/"},{"@type":"ListItem","position":2,"name":"Shop","item":"https:\/\/omi-optika.hu\/en\/shop\/"},{"@type":"ListItem","position":3,"name":"Ultra-Thin Matrix Backlight"}]},{"@type":"WebSite","@id":"https:\/\/omi-optika.hu\/#website","url":"https:\/\/omi-optika.hu\/","name":"OMI Optika","description":"OPTIKA Mernokiroda homepage","publisher":{"@id":"https:\/\/omi-optika.hu\/#organization"},"potentialAction":[{"@type":"SearchAction","target":{"@type":"EntryPoint","urlTemplate":"https:\/\/omi-optika.hu\/?s={search_term_string}"},"query-input":{"@type":"PropertyValueSpecification","valueRequired":true,"valueName":"search_term_string"}}],"inLanguage":"en-US"},{"@type":"Organization","@id":"https:\/\/omi-optika.hu\/#organization","name":"OPTIKA Mernokiroda Kft.","url":"https:\/\/omi-optika.hu\/","logo":{"@type":"ImageObject","inLanguage":"en-US","@id":"https:\/\/omi-optika.hu\/#\/schema\/logo\/image\/","url":"https:\/\/omi-optika.hu\/wp-content\/uploads\/2019\/05\/forgatas-265kb.gif","contentUrl":"https:\/\/omi-optika.hu\/wp-content\/uploads\/2019\/05\/forgatas-265kb.gif","width":400,"height":205,"caption":"OPTIKA Mernokiroda Kft."},"image":{"@id":"https:\/\/omi-optika.hu\/#\/schema\/logo\/image\/"}}]}},"_links":{"self":[{"href":"https:\/\/omi-optika.hu\/en\/wp-json\/wp\/v2\/product\/930","targetHints":{"allow":["GET"]}}],"collection":[{"href":"https:\/\/omi-optika.hu\/en\/wp-json\/wp\/v2\/product"}],"about":[{"href":"https:\/\/omi-optika.hu\/en\/wp-json\/wp\/v2\/types\/product"}],"replies":[{"embeddable":true,"href":"https:\/\/omi-optika.hu\/en\/wp-json\/wp\/v2\/comments?post=930"}],"wp:featuredmedia":[{"embeddable":true,"href":"https:\/\/omi-optika.hu\/en\/wp-json\/wp\/v2\/media\/994"}],"wp:attachment":[{"href":"https:\/\/omi-optika.hu\/en\/wp-json\/wp\/v2\/media?parent=930"}],"wp:term":[{"taxonomy":"product_brand","embeddable":true,"href":"https:\/\/omi-optika.hu\/en\/wp-json\/wp\/v2\/product_brand?post=930"},{"taxonomy":"product_cat","embeddable":true,"href":"https:\/\/omi-optika.hu\/en\/wp-json\/wp\/v2\/product_cat?post=930"},{"taxonomy":"product_tag","embeddable":true,"href":"https:\/\/omi-optika.hu\/en\/wp-json\/wp\/v2\/product_tag?post=930"}],"curies":[{"name":"wp","href":"https:\/\/api.w.org\/{rel}","templated":true}]}}