{"id":937,"date":"2019-09-24T08:22:50","date_gmt":"2019-09-24T08:22:50","guid":{"rendered":"https:\/\/omi-optika.hu\/?post_type=product&#038;p=937"},"modified":"2019-12-11T18:18:48","modified_gmt":"2019-12-11T18:18:48","slug":"matrix-hattervilagito","status":"publish","type":"product","link":"https:\/\/omi-optika.hu\/en\/uzlet\/matrix-hattervilagito\/","title":{"rendered":"Matrix Backlight"},"content":{"rendered":"<p>Homog\u00e9n h\u00e1tt\u00e9rvil\u00e1g\u00edt\u00e1s t\u00e1rgyak kont\u00farvonal\u00e1nak nagykontraszt\u00fa megjelen\u00edt\u00e9s\u00e9hez. Alkalmazhat\u00f3 diff\u00faz megvil\u00e1g\u00edt\u00e1sk\u00e9nt is.<\/p>\n<h2>\u00c1ltal\u00e1nos le\u00edr\u00e1s:<\/h2>\n<p>Homog\u00e9n h\u00e1tt\u00e9rvil\u00e1g\u00edt\u00e1s t\u00e1rgyak kont\u00farvonal\u00e1nak nagy kontraszt\u00fa megjelen\u00edt\u00e9s\u00e9hez. Alkalmazhat\u00f3 diff\u00faz megvil\u00e1g\u00edt\u00e1sk\u00e9nt is.<\/p>\n<p><strong>Standard m\u00e9ret\u0171 LED h\u00e1tterek:<\/strong><\/p>\n<p>\u2013 jellemz\u0151 vastags\u00e1g: 12 \u2013 22 mm<\/p>\n<p>\u2013 vil\u00e1g\u00edt\u00f3 fel\u00fclet m\u00e9rete: ~&lt; 50 mm x &lt; 50 mm<\/p>\n<p>\u2013 optim\u00e1lis helyig\u00e9ny, nagy fel\u00fclet, kompakt m\u00e9ret<\/p>\n<p>&nbsp;<\/p>\n<h3>M\u0171szaki param\u00e9terek:<\/h3>\n<div id=\"attachment_1603\" class=\"wp-caption alignright\">\n<p><img loading=\"lazy\" decoding=\"async\" class=\"size-full wp-image-1603 \" src=\"http:\/\/omi-optika.hu\/wp-content\/uploads\/2012\/05\/backlight_sizes.jpg\" alt=\"Jellemz\u0151 m\u00e9retek\" width=\"210\" height=\"152\" aria-describedby=\"caption-attachment-1603\" \/><\/p>\n<p id=\"caption-attachment-1603\" class=\"wp-caption-text\">Jellemz\u0151 m\u00e9retek<\/p>\n<\/div>\n<p>\u2013 feh\u00e9r, k\u00e9k, z\u00f6ld, v\u00f6r\u00f6s vagy infra (NIR) f\u00e9ny<\/p>\n<p>\u2013 homog\u00e9n intenzit\u00e1seloszl\u00e1s<\/p>\n<p>\u2013 t\u00e1pell\u00e1t\u00e1s: 12V DC, 24V DC vagy \u00e1ramgener\u00e1toros meghajt\u00e1s (rendel\u00e9skor k\u00e9rj\u00fck megadni)<\/p>\n<p>-standard vagy triggerelhet\u0151 t\u00e1pegys\u00e9ggel is rendelhet\u0151<\/p>\n<p>\u2013 folyamatos vagy impulzus \u00fczemm\u00f3d (t\u00e1pf\u00fcgg\u0151)<\/p>\n<p>\u2013 extra hossz\u00fa \u00e9lettartam<\/p>\n<p>\u2013 robusztus, elox\u00e1lt alum\u00ednium h\u00e1z<\/p>\n<p>\u2013 \u00fcveg vagy m\u0171anyag vil\u00e1g\u00edt\u00f3fel\u00fclet<\/p>\n<p>\u2013 mostoha ipari k\u00f6rnyezetben is j\u00f3l haszn\u00e1lhat\u00f3<\/p>\n<p>\u2013 opcion\u00e1lisan egy oldalon a h\u00e1z sz\u00e9l\u00e9ig vil\u00e1g\u00edt\u00f3 fel\u00fclet<\/p>\n<p>\u2013\u00a0egyedi m\u00e9ret vagy kivitel is rendelhet\u0151<\/p>","protected":false},"excerpt":{"rendered":"<p>Homog\u00e9n h\u00e1tt\u00e9rvil\u00e1g\u00edt\u00e1s t\u00e1rgyak kont\u00farvonal\u00e1nak nagykontraszt\u00fa megjelen\u00edt\u00e9s\u00e9hez. Alkalmazhat\u00f3 diff\u00faz megvil\u00e1g\u00edt\u00e1sk\u00e9nt is. \u00c1ltal\u00e1nos le\u00edr\u00e1s: Homog\u00e9n h\u00e1tt\u00e9rvil\u00e1g\u00edt\u00e1s t\u00e1rgyak kont\u00farvonal\u00e1nak nagy kontraszt\u00fa megjelen\u00edt\u00e9s\u00e9hez. Alkalmazhat\u00f3 diff\u00faz megvil\u00e1g\u00edt\u00e1sk\u00e9nt is. Standard m\u00e9ret\u0171 LED h\u00e1tterek: \u2013 jellemz\u0151 vastags\u00e1g: 12 \u2013 22 mm \u2013 vil\u00e1g\u00edt\u00f3 fel\u00fclet m\u00e9rete: ~&lt; 50 mm x &lt; 50 mm \u2013 optim\u00e1lis helyig\u00e9ny, nagy fel\u00fclet, kompakt m\u00e9ret &nbsp; M\u0171szaki param\u00e9terek: [&hellip;]<\/p>\n","protected":false},"featured_media":1636,"comment_status":"closed","ping_status":"closed","template":"","meta":[],"product_brand":[],"product_cat":[67,104],"product_tag":[],"class_list":{"0":"post-937","1":"product","2":"type-product","3":"status-publish","4":"has-post-thumbnail","6":"product_cat-led-megvilagitok","7":"product_cat-hattervilagitok","9":"first","10":"instock","11":"taxable","12":"shipping-taxable","13":"product-type-simple"},"yoast_head":"<!-- This site is optimized with the Yoast SEO plugin v25.9 - https:\/\/yoast.com\/wordpress\/plugins\/seo\/ -->\n<title>Matrix Backlight - OMI Optika<\/title>\n<meta name=\"description\" content=\"Matrix Backlight\" \/>\n<meta name=\"robots\" content=\"index, follow, max-snippet:-1, max-image-preview:large, max-video-preview:-1\" \/>\n<link rel=\"canonical\" href=\"https:\/\/omi-optika.hu\/en\/uzlet\/matrix-hattervilagito\/\" \/>\n<meta property=\"og:locale\" content=\"en_US\" \/>\n<meta property=\"og:type\" content=\"article\" \/>\n<meta property=\"og:title\" content=\"Matrix Backlight - OMI Optika\" \/>\n<meta property=\"og:description\" content=\"[:hu]M\u00e1trix h\u00e1tt\u00e9rvil\u00e1g\u00edt\u00f3[:en]Matrix Backlight[:]\" \/>\n<meta property=\"og:url\" content=\"https:\/\/omi-optika.hu\/en\/uzlet\/matrix-hattervilagito\/\" \/>\n<meta property=\"og:site_name\" content=\"OMI Optika\" \/>\n<meta property=\"article:modified_time\" content=\"2019-12-11T18:18:48+00:00\" \/>\n<meta property=\"og:image\" content=\"https:\/\/omi-optika.hu\/wp-content\/uploads\/2019\/11\/DSCN4256-1-e1574773864296.jpg\" \/>\n\t<meta property=\"og:image:width\" content=\"500\" \/>\n\t<meta property=\"og:image:height\" content=\"500\" \/>\n\t<meta property=\"og:image:type\" content=\"image\/jpeg\" \/>\n<meta name=\"twitter:card\" content=\"summary_large_image\" \/>\n<meta name=\"twitter:label1\" content=\"Est. reading time\" \/>\n\t<meta name=\"twitter:data1\" content=\"1 minute\" \/>\n<script type=\"application\/ld+json\" class=\"yoast-schema-graph\">{\"@context\":\"https:\/\/schema.org\",\"@graph\":[{\"@type\":\"WebPage\",\"@id\":\"https:\/\/omi-optika.hu\/en\/uzlet\/matrix-hattervilagito\/\",\"url\":\"https:\/\/omi-optika.hu\/en\/uzlet\/matrix-hattervilagito\/\",\"name\":\"Matrix Backlight - OMI Optika\",\"isPartOf\":{\"@id\":\"https:\/\/omi-optika.hu\/#website\"},\"primaryImageOfPage\":{\"@id\":\"https:\/\/omi-optika.hu\/en\/uzlet\/matrix-hattervilagito\/#primaryimage\"},\"image\":{\"@id\":\"https:\/\/omi-optika.hu\/en\/uzlet\/matrix-hattervilagito\/#primaryimage\"},\"thumbnailUrl\":\"https:\/\/omi-optika.hu\/wp-content\/uploads\/2019\/11\/DSCN4256-1-e1574773864296.jpg\",\"datePublished\":\"2019-09-24T08:22:50+00:00\",\"dateModified\":\"2019-12-11T18:18:48+00:00\",\"description\":\"[:hu]M\u00e1trix h\u00e1tt\u00e9rvil\u00e1g\u00edt\u00f3[:en]Matrix Backlight[:]\",\"breadcrumb\":{\"@id\":\"https:\/\/omi-optika.hu\/en\/uzlet\/matrix-hattervilagito\/#breadcrumb\"},\"inLanguage\":\"en-US\",\"potentialAction\":[{\"@type\":\"ReadAction\",\"target\":[\"https:\/\/omi-optika.hu\/en\/uzlet\/matrix-hattervilagito\/\"]}]},{\"@type\":\"ImageObject\",\"inLanguage\":\"en-US\",\"@id\":\"https:\/\/omi-optika.hu\/en\/uzlet\/matrix-hattervilagito\/#primaryimage\",\"url\":\"https:\/\/omi-optika.hu\/wp-content\/uploads\/2019\/11\/DSCN4256-1-e1574773864296.jpg\",\"contentUrl\":\"https:\/\/omi-optika.hu\/wp-content\/uploads\/2019\/11\/DSCN4256-1-e1574773864296.jpg\",\"width\":500,\"height\":500},{\"@type\":\"BreadcrumbList\",\"@id\":\"https:\/\/omi-optika.hu\/en\/uzlet\/matrix-hattervilagito\/#breadcrumb\",\"itemListElement\":[{\"@type\":\"ListItem\",\"position\":1,\"name\":\"Home\",\"item\":\"https:\/\/omi-optika.hu\/\"},{\"@type\":\"ListItem\",\"position\":2,\"name\":\"Shop\",\"item\":\"https:\/\/omi-optika.hu\/en\/shop\/\"},{\"@type\":\"ListItem\",\"position\":3,\"name\":\"M\u00e1trix h\u00e1tt\u00e9rvil\u00e1g\u00edt\u00f3\"}]},{\"@type\":\"WebSite\",\"@id\":\"https:\/\/omi-optika.hu\/#website\",\"url\":\"https:\/\/omi-optika.hu\/\",\"name\":\"OMI Optika\",\"description\":\"OPTIKA Mernokiroda homepage\",\"publisher\":{\"@id\":\"https:\/\/omi-optika.hu\/#organization\"},\"potentialAction\":[{\"@type\":\"SearchAction\",\"target\":{\"@type\":\"EntryPoint\",\"urlTemplate\":\"https:\/\/omi-optika.hu\/?s={search_term_string}\"},\"query-input\":{\"@type\":\"PropertyValueSpecification\",\"valueRequired\":true,\"valueName\":\"search_term_string\"}}],\"inLanguage\":\"en-US\"},{\"@type\":\"Organization\",\"@id\":\"https:\/\/omi-optika.hu\/#organization\",\"name\":\"OPTIKA Mernokiroda Kft.\",\"url\":\"https:\/\/omi-optika.hu\/\",\"logo\":{\"@type\":\"ImageObject\",\"inLanguage\":\"en-US\",\"@id\":\"https:\/\/omi-optika.hu\/#\/schema\/logo\/image\/\",\"url\":\"https:\/\/omi-optika.hu\/wp-content\/uploads\/2019\/05\/forgatas-265kb.gif\",\"contentUrl\":\"https:\/\/omi-optika.hu\/wp-content\/uploads\/2019\/05\/forgatas-265kb.gif\",\"width\":400,\"height\":205,\"caption\":\"OPTIKA Mernokiroda Kft.\"},\"image\":{\"@id\":\"https:\/\/omi-optika.hu\/#\/schema\/logo\/image\/\"}}]}<\/script>\n<!-- \/ Yoast SEO plugin. -->","yoast_head_json":{"title":"Matrix Backlight - OMI Optika","description":"Matrix Backlight","robots":{"index":"index","follow":"follow","max-snippet":"max-snippet:-1","max-image-preview":"max-image-preview:large","max-video-preview":"max-video-preview:-1"},"canonical":"https:\/\/omi-optika.hu\/en\/uzlet\/matrix-hattervilagito\/","og_locale":"en_US","og_type":"article","og_title":"Matrix Backlight - OMI Optika","og_description":"[:hu]M\u00e1trix h\u00e1tt\u00e9rvil\u00e1g\u00edt\u00f3[:en]Matrix Backlight[:]","og_url":"https:\/\/omi-optika.hu\/en\/uzlet\/matrix-hattervilagito\/","og_site_name":"OMI Optika","article_modified_time":"2019-12-11T18:18:48+00:00","og_image":[{"width":500,"height":500,"url":"https:\/\/omi-optika.hu\/wp-content\/uploads\/2019\/11\/DSCN4256-1-e1574773864296.jpg","type":"image\/jpeg"}],"twitter_card":"summary_large_image","twitter_misc":{"Est. reading time":"1 minute"},"schema":{"@context":"https:\/\/schema.org","@graph":[{"@type":"WebPage","@id":"https:\/\/omi-optika.hu\/en\/uzlet\/matrix-hattervilagito\/","url":"https:\/\/omi-optika.hu\/en\/uzlet\/matrix-hattervilagito\/","name":"Matrix Backlight - OMI Optika","isPartOf":{"@id":"https:\/\/omi-optika.hu\/#website"},"primaryImageOfPage":{"@id":"https:\/\/omi-optika.hu\/en\/uzlet\/matrix-hattervilagito\/#primaryimage"},"image":{"@id":"https:\/\/omi-optika.hu\/en\/uzlet\/matrix-hattervilagito\/#primaryimage"},"thumbnailUrl":"https:\/\/omi-optika.hu\/wp-content\/uploads\/2019\/11\/DSCN4256-1-e1574773864296.jpg","datePublished":"2019-09-24T08:22:50+00:00","dateModified":"2019-12-11T18:18:48+00:00","description":"[:hu]M\u00e1trix h\u00e1tt\u00e9rvil\u00e1g\u00edt\u00f3[:en]Matrix Backlight[:]","breadcrumb":{"@id":"https:\/\/omi-optika.hu\/en\/uzlet\/matrix-hattervilagito\/#breadcrumb"},"inLanguage":"en-US","potentialAction":[{"@type":"ReadAction","target":["https:\/\/omi-optika.hu\/en\/uzlet\/matrix-hattervilagito\/"]}]},{"@type":"ImageObject","inLanguage":"en-US","@id":"https:\/\/omi-optika.hu\/en\/uzlet\/matrix-hattervilagito\/#primaryimage","url":"https:\/\/omi-optika.hu\/wp-content\/uploads\/2019\/11\/DSCN4256-1-e1574773864296.jpg","contentUrl":"https:\/\/omi-optika.hu\/wp-content\/uploads\/2019\/11\/DSCN4256-1-e1574773864296.jpg","width":500,"height":500},{"@type":"BreadcrumbList","@id":"https:\/\/omi-optika.hu\/en\/uzlet\/matrix-hattervilagito\/#breadcrumb","itemListElement":[{"@type":"ListItem","position":1,"name":"Home","item":"https:\/\/omi-optika.hu\/"},{"@type":"ListItem","position":2,"name":"Shop","item":"https:\/\/omi-optika.hu\/en\/shop\/"},{"@type":"ListItem","position":3,"name":"M\u00e1trix h\u00e1tt\u00e9rvil\u00e1g\u00edt\u00f3"}]},{"@type":"WebSite","@id":"https:\/\/omi-optika.hu\/#website","url":"https:\/\/omi-optika.hu\/","name":"OMI Optika","description":"OPTIKA Mernokiroda homepage","publisher":{"@id":"https:\/\/omi-optika.hu\/#organization"},"potentialAction":[{"@type":"SearchAction","target":{"@type":"EntryPoint","urlTemplate":"https:\/\/omi-optika.hu\/?s={search_term_string}"},"query-input":{"@type":"PropertyValueSpecification","valueRequired":true,"valueName":"search_term_string"}}],"inLanguage":"en-US"},{"@type":"Organization","@id":"https:\/\/omi-optika.hu\/#organization","name":"OPTIKA Mernokiroda Kft.","url":"https:\/\/omi-optika.hu\/","logo":{"@type":"ImageObject","inLanguage":"en-US","@id":"https:\/\/omi-optika.hu\/#\/schema\/logo\/image\/","url":"https:\/\/omi-optika.hu\/wp-content\/uploads\/2019\/05\/forgatas-265kb.gif","contentUrl":"https:\/\/omi-optika.hu\/wp-content\/uploads\/2019\/05\/forgatas-265kb.gif","width":400,"height":205,"caption":"OPTIKA Mernokiroda Kft."},"image":{"@id":"https:\/\/omi-optika.hu\/#\/schema\/logo\/image\/"}}]}},"_links":{"self":[{"href":"https:\/\/omi-optika.hu\/en\/wp-json\/wp\/v2\/product\/937","targetHints":{"allow":["GET"]}}],"collection":[{"href":"https:\/\/omi-optika.hu\/en\/wp-json\/wp\/v2\/product"}],"about":[{"href":"https:\/\/omi-optika.hu\/en\/wp-json\/wp\/v2\/types\/product"}],"replies":[{"embeddable":true,"href":"https:\/\/omi-optika.hu\/en\/wp-json\/wp\/v2\/comments?post=937"}],"wp:featuredmedia":[{"embeddable":true,"href":"https:\/\/omi-optika.hu\/en\/wp-json\/wp\/v2\/media\/1636"}],"wp:attachment":[{"href":"https:\/\/omi-optika.hu\/en\/wp-json\/wp\/v2\/media?parent=937"}],"wp:term":[{"taxonomy":"product_brand","embeddable":true,"href":"https:\/\/omi-optika.hu\/en\/wp-json\/wp\/v2\/product_brand?post=937"},{"taxonomy":"product_cat","embeddable":true,"href":"https:\/\/omi-optika.hu\/en\/wp-json\/wp\/v2\/product_cat?post=937"},{"taxonomy":"product_tag","embeddable":true,"href":"https:\/\/omi-optika.hu\/en\/wp-json\/wp\/v2\/product_tag?post=937"}],"curies":[{"name":"wp","href":"https:\/\/api.w.org\/{rel}","templated":true}]}}