{"id":938,"date":"2021-01-17T08:23:25","date_gmt":"2021-01-17T08:23:25","guid":{"rendered":"https:\/\/omi-optika.hu\/?post_type=product&#038;p=938"},"modified":"2021-01-18T12:06:27","modified_gmt":"2021-01-18T12:06:27","slug":"ultravekony-nagyfeluletu-hattervilagito","status":"publish","type":"product","link":"https:\/\/omi-optika.hu\/en\/uzlet\/ultravekony-nagyfeluletu-hattervilagito\/","title":{"rendered":"Ultra-Thin Large Area Backlights"},"content":{"rendered":"<p>Homog\u00e9n h\u00e1tt\u00e9rvil\u00e1g\u00edt\u00e1s t\u00e1rgyak kont\u00farvonal\u00e1nak nagy kontraszt\u00fa megjelen\u00edt\u00e9s\u00e9hez. Alkalmazhat\u00f3 diff\u00faz megvil\u00e1g\u00edt\u00e1sk\u00e9nt is.<\/p>\n<p><strong>Nagym\u00e9ret\u0171 v\u00e9kony LED h\u00e1tterek:<\/strong><\/p>\n<p>\u2013 jellemz\u0151 vastags\u00e1g:\u00a0 10 mm<\/p>\n<p>\u2013 vil\u00e1g\u00edt\u00f3 fel\u00fclet m\u00e9rete: ~&lt; 100 mm x &lt; 100 mm<\/p>\n<p>\u2013 extra nagy fel\u00fclet, kompakt m\u00e9ret<\/p>\n<p><img loading=\"lazy\" decoding=\"async\" class=\" wp-image-1605 \" src=\"http:\/\/omi-optika.hu\/wp-content\/uploads\/2012\/05\/LED-hatter-10mm-nagy.jpg\" alt=\"Nagym\u00e9ret\u0171 v\u00e9kony LED h\u00e1tt\u00e9r\" width=\"150\" height=\"128\" aria-describedby=\"caption-attachment-1605\" \/><\/p>\n<p>\n<table id=\"tablepress-tbl_hatterek\" class=\"tablepress tablepress-id-tbl_hatterek\">\n<thead>\n<tr class=\"row-1\">\n\t<td class=\"column-1\"><\/td><th class=\"column-2\">Megrendel\u00e9si sz\u00e1m\/<br \/>\nProduct Number<\/th><th class=\"column-3\">Designation<\/th><th class=\"column-4\">Vil\u00e1g\u00edt\u00f3 fel\u00fclet\/<br \/>\nActive Surface (mm)<\/th><th class=\"column-5\">Befoglal\u00f3 m\u00e9retek\/<br \/>\nDimensions (mm)<\/th><th class=\"column-6\">Meghajt\u00e1s\/<br \/>\nInput<\/th><th class=\"column-7\">Sz\u00edn\/<br \/>\nColour<\/th><th class=\"column-8\">Adatlap\/<br \/>\nDatasheet<\/th><td class=\"column-9\"><\/td>\n<\/tr>\n<\/thead>\n<tbody class=\"row-hover\">\n<tr class=\"row-2\">\n\t<td class=\"column-1\"><div class=\"table_pop-up_image\">\r\n\r\n\r\n<div class=\"fbq-item js-item-image fbq-image shortcode fbq-center-position fbq-center-align\">\r\n\t<div class=\"fbq-image-container\">\r\n\t\t<div class=\"fbq-media-wrapper with-placeholder\" ><a class=\"fbq-media-wrapper-inner\" href=\"#embed(https:\/\/omi-optika.hu\/wp-content\/uploads\/2020\/03\/3-240-000-large-area-backlight-e1584004002589.jpg)\" target=\"_self\"><div class=\"media-placeholder\" style=\"width:150px; padding-bottom:100%;\"><\/div><img loading=\"lazy\" decoding=\"async\" alt=\"\" title=\"3-240-000-large-area-backlight\" width=\"150\" height=\"150\" data-full-width=\"500\" data-full-height=\"500\" data-src=\"https:\/\/omi-optika.hu\/wp-content\/uploads\/2020\/03\/3-240-000-large-area-backlight-e1584003989535-150x150.jpg\" src=\"https:\/\/omi-optika.hu\/wp-content\/uploads\/2020\/03\/3-240-000-large-area-backlight-e1584003989535-150x150.jpg\" class=\"fbq-media-wrapper-image image-lazy-load\"  \/><\/a><\/div>\t<\/div>\r\n<\/div>\r\n<\/div><\/td><td class=\"column-2\"><a href=\"\/uzlet\/3-240-000\/\" rel=\"noopener\" target=\"_blank\">3-240-000<\/a><\/td><td class=\"column-3\">Ultra-Slim Large Area LED Backlight<\/td><td class=\"column-4\">200 x 200<\/td><td class=\"column-5\">240 x 235 x 10<\/td><td class=\"column-6\">24V DC<\/td><td class=\"column-7\">V\u00f6r\u00f6s<\/td><td class=\"column-8\"><a href=\"\/wp-content\/uploads\/2019\/11\/3-240-000.pdf\" rel=\"noopener\" target=\"_blank\">3-240-000.pdf<\/a><\/td><td class=\"column-9\"><\/td>\n<\/tr>\n<tr class=\"row-3\">\n\t<td class=\"column-1\"><div class=\"table_pop-up_image\"><img decoding=\"async\" src=\"https:\/\/omi-optika.hu\/wp-content\/uploads\/2025\/10\/3-240-600.png\" image_popup=\"true\" position=\"center\" image_lazy_load=\"true\" image_size=\"thumbnail\"][\/bp_image]<\/div><\/td><td class=\"column-2\"><a href=\"\/uzlet\/3-240-600\/\" rel=\"noopener\" target=\"_blank\">3-240-600<\/a><\/td><td class=\"column-3\">Ultra-Slim Large Area LED Backlight<\/td><td class=\"column-4\">200 x 200<\/td><td class=\"column-5\">240 x 235 x 10<\/td><td class=\"column-6\">24V DC<\/td><td class=\"column-7\">Feh\u00e9r<\/td><td class=\"column-8\"><a href=\"\/wp-content\/uploads\/2019\/11\/3-240-600.pdf\" rel=\"noopener\" target=\"_blank\">3-240-600.pdf<\/a><\/td><td class=\"column-9\"><\/td>\n<\/tr>\n<tr class=\"row-4\">\n\t<td class=\"column-1\"><div class=\"table_pop-up_image\">\r\n\r\n\r\n<div class=\"fbq-item js-item-image fbq-image shortcode fbq-center-position fbq-center-align\">\r\n\t<div class=\"fbq-image-container\">\r\n\t\t<div class=\"fbq-media-wrapper with-placeholder\" ><a class=\"fbq-media-wrapper-inner\" href=\"#embed(https:\/\/omi-optika.hu\/wp-content\/uploads\/2020\/03\/3-241-000-large-area-backlight-e1584004294998.jpg)\" target=\"_self\"><div class=\"media-placeholder\" style=\"width:150px; padding-bottom:100%;\"><\/div><img loading=\"lazy\" decoding=\"async\" alt=\"\" title=\"3-241-000-large-area-backlight\" width=\"150\" height=\"150\" data-full-width=\"500\" data-full-height=\"500\" data-src=\"https:\/\/omi-optika.hu\/wp-content\/uploads\/2020\/03\/3-241-000-large-area-backlight-e1584004282144-150x150.jpg\" src=\"https:\/\/omi-optika.hu\/wp-content\/uploads\/2020\/03\/3-241-000-large-area-backlight-e1584004282144-150x150.jpg\" class=\"fbq-media-wrapper-image image-lazy-load\"  \/><\/a><\/div>\t<\/div>\r\n<\/div>\r\n<\/div><\/td><td class=\"column-2\"><a href=\"\/uzlet\/3-241-000\/\" rel=\"noopener\" target=\"_blank\">3-241-000<\/a><\/td><td class=\"column-3\">Ultra-Slim Large Area LED Backlight<\/td><td class=\"column-4\">140 x 120<\/td><td class=\"column-5\">180 x 180 x 10<\/td><td class=\"column-6\">24V DC<\/td><td class=\"column-7\">V\u00f6r\u00f6s<\/td><td class=\"column-8\"><a href=\"\/wp-content\/uploads\/2019\/11\/3-241-000.pdf\" rel=\"noopener\" target=\"_blank\">3-241-000.pdf<\/a><\/td><td class=\"column-9\"><\/td>\n<\/tr>\n<tr class=\"row-5\">\n\t<td class=\"column-1\"><div class=\"table_pop-up_image\"><img decoding=\"async\" src=\"https:\/\/omi-optika.hu\/wp-content\/uploads\/2025\/10\/3-241-600.png\" image_popup=\"true\" position=\"center\" image_lazy_load=\"true\" image_size=\"thumbnail\"][\/bp_image]<\/div><\/td><td class=\"column-2\"><a href=\"\/uzlet\/3-241-600\/\" rel=\"noopener\" target=\"_blank\">3-241-600<\/a><\/td><td class=\"column-3\">Ultra-Slim Large Area LED Backlight<\/td><td class=\"column-4\">140 x 140<\/td><td class=\"column-5\">180 x 180 x 10<\/td><td class=\"column-6\">24V DC<\/td><td class=\"column-7\">Feh\u00e9r<\/td><td class=\"column-8\"><a href=\"\/wp-content\/uploads\/2019\/11\/3-241-600.pdf\" rel=\"noopener\" target=\"_blank\">3-241-600.pdf<\/a><\/td><td class=\"column-9\"><\/td>\n<\/tr>\n<tr class=\"row-6\">\n\t<td class=\"column-1\"><div class=\"table_pop-up_image\"><img decoding=\"async\" src=\"https:\/\/omi-optika.hu\/wp-content\/uploads\/2025\/10\/3-242-000.png\" image_popup=\"true\" position=\"center\" image_lazy_load=\"true\" image_size=\"thumbnail\"][\/bp_image]<\/div><\/td><td class=\"column-2\"><a href=\"\/uzlet\/3-242-000\/\" rel=\"noopener\" target=\"_blank\">3-242-000<\/a><\/td><td class=\"column-3\">Ultra-Slim Large Area LED Backlight<\/td><td class=\"column-4\">100 x 80<\/td><td class=\"column-5\">133 x 133 x 10<\/td><td class=\"column-6\">24V DC<\/td><td class=\"column-7\">Feh\u00e9r<\/td><td class=\"column-8\"><a href=\"\/wp-content\/uploads\/2019\/11\/3-242-000.pdf\" rel=\"noopener\" target=\"_blank\">3-242-000.pdf<\/a><\/td><td class=\"column-9\"><\/td>\n<\/tr>\n<tr class=\"row-7\">\n\t<td class=\"column-1\"><div class=\"table_pop-up_image\"><img decoding=\"async\" src=\"https:\/\/omi-optika.hu\/wp-content\/uploads\/2020\/03\/3-247-000-large-area-backlight-e1584006066451.jpg\" image_popup=\"true\" position=\"center\" image_lazy_load=\"true\" image_size=\"thumbnail\"][\/bp_image]<\/div><\/td><td class=\"column-2\"><a href=\"\/uzlet\/3-247-000\/\" rel=\"noopener\" target=\"_blank\">3-247-000<\/a><\/td><td class=\"column-3\">Ultra-Slim Large Area LED Backlight<\/td><td class=\"column-4\">340 x 200<\/td><td class=\"column-5\">380 x 240 x 10<\/td><td class=\"column-6\">24V DC<\/td><td class=\"column-7\">V\u00f6r\u00f6s<\/td><td class=\"column-8\"><a href=\"\/wp-content\/uploads\/2020\/10\/3-247-000_HU-EN.pdf\" rel=\"noopener\" target=\"_blank\">3-247-000.pdf<\/a><\/td><td class=\"column-9\"><\/td>\n<\/tr>\n<tr class=\"row-8\">\n\t<td class=\"column-1\"><div class=\"table_pop-up_image\">\r\n\r\n\r\n<div class=\"fbq-item js-item-image fbq-image shortcode fbq-center-position fbq-center-align\">\r\n\t<div class=\"fbq-image-container\">\r\n\t\t<div class=\"fbq-media-wrapper with-placeholder\" ><a class=\"fbq-media-wrapper-inner\" href=\"#embed(https:\/\/omi-optika.hu\/wp-content\/uploads\/2020\/03\/3-247-800-large-area-backlight-e1584005078264.jpg)\" target=\"_self\"><div class=\"media-placeholder\" style=\"width:150px; padding-bottom:100%;\"><\/div><img loading=\"lazy\" decoding=\"async\" alt=\"\" title=\"3-247-800-large-area-backlight\" width=\"150\" height=\"150\" data-full-width=\"500\" data-full-height=\"500\" data-src=\"https:\/\/omi-optika.hu\/wp-content\/uploads\/2020\/03\/3-247-800-large-area-backlight-e1584005065387-150x150.jpg\" src=\"https:\/\/omi-optika.hu\/wp-content\/uploads\/2020\/03\/3-247-800-large-area-backlight-e1584005065387-150x150.jpg\" class=\"fbq-media-wrapper-image image-lazy-load\"  \/><\/a><\/div>\t<\/div>\r\n<\/div>\r\n<\/div><\/td><td class=\"column-2\"><a href=\"\/uzlet\/3-247-800\/\" rel=\"noopener\" target=\"_blank\">3-247-800<\/a><\/td><td class=\"column-3\">Ultra-Slim Large Area LED Backlight<\/td><td class=\"column-4\">280 x 190<\/td><td class=\"column-5\">310 x 220 x 10<\/td><td class=\"column-6\">24V DC<\/td><td class=\"column-7\">V\u00f6r\u00f6s<\/td><td class=\"column-8\"><a href=\"\/wp-content\/uploads\/2019\/11\/3-247-800.pdf\" rel=\"noopener\" target=\"_blank\">3-247-800.pdf<\/a><\/td><td class=\"column-9\"><\/td>\n<\/tr>\n<tr class=\"row-9\">\n\t<td class=\"column-1\"><div class=\"table_pop-up_image\">\r\n\r\n\r\n<div class=\"fbq-item js-item-image fbq-image shortcode fbq-center-position fbq-center-align\">\r\n\t<div class=\"fbq-image-container\">\r\n\t\t<div class=\"fbq-media-wrapper with-placeholder\" ><a class=\"fbq-media-wrapper-inner\" href=\"#embed(https:\/\/omi-optika.hu\/wp-content\/uploads\/2021\/09\/3-249-000_backlight-e1632384319217.jpg)\" target=\"_self\"><div class=\"media-placeholder\" style=\"width:150px; padding-bottom:100%;\"><\/div><img loading=\"lazy\" decoding=\"async\" alt=\"\" title=\"3-249-000_backlight\" width=\"150\" height=\"150\" data-full-width=\"500\" data-full-height=\"500\" data-src=\"https:\/\/omi-optika.hu\/wp-content\/uploads\/2021\/09\/3-249-000_backlight-150x150.jpg\" src=\"https:\/\/omi-optika.hu\/wp-content\/uploads\/2021\/09\/3-249-000_backlight-150x150.jpg\" class=\"fbq-media-wrapper-image image-lazy-load\"  \/><\/a><\/div>\t<\/div>\r\n<\/div>\r\n<\/div><\/td><td class=\"column-2\"><a href=\"\/uzlet\/3-249-000\/\" rel=\"noopener\" target=\"_blank\">3-249-000<\/a><\/td><td class=\"column-3\">Ultra-Slim Large Area LED Backlight<\/td><td class=\"column-4\">110 x 110<\/td><td class=\"column-5\">140 x 140 x 10<\/td><td class=\"column-6\">24V DC<\/td><td class=\"column-7\">V\u00f6r\u00f6s<\/td><td class=\"column-8\"><a href=\"\/wp-content\/uploads\/2021\/09\/3-249-000_HU-EN.pdf\" rel=\"noopener\" target=\"_blank\">3-249-000.pdf<\/a><\/td><td class=\"column-9\"><\/td>\n<\/tr>\n<tr class=\"row-10\">\n\t<td class=\"column-1\"><div class=\"table_pop-up_image\">\r\n\r\n\r\n<div class=\"fbq-item js-item-image fbq-image shortcode fbq-center-position fbq-center-align\">\r\n\t<div class=\"fbq-image-container\">\r\n\t\t<div class=\"fbq-media-wrapper with-placeholder\" ><a class=\"fbq-media-wrapper-inner\" href=\"#embed(https:\/\/omi-optika.hu\/wp-content\/uploads\/2020\/03\/3-251-000-large-area-backlight-e1584012455859.jpg)\" target=\"_self\"><div class=\"media-placeholder\" style=\"width:150px; padding-bottom:100%;\"><\/div><img loading=\"lazy\" decoding=\"async\" alt=\"\" title=\"3-251-000-large-area-backlight\" width=\"150\" height=\"150\" data-full-width=\"500\" data-full-height=\"500\" data-src=\"https:\/\/omi-optika.hu\/wp-content\/uploads\/2020\/03\/3-251-000-large-area-backlight-e1584012427471-150x150.jpg\" src=\"https:\/\/omi-optika.hu\/wp-content\/uploads\/2020\/03\/3-251-000-large-area-backlight-e1584012427471-150x150.jpg\" class=\"fbq-media-wrapper-image image-lazy-load\"  \/><\/a><\/div>\t<\/div>\r\n<\/div>\r\n<\/div><\/td><td class=\"column-2\"><a href=\"\/uzlet\/3-251-000\/\" rel=\"noopener\" target=\"_blank\">3-251-000<\/a><\/td><td class=\"column-3\">Ultra-Slim Large Area LED Backlight<\/td><td class=\"column-4\">350 x 300<\/td><td class=\"column-5\">400 x 350 x 10<\/td><td class=\"column-6\">24V DC<\/td><td class=\"column-7\">Feh\u00e9r<\/td><td class=\"column-8\"><a href=\"\/wp-content\/uploads\/2020\/12\/3-252-000_HU-EN.pdf\" rel=\"noopener\" target=\"_blank\">3-251-000.pdf<\/a><\/td><td class=\"column-9\"><\/td>\n<\/tr>\n<tr class=\"row-11\">\n\t<td class=\"column-1\"><div class=\"table_pop-up_image\">\r\n\r\n\r\n<div class=\"fbq-item js-item-image fbq-image shortcode fbq-center-position fbq-center-align\">\r\n\t<div class=\"fbq-image-container\">\r\n\t\t<div class=\"fbq-media-wrapper with-placeholder\" ><a class=\"fbq-media-wrapper-inner\" href=\"#embed(https:\/\/omi-optika.hu\/wp-content\/uploads\/2020\/12\/DSCN0418-e1607001184484.jpg)\" target=\"_self\"><div class=\"media-placeholder\" style=\"width:150px; padding-bottom:100%;\"><\/div><img loading=\"lazy\" decoding=\"async\" alt=\"\" title=\"DSCN0418\" width=\"150\" height=\"150\" data-full-width=\"640\" data-full-height=\"480\" src=\"https:\/\/omi-optika.hu\/wp-content\/uploads\/2020\/12\/DSCN0418-150x150.jpg\" class=\"fbq-media-wrapper-image\"  \/><\/a><\/div>\t<\/div>\r\n<\/div>\r\n<\/div><\/td><td class=\"column-2\"><a href=\"\/uzlet\/3-252-000\/\" rel=\"noopener\" target=\"_blank\">3-252-000<\/a><\/td><td class=\"column-3\">Ultra-Slim Large Area LED Backlight<\/td><td class=\"column-4\">400 x 350<\/td><td class=\"column-5\">450 x 400 x 10<\/td><td class=\"column-6\">24V DC \/ 28W<\/td><td class=\"column-7\">Feh\u00e9r<\/td><td class=\"column-8\"><a href=\"\/wp-content\/uploads\/2020\/12\/3-252-000_HU-EN.pdf\" rel=\"noopener\" target=\"_blank\">3-252-000.pdf<\/a><\/td><td class=\"column-9\"><\/td>\n<\/tr>\n<\/tbody>\n<\/table>\n<!-- #tablepress-tbl_hatterek from cache --><\/p>","protected":false},"excerpt":{"rendered":"<p>Homog\u00e9n h\u00e1tt\u00e9rvil\u00e1g\u00edt\u00e1s t\u00e1rgyak kont\u00farvonal\u00e1nak nagy kontraszt\u00fa megjelen\u00edt\u00e9s\u00e9hez. Alkalmazhat\u00f3 diff\u00faz megvil\u00e1g\u00edt\u00e1sk\u00e9nt is. Nagym\u00e9ret\u0171 v\u00e9kony LED h\u00e1tterek: \u2013 jellemz\u0151 vastags\u00e1g:\u00a0 10 mm \u2013 vil\u00e1g\u00edt\u00f3 fel\u00fclet m\u00e9rete: ~&lt; 100 mm x &lt; 100 mm \u2013 extra nagy fel\u00fclet, kompakt m\u00e9ret<\/p>\n","protected":false},"featured_media":1637,"comment_status":"closed","ping_status":"closed","template":"","meta":[],"product_brand":[],"product_cat":[67,104],"product_tag":[],"class_list":{"0":"post-938","1":"product","2":"type-product","3":"status-publish","4":"has-post-thumbnail","6":"product_cat-led-megvilagitok","7":"product_cat-hattervilagitok","9":"first","10":"instock","11":"taxable","12":"shipping-taxable","13":"product-type-simple"},"yoast_head":"<!-- This site is optimized with the Yoast SEO plugin v25.9 - https:\/\/yoast.com\/wordpress\/plugins\/seo\/ -->\n<title>Ultra-Thin Large Area Backlights - OMI Optika<\/title>\n<meta name=\"description\" content=\"Ultra-Thin Large Area Backlights\" \/>\n<meta name=\"robots\" content=\"index, follow, max-snippet:-1, max-image-preview:large, max-video-preview:-1\" \/>\n<link rel=\"canonical\" href=\"https:\/\/omi-optika.hu\/en\/uzlet\/ultravekony-nagyfeluletu-hattervilagito\/\" \/>\n<meta property=\"og:locale\" content=\"en_US\" \/>\n<meta property=\"og:type\" content=\"article\" \/>\n<meta property=\"og:title\" content=\"Ultra-Thin Large Area Backlights - OMI Optika\" \/>\n<meta property=\"og:description\" content=\"[:hu]Ultrav\u00e9kony nagyfel\u00fclet\u0171 h\u00e1tt\u00e9rvil\u00e1g\u00edt\u00f3[:en]Ultra-Thin Large Area Backlights[:]\" \/>\n<meta property=\"og:url\" content=\"https:\/\/omi-optika.hu\/en\/uzlet\/ultravekony-nagyfeluletu-hattervilagito\/\" \/>\n<meta property=\"og:site_name\" content=\"OMI Optika\" \/>\n<meta property=\"article:modified_time\" content=\"2021-01-18T12:06:27+00:00\" \/>\n<meta property=\"og:image\" content=\"https:\/\/omi-optika.hu\/wp-content\/uploads\/2019\/11\/DSCN0269-e1574774104839.jpg\" \/>\n\t<meta property=\"og:image:width\" content=\"500\" \/>\n\t<meta property=\"og:image:height\" content=\"500\" \/>\n\t<meta property=\"og:image:type\" content=\"image\/jpeg\" \/>\n<meta name=\"twitter:card\" content=\"summary_large_image\" \/>\n<script type=\"application\/ld+json\" class=\"yoast-schema-graph\">{\"@context\":\"https:\/\/schema.org\",\"@graph\":[{\"@type\":\"WebPage\",\"@id\":\"https:\/\/omi-optika.hu\/en\/uzlet\/ultravekony-nagyfeluletu-hattervilagito\/\",\"url\":\"https:\/\/omi-optika.hu\/en\/uzlet\/ultravekony-nagyfeluletu-hattervilagito\/\",\"name\":\"Ultra-Thin Large Area Backlights - OMI Optika\",\"isPartOf\":{\"@id\":\"https:\/\/omi-optika.hu\/#website\"},\"primaryImageOfPage\":{\"@id\":\"https:\/\/omi-optika.hu\/en\/uzlet\/ultravekony-nagyfeluletu-hattervilagito\/#primaryimage\"},\"image\":{\"@id\":\"https:\/\/omi-optika.hu\/en\/uzlet\/ultravekony-nagyfeluletu-hattervilagito\/#primaryimage\"},\"thumbnailUrl\":\"https:\/\/omi-optika.hu\/wp-content\/uploads\/2019\/11\/DSCN0269-e1574774104839.jpg\",\"datePublished\":\"2021-01-17T08:23:25+00:00\",\"dateModified\":\"2021-01-18T12:06:27+00:00\",\"description\":\"[:hu]Ultrav\u00e9kony nagyfel\u00fclet\u0171 h\u00e1tt\u00e9rvil\u00e1g\u00edt\u00f3[:en]Ultra-Thin Large Area Backlights[:]\",\"breadcrumb\":{\"@id\":\"https:\/\/omi-optika.hu\/en\/uzlet\/ultravekony-nagyfeluletu-hattervilagito\/#breadcrumb\"},\"inLanguage\":\"en-US\",\"potentialAction\":[{\"@type\":\"ReadAction\",\"target\":[\"https:\/\/omi-optika.hu\/en\/uzlet\/ultravekony-nagyfeluletu-hattervilagito\/\"]}]},{\"@type\":\"ImageObject\",\"inLanguage\":\"en-US\",\"@id\":\"https:\/\/omi-optika.hu\/en\/uzlet\/ultravekony-nagyfeluletu-hattervilagito\/#primaryimage\",\"url\":\"https:\/\/omi-optika.hu\/wp-content\/uploads\/2019\/11\/DSCN0269-e1574774104839.jpg\",\"contentUrl\":\"https:\/\/omi-optika.hu\/wp-content\/uploads\/2019\/11\/DSCN0269-e1574774104839.jpg\",\"width\":500,\"height\":500},{\"@type\":\"BreadcrumbList\",\"@id\":\"https:\/\/omi-optika.hu\/en\/uzlet\/ultravekony-nagyfeluletu-hattervilagito\/#breadcrumb\",\"itemListElement\":[{\"@type\":\"ListItem\",\"position\":1,\"name\":\"Home\",\"item\":\"https:\/\/omi-optika.hu\/\"},{\"@type\":\"ListItem\",\"position\":2,\"name\":\"Shop\",\"item\":\"https:\/\/omi-optika.hu\/en\/shop\/\"},{\"@type\":\"ListItem\",\"position\":3,\"name\":\"Ultrav\u00e9kony nagyfel\u00fclet\u0171 h\u00e1tt\u00e9rvil\u00e1g\u00edt\u00f3\"}]},{\"@type\":\"WebSite\",\"@id\":\"https:\/\/omi-optika.hu\/#website\",\"url\":\"https:\/\/omi-optika.hu\/\",\"name\":\"OMI Optika\",\"description\":\"OPTIKA Mernokiroda homepage\",\"publisher\":{\"@id\":\"https:\/\/omi-optika.hu\/#organization\"},\"potentialAction\":[{\"@type\":\"SearchAction\",\"target\":{\"@type\":\"EntryPoint\",\"urlTemplate\":\"https:\/\/omi-optika.hu\/?s={search_term_string}\"},\"query-input\":{\"@type\":\"PropertyValueSpecification\",\"valueRequired\":true,\"valueName\":\"search_term_string\"}}],\"inLanguage\":\"en-US\"},{\"@type\":\"Organization\",\"@id\":\"https:\/\/omi-optika.hu\/#organization\",\"name\":\"OPTIKA Mernokiroda Kft.\",\"url\":\"https:\/\/omi-optika.hu\/\",\"logo\":{\"@type\":\"ImageObject\",\"inLanguage\":\"en-US\",\"@id\":\"https:\/\/omi-optika.hu\/#\/schema\/logo\/image\/\",\"url\":\"https:\/\/omi-optika.hu\/wp-content\/uploads\/2019\/05\/forgatas-265kb.gif\",\"contentUrl\":\"https:\/\/omi-optika.hu\/wp-content\/uploads\/2019\/05\/forgatas-265kb.gif\",\"width\":400,\"height\":205,\"caption\":\"OPTIKA Mernokiroda Kft.\"},\"image\":{\"@id\":\"https:\/\/omi-optika.hu\/#\/schema\/logo\/image\/\"}}]}<\/script>\n<!-- \/ Yoast SEO plugin. -->","yoast_head_json":{"title":"Ultra-Thin Large Area Backlights - OMI Optika","description":"Ultra-Thin Large Area Backlights","robots":{"index":"index","follow":"follow","max-snippet":"max-snippet:-1","max-image-preview":"max-image-preview:large","max-video-preview":"max-video-preview:-1"},"canonical":"https:\/\/omi-optika.hu\/en\/uzlet\/ultravekony-nagyfeluletu-hattervilagito\/","og_locale":"en_US","og_type":"article","og_title":"Ultra-Thin Large Area Backlights - OMI Optika","og_description":"[:hu]Ultrav\u00e9kony nagyfel\u00fclet\u0171 h\u00e1tt\u00e9rvil\u00e1g\u00edt\u00f3[:en]Ultra-Thin Large Area Backlights[:]","og_url":"https:\/\/omi-optika.hu\/en\/uzlet\/ultravekony-nagyfeluletu-hattervilagito\/","og_site_name":"OMI Optika","article_modified_time":"2021-01-18T12:06:27+00:00","og_image":[{"width":500,"height":500,"url":"https:\/\/omi-optika.hu\/wp-content\/uploads\/2019\/11\/DSCN0269-e1574774104839.jpg","type":"image\/jpeg"}],"twitter_card":"summary_large_image","schema":{"@context":"https:\/\/schema.org","@graph":[{"@type":"WebPage","@id":"https:\/\/omi-optika.hu\/en\/uzlet\/ultravekony-nagyfeluletu-hattervilagito\/","url":"https:\/\/omi-optika.hu\/en\/uzlet\/ultravekony-nagyfeluletu-hattervilagito\/","name":"Ultra-Thin Large Area Backlights - OMI Optika","isPartOf":{"@id":"https:\/\/omi-optika.hu\/#website"},"primaryImageOfPage":{"@id":"https:\/\/omi-optika.hu\/en\/uzlet\/ultravekony-nagyfeluletu-hattervilagito\/#primaryimage"},"image":{"@id":"https:\/\/omi-optika.hu\/en\/uzlet\/ultravekony-nagyfeluletu-hattervilagito\/#primaryimage"},"thumbnailUrl":"https:\/\/omi-optika.hu\/wp-content\/uploads\/2019\/11\/DSCN0269-e1574774104839.jpg","datePublished":"2021-01-17T08:23:25+00:00","dateModified":"2021-01-18T12:06:27+00:00","description":"[:hu]Ultrav\u00e9kony nagyfel\u00fclet\u0171 h\u00e1tt\u00e9rvil\u00e1g\u00edt\u00f3[:en]Ultra-Thin Large Area Backlights[:]","breadcrumb":{"@id":"https:\/\/omi-optika.hu\/en\/uzlet\/ultravekony-nagyfeluletu-hattervilagito\/#breadcrumb"},"inLanguage":"en-US","potentialAction":[{"@type":"ReadAction","target":["https:\/\/omi-optika.hu\/en\/uzlet\/ultravekony-nagyfeluletu-hattervilagito\/"]}]},{"@type":"ImageObject","inLanguage":"en-US","@id":"https:\/\/omi-optika.hu\/en\/uzlet\/ultravekony-nagyfeluletu-hattervilagito\/#primaryimage","url":"https:\/\/omi-optika.hu\/wp-content\/uploads\/2019\/11\/DSCN0269-e1574774104839.jpg","contentUrl":"https:\/\/omi-optika.hu\/wp-content\/uploads\/2019\/11\/DSCN0269-e1574774104839.jpg","width":500,"height":500},{"@type":"BreadcrumbList","@id":"https:\/\/omi-optika.hu\/en\/uzlet\/ultravekony-nagyfeluletu-hattervilagito\/#breadcrumb","itemListElement":[{"@type":"ListItem","position":1,"name":"Home","item":"https:\/\/omi-optika.hu\/"},{"@type":"ListItem","position":2,"name":"Shop","item":"https:\/\/omi-optika.hu\/en\/shop\/"},{"@type":"ListItem","position":3,"name":"Ultrav\u00e9kony nagyfel\u00fclet\u0171 h\u00e1tt\u00e9rvil\u00e1g\u00edt\u00f3"}]},{"@type":"WebSite","@id":"https:\/\/omi-optika.hu\/#website","url":"https:\/\/omi-optika.hu\/","name":"OMI Optika","description":"OPTIKA Mernokiroda homepage","publisher":{"@id":"https:\/\/omi-optika.hu\/#organization"},"potentialAction":[{"@type":"SearchAction","target":{"@type":"EntryPoint","urlTemplate":"https:\/\/omi-optika.hu\/?s={search_term_string}"},"query-input":{"@type":"PropertyValueSpecification","valueRequired":true,"valueName":"search_term_string"}}],"inLanguage":"en-US"},{"@type":"Organization","@id":"https:\/\/omi-optika.hu\/#organization","name":"OPTIKA Mernokiroda Kft.","url":"https:\/\/omi-optika.hu\/","logo":{"@type":"ImageObject","inLanguage":"en-US","@id":"https:\/\/omi-optika.hu\/#\/schema\/logo\/image\/","url":"https:\/\/omi-optika.hu\/wp-content\/uploads\/2019\/05\/forgatas-265kb.gif","contentUrl":"https:\/\/omi-optika.hu\/wp-content\/uploads\/2019\/05\/forgatas-265kb.gif","width":400,"height":205,"caption":"OPTIKA Mernokiroda Kft."},"image":{"@id":"https:\/\/omi-optika.hu\/#\/schema\/logo\/image\/"}}]}},"_links":{"self":[{"href":"https:\/\/omi-optika.hu\/en\/wp-json\/wp\/v2\/product\/938","targetHints":{"allow":["GET"]}}],"collection":[{"href":"https:\/\/omi-optika.hu\/en\/wp-json\/wp\/v2\/product"}],"about":[{"href":"https:\/\/omi-optika.hu\/en\/wp-json\/wp\/v2\/types\/product"}],"replies":[{"embeddable":true,"href":"https:\/\/omi-optika.hu\/en\/wp-json\/wp\/v2\/comments?post=938"}],"wp:featuredmedia":[{"embeddable":true,"href":"https:\/\/omi-optika.hu\/en\/wp-json\/wp\/v2\/media\/1637"}],"wp:attachment":[{"href":"https:\/\/omi-optika.hu\/en\/wp-json\/wp\/v2\/media?parent=938"}],"wp:term":[{"taxonomy":"product_brand","embeddable":true,"href":"https:\/\/omi-optika.hu\/en\/wp-json\/wp\/v2\/product_brand?post=938"},{"taxonomy":"product_cat","embeddable":true,"href":"https:\/\/omi-optika.hu\/en\/wp-json\/wp\/v2\/product_cat?post=938"},{"taxonomy":"product_tag","embeddable":true,"href":"https:\/\/omi-optika.hu\/en\/wp-json\/wp\/v2\/product_tag?post=938"}],"curies":[{"name":"wp","href":"https:\/\/api.w.org\/{rel}","templated":true}]}}